{"id":6484,"date":"2023-02-23T12:06:11","date_gmt":"2023-02-23T18:06:11","guid":{"rendered":"https:\/\/tecsecmty.com\/index.php\/producto\/commax-cdv43k2p-paquete-de-videoportero-incluye-monitor-cdv43k2-de-4-3-pulgadas-con-auricular-para-respuesta-con-audio-y-video-desde-frente-de-calle-drc40k-funcion-de-apertura-de-puerta-soporta-seg\/"},"modified":"2023-03-22T23:22:14","modified_gmt":"2023-03-23T05:22:14","slug":"commax-cdv43k2p-paquete-de-videoportero-incluye-monitor-cdv43k2-de-4-3-pulgadas-con-auricular-para-respuesta-con-audio-y-video-desde-frente-de-calle-drc40k-funcion-de-apertura-de-puerta-soporta-seg","status":"publish","type":"product","link":"https:\/\/tecsecmty.com\/index.php\/producto\/commax-cdv43k2p-paquete-de-videoportero-incluye-monitor-cdv43k2-de-4-3-pulgadas-con-auricular-para-respuesta-con-audio-y-video-desde-frente-de-calle-drc40k-funcion-de-apertura-de-puerta-soporta-seg\/","title":{"rendered":"COMMAX CDV43K2P- Paquete de videoportero incluye monitor CDV43K2 de 4.3 pulgadas con auricular para respuesta con audio y video desde frente de calle DRC40K, funcion de apertura de puerta, soporta segundo monitor y auricular DP4VHP"},"content":{"rendered":"<div class=\"row aling-items-center padding-bottom-2x\">\n<div class=\"col-lg-12\">\n<h5 class=\"card-title text-center\">Descripci\u00f3n general<\/h5>\n<p class=\"ql-align-justify\">Un video portero es una herramienta que nos permite tener control de qui\u00e9n accede y qui\u00e9n no a nuestras instalaciones u hogares, de modo que el monitor\u00a0<strong>CDV-43K2<\/strong>\u00a0junto con un frente de calle\u00a0<strong>DRC40K\u00a0<\/strong>nos facilitan esta funci\u00f3n.<\/p>\n<p class=\"ql-align-justify\">Cuando el bot\u00f3n de alarma del frente de calle\u00a0<strong>DRC40K<\/strong>\u00a0es accionado, nuestro monitor emite un tono de llamada, de modo que el usuario en el interior tiene la oportunidad de ver qui\u00e9n se encuentra afuera por medio de la c\u00e1mara de nuestro frente de calle, una vez identificado el usuario desde el interior puede permitirle el paso presionando el bot\u00f3n t\u00e1ctil\u00a0con forma de llave.<\/p>\n<p class=\"ql-align-justify\">Tambi\u00e9n puede ser conectado con un intercomunicador con el cual se puede comunicar con el video portero y abrir la chapa el\u00e9ctrica.<\/p>\n<p class=\"ql-align-justify\"><strong>El paquete incluye:<\/strong><\/p>\n<p class=\"ql-align-justify\">1 Monitor de commax modelo\u00a0<strong>CDV-43K2\u00a0<\/strong><a href=\"https:\/\/tvc.mx\/products\/8453\/monitor-para-videoportero-commax-a-color-de-43-pulgadas\" target=\"_blank\" rel=\"noopener\">M\u00e1s informaci\u00f3n<\/a><\/p>\n<p class=\"ql-align-justify\">1 Frente de calle antivandalico modelo\u00a0<strong>DRC-40K\u00a0<\/strong><a href=\"https:\/\/tvc.mx\/products\/4106\/frente-de-calle-de-aluminio-para-interior-y-exterior-commax\" target=\"_blank\" rel=\"noopener\">M\u00e1s informaci\u00f3n<\/a><\/p>\n<p><img decoding=\"async\" class=\"overview-center-img-web\" src=\"https:\/\/tvc.mx\/media\/363063\/COMMAX-29089-SUBESTACION-DE-CAMA-PARA-ENFERMERIA-CENTRAL.png\" alt=\"\" \/><\/div>\n<\/div>\n<div class=\"row align-items-center padding-bottom-2x\">\n<div class=\"col-md-5\"><img decoding=\"async\" class=\"d-block m-auto img-thumbnail\" src=\"https:\/\/tvc.mx\/media\/47907\/cmx1040115-4.jpg\" alt=\" \" \/><\/div>\n<div class=\"col-md-7 text-md-left text-center\">\n<h2>Monitor CDV-43K2<\/h2>\n<p class=\"text-muted\">\n<p class=\"ql-align-justify\">El MONITOR Commax\u00a0modelo\u00a0<strong>CDV43K2<\/strong>\u00a0es una herramienta de control de acceso que nos permite tener mayor seguridad en cuanto al acceso, tanto de nuestros hogares como de nuestras empresas o departamentos, Este monitor funciona de modo que podemos observar quien se encuentra detr\u00e1s de nuestra puerta u hogar gracias a una c\u00e1mara situada en nuestro frente de calle, el cual es instalado en el exterior en donde se desea que sea punto de acceso.<\/p>\n<p class=\"ql-align-justify\"><strong>Funciones:<\/strong><\/p>\n<ul>\n<li class=\"ql-align-justify\"><strong>Bot\u00f3n T\u00e1ctil Capacitivo<\/strong><\/li>\n<\/ul>\n<p class=\"ql-align-justify\">Dise\u00f1o simple aplicado a trav\u00e9s de un bot\u00f3n tipo t\u00e1ctil. Se ha mejorado la comodidad en el uso y en la alta velocidad de reconocimiento con el bot\u00f3n sensible al tacto.<\/p>\n<ul>\n<li class=\"ql-align-justify\"><strong>Intercomunicaci\u00f3n\u00a0<\/strong><\/li>\n<\/ul>\n<p class=\"ql-align-justify\">1 Monitor y 1 frente de calle por hogar, proporcionando la funci\u00f3n de intercomunicaci\u00f3n.<\/p>\n<p>&nbsp;<\/p>\n<\/div>\n<\/div>\n<hr class=\"padding-bottom-2x\" \/>\n<div class=\"row align-items-center padding-bottom-2x\">\n<div class=\"col-md-5 order-md-2\"><img decoding=\"async\" class=\"d-block m-auto img-thumbnail\" src=\"https:\/\/tvc.mx\/media\/47910\/cmx104061-3.jpg\" alt=\" \" \/><\/div>\n<div class=\"col-md-7 order-md-1 text-md-left text-center\">\n<h2>Caracter\u00edsticas<\/h2>\n<p class=\"text-muted\">\n<ul>\n<li class=\"ql-align-justify\">Fuente de Energ\u00eda: AC 100 ~240V, 50\/60Hz.<\/li>\n<li class=\"ql-align-justify\">Tama\u00f1o LCD 4.3 pulgadas Display TFT LED.<\/li>\n<li class=\"ql-align-justify\">Tipo de Montaje: Montaje en superficie.<\/li>\n<li class=\"ql-align-justify\">Cableado: 4 Hilos.<\/li>\n<li class=\"ql-align-justify ql-indent-1\">Distancia: c\u00e1mara de la puerta:<\/li>\n<li class=\"ql-align-justify ql-indent-1\">28m(0.5)\/50m(0.65)<\/li>\n<li class=\"ql-align-justify ql-indent-1\">interfono: 28m(0.5) \/ 50m(0.65)<\/li>\n<li class=\"ql-align-justify\">Dimensiones: 157(L) x 167(A) x 28(D).<\/li>\n<li class=\"ql-align-justify\">Dise\u00f1o Ultra delgado y Moderno.<\/li>\n<li class=\"ql-align-justify\">Soporte de pared.<\/li>\n<li class=\"ql-align-justify\">Bot\u00f3n Apertura de Puerta.<\/li>\n<li class=\"ql-align-justify\">Auto apagado para ahorro de energ\u00eda.<\/li>\n<li class=\"ql-align-justify\">Men\u00fa OSD en Pantalla.<\/li>\n<li class=\"ql-align-justify\">Botones de funci\u00f3n t\u00e1ctil.<\/li>\n<\/ul>\n<p>&nbsp;<\/p>\n<\/div>\n<\/div>\n<hr class=\"padding-bottom-2x\" \/>\n<div class=\"row align-items-center padding-bottom-2x\">\n<div class=\"col-md-5 order-md-2\"><img decoding=\"async\" class=\"d-block m-auto img-thumbnail\" src=\"https:\/\/tvc.mx\/media\/47916\/cmx104076-2.jpg\" alt=\" \" \/><\/div>\n<div class=\"col-md-7 order-md-1 text-md-left text-center\">\n<h2>Frente de calle DCR-40K<\/h2>\n<p class=\"text-muted\">\n<p class=\"ql-align-justify\">El frente de calle es un sistema de v\u00eddeo portero con c\u00e1mara a color, de f\u00e1cil uso para poder realizar la comunicaci\u00f3n entre el la personal que se encuentra en le exterior y los habitantes en el interior del domicilio. Este producto es a prueba de vandalismo, fabricado con una cubierta de aluminio fundido a presi\u00f3n y con una c\u00e1mara oculta.<\/p>\n<p class=\"ql-align-justify\"><strong>Caracter\u00edsticas:<\/strong><\/p>\n<ul>\n<li class=\"ql-align-justify\">Sensor de iluminaci\u00f3n.<\/li>\n<li class=\"ql-align-justify\">Modelo exterior.<\/li>\n<li class=\"ql-align-justify\">Montaje en superficie.<\/li>\n<li class=\"ql-align-justify\">Comunicaci\u00f3n entre frente y monitor.<\/li>\n<\/ul>\n<p>&nbsp;<\/p>\n<\/div>\n<\/div>\n<hr class=\"padding-bottom-2x\" \/>\n<div class=\"row align-items-center padding-bottom-2x\">\n<div class=\"col-md-5\"><img decoding=\"async\" class=\"d-block m-auto img-thumbnail\" src=\"https:\/\/tvc.mx\/media\/47919\/cmx104076-5.jpg\" alt=\" \" \/><\/div>\n<div class=\"col-md-7 text-md-left text-center\">\n<h2>Caracter\u00edsticas<\/h2>\n<p class=\"text-muted\">\n<ul>\n<li class=\"ql-align-justify\">Fuente de alimentaci\u00f3n: 12VDC (suministrado del monitor).<\/li>\n<li class=\"ql-align-justify\">Tipo de conexi\u00f3n al sistema: 4 hilos.<\/li>\n<li class=\"ql-align-justify\">Tipo de instalaci\u00f3n: Exterior.<\/li>\n<li class=\"ql-align-justify\">Tipo de c\u00e1mara: CMOS.<\/li>\n<li class=\"ql-align-justify\">Dimensiones: 96 X 155 X 32.5 mm.<\/li>\n<li class=\"ql-align-justify\">Ajuste de \u00e1ngulo para camara: \u00b1 15\u00b0 hacia arriba y abajo.<\/li>\n<li class=\"ql-align-justify\">Distancia de conexi\u00f3n de cableado: 50 m (cable calibre 0.65) 28 m (cable\u00a0calibre 0.5).<\/li>\n<li class=\"ql-align-justify\">Temperatura de funcionamiento: -10\u00b0C ~ 50\u00b0C.<\/li>\n<li class=\"ql-align-justify\">Iluminaci\u00f3n m\u00ednima: 0.1Lux (hasta 300 mm).<\/li>\n<li class=\"ql-align-justify\">Modo de funcionamiento: NTSC\/PAL.<\/li>\n<\/ul>\n<p class=\"ql-align-justify\">\n<\/div>\n<\/div>\n","protected":false},"excerpt":{"rendered":"<p>Descripci\u00f3n general Un video portero es una herramienta que nos permite tener control de qui\u00e9n accede y qui\u00e9n no a nuestras instalaciones u hogares, de modo que el monitor\u00a0CDV-43K2\u00a0junto con un frente de calle\u00a0DRC40K\u00a0nos facilitan esta funci\u00f3n. Cuando el bot\u00f3n de alarma del frente de&hellip;<\/p>\n","protected":false},"featured_media":6483,"comment_status":"open","ping_status":"closed","template":"","meta":{"om_disable_all_campaigns":false,"_monsterinsights_skip_tracking":false,"_monsterinsights_sitenote_active":false,"_monsterinsights_sitenote_note":"","_monsterinsights_sitenote_category":0},"product_brand":[],"product_cat":[549],"product_tag":[513,514,511,516,519,517,520,515,181,518,512],"class_list":{"0":"post-6484","1":"product","2":"type-product","3":"status-publish","4":"has-post-thumbnail","6":"product_cat-kits-de-videoporteros","7":"product_tag-altavoces","8":"product_tag-amplificadores","9":"product_tag-audio-y-video","10":"product_tag-audioporteros","11":"product_tag-digital-signage","12":"product_tag-intercomunicadores","13":"product_tag-kits-videoporteros","14":"product_tag-mezcladoras","15":"product_tag-microfonos","16":"product_tag-sistemas-de-enfermeria","17":"product_tag-videoporteros","19":"first","20":"instock","21":"sale","22":"taxable","23":"shipping-taxable","24":"purchasable","25":"product-type-simple"},"aioseo_notices":[],"_links":{"self":[{"href":"https:\/\/tecsecmty.com\/index.php\/wp-json\/wp\/v2\/product\/6484","targetHints":{"allow":["GET"]}}],"collection":[{"href":"https:\/\/tecsecmty.com\/index.php\/wp-json\/wp\/v2\/product"}],"about":[{"href":"https:\/\/tecsecmty.com\/index.php\/wp-json\/wp\/v2\/types\/product"}],"replies":[{"embeddable":true,"href":"https:\/\/tecsecmty.com\/index.php\/wp-json\/wp\/v2\/comments?post=6484"}],"version-history":[{"count":0,"href":"https:\/\/tecsecmty.com\/index.php\/wp-json\/wp\/v2\/product\/6484\/revisions"}],"wp:featuredmedia":[{"embeddable":true,"href":"https:\/\/tecsecmty.com\/index.php\/wp-json\/wp\/v2\/media\/6483"}],"wp:attachment":[{"href":"https:\/\/tecsecmty.com\/index.php\/wp-json\/wp\/v2\/media?parent=6484"}],"wp:term":[{"taxonomy":"product_brand","embeddable":true,"href":"https:\/\/tecsecmty.com\/index.php\/wp-json\/wp\/v2\/product_brand?post=6484"},{"taxonomy":"product_cat","embeddable":true,"href":"https:\/\/tecsecmty.com\/index.php\/wp-json\/wp\/v2\/product_cat?post=6484"},{"taxonomy":"product_tag","embeddable":true,"href":"https:\/\/tecsecmty.com\/index.php\/wp-json\/wp\/v2\/product_tag?post=6484"}],"curies":[{"name":"wp","href":"https:\/\/api.w.org\/{rel}","templated":true}]}}