{"id":6486,"date":"2023-02-23T12:06:13","date_gmt":"2023-02-23T18:06:13","guid":{"rendered":"https:\/\/tecsecmty.com\/index.php\/producto\/commax-cdv43yp-paquete-de-monitor-con-pantalla-de-4-3-pulgadas-manos-libres-incluye-frente-de-calle-de-aluminio-con-relay-para-apertura-de-puerta-conexion-a-4-hilos\/"},"modified":"2023-03-22T23:22:14","modified_gmt":"2023-03-23T05:22:14","slug":"commax-cdv43yp-paquete-de-monitor-con-pantalla-de-4-3-pulgadas-manos-libres-incluye-frente-de-calle-de-aluminio-con-relay-para-apertura-de-puerta-conexion-a-4-hilos","status":"publish","type":"product","link":"https:\/\/tecsecmty.com\/index.php\/producto\/commax-cdv43yp-paquete-de-monitor-con-pantalla-de-4-3-pulgadas-manos-libres-incluye-frente-de-calle-de-aluminio-con-relay-para-apertura-de-puerta-conexion-a-4-hilos\/","title":{"rendered":"COMMAX CDV43YP &#8211; Paquete de monitor con pantalla de 4.3 pulgadas manos libres incluye frente de calle de aluminio con relay para apertura de puerta\/ Conexion a 4 hilos"},"content":{"rendered":"<div class=\"row aling-items-center padding-bottom-2x\">\n<div class=\"col-lg-12\">\n<h5 class=\"card-title text-center\">INFORMACI\u00d3N GENERAL<\/h5>\n<p>Un videoportero es un aparato que nos permite tener control de qui\u00e9n accede y qui\u00e9n no a nuestras instalaciones u hogares, de modo que\u00a0junto con un frente de calle nos facilitan esta funci\u00f3n. Cuando el bot\u00f3n de llamada del frente de calle es accionado, nuestro videoportero suena de modo que el usuario en el interior tiene la oportunidad de ver qui\u00e9n se encuentra afuera por medio de la c\u00e1mara de nuestro frente de calle, una vez identificado el usuario desde el interior puede permitirle el paso presionando el bot\u00f3n t\u00e1ctil con forma de llave.<\/p>\n<p>En este KIT contamos con la ventaja de que nuestro monitor es manos libres, conservando esa pantalla a color de 4.3&#8243;.<\/p>\n<p><img decoding=\"async\" class=\"overview-center-img-web\" src=\"https:\/\/tvc.mx\/media\/421539\/COMMAX-CMX2390015-PAQUETE-DE-VIDEOPORTERO-CDV43Y-DRC40K-CENTRAL.png\" alt=\"\" \/><\/div>\n<\/div>\n<div class=\"row align-items-center padding-bottom-2x\">\n<div class=\"col-md-5\"><img decoding=\"async\" class=\"d-block m-auto img-thumbnail\" src=\"https:\/\/tvc.mx\/media\/424295\/COMMAX-CMX2160004-CDV43Y-MONITOR-PARA-VIDEOPORTERO-DER.png\" alt=\" \" \/><\/div>\n<div class=\"col-md-7 text-md-left text-center\">\n<h2>Caracter\u00edsticas Principales CDV43Y<\/h2>\n<p class=\"text-muted\">\n<ul>\n<li>Dise\u00f1o elegante y moderno<\/li>\n<li>Soporta hasta 2 frentes de calle de la marca\u00a0<a href=\"https:\/\/tvc.mx\/products?categoryId=217&amp;query=%7B%22categoryId%22%3A217%2C%22brandIds%22%3A%5B421%5D%2C%22view%22%3A%22grid%22%2C%22sortBy%22%3A%7B%22sortCriteria%22%3A%22list_price%22%2C%22sortDirection%22%3A%22asc%22%7D%2C%22perPage%22%3A40%2C%22priceRange%22%3A%7B%22max%22%3A%22439.0000%22%2C%22min%22%3A0%7D%7D\" target=\"_blank\" rel=\"noopener\">COMMAX<\/a><\/li>\n<li>Soporta auricular\u00a0<a href=\"https:\/\/tvc.mx\/products\/2759\" target=\"_blank\" rel=\"noopener\">(DP-4VHP)<\/a><\/li>\n<li>Con una pantalla LED premium de 4,3 pulgadas<\/li>\n<li>Comunicaci\u00f3n entre el monitor y frente de calle sin necesidad de realizar la llamada<\/li>\n<li>Equipo completamente manos libres<\/li>\n<li>Botones de funciones t\u00e1ctiles<\/li>\n<li>Compatible con todos los frentes de calle de la marca\u00a0<a href=\"https:\/\/tvc.mx\/products?categoryId=217&amp;query=%7B%22categoryId%22%3A217%2C%22brandIds%22%3A%5B421%5D%2C%22view%22%3A%22grid%22%2C%22sortBy%22%3A%7B%22sortCriteria%22%3A%22list_price%22%2C%22sortDirection%22%3A%22asc%22%7D%2C%22perPage%22%3A40%2C%22priceRange%22%3A%7B%22max%22%3A%22439.0000%22%2C%22min%22%3A0%7D%7D\" target=\"_blank\" rel=\"noopener\">COMMAX<\/a><\/li>\n<\/ul>\n<p>M\u00e1s informaci\u00f3n en el\u00a0<a href=\"https:\/\/tvc.mx\/products\/37454\" target=\"_blank\" rel=\"noopener\">LINK<\/a><\/p>\n<p>&nbsp;<\/p>\n<\/div>\n<\/div>\n<hr class=\"padding-bottom-2x\" \/>\n<div class=\"row align-items-center padding-bottom-2x\">\n<div class=\"col-md-5 order-md-2\"><img decoding=\"async\" class=\"d-block m-auto img-thumbnail\" src=\"https:\/\/tvc.mx\/media\/421547\/COMMAX-29100-DRC40K-FRENTE-DE-CALLE-DER.png\" alt=\" \" \/><\/div>\n<div class=\"col-md-7 order-md-1 text-md-left text-center\">\n<h2>Caracter\u00edsticas Principales DRC40K<\/h2>\n<p class=\"text-muted\">\n<ul>\n<li>Compatible con todos los monitores\u00a0<a href=\"https:\/\/tvc.mx\/products?categoryId=216&amp;query=%7B%22categoryId%22%3A216%2C%22brandIds%22%3A%5B421%5D%2C%22view%22%3A%22grid%22%2C%22sortBy%22%3A%7B%22sortCriteria%22%3A%22list_price%22%2C%22sortDirection%22%3A%22asc%22%7D%2C%22perPage%22%3A40%2C%22priceRange%22%3A%7B%22max%22%3A%22235.0000%22%2C%22min%22%3A0%7D%7D\" target=\"_blank\" rel=\"noopener\">COMMAX<\/a><\/li>\n<li>Tipo de montaje empotrado o sobre la superficie<\/li>\n<li>Comunicaci\u00f3n del frente de calle hacia el monitor sin necesidad de realizar la llamada<\/li>\n<li>Sensor de luz led blanco incorporado<\/li>\n<li>Equipo para exterior e interior<\/li>\n<li>Salida de relevador para una cerradura o chapa<\/li>\n<li>Conexi\u00f3n a 4 hilos hacia al monitor<\/li>\n<\/ul>\n<p>M\u00e1s informaci\u00f3n en el\u00a0<a href=\"https:\/\/tvc.mx\/products\/4106\" target=\"_blank\" rel=\"noopener\">LINK<\/a><\/p>\n<p>&nbsp;<\/p>\n<\/div>\n<\/div>\n<hr class=\"padding-bottom-2x\" \/>\n<div class=\"row align-items-center padding-bottom-2x\">\n<div class=\"col-md-5\"><img decoding=\"async\" class=\"d-block m-auto img-thumbnail\" src=\"https:\/\/tvc.mx\/media\/424303\/COMMAX-CMX2390015-PAQUETE-DE-VIDEOPORTERO-CDV43Y-DRC40K-INCLUYE.png\" alt=\" \" \/><\/div>\n<div class=\"col-md-7 text-md-left text-center\">\n<h2>Incluye<\/h2>\n<p class=\"text-muted\">\n<ul>\n<li>Monitor de 4.3&#8243; manos libres<\/li>\n<li>Frente de calle<\/li>\n<li>Manual de usuario<\/li>\n<li>Cables de conexi\u00f3n<\/li>\n<li>Base de instalaci\u00f3n y tornillos<\/li>\n<\/ul>\n<\/div>\n<\/div>\n","protected":false},"excerpt":{"rendered":"<p>INFORMACI\u00d3N GENERAL Un videoportero es un aparato que nos permite tener control de qui\u00e9n accede y qui\u00e9n no a nuestras instalaciones u hogares, de modo que\u00a0junto con un frente de calle nos facilitan esta funci\u00f3n. Cuando el bot\u00f3n de llamada del frente de calle es&hellip;<\/p>\n","protected":false},"featured_media":6485,"comment_status":"open","ping_status":"closed","template":"","meta":{"om_disable_all_campaigns":false,"_monsterinsights_skip_tracking":false,"_monsterinsights_sitenote_active":false,"_monsterinsights_sitenote_note":"","_monsterinsights_sitenote_category":0},"product_brand":[],"product_cat":[549],"product_tag":[513,514,511,516,519,517,520,515,181,518,512],"class_list":{"0":"post-6486","1":"product","2":"type-product","3":"status-publish","4":"has-post-thumbnail","6":"product_cat-kits-de-videoporteros","7":"product_tag-altavoces","8":"product_tag-amplificadores","9":"product_tag-audio-y-video","10":"product_tag-audioporteros","11":"product_tag-digital-signage","12":"product_tag-intercomunicadores","13":"product_tag-kits-videoporteros","14":"product_tag-mezcladoras","15":"product_tag-microfonos","16":"product_tag-sistemas-de-enfermeria","17":"product_tag-videoporteros","19":"first","20":"instock","21":"sale","22":"taxable","23":"shipping-taxable","24":"purchasable","25":"product-type-simple"},"aioseo_notices":[],"_links":{"self":[{"href":"https:\/\/tecsecmty.com\/index.php\/wp-json\/wp\/v2\/product\/6486","targetHints":{"allow":["GET"]}}],"collection":[{"href":"https:\/\/tecsecmty.com\/index.php\/wp-json\/wp\/v2\/product"}],"about":[{"href":"https:\/\/tecsecmty.com\/index.php\/wp-json\/wp\/v2\/types\/product"}],"replies":[{"embeddable":true,"href":"https:\/\/tecsecmty.com\/index.php\/wp-json\/wp\/v2\/comments?post=6486"}],"version-history":[{"count":0,"href":"https:\/\/tecsecmty.com\/index.php\/wp-json\/wp\/v2\/product\/6486\/revisions"}],"wp:featuredmedia":[{"embeddable":true,"href":"https:\/\/tecsecmty.com\/index.php\/wp-json\/wp\/v2\/media\/6485"}],"wp:attachment":[{"href":"https:\/\/tecsecmty.com\/index.php\/wp-json\/wp\/v2\/media?parent=6486"}],"wp:term":[{"taxonomy":"product_brand","embeddable":true,"href":"https:\/\/tecsecmty.com\/index.php\/wp-json\/wp\/v2\/product_brand?post=6486"},{"taxonomy":"product_cat","embeddable":true,"href":"https:\/\/tecsecmty.com\/index.php\/wp-json\/wp\/v2\/product_cat?post=6486"},{"taxonomy":"product_tag","embeddable":true,"href":"https:\/\/tecsecmty.com\/index.php\/wp-json\/wp\/v2\/product_tag?post=6486"}],"curies":[{"name":"wp","href":"https:\/\/api.w.org\/{rel}","templated":true}]}}