{"id":6490,"date":"2023-02-23T12:06:17","date_gmt":"2023-02-23T18:06:17","guid":{"rendered":"https:\/\/tecsecmty.com\/index.php\/producto\/commax-cdv704mapak-videoportero-residencial-con-frente-de-calle-camara-pinhole-de-1mp-y-monitor-touch-de-7-pulgadas-soporta-hasta-4-monitores-con-funcion-de-intercomunicacion-fotos-y-video-con-mem\/"},"modified":"2023-03-22T23:22:14","modified_gmt":"2023-03-23T05:22:14","slug":"commax-cdv704mapak-videoportero-residencial-con-frente-de-calle-camara-pinhole-de-1mp-y-monitor-touch-de-7-pulgadas-soporta-hasta-4-monitores-con-funcion-de-intercomunicacion-fotos-y-video-con-mem","status":"publish","type":"product","link":"https:\/\/tecsecmty.com\/index.php\/producto\/commax-cdv704mapak-videoportero-residencial-con-frente-de-calle-camara-pinhole-de-1mp-y-monitor-touch-de-7-pulgadas-soporta-hasta-4-monitores-con-funcion-de-intercomunicacion-fotos-y-video-con-mem\/","title":{"rendered":"COMMAX CDV704MAPAK &#8211; Videoportero residencial con frente de calle c\u00e1mara pinhole de 1Mp y monitor touch de 7 pulgadas, Soporta hasta 4 monitores con funci\u00f3n de intercomunicaci\u00f3n, Fotos y video con memoria microSD\/ Apertura de puerta"},"content":{"rendered":"<div class=\"row aling-items-center padding-bottom-2x\">\n<div class=\"col-lg-12\">\n<h5 class=\"card-title text-center\">VIDEO PORTERO<\/h5>\n<p>Un video portero es un aparato que nos permite tener control de qui\u00e9n accede y qui\u00e9n no a nuestras instalaciones u hogares, de modo que el video portero CMV70MA junto con un frente de calle DRC4CPHD nos facilitan esta funci\u00f3n.<\/p>\n<p>El paquete incluye los siguiente:<\/p>\n<ul>\n<li>1 Monitor commax modelo CDV-704MA<\/li>\n<li>1 frente de calle\u00a0DRC4CPHD<strong>\u00a0<\/strong><\/li>\n<\/ul>\n<p><img decoding=\"async\" class=\"overview-center-img-web\" src=\"https:\/\/tvc.mx\/media\/119798\/COMMAX-PAQICDV704MA---Videoportero-frente-de-calle-camara-1MP-monitor-touch-7-pulgadas-DRC4CPHD-CDV704MA-cmx1040111-1.jpg\" alt=\"\" \/><\/div>\n<\/div>\n<div class=\"row align-items-center padding-bottom-2x\">\n<div class=\"col-md-5\"><img decoding=\"async\" class=\"d-block m-auto img-thumbnail\" src=\"https:\/\/tvc.mx\/media\/119802\/COMMAX-PAQICDV704MA--monitor-monitor-touch-7-pulgadas-CDV704MA-cmx1040111.jpg\" alt=\" \" \/><\/div>\n<div class=\"col-md-7 text-md-left text-center\">\n<h2>INFORMACION GENERAL DEL MONITOR CMV70MA<\/h2>\n<p class=\"text-muted\">\n<p>El\u00a0monitor\u00a0de commax modelo\u00a0<strong>CMV70MA<\/strong>\u00a0\u00a0Premium Full Touch de 7 pulgadas mejora la clase interior de la casa.Tiene una funci\u00f3n de seguridad mejorada de monitoreo de CCTV y sensor de seguridad y se puede instalar en todos los entornos de entrada desde una sola casa a un complejo de apartamentos.Tambi\u00e9n se puede conectar con dispositivos IoT e identificaci\u00f3n de visitantes a trav\u00e9s del tel\u00e9fono inteligente.<\/p>\n<p>&nbsp;<\/p>\n<\/div>\n<\/div>\n<hr class=\"padding-bottom-2x\" \/>\n<div class=\"row align-items-center padding-bottom-2x\">\n<div class=\"col-md-5 order-md-2\"><img decoding=\"async\" class=\"d-block m-auto img-thumbnail\" src=\"https:\/\/tvc.mx\/media\/119806\/COMMAX-PAQICDV704MA--monitor-monitor-touch-7-pulgadas-CDV704MA-cmx1040111-1.jpg\" alt=\" \" \/><\/div>\n<div class=\"col-md-7 order-md-1 text-md-left text-center\">\n<h2>PRINCIPALES CARACTERISTICAS<\/h2>\n<p class=\"text-muted\">\n<ul>\n<li>Interfaz cableada<\/li>\n<li>Comunicaci\u00f3n con el abonado Altavoz d\u00faplex.<\/li>\n<li>Entradas para la conexi\u00f3n 2 + 2.<\/li>\n<li>La presencia de una unidad de memoria S\u00ed<\/li>\n<li>Registro de eventos Foto \/ Video<\/li>\n<li>Color de cuerpo azul<\/li>\n<li>Monitor LCD<\/li>\n<li>Tama\u00f1o del monitor: 7.0 (pulgadas).<\/li>\n<li>Monitor a color.<\/li>\n<li>Resoluci\u00f3n de pantalla 1024&#215;600.<\/li>\n<li>Conexi\u00f3n de un monitor adicional: S\u00ed.<\/li>\n<li>Conexi\u00f3n de un panel de video en color adicional: S\u00ed.<\/li>\n<li>Conexi\u00f3n de una c\u00e1mara adicional: S\u00ed.<\/li>\n<li>Puerto de tarjeta SD: si.<\/li>\n<li>Fuente de alimentaci\u00f3n: 110V.<\/li>\n<li>Longitud: 244.0 (mm).<\/li>\n<li>Ancho: 18.0 (mm).<\/li>\n<li>Altura: 180.0 (mm).<\/li>\n<\/ul>\n<h3>NOTA:\u00a0<u>Para que las c\u00e1maras an\u00e1logas puedan funcionar con el monitor de commax, estas deben de estar con el formato de tecnolog\u00eda\u00a0AHD.<\/u><\/h3>\n<p>&nbsp;<\/p>\n<\/div>\n<\/div>\n<hr class=\"padding-bottom-2x\" \/>\n<div class=\"row align-items-center padding-bottom-2x\">\n<div class=\"col-md-5\"><img decoding=\"async\" class=\"d-block m-auto img-thumbnail\" src=\"https:\/\/tvc.mx\/media\/119810\/COMMAX-PAQICDV704MA-monitor-monitor-touch-7-pulgadas-CDV704MA-cmx1040111-2.jpg\" alt=\" \" \/><\/div>\n<div class=\"col-md-7 text-md-left text-center\">\n<h2>ESPECIFICACIONES<\/h2>\n<p class=\"text-muted\">\n<ul>\n<li>El commax CDV-704MA (azul) es un monitor en color del video portero AHD sin auricular.<\/li>\n<li>Pantalla t\u00e1ctil: TFT LCD de 7 pulgadas (17,78 cm) con retroiluminaci\u00f3n LED, que proporciona una imagen clara y rica.<\/li>\n<li>El monitor le permite ver al visitante, hablar con \u00e9l y abrir la cerradura electromec\u00e1nica o electromagn\u00e9tica en la puerta frontal.<\/li>\n<li>Dise\u00f1adas para conectar 2 paneles exteriores (entradas C\u00e1mara \/ C\u00e1mara) y 2 AHD o c\u00e1maras de video anal\u00f3gicas del est\u00e1ndar PAL (entradas CCTV1 \/ CCTV2 &#8211; estas c\u00e1maras deben ser alimentadas por una fuente de alimentaci\u00f3n externa).<\/li>\n<li>La detecci\u00f3n de movimiento incorporada funciona en una de las entradas: C\u00e1mara 1 \/ C\u00e1mara 2 \/ CCTV 1 \/ CCTV 2, el canal deseado se selecciona a trav\u00e9s del men\u00fa.<\/li>\n<li>La duraci\u00f3n del video cuando se graba en el detector de movimiento &#8211; 10 segundos.<\/li>\n<li>Quiz\u00e1s una conexi\u00f3n en serie de monitores a los paneles exteriores, configuraci\u00f3n m\u00e1xima: 4 monitores, 2 paneles exteriores, 2 c\u00e1maras de video.<\/li>\n<li>Hay una llamada de direcci\u00f3n y comunicaci\u00f3n de voz entre monitores, no se proporciona la conexi\u00f3n de tel\u00e9fonos DP-4VHP.<\/li>\n<li>Al llamar, se graban fotos o videoclips con una duraci\u00f3n de hasta 60 segundos (seleccionados a trav\u00e9s del men\u00fa).<\/li>\n<li>La imagen del visitante se fija en el momento de la llamada, as\u00ed como la fecha y la hora de la visita.<\/li>\n<li>Se pueden grabar hasta 50 fotos en la memoria del monitor, y se pueden grabar hasta 128 fotos en una tarjeta microSDHC.<\/li>\n<li><\/li>\n<li>Ranura para tarjeta microSDHC incorporada, se admiten tarjetas de hasta 32 GB, los videoclips se graban solo en la tarjeta microSDHC.<\/li>\n<li>El n\u00famero m\u00e1ximo de videos: 20 (tarjeta de 4 GB), 80 (tarjeta de 16 GB), 360 (tarjeta de 32 GB).<\/li>\n<li>Es posible conectar el intercomunicador de video al intercomunicador de acceso a trav\u00e9s de las unidades de interfaz.<\/li>\n<li>Durante el montaje, es necesario observar una distancia de al menos 1,5 m entre el monitor y el panel de llamada.<\/li>\n<li>Si no se observa la distancia especificada, pueden aparecer un fondo y un silbido durante una conversaci\u00f3n.<\/li>\n<li>La duraci\u00f3n de la pantalla en el estado de encendido:<\/li>\n<\/ul>\n<p>Despu\u00e9s de la activaci\u00f3n manual mediante el bot\u00f3n en el monitor: 30 \u00b1 10 seg.<\/p>\n<p>despu\u00e9s de recibir una se\u00f1al del panel de llamada: 60 \u00b1 10 seg.<\/p>\n<p>&nbsp;<\/p>\n<\/div>\n<\/div>\n<hr class=\"padding-bottom-2x\" \/>\n<div class=\"row align-items-center padding-bottom-2x\">\n<div class=\"col-md-5 order-md-2\"><img decoding=\"async\" class=\"d-block m-auto img-thumbnail\" src=\"https:\/\/tvc.mx\/media\/119814\/COMMAX-PAQICDV704MA-Frente-de-calle-camara-de-puerta-DRC4CPHD-CDV704MA-cmx1040111.jpg\" alt=\" \" \/><\/div>\n<div class=\"col-md-7 order-md-1 text-md-left text-center\">\n<h2>INFORMACION GENERAL DEL FRENTE DE CALLE<\/h2>\n<p class=\"text-muted\">\n<p>Cuando el bot\u00f3n de alarma del frente de calle\u00a0\u00a0DRC4CPHD<strong>\u00a0<\/strong>\u00a0es accionado, nuestro video portero suena de modo que el usuario en el interior tiene la oportunidad de ver qui\u00e9n se encuentra afuera por medio de la c\u00e1mara de nuestro frente de calle, una vez identificado el usuario desde el interior puede permitirle el paso presionando el bot\u00f3n t\u00e1ctil\u00a0con forma de llave.<\/p>\n<p><strong>Caracter\u00edsticas:<\/strong><\/p>\n<ul>\n<li>AHD C\u00e1mara anti-vand\u00e1lica para puertas.<\/li>\n<li>4 cables AHD (1.3M p\u00edxeles).<\/li>\n<li>Sensor de iluminaci\u00f3n.<\/li>\n<li>Modelo exterior.<\/li>\n<li>Tipo montado en superficie.<\/li>\n<li>Llamada a domicilio y conversaci\u00f3n.<\/li>\n<\/ul>\n<p>&nbsp;<\/p>\n<\/div>\n<\/div>\n<hr class=\"padding-bottom-2x\" \/>\n<div class=\"row align-items-center padding-bottom-2x\">\n<div class=\"col-md-5\"><img decoding=\"async\" class=\"d-block m-auto img-thumbnail\" src=\"https:\/\/tvc.mx\/media\/119818\/COMMAX-PAQICDV704MA-Frente-de-calle-camara-de-puerta-DRC4CPHD-CDV704MA-cmx1040111-1.jpg\" alt=\" \" \/><\/div>\n<div class=\"col-md-7 text-md-left text-center\">\n<h2>ESPECIFICACIONES DEL FRENTE DE CALLE<\/h2>\n<p class=\"text-muted\">\n<ul>\n<li>Fuente de alimentaci\u00f3n 12V (desde el monitor).<\/li>\n<li>Operaci\u00f3n Temperatura:-40\u00b0C~ + 50\u00b0C.<\/li>\n<li>Cableado: 4 alambres.<\/li>\n<li>Iluminaci\u00f3n m\u00ednima0.1Lux (hasta 300 mm).<\/li>\n<li>Distancia: 28 mts. (0.5\u00ce\u00a6) y 50 mts. (0.65).<\/li>\n<li>Dimensi\u00f3n (mm) 59 (A) x164 (L) x42 (P).<\/li>\n<\/ul>\n<\/div>\n<\/div>\n","protected":false},"excerpt":{"rendered":"<p>VIDEO PORTERO Un video portero es un aparato que nos permite tener control de qui\u00e9n accede y qui\u00e9n no a nuestras instalaciones u hogares, de modo que el video portero CMV70MA junto con un frente de calle DRC4CPHD nos facilitan esta funci\u00f3n. El paquete incluye&hellip;<\/p>\n","protected":false},"featured_media":6489,"comment_status":"open","ping_status":"closed","template":"","meta":{"om_disable_all_campaigns":false,"_monsterinsights_skip_tracking":false,"_monsterinsights_sitenote_active":false,"_monsterinsights_sitenote_note":"","_monsterinsights_sitenote_category":0},"product_brand":[],"product_cat":[549],"product_tag":[513,514,511,516,519,517,520,515,181,518,512],"class_list":{"0":"post-6490","1":"product","2":"type-product","3":"status-publish","4":"has-post-thumbnail","6":"product_cat-kits-de-videoporteros","7":"product_tag-altavoces","8":"product_tag-amplificadores","9":"product_tag-audio-y-video","10":"product_tag-audioporteros","11":"product_tag-digital-signage","12":"product_tag-intercomunicadores","13":"product_tag-kits-videoporteros","14":"product_tag-mezcladoras","15":"product_tag-microfonos","16":"product_tag-sistemas-de-enfermeria","17":"product_tag-videoporteros","19":"first","20":"instock","21":"sale","22":"taxable","23":"shipping-taxable","24":"purchasable","25":"product-type-simple"},"aioseo_notices":[],"_links":{"self":[{"href":"https:\/\/tecsecmty.com\/index.php\/wp-json\/wp\/v2\/product\/6490","targetHints":{"allow":["GET"]}}],"collection":[{"href":"https:\/\/tecsecmty.com\/index.php\/wp-json\/wp\/v2\/product"}],"about":[{"href":"https:\/\/tecsecmty.com\/index.php\/wp-json\/wp\/v2\/types\/product"}],"replies":[{"embeddable":true,"href":"https:\/\/tecsecmty.com\/index.php\/wp-json\/wp\/v2\/comments?post=6490"}],"version-history":[{"count":0,"href":"https:\/\/tecsecmty.com\/index.php\/wp-json\/wp\/v2\/product\/6490\/revisions"}],"wp:featuredmedia":[{"embeddable":true,"href":"https:\/\/tecsecmty.com\/index.php\/wp-json\/wp\/v2\/media\/6489"}],"wp:attachment":[{"href":"https:\/\/tecsecmty.com\/index.php\/wp-json\/wp\/v2\/media?parent=6490"}],"wp:term":[{"taxonomy":"product_brand","embeddable":true,"href":"https:\/\/tecsecmty.com\/index.php\/wp-json\/wp\/v2\/product_brand?post=6490"},{"taxonomy":"product_cat","embeddable":true,"href":"https:\/\/tecsecmty.com\/index.php\/wp-json\/wp\/v2\/product_cat?post=6490"},{"taxonomy":"product_tag","embeddable":true,"href":"https:\/\/tecsecmty.com\/index.php\/wp-json\/wp\/v2\/product_tag?post=6490"}],"curies":[{"name":"wp","href":"https:\/\/api.w.org\/{rel}","templated":true}]}}