{"id":6498,"date":"2023-02-23T12:06:27","date_gmt":"2023-02-23T18:06:27","guid":{"rendered":"https:\/\/tecsecmty.com\/index.php\/producto\/commax-cvm43adep-paquete-base-que-incluye-frente-de-calle-departamental-cmp4bct-8-monitores-modelo-cmv43a-distribuidor-de-piso-y-fuente-de-24-dvc-estacion-de-guardia-para-comunicacion-con-departa\/"},"modified":"2023-03-22T23:22:16","modified_gmt":"2023-03-23T05:22:16","slug":"commax-cvm43adep-paquete-base-que-incluye-frente-de-calle-departamental-cmp4bct-8-monitores-modelo-cmv43a-distribuidor-de-piso-y-fuente-de-24-dvc-estacion-de-guardia-para-comunicacion-con-departa","status":"publish","type":"product","link":"https:\/\/tecsecmty.com\/index.php\/producto\/commax-cvm43adep-paquete-base-que-incluye-frente-de-calle-departamental-cmp4bct-8-monitores-modelo-cmv43a-distribuidor-de-piso-y-fuente-de-24-dvc-estacion-de-guardia-para-comunicacion-con-departa\/","title":{"rendered":"COMMAX CVM43ADEP &#8211; Paquete base que incluye frente de calle departamental CMP4BCT, 8 monitores modelo CMV43A, distribuidor de piso y fuente de 24 DVC, estaci\u00f3n de guardia para comunicaci\u00f3n con departamentos\/ #Modum"},"content":{"rendered":"<div class=\"row aling-items-center padding-bottom-2x\">\n<div class=\"col-lg-12\">\n<h5 class=\"card-title text-center\">Descripci\u00f3n general<\/h5>\n<h3><strong>COMMAX PAQCVM43ADEP<\/strong><\/h3>\n<p><strong>El paquete incluye los siguientes equipos:<\/strong><\/p>\n<ul>\n<li><strong>1\u00a0<\/strong>Frente de calle departamental commax\u00a0<strong><em>CMP4BCT<\/em><\/strong><\/li>\n<li><strong>8\u00a0<\/strong>Monitores commax\u00a0<strong>CMV43A<\/strong><\/li>\n<li><strong>1\u00a0<\/strong>Estaci\u00f3n de guardia commax\u00a0<strong>CDS2AG<\/strong><\/li>\n<li><strong>3\u00a0<\/strong>Fuentes de poder de 24V commax\u00a0<strong>RF2A<\/strong><\/li>\n<li><strong>2\u00a0<\/strong>Distribuidores de piso commax\u00a0<strong>CDM404FU<\/strong><\/li>\n<li><strong>1\u00a0<\/strong>Distribuidor de edificio commax\u00a0<strong>CMD101BU<\/strong><\/li>\n<\/ul>\n<p><img decoding=\"async\" class=\"overview-center-img-web\" src=\"https:\/\/tvc.mx\/media\/120943\/COMMAX-PAQCVM43ADEP-Paquete-frente-de-calle-departamental-CMP4BCT-monitor-CMV43A-Estacion-de-guardia-CDS2AG-Distribuidor-CMD404FU-CMD101BU-cmx2170005-cmx2170005-1.jpg\" alt=\"\" \/><\/div>\n<\/div>\n<div class=\"row align-items-center padding-bottom-2x\">\n<div class=\"col-md-5\"><img decoding=\"async\" class=\"d-block m-auto img-thumbnail\" src=\"https:\/\/tvc.mx\/media\/120955\/COMMAX-PAQCVM43ADEP-Paquete-frente-de-calle-departamental-modum-modum-complejo-CMP4BCT-cmx2170005.jpg\" alt=\" \" \/><\/div>\n<div class=\"col-md-7 text-md-left text-center\">\n<h2>Frente de calle departamental commax CMP4BCT<\/h2>\n<p class=\"text-muted\">\n<p>El modelo\u00a0<strong>CMP4BCT\u00a0<\/strong>\u00a0es un frente de calle para apartamentos el cu\u00e1l est\u00e1 disponible para varios tipos de casas y entornos de sistema. Con funciones integradas de control de acceso, disfrute de su vida de forma segura y c\u00f3moda.<\/p>\n<p>El frente de calle es un sistema de video portero con camara a color, de facil uso y programaci\u00f3n para poder realizar la comunicaci\u00f3n entre el Lobby del edificio y los diferentes departamentos. Este producto es a prueba de vandalismo, fabricado con una cubierta de aluminio fundido a presi\u00f3n y con una camara oculta y ademas cuenta con una cubierta anti lluvia.<\/p>\n<p>En los laboratorios de COMMAX, se encuentran en constante desarrollo para sus productos, esta c\u00e1mara ha sido desarrollada con los m\u00e1s altos est\u00e1ndares de calidad en la empresa, tambi\u00e9n permite a las personas del interior del domicilio, poder visualizar una visita sin problema en el frente de calle por las noches, ya que cuenta con sensores infrarrojos y una luz blanca para la visualizaci\u00f3n adecuada de las personas que se encuentran fuera del domicilio.<\/p>\n<p><strong>Caracter\u00edsticas:<\/strong><\/p>\n<ul>\n<li>Fuente de Energ\u00eda: DC 12V 1A.<\/li>\n<li>Tipo de Montaje: Integrado al ras.<\/li>\n<li>Cableado: Sistema Gateview (Cable UTP).<\/li>\n<li>Monitor de unidad dom\u00e9stica (8 hilos-com\u00fan 6 hilos + video 2 hilos),<\/li>\n<li>Tel\u00e9fono de estaci\u00f3n de seguridad (4 hilos).<\/li>\n<li>Consumo de energ\u00eda: Standby: 84mA, M\u00e1ximo: 280mA).<\/li>\n<li>M\u00e9todo de llamada: Manos libres (solo ida).<\/li>\n<li>Rango efectivo de llamada: 300 mts. con cable UTP Cat. 5e.<\/li>\n<li>Temperatura:: -40\u00b0C &#8211; +60\u00b0C.<\/li>\n<li>Tarjeta RFID: 13.56 Mhz (<strong>opcional<\/strong>).<\/li>\n<li>Pantalla: 2.4&#8243; OLED.<\/li>\n<li>Sensor de im\u00e1gen: C-MOS.<\/li>\n<li>\u00c1ngulo de Visi\u00f3n: Horizontal 62\u00b0 Vertical 46\u00b0.<\/li>\n<li>Iluminaci\u00f3n: LED Blanco.<\/li>\n<li>Menor intensidad de iluminaci\u00f3n: 0,1 Lux (hasta 300 mm de la c\u00e1mara).<\/li>\n<li>Dimensi\u00f3n: 130(W)x315(H)x12(38)(D).<\/li>\n<\/ul>\n<p>&nbsp;<\/p>\n<\/div>\n<\/div>\n<hr class=\"padding-bottom-2x\" \/>\n<div class=\"row align-items-center padding-bottom-2x\">\n<div class=\"col-md-5 order-md-2\"><img decoding=\"async\" class=\"d-block m-auto img-thumbnail\" src=\"https:\/\/tvc.mx\/media\/120958\/COMMAX-PAQCVM43ADEP-Paquete-departamental-modum-modum-complejo-monitor-CMV43A-cmx2170005.jpg\" alt=\" \" \/><\/div>\n<div class=\"col-md-7 order-md-1 text-md-left text-center\">\n<h2>Monitor commax CMV43A<\/h2>\n<p class=\"text-muted\">\n<p><strong>MODUM VIDEO PHONE<\/strong><\/p>\n<p><strong>CMV-43A<\/strong><\/p>\n<p>MONITOR b\u00e1sico de 4,3 pulgadas que mejora la funci\u00f3n de seguridad mediante el monitoreo por CCTV. Se puede instalar en todos los entornos de entrada desde una sola casa hasta un complejo de apartamentos.<\/p>\n<p><strong>Caracter\u00edsticas<\/strong><\/p>\n<ul>\n<li><strong>Seguridad mejorada<\/strong><\/li>\n<\/ul>\n<p class=\"ql-indent-1\">Ha mejorado las funciones de seguridad de monitoreo de CCTV y llamada Guard \/ Porter. Adem\u00e1s, puede ser una comunicaci\u00f3n m\u00e1s r\u00e1pida cuando se necesita asistencia.<\/p>\n<ul>\n<li><strong>Expandible<\/strong><\/li>\n<\/ul>\n<p class=\"ql-indent-1\">Es expandible hasta 2 monitores, c\u00e1maras de 2 puertas y 2 interfonos, y aumenta la comodidad desde una ubicaci\u00f3n.<\/p>\n<ul>\n<li><strong>Pantalla LED ancha<\/strong><\/li>\n<\/ul>\n<p class=\"ql-indent-1\">La usabilidad se actualiza con una pantalla LED premium de 4,3 pulgadas.<\/p>\n<p><strong>Especificaciones<\/strong><\/p>\n<ul>\n<li class=\"ql-indent-1\"><strong>Fuente de alimentaci\u00f3n:\u00a0<\/strong>CMV-43A: CA 100-240V, 50 \/ 60Hz<\/li>\n<li class=\"ql-indent-1\"><strong>Tipo de montaje:\u00a0<\/strong>Tipo de pared<\/li>\n<li class=\"ql-indent-1\"><strong>Alambrado:<\/strong>\u00a0C\u00e1mara de puerta: Cat.5e (28m)<\/li>\n<\/ul>\n<p>Distribuidor de suelo: Cat.5e (28m)<\/p>\n<ul>\n<li class=\"ql-indent-1\"><strong>Temp. De funcionamiento:<\/strong>\u00a00 \u2103 ~ + 40 \u2103<\/li>\n<li class=\"ql-indent-1\"><strong>Distancia:\u00a0<\/strong>\u00a028 m (0,5 mm) \/ 50 m (0,65 mm) \/ 70 m (0,8 mm)<\/li>\n<li class=\"ql-indent-1\"><strong>Dimensi\u00f3n:\u00a0<\/strong>\u00a0\u00a0\u00a0180 (L) \u00d7 180 (A) \u00d7 28 (39) (P) (mm)<\/li>\n<\/ul>\n<p>&nbsp;<\/p>\n<\/div>\n<\/div>\n<hr class=\"padding-bottom-2x\" \/>\n<div class=\"row align-items-center padding-bottom-2x\">\n<div class=\"col-md-5\"><img decoding=\"async\" class=\"d-block m-auto img-thumbnail\" src=\"https:\/\/tvc.mx\/media\/120961\/COMMAX-PAQCVM43ADEP-Paquete-Estacion-de-guardia-CDS2AG-cmx2170005.jpg\" alt=\" \" \/><\/div>\n<div class=\"col-md-7 text-md-left text-center\">\n<h2>Estaci\u00f3n de guardia commax CDS2AG<\/h2>\n<p class=\"text-muted\">\n<p>Estaci\u00f3n para el guardia<\/p>\n<p><strong>Funciones<\/strong><\/p>\n<ul>\n<li>Llamada a hogares<\/li>\n<li>1 Cable UTP por una simple instalaci\u00f3n desde el distribuidor de piso.<\/li>\n<li>Llamada del tel\u00e9fono de Lobby<\/li>\n<li>Funci\u00f3n CID para identificador de llamadas .<\/li>\n<\/ul>\n<p><strong>Caracter\u00edsticas<\/strong><\/p>\n<ul>\n<li>Fuente de poder: DC 12V, 1A<\/li>\n<li>Temperatura de Operaci\u00f3n: -10C\u00b0 ~ +40C\u00b0<\/li>\n<li>Distancia: M\u00e1xima 100Mts.<\/li>\n<li>Tipo de Montaje: Tipo Escritorio<\/li>\n<li>Cableado: 4 Cables<\/li>\n<li>Dimensi\u00f3n (mm): 230(W) x200(H) x35(D)<\/li>\n<\/ul>\n<p>&nbsp;<\/p>\n<\/div>\n<\/div>\n<hr class=\"padding-bottom-2x\" \/>\n<div class=\"row align-items-center padding-bottom-2x\">\n<div class=\"col-md-5 order-md-2\"><img decoding=\"async\" class=\"d-block m-auto img-thumbnail\" src=\"https:\/\/tvc.mx\/media\/120964\/COMMAX-PAQCVM43ADEP-Paquete-departamental-modum-fuente-de-poder-24V-RF2A-cmx2170005.jpg\" alt=\" \" \/><\/div>\n<div class=\"col-md-7 order-md-1 text-md-left text-center\">\n<h2>Fuente de poder de 24V commax RF2A<\/h2>\n<p class=\"text-muted\">\n<p>Esta fuente de alimentaci\u00f3n de corriente continua proporciona una potencia a un dispositivo de aplicaci\u00f3n el\u00e9ctrica que no se puede proporcionar alimentaci\u00f3n de CA directamente.<\/p>\n<p>Fuente de alimentaci\u00f3n de 24 Volts ideal para la l\u00ednea Modum y Audiogate.<\/p>\n<p><strong>Caracter\u00edsticas<\/strong><\/p>\n<ul>\n<li>Fuente de Alimentaci\u00f3n: 110\/120\/220\/230\/240V.<\/li>\n<li>Frecuencia de Entrada: 50-60 Hz.<\/li>\n<li>Salida de Voltaje: 24 V.<\/li>\n<li>Corriente: 1 Amp.<\/li>\n<\/ul>\n<p>&nbsp;<\/p>\n<\/div>\n<\/div>\n<hr class=\"padding-bottom-2x\" \/>\n<div class=\"row align-items-center padding-bottom-2x\">\n<div class=\"col-md-5\"><img decoding=\"async\" class=\"d-block m-auto img-thumbnail\" src=\"https:\/\/tvc.mx\/media\/120967\/COMMAX-PAQCVM43ADEP-Paquete-frente-de-calle-departamental-Distribuidor-Dsitribuidor-de-piso-CMD404FU-cmx2170005.jpg\" alt=\" \" \/><\/div>\n<div class=\"col-md-7 text-md-left text-center\">\n<h2>Distribuidor de piso commax CDM404FU<\/h2>\n<p class=\"text-muted\">\n<p>Sin limitaci\u00f3n en el cableado todo UTP. Conexi\u00f3n de distribuidores modulares con c\u00e1maras CCTV y monitores FINE VIEW Brinda diversas opciones en sistemas de audio y video.<\/p>\n<p><strong>Caracter\u00edsticas<\/strong><\/p>\n<p>\u2022 Todos los distribuidores de suelo UTP.<\/p>\n<p>\u2022\u00a0<strong>DC 24V, 1A<\/strong>\u00a0(desde el distribuidor del edificio CMD-101BU).<\/p>\n<p>\u2022 Conectable con Video Phone hasta 4ea.<\/p>\n<p><strong>Especificaciones<\/strong><\/p>\n<ul>\n<li>Fuente de alimentaci\u00f3n: DC 24V, 1A (desde el distribuidor del edificio)<\/li>\n<li>Cableado: Distribuidor de unidad a planta del hogar: UTP, distribuidor de distribuidor a planta de edificio: UTP, distribuidor de distribuidor de piso a piso: UTP.<\/li>\n<li>Puerto: 4 puertos (Conectable con Video Phone hasta 4 ea).<\/li>\n<li>Tipo de montaje: tipo montado en riel Din.<\/li>\n<li>Dimensi\u00f3n (mm): 106(L) x 76(A) x 44(P).<\/li>\n<\/ul>\n<p>&nbsp;<\/p>\n<\/div>\n<\/div>\n<hr class=\"padding-bottom-2x\" \/>\n<div class=\"row align-items-center padding-bottom-2x\">\n<div class=\"col-md-5 order-md-2\"><img decoding=\"async\" class=\"d-block m-auto img-thumbnail\" src=\"https:\/\/tvc.mx\/media\/120970\/COMMAX-PAQCVM43ADEP-Paquete-frente-de-calle-departamental-Distribuidor-Dsitribuidor-de-edificio-CMD101BU-cmx2170005.jpg\" alt=\" \" \/><\/div>\n<div class=\"col-md-7 order-md-1 text-md-left text-center\">\n<h2>Distribuidor de edificio commax CMD101BU<\/h2>\n<p class=\"text-muted\">\n<p>Distribuidor de edificios de Commax modelo CMD-101BU,\u00a0sin limitaci\u00f3n en el cableado todo UTP. Conexi\u00f3n de distribuidores modulares con c\u00e1maras CCTV y monitores FINE VIEW Brinda diversas opciones en sistemas de audio y video.<\/p>\n<p><strong>Caracter\u00edsticas<\/strong><\/p>\n<ul>\n<li>Todo el edificio de cableado UTP distribuidor.<\/li>\n<li>\u00a0Fuente de alimentaci\u00f3n al distribuidor de piso (CMD-404FU).<\/li>\n<li>Conectable con Panel, Guardia, Portero, distribuidor de CCTV..<\/li>\n<\/ul>\n<p><strong>Especificaciones<\/strong><\/p>\n<ul>\n<li>Fuente de alimentaci\u00f3n: DC 24V, 1A (fuente de alimentaci\u00f3n al distribuidor del piso).<\/li>\n<li>Cableado:<\/li>\n<\/ul>\n<p class=\"ql-indent-2\">&#8211; Distribuidor de construcci\u00f3n al panel Modum: UTP,<\/p>\n<p class=\"ql-indent-2\">&#8211; Distribuidor distribuidor de planta-edificio: UTP<\/p>\n<p class=\"ql-indent-2\">&#8211; Distribuidor de distribuci\u00f3n-a-CCTV de construcci\u00f3n: UTP,<\/p>\n<p class=\"ql-indent-2\">&#8211; Distribuci\u00f3n de estaci\u00f3n distribuidor-a-Guardia:<\/p>\n<p class=\"ql-indent-2\">&#8211; UTP, -Distribuidor de construcci\u00f3n-a- Porter Phone: UTP.<\/p>\n<ul>\n<li>Puerto: 4 puertos (Conectable con Panel, Guardia, Portero, distribuidor de CCTV)<\/li>\n<li>Tipo de montaje: tipo montado en riel DIN<\/li>\n<li>Dimensi\u00f3n (mm): 106(L)x76(A)x44(P).<\/li>\n<\/ul>\n<\/div>\n<\/div>\n","protected":false},"excerpt":{"rendered":"<p>Descripci\u00f3n general COMMAX PAQCVM43ADEP El paquete incluye los siguientes equipos: 1\u00a0Frente de calle departamental commax\u00a0CMP4BCT 8\u00a0Monitores commax\u00a0CMV43A 1\u00a0Estaci\u00f3n de guardia commax\u00a0CDS2AG 3\u00a0Fuentes de poder de 24V commax\u00a0RF2A 2\u00a0Distribuidores de piso commax\u00a0CDM404FU 1\u00a0Distribuidor de edificio commax\u00a0CMD101BU Frente de calle departamental commax CMP4BCT El modelo\u00a0CMP4BCT\u00a0\u00a0es un frente&hellip;<\/p>\n","protected":false},"featured_media":6497,"comment_status":"open","ping_status":"closed","template":"","meta":{"om_disable_all_campaigns":false,"_monsterinsights_skip_tracking":false,"_monsterinsights_sitenote_active":false,"_monsterinsights_sitenote_note":"","_monsterinsights_sitenote_category":0},"product_brand":[],"product_cat":[549],"product_tag":[513,514,511,516,519,517,520,515,181,518,512],"class_list":{"0":"post-6498","1":"product","2":"type-product","3":"status-publish","4":"has-post-thumbnail","6":"product_cat-kits-de-videoporteros","7":"product_tag-altavoces","8":"product_tag-amplificadores","9":"product_tag-audio-y-video","10":"product_tag-audioporteros","11":"product_tag-digital-signage","12":"product_tag-intercomunicadores","13":"product_tag-kits-videoporteros","14":"product_tag-mezcladoras","15":"product_tag-microfonos","16":"product_tag-sistemas-de-enfermeria","17":"product_tag-videoporteros","19":"first","20":"instock","21":"sale","22":"taxable","23":"shipping-taxable","24":"purchasable","25":"product-type-simple"},"aioseo_notices":[],"_links":{"self":[{"href":"https:\/\/tecsecmty.com\/index.php\/wp-json\/wp\/v2\/product\/6498","targetHints":{"allow":["GET"]}}],"collection":[{"href":"https:\/\/tecsecmty.com\/index.php\/wp-json\/wp\/v2\/product"}],"about":[{"href":"https:\/\/tecsecmty.com\/index.php\/wp-json\/wp\/v2\/types\/product"}],"replies":[{"embeddable":true,"href":"https:\/\/tecsecmty.com\/index.php\/wp-json\/wp\/v2\/comments?post=6498"}],"version-history":[{"count":0,"href":"https:\/\/tecsecmty.com\/index.php\/wp-json\/wp\/v2\/product\/6498\/revisions"}],"wp:featuredmedia":[{"embeddable":true,"href":"https:\/\/tecsecmty.com\/index.php\/wp-json\/wp\/v2\/media\/6497"}],"wp:attachment":[{"href":"https:\/\/tecsecmty.com\/index.php\/wp-json\/wp\/v2\/media?parent=6498"}],"wp:term":[{"taxonomy":"product_brand","embeddable":true,"href":"https:\/\/tecsecmty.com\/index.php\/wp-json\/wp\/v2\/product_brand?post=6498"},{"taxonomy":"product_cat","embeddable":true,"href":"https:\/\/tecsecmty.com\/index.php\/wp-json\/wp\/v2\/product_cat?post=6498"},{"taxonomy":"product_tag","embeddable":true,"href":"https:\/\/tecsecmty.com\/index.php\/wp-json\/wp\/v2\/product_tag?post=6498"}],"curies":[{"name":"wp","href":"https:\/\/api.w.org\/{rel}","templated":true}]}}