{"id":6502,"date":"2023-02-23T12:06:30","date_gmt":"2023-02-23T18:06:30","guid":{"rendered":"https:\/\/tecsecmty.com\/index.php\/producto\/commax-drc4yp-frente-de-calle-para-videoportero-compatible-con-monitores-commax-uso-en-interior-y-exterior-soporta-2-monitores-salida-de-relay-para-funcino-de-apertura-de-puerta-incluye-cubierta\/"},"modified":"2023-03-22T23:22:16","modified_gmt":"2023-03-23T05:22:16","slug":"commax-drc4yp-frente-de-calle-para-videoportero-compatible-con-monitores-commax-uso-en-interior-y-exterior-soporta-2-monitores-salida-de-relay-para-funcino-de-apertura-de-puerta-incluye-cubierta","status":"publish","type":"product","link":"https:\/\/tecsecmty.com\/index.php\/producto\/commax-drc4yp-frente-de-calle-para-videoportero-compatible-con-monitores-commax-uso-en-interior-y-exterior-soporta-2-monitores-salida-de-relay-para-funcino-de-apertura-de-puerta-incluye-cubierta\/","title":{"rendered":"COMMAX DRC4YP &#8211; Frente de calle para videoportero, compatible con monitores Commax uso en interior y exterior\/ Soporta 2 monitores\/ Salida de relay para funcino de apertura de puerta incluye cubierta metalica"},"content":{"rendered":"<div class=\"row aling-items-center padding-bottom-2x\">\n<div class=\"col-lg-12\">\n<h5 class=\"card-title text-center\">INFORMACI\u00d3N GENERAL<\/h5>\n<p>El frente de calle modelo\u00a0DRC4Y\u00a0est\u00e1 disponible para varios tipos de soluciones residencias y entornos de sistema. Con su principal funci\u00f3n al utilizarlo como control de acceso b\u00e1sico, nos permite disfrutar de la vida de una forma segura y c\u00f3moda este equipo incluye una carcasa met\u00e1lica que le proporcionara protecci\u00f3n en las instalaciones de exterior<\/p>\n<p><img decoding=\"async\" class=\"overview-center-img-web\" src=\"https:\/\/tvc.mx\/media\/420283\/COMMAX-CMX2390014-FRENTE-DE-CALLE-CON-CUBIERTA-METALICA-CENTRAL.png\" alt=\"\" \/><\/div>\n<\/div>\n<div class=\"row align-items-center padding-bottom-2x\">\n<div class=\"col-md-5\"><img decoding=\"async\" class=\"d-block m-auto img-thumbnail\" src=\"https:\/\/tvc.mx\/media\/420315\/COMMAX-CMX2170002-DRC4Y-FRENTE-DE-CALLE-IZQ.png\" alt=\" \" \/><\/div>\n<div class=\"col-md-7 text-md-left text-center\">\n<h2>Caracter\u00edsticas Principales DRC4Y<\/h2>\n<p class=\"text-muted\">\n<ul>\n<li>Compatible con todos los monitores\u00a0<a href=\"https:\/\/tvc.mx\/products?categoryId=216&amp;query=%7B%22categoryId%22%3A216%2C%22brandIds%22%3A%5B421%5D%2C%22view%22%3A%22grid%22%2C%22sortBy%22%3A%7B%22sortCriteria%22%3A%22list_price%22%2C%22sortDirection%22%3A%22asc%22%7D%2C%22perPage%22%3A40%2C%22priceRange%22%3A%7B%22max%22%3A%22235.0000%22%2C%22min%22%3A0%7D%7D\" target=\"_blank\" rel=\"noopener\">COMMAX<\/a><\/li>\n<li>Tipo de montaje empotrado o sobre la superficie<\/li>\n<li>Comunicaci\u00f3n del frente de calle hacia el monitor sin necesidad de realizar la llamada<\/li>\n<li>Sensor de luz led blanco incorporado<\/li>\n<li>Equipo para exterior e interior<\/li>\n<li>Salida de relevador para una cerradura o chapa<\/li>\n<li>Conexi\u00f3n a 4 hilos hacia al monitor<\/li>\n<\/ul>\n<p>M\u00e1s informaci\u00f3n\u00a0<a href=\"https:\/\/tvc.mx\/products\/31387\" target=\"_blank\" rel=\"noopener\">LINK<\/a><\/p>\n<p>&nbsp;<\/p>\n<\/div>\n<\/div>\n<hr class=\"padding-bottom-2x\" \/>\n<div class=\"row align-items-center padding-bottom-2x\">\n<div class=\"col-md-5 order-md-2\"><img decoding=\"async\" class=\"d-block m-auto img-thumbnail\" src=\"https:\/\/tvc.mx\/media\/420667\/COMMAX-CMX2390014-FRENTE-DE-CALLE-CON-CUBIERTA-METALICA-IZQ.png\" alt=\" \" \/><\/div>\n<div class=\"col-md-7 order-md-1 text-md-left text-center\">\n<h2>Caracter\u00edsticas Principales<\/h2>\n<p class=\"text-muted\">\n<p>Cobertor met\u00e1lico para proteger la estaci\u00f3n de puerta contra el sol y lluvias ligeras.<\/p>\n<p>M\u00e1s informaci\u00f3n\u00a0<a href=\"https:\/\/tvc.mx\/products\/31435\" target=\"_blank\" rel=\"noopener\">LINK<\/a><\/p>\n<p>&nbsp;<\/p>\n<\/div>\n<\/div>\n<hr class=\"padding-bottom-2x\" \/>\n<div class=\"row align-items-center padding-bottom-2x\">\n<div class=\"col-md-5\"><img decoding=\"async\" class=\"d-block m-auto img-thumbnail\" src=\"https:\/\/tvc.mx\/media\/420671\/COMMAX-CMX2390014-FRENTE-DE-CALLE-CON-CUBIERTA-METALICA-INCLUYE.png\" alt=\" \" \/><\/div>\n<div class=\"col-md-7 text-md-left text-center\">\n<h2>Incluye<\/h2>\n<p class=\"text-muted\">\n<ul>\n<li>Frente de calle<\/li>\n<li>Carcasa met\u00e1lica<\/li>\n<li>Manual de usuario<\/li>\n<li>Accesorios de montaje y conexi\u00f3n<\/li>\n<\/ul>\n<\/div>\n<\/div>\n","protected":false},"excerpt":{"rendered":"<p>INFORMACI\u00d3N GENERAL El frente de calle modelo\u00a0DRC4Y\u00a0est\u00e1 disponible para varios tipos de soluciones residencias y entornos de sistema. Con su principal funci\u00f3n al utilizarlo como control de acceso b\u00e1sico, nos permite disfrutar de la vida de una forma segura y c\u00f3moda este equipo incluye una&hellip;<\/p>\n","protected":false},"featured_media":6501,"comment_status":"open","ping_status":"closed","template":"","meta":{"om_disable_all_campaigns":false,"_monsterinsights_skip_tracking":false,"_monsterinsights_sitenote_active":false,"_monsterinsights_sitenote_note":"","_monsterinsights_sitenote_category":0},"product_brand":[],"product_cat":[549],"product_tag":[513,514,511,516,519,517,520,515,181,518,512],"class_list":{"0":"post-6502","1":"product","2":"type-product","3":"status-publish","4":"has-post-thumbnail","6":"product_cat-kits-de-videoporteros","7":"product_tag-altavoces","8":"product_tag-amplificadores","9":"product_tag-audio-y-video","10":"product_tag-audioporteros","11":"product_tag-digital-signage","12":"product_tag-intercomunicadores","13":"product_tag-kits-videoporteros","14":"product_tag-mezcladoras","15":"product_tag-microfonos","16":"product_tag-sistemas-de-enfermeria","17":"product_tag-videoporteros","19":"first","20":"instock","21":"sale","22":"taxable","23":"shipping-taxable","24":"purchasable","25":"product-type-simple"},"aioseo_notices":[],"_links":{"self":[{"href":"https:\/\/tecsecmty.com\/index.php\/wp-json\/wp\/v2\/product\/6502","targetHints":{"allow":["GET"]}}],"collection":[{"href":"https:\/\/tecsecmty.com\/index.php\/wp-json\/wp\/v2\/product"}],"about":[{"href":"https:\/\/tecsecmty.com\/index.php\/wp-json\/wp\/v2\/types\/product"}],"replies":[{"embeddable":true,"href":"https:\/\/tecsecmty.com\/index.php\/wp-json\/wp\/v2\/comments?post=6502"}],"version-history":[{"count":0,"href":"https:\/\/tecsecmty.com\/index.php\/wp-json\/wp\/v2\/product\/6502\/revisions"}],"wp:featuredmedia":[{"embeddable":true,"href":"https:\/\/tecsecmty.com\/index.php\/wp-json\/wp\/v2\/media\/6501"}],"wp:attachment":[{"href":"https:\/\/tecsecmty.com\/index.php\/wp-json\/wp\/v2\/media?parent=6502"}],"wp:term":[{"taxonomy":"product_brand","embeddable":true,"href":"https:\/\/tecsecmty.com\/index.php\/wp-json\/wp\/v2\/product_brand?post=6502"},{"taxonomy":"product_cat","embeddable":true,"href":"https:\/\/tecsecmty.com\/index.php\/wp-json\/wp\/v2\/product_cat?post=6502"},{"taxonomy":"product_tag","embeddable":true,"href":"https:\/\/tecsecmty.com\/index.php\/wp-json\/wp\/v2\/product_tag?post=6502"}],"curies":[{"name":"wp","href":"https:\/\/api.w.org\/{rel}","templated":true}]}}