{"id":6508,"date":"2023-02-23T12:06:37","date_gmt":"2023-02-23T18:06:37","guid":{"rendered":"https:\/\/tecsecmty.com\/index.php\/producto\/commax-paqdrc10ml-paquete-para-10-departamentos-incluye-frente-de-calle-departamental-drc10ml-y-10-monitores-cdv43k2-cerradura-no-necesita-distribuidores-de-piso\/"},"modified":"2023-03-22T23:22:18","modified_gmt":"2023-03-23T05:22:18","slug":"commax-paqdrc10ml-paquete-para-10-departamentos-incluye-frente-de-calle-departamental-drc10ml-y-10-monitores-cdv43k2-cerradura-no-necesita-distribuidores-de-piso","status":"publish","type":"product","link":"https:\/\/tecsecmty.com\/index.php\/producto\/commax-paqdrc10ml-paquete-para-10-departamentos-incluye-frente-de-calle-departamental-drc10ml-y-10-monitores-cdv43k2-cerradura-no-necesita-distribuidores-de-piso\/","title":{"rendered":"COMMAX PAQDRC10ML &#8211; Paquete para 10 departamentos Incluye frente de calle departamental DRC10ML y 10 Monitores CDV43K2, Cerradura, No necesita distribuidores de piso"},"content":{"rendered":"<div class=\"row aling-items-center padding-bottom-2x\">\n<div class=\"col-lg-12\">\n<h5 class=\"card-title text-center\">DESCRIPCI\u00d3N COMMAX PAQDRC10ML<\/h5>\n<p>Un video portero es un aparato que nos permite tener control de qui\u00e9n accede y qui\u00e9n no a nuestras instalaciones u hogares, de modo que el video portero\u00a0junto con un frente de calle nos facilitan esta funci\u00f3n.<\/p>\n<p>En los laboratorios de COMMAX, se encuentran en constante desarrollo para sus productos, esta c\u00e1mara ha sido desarrollada con los m\u00e1s altos est\u00e1ndares de calidad en la empresa, tambi\u00e9n permite a las personas del interior del domicilio, poder visualizar una visita sin problema en el frente de calle por las noches, ya que cuenta con sensores infrarrojos y una luz blanca para la visualizaci\u00f3n adecuada de las personas que se encuentran fuera del domicilio.<\/p>\n<p><strong>El paquete incluye los siguiente:<\/strong><\/p>\n<ul>\n<li>1 Frente de calle modelo DRC10ML para 10 departamentos compatible con monitores de la l\u00ednea CDV de commax<\/li>\n<li>10 Monitores modelo CDV43K2 a color de 4.3 pulgadas<\/li>\n<li>1 Cerradura inteligente ABK703BS<\/li>\n<\/ul>\n<p><img decoding=\"async\" class=\"overview-center-img-web\" src=\"https:\/\/tvc.mx\/media\/120772\/COMMAX-PAQDRC10ML-Paquete-para-10-departamentos-frente-de-calle-departamental-DRC10ML-10-Monitores-monitor-pantalla-CDV43K2-Cerradura-electrica-ABK703BS-cmx1040128-1.jpg\" alt=\"\" \/><\/div>\n<\/div>\n<div class=\"row aling-items-center padding-bottom-2x\">\n<div class=\"col-lg-12\">\n<h5 class=\"card-title text-center\">INFORMACI\u00d3N GENERAL DEL FRENTE DE CALLE DRC10ML<\/h5>\n<p>El frente de calle es un sistema de video portero con camara a color, de facil uso y programaci\u00f3n para poder realizar la comunicaci\u00f3n entre el Lobby del edificio y los diferentes departamentos. Este producto es a prueba de vandalismo, fabricado con una cubierta de aluminio fundido a presi\u00f3n y con una camara oculta y ademas cuenta con una cubierta anti lluvia.<\/p>\n<p><img decoding=\"async\" class=\"overview-center-img-web\" src=\"https:\/\/tvc.mx\/media\/120775\/COMMAX-PAQDRC10ML-frente-de-calle-departamental-DRC10ML-10-cmx1040128.jpg\" alt=\"\" \/><\/div>\n<\/div>\n<div class=\"row align-items-center padding-bottom-2x\">\n<div class=\"col-md-5\"><img decoding=\"async\" class=\"d-block m-auto img-thumbnail\" src=\"https:\/\/tvc.mx\/media\/120781\/COMMAX-PAQDRC10ML-frente-de-calle-departamental-frente-de-calle-DRC10ML-10-cmx1040128-1.jpg\" alt=\" \" \/><\/div>\n<div class=\"col-md-7 text-md-left text-center\">\n<h2>CARACTER\u00cdSTICAS DEL FRENTE DE CALLE<\/h2>\n<p class=\"text-muted\">\n<ul>\n<li>Tarjeta de RF (13.56MHz) registro y eliminaci\u00f3n posible<\/li>\n<li>Expansibilidad del panel de 24 botones directos (DRC-24XM) &#8211; DRC-6,8,10ML<\/li>\n<li>\u00a02,4 botones directos &#8211; cuerpo corto \/ 6,8,10 botones directos &#8211; cuerpo largo<\/li>\n<li>\u00a0OLED<\/li>\n<li>\u00a0LED blanco incorporado<\/li>\n<li><strong>No soporta estaci\u00f3n de guardia CDS2AG<\/strong><\/li>\n<\/ul>\n<p>&nbsp;<\/p>\n<\/div>\n<\/div>\n<hr class=\"padding-bottom-2x\" \/>\n<div class=\"row aling-items-center padding-bottom-2x\">\n<div class=\"col-lg-12\">\n<h5 class=\"card-title text-center\">ESPECIFICACIONES<\/h5>\n<ul>\n<li>Fuente de alimentaci\u00f3n: DC 12V \/ 1A<\/li>\n<li>Temperatura: -20 \u2103 ~ + 40 \u2103<\/li>\n<li>Alambrado: 4 cables<\/li>\n<li>iluminaci\u00f3n m\u00ednima: 0.1Lux (hasta 300mm)<\/li>\n<li>Distancia: 28m (0.5\u03a6) \/ 50m (0.65\u03a6).<\/li>\n<li>Dimensi\u00f3n (mm):<\/li>\n<li>\u00a0\u00a0\u00a0DRC-2 (4) ML \/ RF1: 130 (W) X 246 (H) X 50 (D)<\/li>\n<li>\u00a0\u00a0\u00a0DRC-6 (8) ML \/ RF1: 130 (W) X 315 (H) X 50 (D)<\/li>\n<\/ul>\n<p><img decoding=\"async\" class=\"overview-center-img-web\" src=\"https:\/\/tvc.mx\/media\/120784\/COMMAX-PAQDRC10ML-frente-de-calle-departamental-frente-de-calle-DRC10ML-10-cmx1040128-2.jpg\" alt=\"\" \/><\/div>\n<\/div>\n<div class=\"row aling-items-center padding-bottom-2x\">\n<div class=\"col-lg-12\">\n<h5 class=\"card-title text-center\">INFORMACI\u00d3N GENERAL DEL MONITOR CDV43K2<\/h5>\n<p>El video portero Commax\u00a0modelo\u00a0<strong>CDV43K2<\/strong>\u00a0es una herramienta de control de acceso que nos permite tener mayor seguridad en cuanto al acceso, tanto de nuestros hogares como de nuestras empresas o departamentos, Este tipo de controles de acceso funcionan de modo que podemos observar quien se encuentra detr\u00e1s de nuestra puerta u hogar gracias a una c\u00e1mara situada en nuestro frente de calle, el cual es instalado en el exterior en donde se desea que sea punto de acceso.<\/p>\n<p><img decoding=\"async\" class=\"overview-center-img-web\" src=\"https:\/\/tvc.mx\/media\/120787\/COMMAX-PAQDRC10ML-monitor-pantalla-4.3-pulgadas-CDV43K2-cmx1040128\" alt=\"\" \/><\/div>\n<\/div>\n<div class=\"row align-items-center padding-bottom-2x\">\n<div class=\"col-md-5\"><img decoding=\"async\" class=\"d-block m-auto img-thumbnail\" src=\"https:\/\/tvc.mx\/media\/120790\/COMMAX-PAQDRC10ML-monitor-pantalla-4.3-pulgadas-CDV43K2-cmx1040128-cmx1040128-1\" alt=\" \" \/><\/div>\n<div class=\"col-md-7 text-md-left text-center\">\n<h2>FUNCIONES<\/h2>\n<p class=\"text-muted\">\n<p>\u00a0<strong>Monitor a color de 4.3 pulgadas que aplica la tecnolog\u00eda Vista Fina con una excelente calidad de video y audio.<\/strong><\/p>\n<p class=\"ql-align-center\">\n<ul>\n<li>\u00a0<strong>Bot\u00f3n T\u00e1ctil Capacitivo<\/strong><\/li>\n<\/ul>\n<p>Dise\u00f1o simple aplicado a trav\u00e9s de un bot\u00f3n tipo t\u00e1ctil. Se ha mejorado la comodidad en el uso y en la alta velocidad de reconocimiento con el bot\u00f3n sensible al tacto.<\/p>\n<p><strong>\u00a0<\/strong><\/p>\n<ul>\n<li><strong>Intercomunicaci\u00f3n\u00a0<\/strong><\/li>\n<\/ul>\n<p>1 Monitor y 1 frente de calle por hogar, proporcionando la funci\u00f3n de intercomunicaci\u00f3n.<\/p>\n<p>&nbsp;<\/p>\n<\/div>\n<\/div>\n<hr class=\"padding-bottom-2x\" \/>\n<div class=\"row align-items-center padding-bottom-2x\">\n<div class=\"col-md-5 order-md-2\"><img decoding=\"async\" class=\"d-block m-auto img-thumbnail\" src=\"https:\/\/tvc.mx\/media\/120796\/COMMAX-PAQDRC10ML-monitor-pantalla-4.3-pulgadas-CDV43K2-cmx1040128-cmx1040128-2\" alt=\" \" \/><\/div>\n<div class=\"col-md-7 order-md-1 text-md-left text-center\">\n<h2>CARACTERISTICAS<\/h2>\n<p class=\"text-muted\">\n<ul>\n<li>Fuente de Energ\u00eda: AC 100 ~240V, 50\/60Hz<\/li>\n<li>Tama\u00f1o LCD 4.3 pulgadas Display TFT LED<\/li>\n<li>Tipo de Montaje: Montaje en superficie<\/li>\n<li>Cableado: 4 Hilos<\/li>\n<li>Distancia: c\u00e1mara de la puerta: 28m(0.5)\/50m(0.65)<\/li>\n<li>\u00a0\u00a0\u00a0\u00a0\u00a0\u00a0\u00a0\u00a0\u00a0interfono: 28m(0.5) \/ 50m(0.65)<\/li>\n<li>Dimensiones: 157x167x28<\/li>\n<\/ul>\n<p>&nbsp;<\/p>\n<\/div>\n<\/div>\n<hr class=\"padding-bottom-2x\" \/>\n<div class=\"row aling-items-center padding-bottom-2x\">\n<div class=\"col-lg-12\">\n<h5 class=\"card-title text-center\">INFORMACI\u00d3N GENERAL CERRADURA ABK703BS<\/h5>\n<p>La cerradura inteligente marca YLI modelo\u00a0<strong>ABK703BS\u00a0<\/strong>es una cerradura\u00a0controlada por un motor electr\u00f3nico el cual manipula inteligentemente el picaporte de la misma, se puede configurar con cualquier control de acceso que realice contactos o pulsos secos a la cerradura, se cataloga como anti impacto por su tecnolog\u00eda de senso en la que realiza el cierre de la ceradura hasta que detecta o sensa que la puerta se ha cerrado.Siendo as\u00ed una soluci\u00f3n segura y f\u00e1cil de operar para controlar nuestros accesos.<\/p>\n<p><img decoding=\"async\" class=\"overview-center-img-web\" src=\"https:\/\/tvc.mx\/media\/120799\/COMMAX-PAQDRC10ML-cerradura-electrica-cerradura-cerradura-inteligente-yli-abk703bs-abk703bs-cmx1040128.jpg\" alt=\"\" \/><\/div>\n<\/div>\n<div class=\"row align-items-center padding-bottom-2x\">\n<div class=\"col-md-5 order-md-2\"><img decoding=\"async\" class=\"d-block m-auto img-thumbnail\" src=\"https:\/\/tvc.mx\/media\/120802\/COMMAX-PAQDRC10ML-cerradura-electrica-cerradura-cerradura-inteligente-yli-abk703bs-abk703bs-cmx1040128-cmx1040128-1.jpg\" alt=\" \" \/><\/div>\n<div class=\"col-md-7 order-md-1 text-md-left text-center\">\n<h2>DESCRIPCI\u00d3N<\/h2>\n<p class=\"text-muted\">\n<p>Como la cerradura\u00a0tiene una estructura mec\u00e1nica simple, se puede instalar en las puertas de uso de salida de emergencia y se aplica extensamente a las puertas para pasar su uso en lugares como los estadios para los juegos ol\u00edmpicos, aeropuerto, aduana, metro, f\u00e1brica, escuela, hotel, zona residencial, gobierno, telecomunicaciones, entidad financiera, etc\u00e9tera.<\/p>\n<p>&nbsp;<\/p>\n<\/div>\n<\/div>\n<hr class=\"padding-bottom-2x\" \/>\n<div class=\"row align-items-center padding-bottom-2x\">\n<div class=\"col-md-5\"><img decoding=\"async\" class=\"d-block m-auto img-thumbnail\" src=\"https:\/\/tvc.mx\/media\/120805\/COMMAX-PAQDRC10ML-cerradura-electrica-cerradura-cerradura-inteligente-yli-abk703bs-abk703bs-cmx1040128-cmx1040128-2.jpg\" alt=\" \" \/><\/div>\n<div class=\"col-md-7 text-md-left text-center\">\n<h2>CARACTER\u00cdSTICAS PRINCIPALES<\/h2>\n<p class=\"text-muted\">\n<ul>\n<li>Cerraduras el\u00e9ctricas de motor inteligente.<\/li>\n<li>Cuenta con la funci\u00f3n de autodetecci\u00f3n.<\/li>\n<li>Compuesta de acero inoxidable.<\/li>\n<li>Caracter\u00edstica de auto-cierre con llave.<\/li>\n<li>Detecci\u00f3n autom\u00e1tica, (De detecci\u00f3n de mala operaci\u00f3n).<\/li>\n<li>Auto-correcci\u00f3n, (sensor de alta sensibilidad).<\/li>\n<li>Cierre silencioso.<\/li>\n<\/ul>\n<p><strong>\u00a0\u00a0\u00a0\u00a0\u00a0\u00a0<\/strong><\/p>\n<h1>\u00a0\u00abNota Importante:\u00bb<\/h1>\n<p>&nbsp;<\/p>\n<ul>\n<li>Este equipo incluye 3 llaves de alta seguridad \u00fanicamente.<\/li>\n<li>En TVCenLinea.com\u00a0no manejamos repuestos de dichas llaves por seguridad para el usuario final.<\/li>\n<li>En caso de requerir alguna llave de repuesto se puede contactar con alg\u00fan cerrajero de su localidad y confianza, ya que no es un servicio de TVCenLinea.com este tipo de actividad.<\/li>\n<li>Se sugiere mejor adecuar el transmisor inal\u00e1mbrico\u00a0<strong>ABK400<\/strong>\u00a0ya que cuenta con relevador y controles inal\u00e1mbricos para facilitar el uso de apertura.<\/li>\n<li>Para m\u00e1s informaci\u00f3n de un click\u00a0<a href=\"https:\/\/www.tvc.mx\/shop\/catalog\/product_info.php?products_id=3728\" target=\"_blank\" rel=\"noopener\">aqu\u00ed<\/a>.<\/li>\n<\/ul>\n<p>&nbsp;<\/p>\n<\/div>\n<\/div>\n<hr class=\"padding-bottom-2x\" \/>\n<div class=\"row align-items-center padding-bottom-2x\">\n<div class=\"col-md-5 order-md-2\"><img decoding=\"async\" class=\"d-block m-auto img-thumbnail\" src=\"https:\/\/tvc.mx\/media\/120808\/COMMAX-PAQDRC10ML-frente-de-calle-departamental-monitor-4.3-pulgadas-drc10ml-cdv43k2-cerradura-abk703bs-cmx1040128\" alt=\" \" \/><\/div>\n<div class=\"col-md-7 order-md-1 text-md-left text-center\">\n<h2>DIAGRAMA DE INSTALACI\u00d3N<\/h2>\n<p class=\"text-muted\">\n<p>En la imagen podemos observar como se encuentra instalada la cerradura inteligente.<\/p>\n<p>&nbsp;<\/p>\n<\/div>\n<\/div>\n<hr class=\"padding-bottom-2x\" \/>\n<div class=\"row align-items-center padding-bottom-2x\">\n<div class=\"col-md-5\"><img decoding=\"async\" class=\"d-block m-auto img-thumbnail\" src=\"https:\/\/tvc.mx\/media\/120811\/COMMAX-PAQDRC10ML-cerradura-electrica-cerradura-cerradura-inteligente-yli-abk703bs-abk703bs-cmx1040128-cmx1040128-3.jpg\" alt=\" \" \/><\/div>\n<div class=\"col-md-7 text-md-left text-center\">\n<h2>FUNCIONES PRINCIPALES<\/h2>\n<p class=\"text-muted\">\n<ul>\n<li>Conexi\u00f3n Normalmente Cerrado.F\u00e1cil Instalaci\u00f3n.Aumentar seguridad en accesos o puertas controladas.<\/li>\n<li>12vDC o 24vDC.<\/li>\n<li>IDEAL para: integrar chapa con KIT de videoporteros, controles de acceso &amp; paneles de alarma<\/li>\n<\/ul>\n<p>&nbsp;<\/p>\n<\/div>\n<\/div>\n<hr class=\"padding-bottom-2x\" \/>\n<div class=\"row align-items-center padding-bottom-2x\">\n<div class=\"col-md-5 order-md-2\"><img decoding=\"async\" class=\"d-block m-auto img-thumbnail\" src=\"https:\/\/tvc.mx\/media\/120814\/COMMAX-PAQDRC10ML-cerradura-electrica-cerradura-cerradura-inteligente-yli-abk703bs-abk703bs-cmx1040128-cmx1040128-4.jpg\" alt=\" \" \/><\/div>\n<div class=\"col-md-7 order-md-1 text-md-left text-center\">\n<h2>PAR\u00c1METROS T\u00c9CNICOS<\/h2>\n<p class=\"text-muted\">\n<ul>\n<li><strong>Tama\u00f1o de bloqueo:\u00a0<\/strong>130L X 100W X 61.25D(mm)<\/li>\n<li><strong>Prueba de fallo:\u00a0<\/strong>Se bloquea al energizar<\/li>\n<li><strong>Fuente de alimentaci\u00f3n:\u00a0<\/strong>DC 12V \u00b1 10%<\/li>\n<li><strong>Corriente de arranque:\u00a0<\/strong>350 mA<\/li>\n<li><strong>Corriente de operaci\u00f3n:\u00a0<\/strong>25 mA<\/li>\n<li><strong>Temperatura:\u00a0<\/strong>-20\u00b0C +50\u00b0C<\/li>\n<li><strong>Longitud de la leng\u00fceta de cierre:\u00a0<\/strong>20 mm<\/li>\n<li><strong>Material:\u00a0<\/strong>Acero inoxidable<\/li>\n<li><strong>Aplicaciones:\u00a0<\/strong>Ampliamente utilizada en el campo inteligente, f\u00e1bricas,almac\u00e9n,bases de estaci\u00f3n y sistema de control de acceso inteligente.<\/li>\n<li><strong>Peso:\u00a0<\/strong>1.45 Kg<\/li>\n<\/ul>\n<p>&nbsp;<\/p>\n<\/div>\n<\/div>\n<hr class=\"padding-bottom-2x\" \/>\n<div class=\"row align-items-center padding-bottom-2x\">\n<div class=\"col-md-5\"><img decoding=\"async\" class=\"d-block m-auto img-thumbnail\" src=\"https:\/\/tvc.mx\/media\/120820\/COMMAX-PAQDRC10ML-cerradura-electrica-cerradura-cerradura-inteligente-yli-abk703bs-abk703bs-cmx1040128-cmx1040128-5.jpg\" alt=\" \" \/><\/div>\n<div class=\"col-md-7 text-md-left text-center\">\n<h2>DIAGRAMA DE CABLEADO<\/h2>\n<p class=\"text-muted\">\n<p>En la imagen podemos observar la conexi\u00f3n de los equipos.<\/p>\n<\/div>\n<\/div>\n","protected":false},"excerpt":{"rendered":"<p>DESCRIPCI\u00d3N COMMAX PAQDRC10ML Un video portero es un aparato que nos permite tener control de qui\u00e9n accede y qui\u00e9n no a nuestras instalaciones u hogares, de modo que el video portero\u00a0junto con un frente de calle nos facilitan esta funci\u00f3n. En los laboratorios de COMMAX,&hellip;<\/p>\n","protected":false},"featured_media":6507,"comment_status":"open","ping_status":"closed","template":"","meta":{"om_disable_all_campaigns":false,"_monsterinsights_skip_tracking":false,"_monsterinsights_sitenote_active":false,"_monsterinsights_sitenote_note":"","_monsterinsights_sitenote_category":0},"product_brand":[],"product_cat":[549],"product_tag":[513,514,511,516,519,517,520,515,181,518,512],"class_list":{"0":"post-6508","1":"product","2":"type-product","3":"status-publish","4":"has-post-thumbnail","6":"product_cat-kits-de-videoporteros","7":"product_tag-altavoces","8":"product_tag-amplificadores","9":"product_tag-audio-y-video","10":"product_tag-audioporteros","11":"product_tag-digital-signage","12":"product_tag-intercomunicadores","13":"product_tag-kits-videoporteros","14":"product_tag-mezcladoras","15":"product_tag-microfonos","16":"product_tag-sistemas-de-enfermeria","17":"product_tag-videoporteros","19":"first","20":"instock","21":"sale","22":"taxable","23":"shipping-taxable","24":"purchasable","25":"product-type-simple"},"aioseo_notices":[],"_links":{"self":[{"href":"https:\/\/tecsecmty.com\/index.php\/wp-json\/wp\/v2\/product\/6508","targetHints":{"allow":["GET"]}}],"collection":[{"href":"https:\/\/tecsecmty.com\/index.php\/wp-json\/wp\/v2\/product"}],"about":[{"href":"https:\/\/tecsecmty.com\/index.php\/wp-json\/wp\/v2\/types\/product"}],"replies":[{"embeddable":true,"href":"https:\/\/tecsecmty.com\/index.php\/wp-json\/wp\/v2\/comments?post=6508"}],"version-history":[{"count":0,"href":"https:\/\/tecsecmty.com\/index.php\/wp-json\/wp\/v2\/product\/6508\/revisions"}],"wp:featuredmedia":[{"embeddable":true,"href":"https:\/\/tecsecmty.com\/index.php\/wp-json\/wp\/v2\/media\/6507"}],"wp:attachment":[{"href":"https:\/\/tecsecmty.com\/index.php\/wp-json\/wp\/v2\/media?parent=6508"}],"wp:term":[{"taxonomy":"product_brand","embeddable":true,"href":"https:\/\/tecsecmty.com\/index.php\/wp-json\/wp\/v2\/product_brand?post=6508"},{"taxonomy":"product_cat","embeddable":true,"href":"https:\/\/tecsecmty.com\/index.php\/wp-json\/wp\/v2\/product_cat?post=6508"},{"taxonomy":"product_tag","embeddable":true,"href":"https:\/\/tecsecmty.com\/index.php\/wp-json\/wp\/v2\/product_tag?post=6508"}],"curies":[{"name":"wp","href":"https:\/\/api.w.org\/{rel}","templated":true}]}}