{"id":6510,"date":"2023-02-23T12:06:39","date_gmt":"2023-02-23T18:06:39","guid":{"rendered":"https:\/\/tecsecmty.com\/index.php\/producto\/dahua-dhi-kta02-kit-de-videoportero-analogico-monitor-con-pantalla-de-7-pulgadas-botones-touch-frente-de-calle-con-camara-de-1-3-megapixeles-dwdr-ip66-apertura-de-puerta-soporta-hasta-2-frent\/"},"modified":"2023-03-22T23:22:34","modified_gmt":"2023-03-23T05:22:34","slug":"dahua-dhi-kta02-kit-de-videoportero-analogico-monitor-con-pantalla-de-7-pulgadas-botones-touch-frente-de-calle-con-camara-de-1-3-megapixeles-dwdr-ip66-apertura-de-puerta-soporta-hasta-2-frent","status":"publish","type":"product","link":"https:\/\/tecsecmty.com\/index.php\/producto\/dahua-dhi-kta02-kit-de-videoportero-analogico-monitor-con-pantalla-de-7-pulgadas-botones-touch-frente-de-calle-con-camara-de-1-3-megapixeles-dwdr-ip66-apertura-de-puerta-soporta-hasta-2-frent\/","title":{"rendered":"DAHUA DHI-KTA02 &#8211; Kit de Videoportero Anal\u00f3gico\/ Monitor con Pantalla de 7 Pulgadas\/ Botones Touch\/ Frente de Calle con Camara de 1.3 Megapixeles\/ DWDR\/ IP66\/ Apertura de Puerta\/ Soporta Hasta 2 Frentes de Calle + 3 Monitores\/"},"content":{"rendered":"<div class=\"row aling-items-center padding-bottom-2x\">\n<div class=\"col-lg-12\">\n<h5 class=\"card-title text-center\">Informaci\u00f3n general<\/h5>\n<p>Dahua\u00a0<strong>KTA02<\/strong>\u00a0es un kit de videoportero anal\u00f3gico, esta compuesto por el frente de calle<strong>\u00a0VTO1000J\u00a0<\/strong>y el monitor de 7 pulgadas\u00a0<strong>VTH1020J<\/strong>. El kit permite tener una perfecta visi\u00f3n ya que cuenta con una c\u00e1mara de\u00a0<strong>1.3 Megap\u00edxeles<\/strong>,\u00a0se puede instalar el frente de calle en el exterior ya que cuenta con \u00edndice de protecci\u00f3n a la intemperie\u00a0<strong>IP66<\/strong>, adem\u00e1s cuenta con la capacidad de poder realizar apertura de una contrachapa.<\/p>\n<p><img decoding=\"async\" class=\"overview-center-img-web\" src=\"https:\/\/tvc.mx\/media\/408111\/kit-de-videoportero-monitor-de-7-pulgadas-frente-de-calle-con-camara-de-1.3-megapixeles-KTA02-dahua.png\" alt=\"\" \/><\/div>\n<\/div>\n<div class=\"row align-items-center padding-bottom-2x\">\n<div class=\"col-md-5\"><img decoding=\"async\" class=\"d-block m-auto img-thumbnail\" src=\"https:\/\/tvc.mx\/media\/271643\/DAHUA-frente-de-calle-VTO1000J-overview.png\" alt=\" \" \/><\/div>\n<div class=\"col-md-7 text-md-left text-center\">\n<h2>Frente de calle<\/h2>\n<p class=\"text-muted\">\n<p>El\u00a0<strong>VTO1000J<\/strong>\u00a0es un frente de calle an\u00e1logo para uso residencial u oficina el cual permite tener una perfecta visi\u00f3n ya que cuenta con una c\u00e1mara HD de\u00a0<strong>1.3 megap\u00edxeles<\/strong>,\u00a0se puede instalar en el exterior, cuenta con \u00edndice de protecci\u00f3n a la intemperie<strong>\u00a0IP66<\/strong>.Tiene la capacidad de poder realizar apertura de una contrachapa desde cualquier monitor interior, cuenta con<strong>\u00a0DWDR<\/strong>\u00a0lo cual permite tener una mejor visi\u00f3n de la persona que se comunica desde este dispositivo.<\/p>\n<p>&nbsp;<\/p>\n<\/div>\n<\/div>\n<hr class=\"padding-bottom-2x\" \/>\n<div class=\"row align-items-center padding-bottom-2x\">\n<div class=\"col-md-5 order-md-2\"><img decoding=\"async\" class=\"d-block m-auto img-thumbnail\" src=\"https:\/\/tvc.mx\/media\/408115\/kit-de-videoportero-monitor-de-7-pulgadas-frente-de-calle-con-camara-de-1.3-megapixeles-KTA02-dahuacaracteristicas-VTO.png\" alt=\" \" \/><\/div>\n<div class=\"col-md-7 order-md-1 text-md-left text-center\">\n<h2>Principales Caracter\u00edsticas Frente de Calle<\/h2>\n<p class=\"text-muted\">\n<ul>\n<li>C\u00e1mara de 1.3 Megap\u00edxel.<\/li>\n<li>Angulo de vista\u00a0H: 70\u00b0 V: 40\u00b0<\/li>\n<li>Indice de protecci\u00f3n (IP66)<\/li>\n<li>Visi\u00f3n nocturna IR.<\/li>\n<li>Tipo de boton mecanico.<\/li>\n<li>Consumo de Energ\u00eda\u00a0\u22641W ( Modo Espera ) ; \u22643W (Modo Operaci\u00f3n)<\/li>\n<li>Dimensiones\u00a0131.45 mm \u00d7 46.00 mm \u00d7 33.80 mm<\/li>\n<li>Peso neto 0.18 Kg<\/li>\n<\/ul>\n<p>&nbsp;<\/p>\n<\/div>\n<\/div>\n<hr class=\"padding-bottom-2x\" \/>\n<div class=\"row align-items-center padding-bottom-2x\">\n<div class=\"col-md-5\"><img decoding=\"async\" class=\"d-block m-auto img-thumbnail\" src=\"https:\/\/tvc.mx\/media\/271727\/DAHUA-Monitor-VDP-analogico-VTH1020J-overview.png\" alt=\" \" \/><\/div>\n<div class=\"col-md-7 text-md-left text-center\">\n<h2>Monitor de 7 pulgadas<\/h2>\n<p class=\"text-muted\">\n<p>El monitor anal\u00f3gico\u00a0para interior\u00a0<strong>VTH1020J<\/strong>\u00a0cuenta con una pantalla de\u00a0<strong>7 pulgadas<\/strong>, su dise\u00f1o y caracter\u00edsticas lo hacen perfecto para su uso residencial o de oficina, permite la funci\u00f3n de apertura, ajuste de volumen y m\u00faltiples tonos de llamada.<\/p>\n<p>&nbsp;<\/p>\n<\/div>\n<\/div>\n<hr class=\"padding-bottom-2x\" \/>\n<div class=\"row align-items-center padding-bottom-2x\">\n<div class=\"col-md-5 order-md-2\"><img decoding=\"async\" class=\"d-block m-auto img-thumbnail\" src=\"https:\/\/tvc.mx\/media\/408119\/Monitor-analogico-7-pulgadas-compatible-KTA01-KTA02-VTH1020J-Dahua-especificaciones.png\" alt=\" \" \/><\/div>\n<div class=\"col-md-7 order-md-1 text-md-left text-center\">\n<h2>Principales Caracter\u00edsticas Monitor 7 Pulgadas<\/h2>\n<p class=\"text-muted\">\n<ul>\n<li>Pantalla: TFT 7&#8243;.<\/li>\n<li>Resoluci\u00f3n: 1204 \u00d7 600.<\/li>\n<li>Color: Blanco.<\/li>\n<li>Tipo de boton: Mecanico.<\/li>\n<li>Fuente de Alimentaci\u00f3n: 12V DC 2A.<\/li>\n<li>Ambiente: -10\u00b0 C a 55\u00b0 C.<\/li>\n<li>Dimensiones: 133.90 mm \u00d7 182.70 mm \u00d7 17.70 mm<\/li>\n<li>Peso neto: 0.25 Kg<\/li>\n<\/ul>\n<p>&nbsp;<\/p>\n<\/div>\n<\/div>\n<hr class=\"padding-bottom-2x\" \/>\n<div class=\"row align-items-center padding-bottom-2x\">\n<div class=\"col-md-5\"><img decoding=\"async\" class=\"d-block m-auto img-thumbnail\" src=\"https:\/\/tvc.mx\/media\/462352\/Videoportero_KIT_Analogico_KTA02_Contenido_Dahua_.png\" alt=\" \" \/><\/div>\n<div class=\"col-md-7 text-md-left text-center\">\n<h2>Incluye:<\/h2>\n<p class=\"text-muted\">\n<ul>\n<li>1 VTO1000J<\/li>\n<li>Base tipo caja de conexiones para VTO<\/li>\n<li>Tornillos de instalaci\u00f3n para montaje de base<\/li>\n<li>Taquetes pl\u00e1sticos para sujeci\u00f3n<\/li>\n<li>1 VTH1020J<\/li>\n<li>Arn\u00e9s de integraci\u00f3n de alimentaci\u00f3n, video y audio<\/li>\n<li>Arn\u00e9s de alimentaci\u00f3n<\/li>\n<li>Conector hembra de alimentaci\u00f3n<\/li>\n<li>Base para sujeci\u00f3n de VTH<\/li>\n<li>Tornillos de instalaci\u00f3n para montaje de base<\/li>\n<li>8 capuchones de rosca para empalme de cables<\/li>\n<li>Llave L tipo Torx<\/li>\n<li>Fuente de alimentaci\u00f3n para monitor DC 12V 2A<\/li>\n<li>Manuales de instalaci\u00f3n<\/li>\n<li>P\u00f3liza de garant\u00eda<\/li>\n<\/ul>\n<p>*Se recomienda el\u00a0<strong>cable RVV4\u00a0<\/strong>para realizar las interconexiones<\/p>\n<\/div>\n<\/div>\n","protected":false},"excerpt":{"rendered":"<p>Informaci\u00f3n general Dahua\u00a0KTA02\u00a0es un kit de videoportero anal\u00f3gico, esta compuesto por el frente de calle\u00a0VTO1000J\u00a0y el monitor de 7 pulgadas\u00a0VTH1020J. El kit permite tener una perfecta visi\u00f3n ya que cuenta con una c\u00e1mara de\u00a01.3 Megap\u00edxeles,\u00a0se puede instalar el frente de calle en el exterior ya&hellip;<\/p>\n","protected":false},"featured_media":6509,"comment_status":"open","ping_status":"closed","template":"","meta":{"om_disable_all_campaigns":false,"_monsterinsights_skip_tracking":false,"_monsterinsights_sitenote_active":false,"_monsterinsights_sitenote_note":"","_monsterinsights_sitenote_category":0},"product_brand":[],"product_cat":[550],"product_tag":[513,514,511,516,519,517,520,515,181,518,512],"class_list":{"0":"post-6510","1":"product","2":"type-product","3":"status-publish","4":"has-post-thumbnail","6":"product_cat-kits-de-videoporteros-videoporteros-analogicos-dahua-audio-video","7":"product_tag-altavoces","8":"product_tag-amplificadores","9":"product_tag-audio-y-video","10":"product_tag-audioporteros","11":"product_tag-digital-signage","12":"product_tag-intercomunicadores","13":"product_tag-kits-videoporteros","14":"product_tag-mezcladoras","15":"product_tag-microfonos","16":"product_tag-sistemas-de-enfermeria","17":"product_tag-videoporteros","19":"first","20":"instock","21":"sale","22":"taxable","23":"shipping-taxable","24":"purchasable","25":"product-type-simple"},"aioseo_notices":[],"_links":{"self":[{"href":"https:\/\/tecsecmty.com\/index.php\/wp-json\/wp\/v2\/product\/6510","targetHints":{"allow":["GET"]}}],"collection":[{"href":"https:\/\/tecsecmty.com\/index.php\/wp-json\/wp\/v2\/product"}],"about":[{"href":"https:\/\/tecsecmty.com\/index.php\/wp-json\/wp\/v2\/types\/product"}],"replies":[{"embeddable":true,"href":"https:\/\/tecsecmty.com\/index.php\/wp-json\/wp\/v2\/comments?post=6510"}],"version-history":[{"count":0,"href":"https:\/\/tecsecmty.com\/index.php\/wp-json\/wp\/v2\/product\/6510\/revisions"}],"wp:featuredmedia":[{"embeddable":true,"href":"https:\/\/tecsecmty.com\/index.php\/wp-json\/wp\/v2\/media\/6509"}],"wp:attachment":[{"href":"https:\/\/tecsecmty.com\/index.php\/wp-json\/wp\/v2\/media?parent=6510"}],"wp:term":[{"taxonomy":"product_brand","embeddable":true,"href":"https:\/\/tecsecmty.com\/index.php\/wp-json\/wp\/v2\/product_brand?post=6510"},{"taxonomy":"product_cat","embeddable":true,"href":"https:\/\/tecsecmty.com\/index.php\/wp-json\/wp\/v2\/product_cat?post=6510"},{"taxonomy":"product_tag","embeddable":true,"href":"https:\/\/tecsecmty.com\/index.php\/wp-json\/wp\/v2\/product_tag?post=6510"}],"curies":[{"name":"wp","href":"https:\/\/api.w.org\/{rel}","templated":true}]}}