{"id":6514,"date":"2023-02-23T12:06:44","date_gmt":"2023-02-23T18:06:44","guid":{"rendered":"https:\/\/tecsecmty.com\/index.php\/producto\/dahua-dhi-kta04-kit-de-videoportero-analogico-pantalla-de-4-3-pulgadas-multiples-sonidos-de-timbre-botones-touch-frente-de-calle-de-1-3-megapixeles-apertura-de-puerta-ip66-indicador-led-boto\/"},"modified":"2023-03-22T23:22:34","modified_gmt":"2023-03-23T05:22:34","slug":"dahua-dhi-kta04-kit-de-videoportero-analogico-pantalla-de-4-3-pulgadas-multiples-sonidos-de-timbre-botones-touch-frente-de-calle-de-1-3-megapixeles-apertura-de-puerta-ip66-indicador-led-boto","status":"publish","type":"product","link":"https:\/\/tecsecmty.com\/index.php\/producto\/dahua-dhi-kta04-kit-de-videoportero-analogico-pantalla-de-4-3-pulgadas-multiples-sonidos-de-timbre-botones-touch-frente-de-calle-de-1-3-megapixeles-apertura-de-puerta-ip66-indicador-led-boto\/","title":{"rendered":"DAHUA DHI-KTA04 &#8211; Kit de Videoportero Anal\u00f3gico\/ Pantalla de 4.3 Pulgadas\/ M\u00faltiples Sonidos de Timbre\/ Botones Touch\/ Frente de Calle de 1.3 Megap\u00edxeles\/ Apertura de Puerta\/ IP66\/ Indicador Led\/ Bot\u00f3n de Salida y Detecci\u00f3n de Estatus de Puerta\/"},"content":{"rendered":"<div class=\"row aling-items-center padding-bottom-2x\">\n<div class=\"col-lg-12\">\n<h5 class=\"card-title text-center\">Informaci\u00f3n General<\/h5>\n<p>Dahua<strong>\u00a0KTA04\u00a0<\/strong>es un kit de videoportero anal\u00f3gico, esta compuesto por el frente de calle\u00a0<strong>VTO1000J<\/strong>\u00a0y el monitor de 4.3 pulgadas\u00a0<strong>VTH1010J<\/strong>. El kit permite tener una perfecta visi\u00f3n ya que cuenta con una c\u00e1mara de\u00a0<strong>1.3 Megap\u00edxeles<\/strong>,\u00a0se puede instalar el frente de calle en el exterior ya que cuenta con \u00edndice de protecci\u00f3n a la intemperie<strong>\u00a0IP66,<\/strong>\u00a0adem\u00e1s cuenta con la capacidad de poder realizar apertura de una contrachapa.<\/p>\n<p><img decoding=\"async\" class=\"overview-center-img-web\" src=\"https:\/\/tvc.mx\/media\/480286\/kit-de-videoportero-analogico-botones-touch-apertura-de-puerta-KTA04-Dahua.png\" alt=\"\" \/><\/div>\n<\/div>\n<div class=\"row align-items-center padding-bottom-2x\">\n<div class=\"col-md-5\"><img decoding=\"async\" class=\"d-block m-auto img-thumbnail\" src=\"https:\/\/tvc.mx\/media\/480288\/kit-de-videoportero-analogico-botones-touch-apertura-de-puerta-KTA04-Dahua-VTO.png\" alt=\" \" \/><\/div>\n<div class=\"col-md-7 text-md-left text-center\">\n<h2>Frente de calle<\/h2>\n<p class=\"text-muted\">\n<p>El\u00a0<strong>VTO1000J<\/strong>\u00a0es un frente de calle an\u00e1logo para uso residencial u oficina el cual permite tener una perfecta visi\u00f3n ya que cuenta con una c\u00e1mara HD de\u00a0<strong>1.3 megap\u00edxeles<\/strong>,\u00a0se puede instalar en el exterior, cuenta con \u00edndice de protecci\u00f3n a la intemperie\u00a0<strong>IP66<\/strong>.Tiene la capacidad de poder realizar apertura de una contrachapa desde cualquier monitor interior, cuenta con\u00a0<strong>DWDR<\/strong>\u00a0lo cual permite tener una mejor visi\u00f3n de la persona que se comunica desde este dispositivo.<\/p>\n<p>&nbsp;<\/p>\n<\/div>\n<\/div>\n<hr class=\"padding-bottom-2x\" \/>\n<div class=\"row align-items-center padding-bottom-2x\">\n<div class=\"col-md-5 order-md-2\"><img decoding=\"async\" class=\"d-block m-auto img-thumbnail\" src=\"https:\/\/tvc.mx\/media\/480290\/kit-de-videoportero-analogico-botones-touch-apertura-de-puerta-KTA04-Dahua-VTH.png\" alt=\" \" \/><\/div>\n<div class=\"col-md-7 order-md-1 text-md-left text-center\">\n<h2>Monitor<\/h2>\n<p class=\"text-muted\">\n<p>El monitor anal\u00f3gico\u00a0para interior\u00a0<strong>VTH1010J<\/strong>\u00a0cuenta con una pantalla de\u00a0<strong>4.3 pulgadas<\/strong>, su dise\u00f1o y caracter\u00edsticas lo hacen perfecto para su uso residencial o de oficina, permite la funci\u00f3n de apertura, ajuste de volumen y m\u00faltiples tonos de llamada.<\/p>\n<p>&nbsp;<\/p>\n<\/div>\n<\/div>\n<hr class=\"padding-bottom-2x\" \/>\n<div class=\"row align-items-center padding-bottom-2x\">\n<div class=\"col-md-5\"><img decoding=\"async\" class=\"d-block m-auto img-thumbnail\" src=\"https:\/\/tvc.mx\/media\/480292\/kit-de-videoportero-analogico-botones-touch-apertura-de-puerta-KTA04-Dahua-caracteristicas.png\" alt=\" \" \/><\/div>\n<div class=\"col-md-7 text-md-left text-center\">\n<h2>Principales Caracter\u00edsticas<\/h2>\n<p class=\"text-muted\">\n<p><strong>VTO1000J<\/strong><\/p>\n<ul>\n<li>C\u00e1mara de 1.3 Megap\u00edxel.<\/li>\n<li>Angulo de vista\u00a0H: 70\u00b0 V: 40\u00b0<\/li>\n<li>Indice de protecci\u00f3n (IP66)<\/li>\n<li>Visi\u00f3n nocturna IR.<\/li>\n<li>Tipo de boton mecanico.<\/li>\n<li>Consumo de Energ\u00eda\u00a0\u22641W ( Modo Espera ) ; \u22643W (Modo Operaci\u00f3n)<\/li>\n<li>Dimensiones\u00a0131.45 mm \u00d7 46.00 mm \u00d7 33.80 mm<\/li>\n<li>Peso neto 0.18 Kg<\/li>\n<\/ul>\n<p><strong>VTH1010J<\/strong><\/p>\n<ul>\n<li>Pantalla: TFT 4.3&#8243;.<\/li>\n<li>Resoluci\u00f3n: 480 x 272<\/li>\n<li>Color: Blanco.<\/li>\n<li>Tipo de boton: Mecanico.<\/li>\n<li>Fuente de Alimentaci\u00f3n: 12V DC 1A.<\/li>\n<li>Ambiente: -10\u00b0 C a 55\u00b0 C.<\/li>\n<li>Dimensiones: 136mm \u00d7 140 mm \u00d7 18.30 mm<\/li>\n<li>Peso neto: 0.16 Kg<\/li>\n<\/ul>\n<p>&nbsp;<\/p>\n<\/div>\n<\/div>\n<hr class=\"padding-bottom-2x\" \/>\n<div class=\"row align-items-center padding-bottom-2x\">\n<div class=\"col-md-5\"><img decoding=\"async\" class=\"d-block m-auto img-thumbnail\" src=\"https:\/\/tvc.mx\/media\/500332\/KTA01.png\" alt=\" \" \/><\/div>\n<div class=\"col-md-7 text-md-left text-center\">\n<h2>Incluye:<\/h2>\n<p class=\"text-muted\">\n<ul>\n<li>Videoportero Frente de Calle<\/li>\n<li>Carcasa de pl\u00e1stico para empotrar el frente de calle en la pared<\/li>\n<li>Tornillos \/ Taquetes<\/li>\n<li>Llave tipo Allen<\/li>\n<li>Cables de conexi\u00f3n para dispositivos perif\u00e9ricos contacto seco<\/li>\n<li>Monitor botones touch<\/li>\n<li>Soporte met\u00e1lico de pared para monitor<\/li>\n<li>Fuente de poder para energizar monitor y frente de calle<\/li>\n<li>Gu\u00eda de instalaci\u00f3n r\u00e1pida<\/li>\n<li>Gu\u00eda con informaci\u00f3n legal y reglamentaria<\/li>\n<\/ul>\n<\/div>\n<\/div>\n","protected":false},"excerpt":{"rendered":"<p>Informaci\u00f3n General Dahua\u00a0KTA04\u00a0es un kit de videoportero anal\u00f3gico, esta compuesto por el frente de calle\u00a0VTO1000J\u00a0y el monitor de 4.3 pulgadas\u00a0VTH1010J. El kit permite tener una perfecta visi\u00f3n ya que cuenta con una c\u00e1mara de\u00a01.3 Megap\u00edxeles,\u00a0se puede instalar el frente de calle en el exterior ya&hellip;<\/p>\n","protected":false},"featured_media":6513,"comment_status":"open","ping_status":"closed","template":"","meta":{"om_disable_all_campaigns":false,"_monsterinsights_skip_tracking":false,"_monsterinsights_sitenote_active":false,"_monsterinsights_sitenote_note":"","_monsterinsights_sitenote_category":0},"product_brand":[],"product_cat":[550],"product_tag":[513,514,511,516,519,517,520,515,181,518,512],"class_list":{"0":"post-6514","1":"product","2":"type-product","3":"status-publish","4":"has-post-thumbnail","6":"product_cat-kits-de-videoporteros-videoporteros-analogicos-dahua-audio-video","7":"product_tag-altavoces","8":"product_tag-amplificadores","9":"product_tag-audio-y-video","10":"product_tag-audioporteros","11":"product_tag-digital-signage","12":"product_tag-intercomunicadores","13":"product_tag-kits-videoporteros","14":"product_tag-mezcladoras","15":"product_tag-microfonos","16":"product_tag-sistemas-de-enfermeria","17":"product_tag-videoporteros","19":"first","20":"instock","21":"sale","22":"taxable","23":"shipping-taxable","24":"purchasable","25":"product-type-simple"},"aioseo_notices":[],"_links":{"self":[{"href":"https:\/\/tecsecmty.com\/index.php\/wp-json\/wp\/v2\/product\/6514","targetHints":{"allow":["GET"]}}],"collection":[{"href":"https:\/\/tecsecmty.com\/index.php\/wp-json\/wp\/v2\/product"}],"about":[{"href":"https:\/\/tecsecmty.com\/index.php\/wp-json\/wp\/v2\/types\/product"}],"replies":[{"embeddable":true,"href":"https:\/\/tecsecmty.com\/index.php\/wp-json\/wp\/v2\/comments?post=6514"}],"version-history":[{"count":0,"href":"https:\/\/tecsecmty.com\/index.php\/wp-json\/wp\/v2\/product\/6514\/revisions"}],"wp:featuredmedia":[{"embeddable":true,"href":"https:\/\/tecsecmty.com\/index.php\/wp-json\/wp\/v2\/media\/6513"}],"wp:attachment":[{"href":"https:\/\/tecsecmty.com\/index.php\/wp-json\/wp\/v2\/media?parent=6514"}],"wp:term":[{"taxonomy":"product_brand","embeddable":true,"href":"https:\/\/tecsecmty.com\/index.php\/wp-json\/wp\/v2\/product_brand?post=6514"},{"taxonomy":"product_cat","embeddable":true,"href":"https:\/\/tecsecmty.com\/index.php\/wp-json\/wp\/v2\/product_cat?post=6514"},{"taxonomy":"product_tag","embeddable":true,"href":"https:\/\/tecsecmty.com\/index.php\/wp-json\/wp\/v2\/product_tag?post=6514"}],"curies":[{"name":"wp","href":"https:\/\/api.w.org\/{rel}","templated":true}]}}