{"id":6526,"date":"2023-02-23T12:06:58","date_gmt":"2023-02-23T18:06:58","guid":{"rendered":"https:\/\/tecsecmty.com\/index.php\/producto\/commax-cdv70h2-monitor-azul-y-blanco-manos-libres-de-7-pulgadas-para-videoportero-soporta-hasta-2-frentes-de-calle-funcion-de-apertura-de-puerta\/"},"modified":"2023-03-22T23:22:14","modified_gmt":"2023-03-23T05:22:14","slug":"commax-cdv70h2-monitor-azul-y-blanco-manos-libres-de-7-pulgadas-para-videoportero-soporta-hasta-2-frentes-de-calle-funcion-de-apertura-de-puerta","status":"publish","type":"product","link":"https:\/\/tecsecmty.com\/index.php\/producto\/commax-cdv70h2-monitor-azul-y-blanco-manos-libres-de-7-pulgadas-para-videoportero-soporta-hasta-2-frentes-de-calle-funcion-de-apertura-de-puerta\/","title":{"rendered":"COMMAX CDV70H2 &#8211; Monitor azul y blanco manos libres de 7 pulgadas para videoportero, soporta hasta 2 frentes de calle, funci\u00f3n de apertura de puerta"},"content":{"rendered":"<div class=\"row aling-items-center padding-bottom-2x\">\n<div class=\"col-lg-12\">\n<h5 class=\"card-title text-center\">Descripci\u00f3n general<\/h5>\n<p><strong>COMMAX CDV70H2 &#8211; MONITOR COLOR 7 PULGADAS \/ SOPORTA 2 FRENTES DE CALLE Y 2 MONITORES \/ PANTALLA LED<\/strong><\/p>\n<p><strong>Un monitor<\/strong>\u00a0es un aparato que nos permite tener control de qui\u00e9n accede y qui\u00e9n no a nuestras instalaciones u hogares, de modo que el videoportero\u00a0<strong>CDV70H2\u00a0\u00a0<\/strong>junto con un frente de calle nos facilitan esta funci\u00f3n.<\/p>\n<p class=\"ql-align-justify\">\u00a0Un videoportero es un aparato que nos permite tener control de qui\u00e9n accede y qui\u00e9n no a nuestras instalaciones u hogares, de modo que el monitor\u00a0junto con un frente de calle nos facilitan esta funci\u00f3n.<\/p>\n<p class=\"ql-align-justify\">Cuando el bot\u00f3n de alarma del frente de calle es accionado, nuestro videoportero suena de modo que el usuario en el interior tiene la oportunidad de ver qui\u00e9n se encuentra afuera por medio de la c\u00e1mara de nuestro frente de calle, una vez identificado el usuario desde el interior puede permitirle el paso presionando el bot\u00f3n t\u00e1ctil\u00a0con forma de llave.<\/p>\n<p class=\"ql-align-justify\">Tambi\u00e9n puede ser conectado con un intercomunicador con el cual\u00a0se puede comunicar con el videportero y abrir la chapa el\u00e9ctrica<\/p>\n<p><img decoding=\"async\" class=\"overview-center-img-web\" src=\"https:\/\/tvc.mx\/media\/48162\/cmx104063-1.jpg\" alt=\"\" \/><\/div>\n<\/div>\n<div class=\"row align-items-center padding-bottom-2x\">\n<div class=\"col-md-5\"><img decoding=\"async\" class=\"d-block m-auto img-thumbnail\" src=\"https:\/\/tvc.mx\/media\/48165\/cmx104063-2.jpg\" alt=\" \" \/><\/div>\n<div class=\"col-md-7 text-md-left text-center\">\n<h2>Funciones<\/h2>\n<p class=\"text-muted\">\n<ul>\n<li class=\"ql-align-justify\">El monitor CDV70H2 pertenece a la serie Fine View de Commax la cual incorpora una excelente calidad de v\u00eddeo y una asombrosa pantalla LED digital. Cuenta con una pantalla de 7.0 pulgadas, soporta la conexi\u00f3n de\u00a02 frentes de calle, 2 monitores\u00a0y\u00a02 auriculares para dar una mejor y mas econ\u00f3mica soluci\u00f3n a los requerimientos y exigencias de los proyectos.<\/li>\n<li class=\"ql-align-justify\">Cuenta con la opci\u00f3n de la comunicaci\u00f3n con manos libres para mayor libertad de movimiento y confiabilidad en la llamada sin tener que estar atado a los cables.<\/li>\n<li class=\"ql-align-justify\">Los videoporteros Commax son bien conocidos por su alto rendimiento y excelente dise\u00f1o en el mercado dom\u00e9stico. Commax provee un \u00fanico concepto con la uni\u00f3n de productos de seguridad.<\/li>\n<\/ul>\n<p>&nbsp;<\/p>\n<\/div>\n<\/div>\n<hr class=\"padding-bottom-2x\" \/>\n<div class=\"row align-items-center padding-bottom-2x\">\n<div class=\"col-md-5 order-md-2\"><img decoding=\"async\" class=\"d-block m-auto img-thumbnail\" src=\"https:\/\/tvc.mx\/media\/48168\/cmx104063-3.jpg\" alt=\" \" \/><\/div>\n<div class=\"col-md-7 order-md-1 text-md-left text-center\">\n<h2>Caracter\u00edsticas<\/h2>\n<p class=\"text-muted\">\n<ul>\n<li class=\"ql-align-justify\">Cableado: Puerta de la c\u00e1mara 4 hilos (polaridad) , de interfono de 4 hilos (polaridad).<\/li>\n<li class=\"ql-align-justify\">Voltaje: 100V -240V ~ , 50 \/ 60Hz.<\/li>\n<li class=\"ql-align-justify\">El consumo de energ\u00eda: en funcionamiento de 3W m\u00e1ximo a 16W.<\/li>\n<li class=\"ql-align-justify\">V\u00eda de transmisi\u00f3n: MANOS LIBRES.<\/li>\n<li class=\"ql-align-justify\">Tama\u00f1o de pantalla: 7&#8243; TFT LCD-DIGITAL.<\/li>\n<li class=\"ql-align-justify\">Pantalla: Seguimiento : 30 \u00b1 5 segundos de conversaci\u00f3n: 60 \u00b1 5 seg.<\/li>\n<li class=\"ql-align-justify\">Distancia (grosor de cable):\u00a00,5 mm (28 mts.),\u00a00,65 mm (50 mts.)\u00a0y\u00a00,8 mm (70 mts.).<\/li>\n<li class=\"ql-align-justify\">Temperatura de trabajo:\u00a00\u00b0C ~ 40\u00b0C.<\/li>\n<\/ul>\n<\/div>\n<\/div>\n","protected":false},"excerpt":{"rendered":"<p>Descripci\u00f3n general COMMAX CDV70H2 &#8211; MONITOR COLOR 7 PULGADAS \/ SOPORTA 2 FRENTES DE CALLE Y 2 MONITORES \/ PANTALLA LED Un monitor\u00a0es un aparato que nos permite tener control de qui\u00e9n accede y qui\u00e9n no a nuestras instalaciones u hogares, de modo que el&hellip;<\/p>\n","protected":false},"featured_media":6525,"comment_status":"open","ping_status":"closed","template":"","meta":{"om_disable_all_campaigns":false,"_monsterinsights_skip_tracking":false,"_monsterinsights_sitenote_active":false,"_monsterinsights_sitenote_note":"","_monsterinsights_sitenote_category":0},"product_brand":[],"product_cat":[552],"product_tag":[513,514,511,516,519,517,520,515,181,518,512],"class_list":{"0":"post-6526","1":"product","2":"type-product","3":"status-publish","4":"has-post-thumbnail","6":"product_cat-monitores-videoporteros-analogicos","7":"product_tag-altavoces","8":"product_tag-amplificadores","9":"product_tag-audio-y-video","10":"product_tag-audioporteros","11":"product_tag-digital-signage","12":"product_tag-intercomunicadores","13":"product_tag-kits-videoporteros","14":"product_tag-mezcladoras","15":"product_tag-microfonos","16":"product_tag-sistemas-de-enfermeria","17":"product_tag-videoporteros","19":"first","20":"instock","21":"sale","22":"taxable","23":"shipping-taxable","24":"purchasable","25":"product-type-simple"},"aioseo_notices":[],"_links":{"self":[{"href":"https:\/\/tecsecmty.com\/index.php\/wp-json\/wp\/v2\/product\/6526","targetHints":{"allow":["GET"]}}],"collection":[{"href":"https:\/\/tecsecmty.com\/index.php\/wp-json\/wp\/v2\/product"}],"about":[{"href":"https:\/\/tecsecmty.com\/index.php\/wp-json\/wp\/v2\/types\/product"}],"replies":[{"embeddable":true,"href":"https:\/\/tecsecmty.com\/index.php\/wp-json\/wp\/v2\/comments?post=6526"}],"version-history":[{"count":0,"href":"https:\/\/tecsecmty.com\/index.php\/wp-json\/wp\/v2\/product\/6526\/revisions"}],"wp:featuredmedia":[{"embeddable":true,"href":"https:\/\/tecsecmty.com\/index.php\/wp-json\/wp\/v2\/media\/6525"}],"wp:attachment":[{"href":"https:\/\/tecsecmty.com\/index.php\/wp-json\/wp\/v2\/media?parent=6526"}],"wp:term":[{"taxonomy":"product_brand","embeddable":true,"href":"https:\/\/tecsecmty.com\/index.php\/wp-json\/wp\/v2\/product_brand?post=6526"},{"taxonomy":"product_cat","embeddable":true,"href":"https:\/\/tecsecmty.com\/index.php\/wp-json\/wp\/v2\/product_cat?post=6526"},{"taxonomy":"product_tag","embeddable":true,"href":"https:\/\/tecsecmty.com\/index.php\/wp-json\/wp\/v2\/product_tag?post=6526"}],"curies":[{"name":"wp","href":"https:\/\/api.w.org\/{rel}","templated":true}]}}