{"id":6528,"date":"2023-02-23T12:07:00","date_gmt":"2023-02-23T18:07:00","guid":{"rendered":"https:\/\/tecsecmty.com\/index.php\/producto\/commax-cdv70n2-monitor-para-videoportero-de-7-pulgadas-con-auricular-soporta-hasta-2-frentes-de-calle-con-funcion-de-apertura-de-puerta-arma-tu-kit-con-el-frente-de-calle-modelo-drc40k\/"},"modified":"2023-03-22T23:22:14","modified_gmt":"2023-03-23T05:22:14","slug":"commax-cdv70n2-monitor-para-videoportero-de-7-pulgadas-con-auricular-soporta-hasta-2-frentes-de-calle-con-funcion-de-apertura-de-puerta-arma-tu-kit-con-el-frente-de-calle-modelo-drc40k","status":"publish","type":"product","link":"https:\/\/tecsecmty.com\/index.php\/producto\/commax-cdv70n2-monitor-para-videoportero-de-7-pulgadas-con-auricular-soporta-hasta-2-frentes-de-calle-con-funcion-de-apertura-de-puerta-arma-tu-kit-con-el-frente-de-calle-modelo-drc40k\/","title":{"rendered":"COMMAX CDV70N2 &#8211; Monitor para videoportero de 7 pulgadas con auricular, soporta hasta 2 frentes de calle con funci\u00f3n de apertura de puerta\/ Arma tu Kit con el frente de calle modelo DRC40K"},"content":{"rendered":"<div class=\"row aling-items-center padding-bottom-2x\">\n<div class=\"col-lg-12\">\n<h5 class=\"card-title text-center\">Descripci\u00f3n general<\/h5>\n<p class=\"ql-align-justify\">El v\u00eddeo portero Commax\u00a0modelo\u00a0<strong>CVD70N2<\/strong>\u00a0es una herramienta que nos permite tener mayor seguridad en cuanto al acceso, tanto de nuestros hogares como de nuestras empresas o departamentos, este tipo de controles de acceso funcionan de modo que podemos observar quien se encuentra detr\u00e1s de nuestra puerta u hogar gracias a una c\u00e1mara situada en nuestro frente de calle, el cual es instalado en el exterior en donde se desea que sea punto de acceso.<\/p>\n<p class=\"ql-align-justify\">\n<p><img decoding=\"async\" class=\"overview-center-img-web\" src=\"https:\/\/tvc.mx\/media\/402135\/COMMAX-CMX104062-CDV70N2-MONITOR-PARA-VIDEOPORTERO-7-PULGADAS-CENTRAL.png\" alt=\"\" \/><\/div>\n<\/div>\n<div class=\"row align-items-center padding-bottom-2x\">\n<div class=\"col-md-5\"><img decoding=\"async\" class=\"d-block m-auto img-thumbnail\" src=\"https:\/\/tvc.mx\/media\/214011\/COMMAX-CDV70N2-Monitor-para-videoportero-de-7-pulgadas-con-auricular-soporta-hasta-2-frentes-de-calle-con-funci%C3%B3n-de-apertura-de-puerta-2.png\" alt=\" \" \/><\/div>\n<div class=\"col-md-7 text-md-left text-center\">\n<h2>Caracter\u00edsticas Principales<\/h2>\n<p class=\"text-muted\">\n<ul>\n<li class=\"ql-align-justify\">El monitor\u00a0<strong>CDV70N2<\/strong>\u00a0pertenece a la serie FineView de Commax la cual incorpora una excelente calidad de video y una asombrosa pantalla LED digital. Cuenta con una pantalla de 7.0 pulgadas, soporta la conexi\u00f3n de\u00a02 frentes de calle, 2 monitores\u00a0y\u00a01 auricular para dar una mejor y mas econ\u00f3mica soluci\u00f3n a los requerimientos y exigencias de los proyectos.<\/li>\n<li class=\"ql-align-justify\">Los video porteros Commax son bien conocidos por su alto rendimiento y excelente dise\u00f1o en el mercado dom\u00e9stico. Commax provee un \u00fanico concepto con la uni\u00f3n de productos de seguridad.<\/li>\n<\/ul>\n<p>&nbsp;<\/p>\n<\/div>\n<\/div>\n<hr class=\"padding-bottom-2x\" \/>\n<div class=\"row align-items-center padding-bottom-2x\">\n<div class=\"col-md-5 order-md-2\"><img decoding=\"async\" class=\"d-block m-auto img-thumbnail\" src=\"https:\/\/tvc.mx\/media\/214015\/COMMAX-CDV70N2-Monitor-para-videoportero-de-7-pulgadas-con-auricular-soporta-hasta-2-frentes-de-calle-con-funci%C3%B3n-de-apertura-de-puerta-3.png\" alt=\" \" \/><\/div>\n<div class=\"col-md-7 order-md-1 text-md-left text-center\">\n<h2>Especificaciones T\u00e9cnicas<\/h2>\n<p class=\"text-muted\">\n<ul>\n<li class=\"ql-align-justify\">Tensi\u00f3n nominal: 100-240 V, 50 \/ 60Hz.<\/li>\n<li class=\"ql-align-justify\">Consumo de energ\u00eda: Espera : 3W , de funcionamiento: 16W.<\/li>\n<li class=\"ql-align-justify\">Conexiones: 4 hilos hacia el Frente de calle e Interfono.<\/li>\n<li class=\"ql-align-justify\">Tama\u00f1o de pantalla: Color de 7 \u00bb LCD<\/li>\n<li class=\"ql-align-justify\">Tipo de montaje: Tipo pared<\/li>\n<li class=\"ql-align-justify\">Tiempo para visualizar la pantalla: 60 \u00b1 10 seg.<\/li>\n<li class=\"ql-align-justify\">Distancia de la c\u00e1mara: 28mts.(24AWG)\/ 50mts.(22AWG)\/ 70mts.(20AWG)<\/li>\n<li class=\"ql-align-justify\">Temperatura de operaci\u00f3n: 0\u00b0C ~ 40\u00b0C.<\/li>\n<\/ul>\n<p>&nbsp;<\/p>\n<\/div>\n<\/div>\n<hr class=\"padding-bottom-2x\" \/>\n<div class=\"row align-items-center padding-bottom-2x\">\n<div class=\"col-md-5\"><img decoding=\"async\" class=\"d-block m-auto img-thumbnail\" src=\"https:\/\/tvc.mx\/media\/402143\/COMMAX-CMX104062-CDV70N2-MONITOR-PARA-VIDEOPORTERO-7-PULGADAS-INCLUYE.png\" alt=\" \" \/><\/div>\n<div class=\"col-md-7 text-md-left text-center\">\n<h2>Incluye<\/h2>\n<p class=\"text-muted\">\n<ul>\n<li>Monitor<\/li>\n<li>Manual de usuario<\/li>\n<li>Cables de conexi\u00f3n<\/li>\n<li>Base de instalaci\u00f3n y tornillos<\/li>\n<\/ul>\n<\/div>\n<\/div>\n","protected":false},"excerpt":{"rendered":"<p>Descripci\u00f3n general El v\u00eddeo portero Commax\u00a0modelo\u00a0CVD70N2\u00a0es una herramienta que nos permite tener mayor seguridad en cuanto al acceso, tanto de nuestros hogares como de nuestras empresas o departamentos, este tipo de controles de acceso funcionan de modo que podemos observar quien se encuentra detr\u00e1s de&hellip;<\/p>\n","protected":false},"featured_media":6527,"comment_status":"open","ping_status":"closed","template":"","meta":{"om_disable_all_campaigns":false,"_monsterinsights_skip_tracking":false,"_monsterinsights_sitenote_active":false,"_monsterinsights_sitenote_note":"","_monsterinsights_sitenote_category":0},"product_brand":[],"product_cat":[552],"product_tag":[513,514,511,516,519,517,520,515,181,518,512],"class_list":{"0":"post-6528","1":"product","2":"type-product","3":"status-publish","4":"has-post-thumbnail","6":"product_cat-monitores-videoporteros-analogicos","7":"product_tag-altavoces","8":"product_tag-amplificadores","9":"product_tag-audio-y-video","10":"product_tag-audioporteros","11":"product_tag-digital-signage","12":"product_tag-intercomunicadores","13":"product_tag-kits-videoporteros","14":"product_tag-mezcladoras","15":"product_tag-microfonos","16":"product_tag-sistemas-de-enfermeria","17":"product_tag-videoporteros","19":"first","20":"instock","21":"sale","22":"taxable","23":"shipping-taxable","24":"purchasable","25":"product-type-simple"},"aioseo_notices":[],"_links":{"self":[{"href":"https:\/\/tecsecmty.com\/index.php\/wp-json\/wp\/v2\/product\/6528","targetHints":{"allow":["GET"]}}],"collection":[{"href":"https:\/\/tecsecmty.com\/index.php\/wp-json\/wp\/v2\/product"}],"about":[{"href":"https:\/\/tecsecmty.com\/index.php\/wp-json\/wp\/v2\/types\/product"}],"replies":[{"embeddable":true,"href":"https:\/\/tecsecmty.com\/index.php\/wp-json\/wp\/v2\/comments?post=6528"}],"version-history":[{"count":0,"href":"https:\/\/tecsecmty.com\/index.php\/wp-json\/wp\/v2\/product\/6528\/revisions"}],"wp:featuredmedia":[{"embeddable":true,"href":"https:\/\/tecsecmty.com\/index.php\/wp-json\/wp\/v2\/media\/6527"}],"wp:attachment":[{"href":"https:\/\/tecsecmty.com\/index.php\/wp-json\/wp\/v2\/media?parent=6528"}],"wp:term":[{"taxonomy":"product_brand","embeddable":true,"href":"https:\/\/tecsecmty.com\/index.php\/wp-json\/wp\/v2\/product_brand?post=6528"},{"taxonomy":"product_cat","embeddable":true,"href":"https:\/\/tecsecmty.com\/index.php\/wp-json\/wp\/v2\/product_cat?post=6528"},{"taxonomy":"product_tag","embeddable":true,"href":"https:\/\/tecsecmty.com\/index.php\/wp-json\/wp\/v2\/product_tag?post=6528"}],"curies":[{"name":"wp","href":"https:\/\/api.w.org\/{rel}","templated":true}]}}