{"id":6534,"date":"2023-02-23T12:07:09","date_gmt":"2023-02-23T18:07:09","guid":{"rendered":"https:\/\/tecsecmty.com\/index.php\/producto\/dahua-cable-rvv4-rollo-de-cable-de-6-metros-4-hilos-rvv-para-videoporteros-analogicos\/"},"modified":"2023-03-22T23:22:21","modified_gmt":"2023-03-23T05:22:21","slug":"dahua-cable-rvv4-rollo-de-cable-de-6-metros-4-hilos-rvv-para-videoporteros-analogicos","status":"publish","type":"product","link":"https:\/\/tecsecmty.com\/index.php\/producto\/dahua-cable-rvv4-rollo-de-cable-de-6-metros-4-hilos-rvv-para-videoporteros-analogicos\/","title":{"rendered":"DAHUA CABLE RVV4- Rollo de Cable de 6 Metros\/ 4 Hilos RVV\/ para Videoporteros Analogicos\/"},"content":{"rendered":"<div class=\"row aling-items-center padding-bottom-2x\">\n<div class=\"col-lg-12\">\n<h5 class=\"card-title text-center\">Informaci\u00f3n General<\/h5>\n<p>El\u00a0<strong>cable RVV4<\/strong>, es un elemento de conectividad seguro y de f\u00e1cil conexi\u00f3n. Adem\u00e1s han sido elaborados con materiales de alta resistencia que facilitan la conductividad y transferencia de informaci\u00f3n de forma inmediata.<\/p>\n<p><img decoding=\"async\" class=\"overview-center-img-web\" src=\"https:\/\/tvc.mx\/media\/430347\/rollo-cable-de-6-metros-de-4-hilos-RVV-para--video-porteros-analogicos-CABLE-RVV4-Dahua-b.png\" alt=\"\" \/><\/div>\n<\/div>\n<div class=\"row align-items-center padding-bottom-2x\">\n<div class=\"col-md-5\"><img decoding=\"async\" class=\"d-block m-auto img-thumbnail\" src=\"https:\/\/tvc.mx\/media\/430351\/compatibilidad-con-frente-de-calles-dahua.png\" alt=\" \" \/><\/div>\n<div class=\"col-md-7 text-md-left text-center\">\n<h2>Uso<\/h2>\n<p class=\"text-muted\">\n<p>El\u00a0<strong>cable RVV4<\/strong>\u00a0es ideal para realizar las interconexiones de los frente de calles anal\u00f3gicos.<\/p>\n<p>Modelos anal\u00f3gicos:<\/p>\n<ul>\n<li>DHI-VTO1000J<\/li>\n<li>DHI-VTO2010D<\/li>\n<li>DHI-VTH1020J<\/li>\n<\/ul>\n<\/div>\n<\/div>\n","protected":false},"excerpt":{"rendered":"<p>Informaci\u00f3n General El\u00a0cable RVV4, es un elemento de conectividad seguro y de f\u00e1cil conexi\u00f3n. Adem\u00e1s han sido elaborados con materiales de alta resistencia que facilitan la conductividad y transferencia de informaci\u00f3n de forma inmediata. Uso El\u00a0cable RVV4\u00a0es ideal para realizar las interconexiones de los frente&hellip;<\/p>\n","protected":false},"featured_media":6533,"comment_status":"open","ping_status":"closed","template":"","meta":{"om_disable_all_campaigns":false,"_monsterinsights_skip_tracking":false,"_monsterinsights_sitenote_active":false,"_monsterinsights_sitenote_note":"","_monsterinsights_sitenote_category":0},"product_brand":[],"product_cat":[553],"product_tag":[513,514,511,516,519,517,520,515,181,518,512],"class_list":{"0":"post-6534","1":"product","2":"type-product","3":"status-publish","4":"has-post-thumbnail","6":"product_cat-monitores-videoporteros-analogicos-dahua-audio-video","7":"product_tag-altavoces","8":"product_tag-amplificadores","9":"product_tag-audio-y-video","10":"product_tag-audioporteros","11":"product_tag-digital-signage","12":"product_tag-intercomunicadores","13":"product_tag-kits-videoporteros","14":"product_tag-mezcladoras","15":"product_tag-microfonos","16":"product_tag-sistemas-de-enfermeria","17":"product_tag-videoporteros","19":"first","20":"instock","21":"sale","22":"taxable","23":"shipping-taxable","24":"purchasable","25":"product-type-simple"},"aioseo_notices":[],"_links":{"self":[{"href":"https:\/\/tecsecmty.com\/index.php\/wp-json\/wp\/v2\/product\/6534","targetHints":{"allow":["GET"]}}],"collection":[{"href":"https:\/\/tecsecmty.com\/index.php\/wp-json\/wp\/v2\/product"}],"about":[{"href":"https:\/\/tecsecmty.com\/index.php\/wp-json\/wp\/v2\/types\/product"}],"replies":[{"embeddable":true,"href":"https:\/\/tecsecmty.com\/index.php\/wp-json\/wp\/v2\/comments?post=6534"}],"version-history":[{"count":0,"href":"https:\/\/tecsecmty.com\/index.php\/wp-json\/wp\/v2\/product\/6534\/revisions"}],"wp:featuredmedia":[{"embeddable":true,"href":"https:\/\/tecsecmty.com\/index.php\/wp-json\/wp\/v2\/media\/6533"}],"wp:attachment":[{"href":"https:\/\/tecsecmty.com\/index.php\/wp-json\/wp\/v2\/media?parent=6534"}],"wp:term":[{"taxonomy":"product_brand","embeddable":true,"href":"https:\/\/tecsecmty.com\/index.php\/wp-json\/wp\/v2\/product_brand?post=6534"},{"taxonomy":"product_cat","embeddable":true,"href":"https:\/\/tecsecmty.com\/index.php\/wp-json\/wp\/v2\/product_cat?post=6534"},{"taxonomy":"product_tag","embeddable":true,"href":"https:\/\/tecsecmty.com\/index.php\/wp-json\/wp\/v2\/product_tag?post=6534"}],"curies":[{"name":"wp","href":"https:\/\/api.w.org\/{rel}","templated":true}]}}