{"id":6536,"date":"2023-02-23T12:07:13","date_gmt":"2023-02-23T18:07:13","guid":{"rendered":"https:\/\/tecsecmty.com\/index.php\/producto\/dahua-vth1020j-monitor-analogico-de-7-pulgadas-compatible-con-kta01-kta02toctoc\/"},"modified":"2023-03-22T23:23:10","modified_gmt":"2023-03-23T05:23:10","slug":"dahua-vth1020j-monitor-analogico-de-7-pulgadas-compatible-con-kta01-kta02toctoc","status":"publish","type":"product","link":"https:\/\/tecsecmty.com\/index.php\/producto\/dahua-vth1020j-monitor-analogico-de-7-pulgadas-compatible-con-kta01-kta02toctoc\/","title":{"rendered":"DAHUA VTH1020J- Monitor anal\u00f3gico de 7 pulgadas compatible con KTA01 \/ KTA02#TocToc"},"content":{"rendered":"<div class=\"row aling-items-center padding-bottom-2x\">\n<div class=\"col-lg-12\">\n<h5 class=\"card-title text-center\">Informaci\u00f3n General<\/h5>\n<p>El VTH1020J es un monitor para videoporteros an\u00e1logico el cual lleva una conexi\u00f3n a 4 hilos desde el VTO hacia el monitor, consta de una pantalla TFT de 7&#8243; con una resoluci\u00f3n de 1204 \u00d7 600, con esto podremos observar quien se encuentra al exterior de la calle y realizar o no la apertura de una cerradura externa conectada a el frente de calle.<\/p>\n<p><img decoding=\"async\" class=\"overview-center-img-web\" src=\"https:\/\/tvc.mx\/media\/408063\/Monitor-analogico-7-pulgadas-compatible-KTA01-KTA02-VTH1020J-Dahua-b.png\" alt=\"\" \/><\/div>\n<\/div>\n<div class=\"row align-items-center padding-bottom-2x\">\n<div class=\"col-md-5 order-md-2\"><img decoding=\"async\" class=\"d-block m-auto img-thumbnail\" src=\"https:\/\/tvc.mx\/media\/408067\/soporta-3-monitores.png\" alt=\" \" \/><\/div>\n<div class=\"col-md-7 order-md-1 text-md-left text-center\">\n<h2>Soporta hasta 3 monitores<\/h2>\n<p class=\"text-muted\">\n<p>En la soluci\u00f3n de videoportero an\u00e1logico el n\u00famero m\u00e1ximo de monitores que soporta es de 3 VTH, con esto podemos tener 1 monitor en la cocina, 1 en la sala, 1 en la recamara y podemos tener apertura a la chapa desde distintos lugares de la casa, oficina, negocio.<\/p>\n<p>&nbsp;<\/p>\n<\/div>\n<\/div>\n<hr class=\"padding-bottom-2x\" \/>\n<div class=\"row align-items-center padding-bottom-2x\">\n<div class=\"col-md-5\"><img decoding=\"async\" class=\"d-block m-auto img-thumbnail\" src=\"https:\/\/tvc.mx\/media\/408071\/cable-rvv4-dahua.png\" alt=\" \" \/><\/div>\n<div class=\"col-md-7 text-md-left text-center\">\n<h2>Cable RVV4<\/h2>\n<p class=\"text-muted\">\n<p>El cable recomendado es el RVV4 dependiendo de la distancia a instalar deber\u00e1 cambiar el calibre del cable:<\/p>\n<p>Distancia de transmisi\u00f3n (TD) Especificaci\u00f3n del cable RVV4:<\/p>\n<p>TD \u2264 10 m RVV4 \u00d7 0,3 mm\u00b2<\/p>\n<p>10 m &lt;TD \u2264 30 m RVV4 \u00d7 0,5 mm\u00b2<\/p>\n<p>30 m &lt;TD \u2264 50 m RVV4 \u00d7 0,75 mm\u00b2<\/p>\n<p>&nbsp;<\/p>\n<\/div>\n<\/div>\n<hr class=\"padding-bottom-2x\" \/>\n<div class=\"row align-items-center padding-bottom-2x\">\n<div class=\"col-md-5 order-md-2\"><img decoding=\"async\" class=\"d-block m-auto img-thumbnail\" src=\"https:\/\/tvc.mx\/media\/408075\/alcance-maxximo-dahua.png\" alt=\" \" \/><\/div>\n<div class=\"col-md-7 order-md-1 text-md-left text-center\">\n<h2>Alcance m\u00e1ximo de la soluci\u00f3n an\u00e1logica<\/h2>\n<p class=\"text-muted\">\n<p>En el caso de los video porteros an\u00e1logos el m\u00e1ximo de dispositivos utilizados es de 2 frentes de calle (VTO) y de 3 monitores (VTH), para esta soluci\u00f3n no puede crecer a m\u00e1s dispositivos.<\/p>\n<p>&nbsp;<\/p>\n<\/div>\n<\/div>\n<hr class=\"padding-bottom-2x\" \/>\n<div class=\"row align-items-center padding-bottom-2x\">\n<div class=\"col-md-5 order-md-2\"><img decoding=\"async\" class=\"d-block m-auto img-thumbnail\" src=\"https:\/\/tvc.mx\/media\/408079\/Monitor-analogico-7-pulgadas-compatible-KTA01-KTA02-VTH1020J-Dahua-caracteristicas.png\" alt=\" \" \/><\/div>\n<div class=\"col-md-7 order-md-1 text-md-left text-center\">\n<h2>Principales Caracter\u00edsticas<\/h2>\n<p class=\"text-muted\">\n<ul>\n<li>Pantalla TFT de 7 \u00ab<\/li>\n<li>Funci\u00f3n de videoportero: Desbloqueo, llamada de voz, videollamada y ajuste de volumen<\/li>\n<li>Bot\u00f3n t\u00e1ctil<\/li>\n<li>Varios sonidos de campana<\/li>\n<\/ul>\n<p>&nbsp;<\/p>\n<\/div>\n<\/div>\n<hr class=\"padding-bottom-2x\" \/>\n<div class=\"row align-items-center padding-bottom-2x\">\n<div class=\"col-md-5\"><img decoding=\"async\" class=\"d-block m-auto img-thumbnail\" src=\"https:\/\/tvc.mx\/media\/408083\/Monitor-analogico-7-pulgadas-compatible-KTA01-KTA02-VTH1020J-Dahua-especificaciones.png\" alt=\" \" \/><\/div>\n<div class=\"col-md-7 text-md-left text-center\">\n<h2>Especificaciones<\/h2>\n<p class=\"text-muted\">\n<ul>\n<li>Pantalla TFT de 7 \u00ab<\/li>\n<li>Resoluci\u00f3n de pantalla 1204 \u00d7 600<\/li>\n<li>Funci\u00f3n de videoportero: Desbloqueo, llamada de voz, videollamada y ajuste de volumen<\/li>\n<li>Bot\u00f3n mec\u00e1nico<\/li>\n<li>1 luz indicadora Verde: encendido<\/li>\n<li>M\u00faltiples sonidos de campana<\/li>\n<li>Color blanco<\/li>\n<li>Fuente de alimentaci\u00f3n DC 12V \/ 1A\u00a0(No incluida)<\/li>\n<li>Instalaci\u00f3n Montaje en superficie<\/li>\n<li>Certificaciones CE \/ FCC<\/li>\n<li>Soporte accesorio (incluido)<\/li>\n<li>Dimensiones 133,90 mm \u00d7 182,70 mm \u00d7 17,70 mm<\/li>\n<li>Temperatura de funcionamiento -10 \u00b0 C a + 55 \u00b0 C (+ 14 \u00b0 F a + 131 \u00b0 F)<\/li>\n<li>Humedad de funcionamiento 10% RH \u2013 95% RH<\/li>\n<li>Consumo de energ\u00eda \u2264 2W (en espera)<\/li>\n<li>\u2264 5W (en funcionamiento)<\/li>\n<li>Peso neto 0,25 kg<\/li>\n<li>Peso bruto 0,48 kg<\/li>\n<\/ul>\n<p>&nbsp;<\/p>\n<\/div>\n<\/div>\n<hr class=\"padding-bottom-2x\" \/>\n<div class=\"row align-items-center padding-bottom-2x\">\n<div class=\"col-md-5\"><img decoding=\"async\" class=\"d-block m-auto img-thumbnail\" src=\"https:\/\/tvc.mx\/media\/463078\/Videoportero_Monitor_Analogico_VTH1020J_Contenido_Dahua_.png\" alt=\" \" \/><\/div>\n<div class=\"col-md-7 text-md-left text-center\">\n<h2>Incluye:<\/h2>\n<p class=\"text-muted\">\n<ul>\n<li>1 Monitor VTH1020J<\/li>\n<li>Arn\u00e9s de integraci\u00f3n de alimentaci\u00f3n, video y audio<\/li>\n<li>Arn\u00e9s de alimentaci\u00f3n<\/li>\n<li>Base para sujeci\u00f3n de VTH<\/li>\n<li>Tornillos de instalaci\u00f3n para montaje de base<\/li>\n<li>4 capuchones de rosca para empalme de cables<\/li>\n<li><strong>No incluye Fuente de alimentaci\u00f3n para monitor DC 12V 1A<\/strong><\/li>\n<li>Manuales de instalaci\u00f3n<\/li>\n<li>P\u00f3liza de garant\u00eda<\/li>\n<\/ul>\n<\/div>\n<\/div>\n","protected":false},"excerpt":{"rendered":"<p>Informaci\u00f3n General El VTH1020J es un monitor para videoporteros an\u00e1logico el cual lleva una conexi\u00f3n a 4 hilos desde el VTO hacia el monitor, consta de una pantalla TFT de 7&#8243; con una resoluci\u00f3n de 1204 \u00d7 600, con esto podremos observar quien se encuentra&hellip;<\/p>\n","protected":false},"featured_media":6535,"comment_status":"open","ping_status":"closed","template":"","meta":{"om_disable_all_campaigns":false,"_monsterinsights_skip_tracking":false,"_monsterinsights_sitenote_active":false,"_monsterinsights_sitenote_note":"","_monsterinsights_sitenote_category":0},"product_brand":[],"product_cat":[553],"product_tag":[513,514,511,516,519,517,520,515,181,518,512],"class_list":{"0":"post-6536","1":"product","2":"type-product","3":"status-publish","4":"has-post-thumbnail","6":"product_cat-monitores-videoporteros-analogicos-dahua-audio-video","7":"product_tag-altavoces","8":"product_tag-amplificadores","9":"product_tag-audio-y-video","10":"product_tag-audioporteros","11":"product_tag-digital-signage","12":"product_tag-intercomunicadores","13":"product_tag-kits-videoporteros","14":"product_tag-mezcladoras","15":"product_tag-microfonos","16":"product_tag-sistemas-de-enfermeria","17":"product_tag-videoporteros","19":"first","20":"instock","21":"sale","22":"taxable","23":"shipping-taxable","24":"purchasable","25":"product-type-simple"},"aioseo_notices":[],"_links":{"self":[{"href":"https:\/\/tecsecmty.com\/index.php\/wp-json\/wp\/v2\/product\/6536","targetHints":{"allow":["GET"]}}],"collection":[{"href":"https:\/\/tecsecmty.com\/index.php\/wp-json\/wp\/v2\/product"}],"about":[{"href":"https:\/\/tecsecmty.com\/index.php\/wp-json\/wp\/v2\/types\/product"}],"replies":[{"embeddable":true,"href":"https:\/\/tecsecmty.com\/index.php\/wp-json\/wp\/v2\/comments?post=6536"}],"version-history":[{"count":0,"href":"https:\/\/tecsecmty.com\/index.php\/wp-json\/wp\/v2\/product\/6536\/revisions"}],"wp:featuredmedia":[{"embeddable":true,"href":"https:\/\/tecsecmty.com\/index.php\/wp-json\/wp\/v2\/media\/6535"}],"wp:attachment":[{"href":"https:\/\/tecsecmty.com\/index.php\/wp-json\/wp\/v2\/media?parent=6536"}],"wp:term":[{"taxonomy":"product_brand","embeddable":true,"href":"https:\/\/tecsecmty.com\/index.php\/wp-json\/wp\/v2\/product_brand?post=6536"},{"taxonomy":"product_cat","embeddable":true,"href":"https:\/\/tecsecmty.com\/index.php\/wp-json\/wp\/v2\/product_cat?post=6536"},{"taxonomy":"product_tag","embeddable":true,"href":"https:\/\/tecsecmty.com\/index.php\/wp-json\/wp\/v2\/product_tag?post=6536"}],"curies":[{"name":"wp","href":"https:\/\/api.w.org\/{rel}","templated":true}]}}