{"id":6545,"date":"2023-02-23T12:07:20","date_gmt":"2023-02-23T18:07:20","guid":{"rendered":"https:\/\/tecsecmty.com\/index.php\/producto\/dahua-dhi-vta2302a-terminal-de-ayuda-o-intercomunicador-2-7-2mp-cmos-de-alta-definicion-baja-iluminacion-panel-de-aluminio-anodizado-iluminacion-automatica-y-vision-nocturna-alarma-de-un-bo\/"},"modified":"2023-03-22T23:22:36","modified_gmt":"2023-03-23T05:22:36","slug":"dahua-dhi-vta2302a-terminal-de-ayuda-o-intercomunicador-2-7-2mp-cmos-de-alta-definicion-baja-iluminacion-panel-de-aluminio-anodizado-iluminacion-automatica-y-vision-nocturna-alarma-de-un-bo","status":"publish","type":"product","link":"https:\/\/tecsecmty.com\/index.php\/producto\/dahua-dhi-vta2302a-terminal-de-ayuda-o-intercomunicador-2-7-2mp-cmos-de-alta-definicion-baja-iluminacion-panel-de-aluminio-anodizado-iluminacion-automatica-y-vision-nocturna-alarma-de-un-bo\/","title":{"rendered":"DAHUA DHI-VTA2302A &#8211; Terminal de ayuda o intercomunicador \/2.7&#8243; 2MP CMOS de alta definici\u00f3n, baja iluminaci\u00f3n \/ Panel de aluminio anodizado \/ Iluminaci\u00f3n autom\u00e1tica y visi\u00f3n nocturna \/ Alarma de un bot\u00f3n, llamada de emergencia SOS"},"content":{"rendered":"<div class=\"row aling-items-center padding-bottom-2x\">\n<div class=\"col-lg-12\">\n<h5 class=\"card-title text-center\">Informaci\u00f3n General<\/h5>\n<p>El producto es un terminal de nueva generaci\u00f3n con procesador de alto rendimiento y admite llamadas de voz con un solo bot\u00f3n, transmisi\u00f3n de voz, escucha, monitoreo y m\u00e1s.<\/p>\n<p><img decoding=\"async\" class=\"overview-center-img-web\" src=\"https:\/\/tvc.mx\/media\/464148\/Terminal-de-ayuda-intercomunicador-VTA2302A-Dahua-imgpp.png\" alt=\"\" \/><\/div>\n<\/div>\n<div class=\"row align-items-center padding-bottom-2x\">\n<div class=\"col-md-5\"><img decoding=\"async\" class=\"d-block m-auto img-thumbnail\" src=\"https:\/\/tvc.mx\/media\/464150\/intercomunicador-dahua.png\" alt=\" \" \/><\/div>\n<div class=\"col-md-7 text-md-left text-center\">\n<h2>Intercomunicador<\/h2>\n<p class=\"text-muted\">\n<p>Anuncia las llamadas y gestiona las conversaciones como mensajes\u00a0de\u00a0voz. As\u00ed, se puede definir\u00a0de\u00a0forma simple como un equipo que recibe y transmite un audio o un video.<\/p>\n<p>&nbsp;<\/p>\n<\/div>\n<\/div>\n<hr class=\"padding-bottom-2x\" \/>\n<div class=\"row align-items-center padding-bottom-2x\">\n<div class=\"col-md-5 order-md-2\"><img decoding=\"async\" class=\"d-block m-auto img-thumbnail\" src=\"https:\/\/tvc.mx\/media\/464152\/llamada-de-emergencia-dahua.png\" alt=\" \" \/><\/div>\n<div class=\"col-md-7 order-md-1 text-md-left text-center\">\n<h2>Llamada de emergencia<\/h2>\n<p class=\"text-muted\">\n<p>La\u00a0funci\u00f3n es avisar sobre el desarrollo de un problema como: un sismo, actos il\u00edcitos o cualquier otra situaci\u00f3n de riesgo.<\/p>\n<p>&nbsp;<\/p>\n<\/div>\n<\/div>\n<hr class=\"padding-bottom-2x\" \/>\n<div class=\"row align-items-center padding-bottom-2x\">\n<div class=\"col-md-5\"><img decoding=\"async\" class=\"d-block m-auto img-thumbnail\" src=\"https:\/\/tvc.mx\/media\/464154\/Terminal-de-ayuda-intercomunicador-VTA2302A-Dahua-caracteristicas.png\" alt=\" \" \/><\/div>\n<div class=\"col-md-7 text-md-left text-center\">\n<h2>Principales Caracter\u00edsticas<\/h2>\n<p class=\"text-muted\">\n<ul>\n<li>Panel de aluminio anodizado<\/li>\n<li>Iluminaci\u00f3n autom\u00e1tica y visi\u00f3n nocturna.<\/li>\n<li>Alarma de un bot\u00f3n, llamada de emergencia SOS<\/li>\n<li>Transmisi\u00f3n de voz<\/li>\n<li>PoE +<\/li>\n<\/ul>\n<p>&nbsp;<\/p>\n<\/div>\n<\/div>\n<hr class=\"padding-bottom-2x\" \/>\n<div class=\"row align-items-center padding-bottom-2x\">\n<div class=\"col-md-5 order-md-2\"><img decoding=\"async\" class=\"d-block m-auto img-thumbnail\" src=\"https:\/\/tvc.mx\/media\/464156\/Terminal-de-ayuda-intercomunicador-VTA2302A-Dahua-especificaciones.png\" alt=\" \" \/><\/div>\n<div class=\"col-md-7 order-md-1 text-md-left text-center\">\n<h2>Especificaciones<\/h2>\n<p class=\"text-muted\">\n<ul>\n<li>1 \/ 2.7 \u00ab2MP CMOS de alta definici\u00f3n, baja iluminaci\u00f3n<\/li>\n<li>Compresi\u00f3n de video H.264<\/li>\n<li>Salida de audio Altavoz incorporado, altavoz activo externo<\/li>\n<li>Modo de audio Llamada de voz bidireccional<\/li>\n<li>Mejora de audio Supresi\u00f3n de eco, reducci\u00f3n de ruido digital<\/li>\n<li>Carcasa: Aluminio<\/li>\n<li>Modo de comunicaci\u00f3n: Totalmente digital<\/li>\n<li>Fuente de alimentaci\u00f3n: DC 12V 2A, PoE est\u00e1ndar (36-57V, 0.35A)<\/li>\n<\/ul>\n<\/div>\n<\/div>\n","protected":false},"excerpt":{"rendered":"<p>Informaci\u00f3n General El producto es un terminal de nueva generaci\u00f3n con procesador de alto rendimiento y admite llamadas de voz con un solo bot\u00f3n, transmisi\u00f3n de voz, escucha, monitoreo y m\u00e1s. Intercomunicador Anuncia las llamadas y gestiona las conversaciones como mensajes\u00a0de\u00a0voz. As\u00ed, se puede definir\u00a0de\u00a0forma&hellip;<\/p>\n","protected":false},"featured_media":6544,"comment_status":"open","ping_status":"closed","template":"","meta":{"om_disable_all_campaigns":false,"_monsterinsights_skip_tracking":false,"_monsterinsights_sitenote_active":false,"_monsterinsights_sitenote_note":"","_monsterinsights_sitenote_category":0},"product_brand":[],"product_cat":[556],"product_tag":[513,514,511,516,519,517,520,515,181,518,512],"class_list":{"0":"post-6545","1":"product","2":"type-product","3":"status-publish","4":"has-post-thumbnail","6":"product_cat-frentes-de-calle-videoporteros-ip","7":"product_tag-altavoces","8":"product_tag-amplificadores","9":"product_tag-audio-y-video","10":"product_tag-audioporteros","11":"product_tag-digital-signage","12":"product_tag-intercomunicadores","13":"product_tag-kits-videoporteros","14":"product_tag-mezcladoras","15":"product_tag-microfonos","16":"product_tag-sistemas-de-enfermeria","17":"product_tag-videoporteros","19":"first","20":"instock","21":"sale","22":"taxable","23":"shipping-taxable","24":"purchasable","25":"product-type-simple"},"aioseo_notices":[],"_links":{"self":[{"href":"https:\/\/tecsecmty.com\/index.php\/wp-json\/wp\/v2\/product\/6545","targetHints":{"allow":["GET"]}}],"collection":[{"href":"https:\/\/tecsecmty.com\/index.php\/wp-json\/wp\/v2\/product"}],"about":[{"href":"https:\/\/tecsecmty.com\/index.php\/wp-json\/wp\/v2\/types\/product"}],"replies":[{"embeddable":true,"href":"https:\/\/tecsecmty.com\/index.php\/wp-json\/wp\/v2\/comments?post=6545"}],"version-history":[{"count":0,"href":"https:\/\/tecsecmty.com\/index.php\/wp-json\/wp\/v2\/product\/6545\/revisions"}],"wp:featuredmedia":[{"embeddable":true,"href":"https:\/\/tecsecmty.com\/index.php\/wp-json\/wp\/v2\/media\/6544"}],"wp:attachment":[{"href":"https:\/\/tecsecmty.com\/index.php\/wp-json\/wp\/v2\/media?parent=6545"}],"wp:term":[{"taxonomy":"product_brand","embeddable":true,"href":"https:\/\/tecsecmty.com\/index.php\/wp-json\/wp\/v2\/product_brand?post=6545"},{"taxonomy":"product_cat","embeddable":true,"href":"https:\/\/tecsecmty.com\/index.php\/wp-json\/wp\/v2\/product_cat?post=6545"},{"taxonomy":"product_tag","embeddable":true,"href":"https:\/\/tecsecmty.com\/index.php\/wp-json\/wp\/v2\/product_tag?post=6545"}],"curies":[{"name":"wp","href":"https:\/\/api.w.org\/{rel}","templated":true}]}}