{"id":6547,"date":"2023-02-23T12:07:22","date_gmt":"2023-02-23T18:07:22","guid":{"rendered":"https:\/\/tecsecmty.com\/index.php\/producto\/dahua-dhi-vto2101e-p-s2-frente-de-calle-para-videoportero-ip-antivandalico-ik10-funcion-independiente-metalico-ip65-camara-de-2-megapixeles-soporta-mensajes-de-video-y-audio-poe-802-3-af-ape\/"},"modified":"2023-03-22T23:22:36","modified_gmt":"2023-03-23T05:22:36","slug":"dahua-dhi-vto2101e-p-s2-frente-de-calle-para-videoportero-ip-antivandalico-ik10-funcion-independiente-metalico-ip65-camara-de-2-megapixeles-soporta-mensajes-de-video-y-audio-poe-802-3-af-ape","status":"publish","type":"product","link":"https:\/\/tecsecmty.com\/index.php\/producto\/dahua-dhi-vto2101e-p-s2-frente-de-calle-para-videoportero-ip-antivandalico-ik10-funcion-independiente-metalico-ip65-camara-de-2-megapixeles-soporta-mensajes-de-video-y-audio-poe-802-3-af-ape\/","title":{"rendered":"DAHUA DHI-VTO2101E-P-S2 &#8211; Frente de Calle para Videoportero IP\/ Antivandalico IK10\/ Funcion Independiente\/ Metalico\/ IP65\/ Camara de 2 Megapixeles\/ Soporta Mensajes de Video y Audio\/ PoE 802.3 af\/ Apertura de Puerta\/ #LoNuevo"},"content":{"rendered":"<div class=\"row aling-items-center padding-bottom-2x\">\n<div class=\"col-lg-12\">\n<h5 class=\"card-title text-center\">Informaci\u00f3n General<\/h5>\n<p>El modelo\u00a0<strong>VTO2101E-P-S2<\/strong>\u00a0es un video portero el cual permite una perfecta visi\u00f3n hacia el exterior, ya que cuenta con una c\u00e1mara de 2Megapixeles que nos proporciona un \u00e1ngulo horizontal de visi\u00f3n de 45\u00b0 y as\u00ed tener una imagen de video en HD de la persona que se comunica desde el exterior. Aleaci\u00f3n de zinc con aluminio, lo cual tiene un \u00edndice de protecci\u00f3n de IP65 y un IK10.<\/p>\n<p><img decoding=\"async\" class=\"overview-center-img-web\" src=\"https:\/\/tvc.mx\/media\/494680\/frente-de-calle-para-videoportero-ip-antivandalico-camara-2-megapixeles-VTO2101E-P-S2-Dahua.png\" alt=\"\" \/><\/div>\n<\/div>\n<div class=\"row align-items-center padding-bottom-2x\">\n<div class=\"col-md-5\"><img decoding=\"async\" class=\"d-block m-auto img-thumbnail\" src=\"https:\/\/tvc.mx\/media\/483458\/antivandalica-dahua.png\" alt=\" \" \/><\/div>\n<div class=\"col-md-7 text-md-left text-center\">\n<h2>Antivand\u00e1lico<\/h2>\n<p class=\"text-muted\">\n<p>Panel de aleaci\u00f3n de zinc, IP65, IK10<\/p>\n<p>Con la protecci\u00f3n IK10 hace que sea Anti-Vand\u00e1lico, Soportando golpes directos.<\/p>\n<p>IP65, Protecci\u00f3n contra Polvo, agua, resistente<\/p>\n<p>&nbsp;<\/p>\n<\/div>\n<\/div>\n<hr class=\"padding-bottom-2x\" \/>\n<div class=\"row align-items-center padding-bottom-2x\">\n<div class=\"col-md-5 order-md-2\"><img decoding=\"async\" class=\"d-block m-auto img-thumbnail\" src=\"https:\/\/tvc.mx\/media\/483460\/llamada-grupal-dahua.png\" alt=\" \" \/><\/div>\n<div class=\"col-md-7 order-md-1 text-md-left text-center\">\n<h2>Llamada en grupo<\/h2>\n<p class=\"text-muted\">\n<p>Con el\u00a0<strong>VTO2101E-P-S2<\/strong>\u00a0podemos agregar 1 Maestro y hasta 5 monitores\/extensiones IP (VTH) los cuales pueden realizar llamadas entre si al mismo tiempo, con esto es posible conversar entre los monitores que se encuentran conectados a un mismo frente de calle, ejemplo: el monitor de la sala puede tener comunicaci\u00f3n con el monitor de una rec\u00e1mara o cocina, etc.<\/p>\n<p>&nbsp;<\/p>\n<\/div>\n<\/div>\n<hr class=\"padding-bottom-2x\" \/>\n<div class=\"row align-items-center padding-bottom-2x\">\n<div class=\"col-md-5\"><img decoding=\"async\" class=\"d-block m-auto img-thumbnail\" src=\"https:\/\/tvc.mx\/media\/483462\/frente-de-calle-para-videoportero-ip-antivandalico-camara-2-megapixeles-VTO2101E-P-S2-Dahua-caracteristicas.png\" alt=\" \" \/><\/div>\n<div class=\"col-md-7 text-md-left text-center\">\n<h2>Principales Caracter\u00edsticas<\/h2>\n<p class=\"text-muted\">\n<ul>\n<li>C\u00e1mara CMOS HD<\/li>\n<li>Panel de aleaci\u00f3n de Zinc, IP65, IK10<\/li>\n<li>ICR visi\u00f3n nocturna y la indicaci\u00f3n de voz<\/li>\n<li>De v\u00eddeo y audio de mensajer\u00eda<\/li>\n<li>TCP \/ IP, SIP<\/li>\n<li>Montadas en superficie<\/li>\n<\/ul>\n<p>&nbsp;<\/p>\n<\/div>\n<\/div>\n<hr class=\"padding-bottom-2x\" \/>\n<div class=\"row align-items-center padding-bottom-2x\">\n<div class=\"col-md-5 order-md-2\"><img decoding=\"async\" class=\"d-block m-auto img-thumbnail\" src=\"https:\/\/tvc.mx\/media\/483464\/frente-de-calle-para-videoportero-ip-antivandalico-camara-2-megapixeles-VTO2101E-P-S2-Dahua-especificaciones.png\" alt=\" \" \/><\/div>\n<div class=\"col-md-7 order-md-1 text-md-left text-center\">\n<h2>Especificaciones<\/h2>\n<p class=\"text-muted\">\n<ul>\n<li>Procesador principal Micro procesador embebido<\/li>\n<li>1 \/ 2.7\u201d 2MP CMOS<\/li>\n<li>Longitud focal 2.8mm<\/li>\n<li>\u00c1ngulo de visi\u00f3n de ajuste Horizontal: -45 \u00b0 ~ + 45 \u00b0<\/li>\n<li>Compresi\u00f3n de video H.264<\/li>\n<li>Modo BLC WDR<\/li>\n<li>Mic omnidireccional<\/li>\n<li>Altavoz incorporado<\/li>\n<li>1 bot\u00f3n mec\u00e1nico<\/li>\n<li>Protecci\u00f3n de ingreso IP65, IK10<\/li>\n<li>Poder DC 12V, PoE (802.3af)<\/li>\n<\/ul>\n<\/div>\n<\/div>\n","protected":false},"excerpt":{"rendered":"<p>Informaci\u00f3n General El modelo\u00a0VTO2101E-P-S2\u00a0es un video portero el cual permite una perfecta visi\u00f3n hacia el exterior, ya que cuenta con una c\u00e1mara de 2Megapixeles que nos proporciona un \u00e1ngulo horizontal de visi\u00f3n de 45\u00b0 y as\u00ed tener una imagen de video en HD de la&hellip;<\/p>\n","protected":false},"featured_media":6546,"comment_status":"open","ping_status":"closed","template":"","meta":{"om_disable_all_campaigns":false,"_monsterinsights_skip_tracking":false,"_monsterinsights_sitenote_active":false,"_monsterinsights_sitenote_note":"","_monsterinsights_sitenote_category":0},"product_brand":[],"product_cat":[556],"product_tag":[513,514,511,516,519,517,520,515,181,518,512],"class_list":{"0":"post-6547","1":"product","2":"type-product","3":"status-publish","4":"has-post-thumbnail","6":"product_cat-frentes-de-calle-videoporteros-ip","7":"product_tag-altavoces","8":"product_tag-amplificadores","9":"product_tag-audio-y-video","10":"product_tag-audioporteros","11":"product_tag-digital-signage","12":"product_tag-intercomunicadores","13":"product_tag-kits-videoporteros","14":"product_tag-mezcladoras","15":"product_tag-microfonos","16":"product_tag-sistemas-de-enfermeria","17":"product_tag-videoporteros","19":"first","20":"instock","21":"sale","22":"taxable","23":"shipping-taxable","24":"purchasable","25":"product-type-simple"},"aioseo_notices":[],"_links":{"self":[{"href":"https:\/\/tecsecmty.com\/index.php\/wp-json\/wp\/v2\/product\/6547","targetHints":{"allow":["GET"]}}],"collection":[{"href":"https:\/\/tecsecmty.com\/index.php\/wp-json\/wp\/v2\/product"}],"about":[{"href":"https:\/\/tecsecmty.com\/index.php\/wp-json\/wp\/v2\/types\/product"}],"replies":[{"embeddable":true,"href":"https:\/\/tecsecmty.com\/index.php\/wp-json\/wp\/v2\/comments?post=6547"}],"version-history":[{"count":0,"href":"https:\/\/tecsecmty.com\/index.php\/wp-json\/wp\/v2\/product\/6547\/revisions"}],"wp:featuredmedia":[{"embeddable":true,"href":"https:\/\/tecsecmty.com\/index.php\/wp-json\/wp\/v2\/media\/6546"}],"wp:attachment":[{"href":"https:\/\/tecsecmty.com\/index.php\/wp-json\/wp\/v2\/media?parent=6547"}],"wp:term":[{"taxonomy":"product_brand","embeddable":true,"href":"https:\/\/tecsecmty.com\/index.php\/wp-json\/wp\/v2\/product_brand?post=6547"},{"taxonomy":"product_cat","embeddable":true,"href":"https:\/\/tecsecmty.com\/index.php\/wp-json\/wp\/v2\/product_cat?post=6547"},{"taxonomy":"product_tag","embeddable":true,"href":"https:\/\/tecsecmty.com\/index.php\/wp-json\/wp\/v2\/product_tag?post=6547"}],"curies":[{"name":"wp","href":"https:\/\/api.w.org\/{rel}","templated":true}]}}