{"id":6549,"date":"2023-02-23T12:07:24","date_gmt":"2023-02-23T18:07:24","guid":{"rendered":"https:\/\/tecsecmty.com\/index.php\/producto\/dahua-dhi-vto2211g-wp-frente-de-calle-wifi-para-videoportero-ip-funcion-independiente-diseno-ultradelgado-y-estetico-2-megapixeles-y-125-grados-de-apertura-apertura-de-puerta-con-tarjeta-mifare\/"},"modified":"2023-03-22T23:22:36","modified_gmt":"2023-03-23T05:22:36","slug":"dahua-dhi-vto2211g-wp-frente-de-calle-wifi-para-videoportero-ip-funcion-independiente-diseno-ultradelgado-y-estetico-2-megapixeles-y-125-grados-de-apertura-apertura-de-puerta-con-tarjeta-mifare","status":"publish","type":"product","link":"https:\/\/tecsecmty.com\/index.php\/producto\/dahua-dhi-vto2211g-wp-frente-de-calle-wifi-para-videoportero-ip-funcion-independiente-diseno-ultradelgado-y-estetico-2-megapixeles-y-125-grados-de-apertura-apertura-de-puerta-con-tarjeta-mifare\/","title":{"rendered":"DAHUA DHI-VTO2211G-WP &#8211; Frente de Calle Wifi para Videoportero IP\/ Funci\u00f3n Independiente\/ Dise\u00f1o Ultradelgado y Estetico\/ 2 Megapixeles y 125 Grados de Apertura\/ Apertura de Puerta con Tarjeta Mifare, App y Monitor\/ IP65\/ Poe\/ E&amp;S de Alarma\/"},"content":{"rendered":"<div class=\"row aling-items-center padding-bottom-2x\">\n<div class=\"col-lg-12\">\n<h5 class=\"card-title text-center\">Informaci\u00f3n general<\/h5>\n<p>El modelo\u00a0<strong>VTO2211G-WP<\/strong>\u00a0es un frente de calle IP para apartamento el cual permite tener una perfecta visi\u00f3n hacia el exterior, ya que cuenta con una c\u00e1mara HD de 2 megap\u00edxel. Cuenta con la capacidad de poder realizar apertura de una contrachapa desde cualquier monitor interior o funcionar de forma\u00a0<strong>independiente\u00a0<\/strong>a trav\u00e9s de la\u00a0<strong>APP<\/strong>\u00a0(sin necesidad de monitor).<\/p>\n<p>En cuesti\u00f3n de la noche, cuenta con una visi\u00f3n nocturna lo cual permite tener una mejor visi\u00f3n de la persona que se comunica desde este dispositivo<\/p>\n<p><img decoding=\"async\" class=\"overview-center-img-web\" src=\"https:\/\/tvc.mx\/media\/462762\/frente-de-calle-videoportero-ip-wifi-tarjetas-mifare-ip65-VTO2211G-WP-Dahua.png\" alt=\"\" \/><\/div>\n<\/div>\n<div class=\"row align-items-center padding-bottom-2x\">\n<div class=\"col-md-5\"><img decoding=\"async\" class=\"d-block m-auto img-thumbnail\" src=\"https:\/\/tvc.mx\/media\/462764\/reconocimiento-wifi.png\" alt=\" \" \/><\/div>\n<div class=\"col-md-7 text-md-left text-center\">\n<h2>WIFI &amp; PoE Integrado<\/h2>\n<p class=\"text-muted\">\n<p>El VTO2211G-WP es un dispositivo IP que soporta la conexi\u00f3n WIFI compatible con el est\u00e1ndar IEEE802.11b\/802.11g\/802.11n la cual nos permite tener una conexi\u00f3n estable con otros dispositivos que trabajan con el mismo est\u00e1ndar, adem\u00e1s el frente de calle cuenta con el protocolo POE el cual permite que sea energizado con un cable de red desde un switch poe que cuente con el mismo protocolo POE, teniendo una distancia m\u00e1xima de 100mts..<\/p>\n<p>&nbsp;<\/p>\n<\/div>\n<\/div>\n<hr class=\"padding-bottom-2x\" \/>\n<div class=\"row align-items-center padding-bottom-2x\">\n<div class=\"col-md-5 order-md-2\"><img decoding=\"async\" class=\"d-block m-auto img-thumbnail\" src=\"https:\/\/tvc.mx\/media\/462766\/P2P-dahua.png\" alt=\" \" \/><\/div>\n<div class=\"col-md-7 order-md-1 text-md-left text-center\">\n<h2>Conexi\u00f3n P2P<\/h2>\n<p class=\"text-muted\">\n<p>Esta funci\u00f3n permite escanear el c\u00f3digo QR el cual es \u00fanico en cada uno de los dispositivos Dahua, de esta manera podemos tener acceso al dispositivo sin necesidad de apertura de puertos, crear dominio, etc. Esta funci\u00f3n permite tener hasta en 5 celulares el monitoreo y el envi\u00f3 de notificaciones a los mismos.<\/p>\n<p>&nbsp;<\/p>\n<\/div>\n<\/div>\n<hr class=\"padding-bottom-2x\" \/>\n<div class=\"row align-items-center padding-bottom-2x\">\n<div class=\"col-md-5\"><img decoding=\"async\" class=\"d-block m-auto img-thumbnail\" src=\"https:\/\/tvc.mx\/media\/462768\/DMSS-Dahua.png\" alt=\" \" \/><\/div>\n<div class=\"col-md-7 text-md-left text-center\">\n<h2>Aplicaci\u00f3n DMSS<\/h2>\n<p class=\"text-muted\">\n<p class=\"ql-align-justify\">Con el\u00a0VTO2211G-W-P\u00a0podemos realizar la apertura de puerta desde cualquier parte del mundo a trav\u00e9s de Internet con la aplicaci\u00f3n m\u00f3vil\u00a0DMSS\u00a0(versi\u00f3n gratuita) con la cual al momento de presionar el frente de calle\u00a0VTO2211G-W-P el tel\u00e9fono (donde se tenga agregado el dispositivo) recibir\u00e1 una notificaci\u00f3n del evento, con el cual se puede tener una conversaci\u00f3n remota y adicional la apertura de la puerta. Para las notificaciones deber\u00e1 tener configurado el push video en el celular.<\/p>\n<p>&nbsp;<\/p>\n<\/div>\n<\/div>\n<hr class=\"padding-bottom-2x\" \/>\n<div class=\"row align-items-center padding-bottom-2x\">\n<div class=\"col-md-5 order-md-2\"><img decoding=\"async\" class=\"d-block m-auto img-thumbnail\" src=\"https:\/\/tvc.mx\/media\/462770\/frente-de-calle-videoportero-ip-wifi-tarjetas-mifare-ip65-VTO2211G-WP-Dahua-caracteristicas.png\" alt=\" \" \/><\/div>\n<div class=\"col-md-7 order-md-1 text-md-left text-center\">\n<h2>Principales caracter\u00edsticas<\/h2>\n<p class=\"text-muted\">\n<ul>\n<li>Puede funcionar s\u00f3lo con la aplicaci\u00f3n m\u00f3vil, sin el monitor VTH,<\/li>\n<li>La funci\u00f3n de monitor con posibilidad de abrir la puerta se puede desempe\u00f1ar por un smartphone, una tableta o un panel interior VTH<\/li>\n<li>Detecci\u00f3n de movimiento,<\/li>\n<li>WDR &#8211; 120 dB &#8211; Amplio rango din\u00e1mico de la iluminaci\u00f3n,<\/li>\n<li>3D-DNR &#8211; Reducci\u00f3n digital de ruido en la imagen,<\/li>\n<li>Comunicaci\u00f3n bidireccional,<\/li>\n<li>Micr\u00f3fono integrado,<\/li>\n<li>Altavoces incorporados,<\/li>\n<li>Detecci\u00f3n de manipulaci\u00f3n &#8211; abertura de la carcasa,<\/li>\n<li>Entradas para detector con interruptor de l\u00e1minas y bot\u00f3n para la solicitud de salida,<\/li>\n<li>Soporte para tarjetas microSD &#8211; max. 128 GB,<\/li>\n<li>Apoyo total a trav\u00e9s de la red : WiFi \/ LAN,<\/li>\n<li>El videoportero se instala en una carcasa de superficie<\/li>\n<\/ul>\n<p>&nbsp;<\/p>\n<\/div>\n<\/div>\n<hr class=\"padding-bottom-2x\" \/>\n<div class=\"row align-items-center padding-bottom-2x\">\n<div class=\"col-md-5\"><img decoding=\"async\" class=\"d-block m-auto img-thumbnail\" src=\"https:\/\/tvc.mx\/media\/462772\/frente-de-calle-videoportero-ip-wifi-tarjetas-mifare-ip65-VTO2211G-WP-Dahua-especificaciones.png\" alt=\" \" \/><\/div>\n<div class=\"col-md-7 text-md-left text-center\">\n<h2>Especificaciones<\/h2>\n<p class=\"text-muted\">\n<ul>\n<li>2 megap\u00edxeles<\/li>\n<li>\u00c1ngulo de visi\u00f3n de la c\u00e1mara:125\u00a0\u00b0<\/li>\n<li>Iluminador IR<\/li>\n<li>Lector de proximidad incorporado: Tarjetas de control de acceso &#8211; Mifare<\/li>\n<li>Rango de la transmisi\u00f3n inal\u00e1mbrica:El alcance se limita s\u00f3lo por la disponibilidad de la red Wi-Fi<\/li>\n<li>M\u00e9todo de compresi\u00f3n de im\u00e1genes:H.264<\/li>\n<li>Alimentaci\u00f3n:\u00a0PoE (802.3af),\u00a012\u00a0V\u00a0DC\u00a0\/ 590\u00a0mA<\/li>\n<li>Carcasa: Pl\u00e1stico<\/li>\n<li>Grado de protecci\u00f3n:IP65<\/li>\n<\/ul>\n<\/div>\n<\/div>\n","protected":false},"excerpt":{"rendered":"<p>Informaci\u00f3n general El modelo\u00a0VTO2211G-WP\u00a0es un frente de calle IP para apartamento el cual permite tener una perfecta visi\u00f3n hacia el exterior, ya que cuenta con una c\u00e1mara HD de 2 megap\u00edxel. Cuenta con la capacidad de poder realizar apertura de una contrachapa desde cualquier monitor&hellip;<\/p>\n","protected":false},"featured_media":6548,"comment_status":"open","ping_status":"closed","template":"","meta":{"om_disable_all_campaigns":false,"_monsterinsights_skip_tracking":false,"_monsterinsights_sitenote_active":false,"_monsterinsights_sitenote_note":"","_monsterinsights_sitenote_category":0},"product_brand":[],"product_cat":[556],"product_tag":[513,514,511,516,519,517,520,515,181,518,512],"class_list":{"0":"post-6549","1":"product","2":"type-product","3":"status-publish","4":"has-post-thumbnail","6":"product_cat-frentes-de-calle-videoporteros-ip","7":"product_tag-altavoces","8":"product_tag-amplificadores","9":"product_tag-audio-y-video","10":"product_tag-audioporteros","11":"product_tag-digital-signage","12":"product_tag-intercomunicadores","13":"product_tag-kits-videoporteros","14":"product_tag-mezcladoras","15":"product_tag-microfonos","16":"product_tag-sistemas-de-enfermeria","17":"product_tag-videoporteros","19":"first","20":"instock","21":"sale","22":"taxable","23":"shipping-taxable","24":"purchasable","25":"product-type-simple"},"aioseo_notices":[],"_links":{"self":[{"href":"https:\/\/tecsecmty.com\/index.php\/wp-json\/wp\/v2\/product\/6549","targetHints":{"allow":["GET"]}}],"collection":[{"href":"https:\/\/tecsecmty.com\/index.php\/wp-json\/wp\/v2\/product"}],"about":[{"href":"https:\/\/tecsecmty.com\/index.php\/wp-json\/wp\/v2\/types\/product"}],"replies":[{"embeddable":true,"href":"https:\/\/tecsecmty.com\/index.php\/wp-json\/wp\/v2\/comments?post=6549"}],"version-history":[{"count":0,"href":"https:\/\/tecsecmty.com\/index.php\/wp-json\/wp\/v2\/product\/6549\/revisions"}],"wp:featuredmedia":[{"embeddable":true,"href":"https:\/\/tecsecmty.com\/index.php\/wp-json\/wp\/v2\/media\/6548"}],"wp:attachment":[{"href":"https:\/\/tecsecmty.com\/index.php\/wp-json\/wp\/v2\/media?parent=6549"}],"wp:term":[{"taxonomy":"product_brand","embeddable":true,"href":"https:\/\/tecsecmty.com\/index.php\/wp-json\/wp\/v2\/product_brand?post=6549"},{"taxonomy":"product_cat","embeddable":true,"href":"https:\/\/tecsecmty.com\/index.php\/wp-json\/wp\/v2\/product_cat?post=6549"},{"taxonomy":"product_tag","embeddable":true,"href":"https:\/\/tecsecmty.com\/index.php\/wp-json\/wp\/v2\/product_tag?post=6549"}],"curies":[{"name":"wp","href":"https:\/\/api.w.org\/{rel}","templated":true}]}}