{"id":6559,"date":"2023-02-23T12:07:35","date_gmt":"2023-02-23T18:07:35","guid":{"rendered":"https:\/\/tecsecmty.com\/index.php\/producto\/dahua-vto2111d-p-s2-frente-de-calle-de-videoportero-ip-alambrico-funcion-independiente-angulo-vision-107-grados-con-wdr-soporta-apertura-de-puerta-por-app-tarjeta-y-desde-monitor-uso-exterior\/"},"modified":"2023-03-22T23:23:11","modified_gmt":"2023-03-23T05:23:11","slug":"dahua-vto2111d-p-s2-frente-de-calle-de-videoportero-ip-alambrico-funcion-independiente-angulo-vision-107-grados-con-wdr-soporta-apertura-de-puerta-por-app-tarjeta-y-desde-monitor-uso-exterior","status":"publish","type":"product","link":"https:\/\/tecsecmty.com\/index.php\/producto\/dahua-vto2111d-p-s2-frente-de-calle-de-videoportero-ip-alambrico-funcion-independiente-angulo-vision-107-grados-con-wdr-soporta-apertura-de-puerta-por-app-tarjeta-y-desde-monitor-uso-exterior\/","title":{"rendered":"DAHUA VTO2111D-P-S2 &#8211; Frente de Calle de Videoportero IP\/ Al\u00e1mbrico\/ Funci\u00f3n Independiente\/ Angulo Visi\u00f3n 107 Grados con WDR \/ Soporta Apertura de Puerta por APP, Tarjeta y desde Monitor\/ Uso Exterior IP65\/ PoE\/ Soporta Hasta 10 Monitores\/"},"content":{"rendered":"<div class=\"row aling-items-center padding-bottom-2x\">\n<div class=\"col-lg-12\">\n<h5 class=\"card-title text-center\">Informaci\u00f3n General<\/h5>\n<p>El modelo\u00a0<strong>VTO2111D-P-S2\u00a0<\/strong>es un frente de calle IP para apartamento el cual permite tener una perfecta visi\u00f3n hacia el exterior, ya que cuenta con una c\u00e1mara de 1 Megap\u00edxel que nos proporciona un \u00e1ngulo de visi\u00f3n de 107 grados lo cual permite tener una mejor visi\u00f3n de la persona que se comunica desde este dispositivo. Cuenta con la capacidad de poder realizar apertura de una contrachapa desde cualquier monitor interior o funcionar de forma\u00a0<strong>independiente\u00a0<\/strong>con el uso de la\u00a0<strong>APP<\/strong>. (Sin necesidad de monitor VTH)<\/p>\n<p><img decoding=\"async\" class=\"overview-center-img-web\" src=\"https:\/\/tvc.mx\/media\/399555\/Dahua-VTO2111D-P-S2-Portero-ip-Villa-PoE.png\" alt=\"\" \/><\/div>\n<\/div>\n<div class=\"row align-items-center padding-bottom-2x\">\n<div class=\"col-md-5 order-md-2\"><img decoding=\"async\" class=\"d-block m-auto img-thumbnail\" src=\"https:\/\/tvc.mx\/media\/399559\/smartpss-dahua.png\" alt=\" \" \/><\/div>\n<div class=\"col-md-7 order-md-1 text-md-left text-center\">\n<h2>M\u00e9todos de Apertura<\/h2>\n<p class=\"text-muted\">\n<p>El\u00a0<strong>VTO2111D-P-S2\u00a0<\/strong>soporta m\u00faltiples m\u00e9todos de apertura, desde la App DMSS PLUS, el software de monitoreo SmartPSS, tambi\u00e9n a trav\u00e9s de una tarjeta de proximidad Mifare (No inclu\u00edda) y tambi\u00e9n desde el o los monitores configurados a el\u00a0<strong>VTO2111D-P-S2<\/strong>.<\/p>\n<p><strong>El VTO2111D-P-S2 soporta hasta 10 monitores IP de cualquier modelo de la marca Dahua.<\/strong><\/p>\n<p>&nbsp;<\/p>\n<\/div>\n<\/div>\n<hr class=\"padding-bottom-2x\" \/>\n<div class=\"row align-items-center padding-bottom-2x\">\n<div class=\"col-md-5\"><img decoding=\"async\" class=\"d-block m-auto img-thumbnail\" src=\"https:\/\/tvc.mx\/media\/399563\/P2P-dahua.png\" alt=\" \" \/><\/div>\n<div class=\"col-md-7 text-md-left text-center\">\n<h2>Conexi\u00f3n P2P<\/h2>\n<p class=\"text-muted\">\n<p>Esta funci\u00f3n permite escanear el c\u00f3digo QR el cual es \u00fanico en cada uno de los dispositivos Dahua, de esta manera podemos tener acceso al dispositivo sin necesidad de apertura de puertos, crear dominio, etc.\u00a0Esta funci\u00f3n permite tener hasta en 5 celulares un mismo usuario ya sea el usuario admin o un usuario nuevo.<\/p>\n<p>&nbsp;<\/p>\n<\/div>\n<\/div>\n<hr class=\"padding-bottom-2x\" \/>\n<div class=\"row align-items-center padding-bottom-2x\">\n<div class=\"col-md-5 order-md-2\"><img decoding=\"async\" class=\"d-block m-auto img-thumbnail\" src=\"https:\/\/tvc.mx\/media\/399567\/amplio-rango-de-vision-videoportero-dahua.png\" alt=\" \" \/><\/div>\n<div class=\"col-md-7 order-md-1 text-md-left text-center\">\n<h2>Amplio Rango de Visi\u00f3n<\/h2>\n<p class=\"text-muted\">\n<p class=\"ql-align-justify\">Gracias a su amplio \u00e1ngulo de 107\u00b0, el equipo es capaz de brindarnos una visi\u00f3n de las personas y en entorno del lugar. lo que nos permite tener una vigilancia en la entrada de nuestro hogar o negocio<\/p>\n<p>&nbsp;<\/p>\n<\/div>\n<\/div>\n<hr class=\"padding-bottom-2x\" \/>\n<div class=\"row align-items-center padding-bottom-2x\">\n<div class=\"col-md-5\"><img decoding=\"async\" class=\"d-block m-auto img-thumbnail\" src=\"https:\/\/tvc.mx\/media\/399571\/Dahua-VTO2111D-P-S2-Portero-ip-Villa-PoE-pp-caracteristicas.png\" alt=\" \" \/><\/div>\n<div class=\"col-md-7 text-md-left text-center\">\n<h2>Principales caracter\u00edsticas<\/h2>\n<p class=\"text-muted\">\n<ul>\n<li>Puede funcionar s\u00f3lo con la aplicaci\u00f3n m\u00f3vil, sin el monitor VTH<\/li>\n<li>La funci\u00f3n de monitor con posibilidad de abrir la puerta se puede desempe\u00f1ar por un smartphone, una tableta o un panel interior VTH<\/li>\n<li>Detecci\u00f3n de movimiento<\/li>\n<li>WDR &#8211; Amplio rango din\u00e1mico de la iluminaci\u00f3n<\/li>\n<li>Comunicaci\u00f3n bidireccional,<\/li>\n<li>Micr\u00f3fono integrado,<\/li>\n<li>Altavoces incorporados,<\/li>\n<li>Detecci\u00f3n de manipulaci\u00f3n &#8211; abertura de la carcasa,<\/li>\n<li class=\"ql-align-justify\">Entradas para detector con interruptor de l\u00e1minas y bot\u00f3n para la solicitud de salida<\/li>\n<\/ul>\n<p>&nbsp;<\/p>\n<\/div>\n<\/div>\n<hr class=\"padding-bottom-2x\" \/>\n<div class=\"row align-items-center padding-bottom-2x\">\n<div class=\"col-md-5 order-md-2\"><img decoding=\"async\" class=\"d-block m-auto img-thumbnail\" src=\"https:\/\/tvc.mx\/media\/399575\/Dahua-VTO2111D-P-S2-Portero-ip-Villa-PoE-especificaciones.png\" alt=\" \" \/><\/div>\n<div class=\"col-md-7 order-md-1 text-md-left text-center\">\n<h2>Especificaciones<\/h2>\n<p class=\"text-muted\">\n<ul>\n<li>1\/4\u00a0\u00ab, 1\u00a0Mpx\u00a0CMOS<\/li>\n<li>\u00c1ngulo de visi\u00f3n:107\u00a0\u00b0<\/li>\n<li>M\u00e9todo de compresi\u00f3n de im\u00e1genes:H.264<\/li>\n<li>Lector de proximidad incorporado:Tarjetas de control de acceso &#8211; MIfare S50<\/li>\n<li>UTP de la cat. 5e<\/li>\n<li>Alimentaci\u00f3n: PoE (802.3af), 12\u00a0V\u00a0DC\u00a0\/ 1000\u00a0mA<\/li>\n<li>Carcasa: Aleaci\u00f3n de zinc, A prueba de agua<\/li>\n<li>Grado de protecci\u00f3n:IP65<\/li>\n<\/ul>\n<p>&nbsp;<\/p>\n<\/div>\n<\/div>\n<hr class=\"padding-bottom-2x\" \/>\n<div class=\"row align-items-center padding-bottom-2x\">\n<div class=\"col-md-5\"><img decoding=\"async\" class=\"d-block m-auto img-thumbnail\" src=\"https:\/\/tvc.mx\/media\/463294\/Videoportero_Frente_de_calle_IP_VTO2111D-P-S2_Contenido_Dahua_.png\" alt=\" \" \/><\/div>\n<div class=\"col-md-7 text-md-left text-center\">\n<h2>Incluye:<\/h2>\n<p class=\"text-muted\">\n<ul>\n<li>1 VTO2111D-P-S2<\/li>\n<li>Base para montaje de VTO<\/li>\n<li>Tornillos<\/li>\n<li>Taquetes<\/li>\n<li>Tap\u00f3n de sellado<\/li>\n<li>Arn\u00e9s RJ45<\/li>\n<li>Arn\u00e9s de conexi\u00f3n a rel\u00e9<\/li>\n<li>Llave L tipo torx<\/li>\n<li>P\u00f3liza de garant\u00eda<\/li>\n<li>Gu\u00eda con informaci\u00f3n legal y reglamentaria<\/li>\n<li>Calcoman\u00eda con QR para descargar manuales desde Internet<\/li>\n<\/ul>\n<\/div>\n<\/div>\n","protected":false},"excerpt":{"rendered":"<p>Informaci\u00f3n General El modelo\u00a0VTO2111D-P-S2\u00a0es un frente de calle IP para apartamento el cual permite tener una perfecta visi\u00f3n hacia el exterior, ya que cuenta con una c\u00e1mara de 1 Megap\u00edxel que nos proporciona un \u00e1ngulo de visi\u00f3n de 107 grados lo cual permite tener una&hellip;<\/p>\n","protected":false},"featured_media":6558,"comment_status":"open","ping_status":"closed","template":"","meta":{"om_disable_all_campaigns":false,"_monsterinsights_skip_tracking":false,"_monsterinsights_sitenote_active":false,"_monsterinsights_sitenote_note":"","_monsterinsights_sitenote_category":0},"product_brand":[],"product_cat":[556],"product_tag":[513,514,511,516,519,517,520,515,181,518,512],"class_list":{"0":"post-6559","1":"product","2":"type-product","3":"status-publish","4":"has-post-thumbnail","6":"product_cat-frentes-de-calle-videoporteros-ip","7":"product_tag-altavoces","8":"product_tag-amplificadores","9":"product_tag-audio-y-video","10":"product_tag-audioporteros","11":"product_tag-digital-signage","12":"product_tag-intercomunicadores","13":"product_tag-kits-videoporteros","14":"product_tag-mezcladoras","15":"product_tag-microfonos","16":"product_tag-sistemas-de-enfermeria","17":"product_tag-videoporteros","19":"first","20":"instock","21":"sale","22":"taxable","23":"shipping-taxable","24":"purchasable","25":"product-type-simple"},"aioseo_notices":[],"_links":{"self":[{"href":"https:\/\/tecsecmty.com\/index.php\/wp-json\/wp\/v2\/product\/6559","targetHints":{"allow":["GET"]}}],"collection":[{"href":"https:\/\/tecsecmty.com\/index.php\/wp-json\/wp\/v2\/product"}],"about":[{"href":"https:\/\/tecsecmty.com\/index.php\/wp-json\/wp\/v2\/types\/product"}],"replies":[{"embeddable":true,"href":"https:\/\/tecsecmty.com\/index.php\/wp-json\/wp\/v2\/comments?post=6559"}],"version-history":[{"count":0,"href":"https:\/\/tecsecmty.com\/index.php\/wp-json\/wp\/v2\/product\/6559\/revisions"}],"wp:featuredmedia":[{"embeddable":true,"href":"https:\/\/tecsecmty.com\/index.php\/wp-json\/wp\/v2\/media\/6558"}],"wp:attachment":[{"href":"https:\/\/tecsecmty.com\/index.php\/wp-json\/wp\/v2\/media?parent=6559"}],"wp:term":[{"taxonomy":"product_brand","embeddable":true,"href":"https:\/\/tecsecmty.com\/index.php\/wp-json\/wp\/v2\/product_brand?post=6559"},{"taxonomy":"product_cat","embeddable":true,"href":"https:\/\/tecsecmty.com\/index.php\/wp-json\/wp\/v2\/product_cat?post=6559"},{"taxonomy":"product_tag","embeddable":true,"href":"https:\/\/tecsecmty.com\/index.php\/wp-json\/wp\/v2\/product_tag?post=6559"}],"curies":[{"name":"wp","href":"https:\/\/api.w.org\/{rel}","templated":true}]}}