{"id":6561,"date":"2023-02-23T12:07:38","date_gmt":"2023-02-23T18:07:38","guid":{"rendered":"https:\/\/tecsecmty.com\/index.php\/producto\/dahua-vto2202fp-frente-de-calle-para-videoportero-ip-metalico-camara-de-2-megapixeles-con-160-grados-de-apertura-proteccion-ik07-exterior-ip65-vision-nocturna-poe-indicador-de-voz-apertura-d\/"},"modified":"2023-08-28T20:45:32","modified_gmt":"2023-08-29T02:45:32","slug":"dahua-vto2202fp-frente-de-calle-para-videoportero-ip-metalico-camara-de-2-megapixeles-con-160-grados-de-apertura-proteccion-ik07-exterior-ip65-vision-nocturna-poe-indicador-de-voz-apertura-d","status":"publish","type":"product","link":"https:\/\/tecsecmty.com\/index.php\/producto\/dahua-vto2202fp-frente-de-calle-para-videoportero-ip-metalico-camara-de-2-megapixeles-con-160-grados-de-apertura-proteccion-ik07-exterior-ip65-vision-nocturna-poe-indicador-de-voz-apertura-d\/","title":{"rendered":"DAHUA VTO2202FP &#8211; Frente de Calle para Videoportero IP\/ Met\u00e1lico\/ C\u00e1mara de 2 Megap\u00edxeles con 160 Grados de Apertura\/ Protecci\u00f3n IK07\/ Exterior IP65\/ Visi\u00f3n Nocturna\/ PoE\/ Indicador de Voz\/ Apertura de Chapa\/ #EdificioInteligente #SMBEntradaVehicular"},"content":{"rendered":"<div class=\"row aling-items-center padding-bottom-2x\">\n<div class=\"col-lg-12\">\n<h5 class=\"card-title text-center\">Informaci\u00f3n General<\/h5>\n<p>El modelo\u00a0<strong>VTO2202FP<\/strong>\u00a0es un frente de calle IP para apartamento el cual permite tener una perfecta visi\u00f3n hacia el exterior, ya que cuenta con una c\u00e1mara HD de\u00a0<strong>2 megap\u00edxel<\/strong>\u00a0y es<strong>\u00a0Antivand\u00e1lica<\/strong>. Cuenta con la capacidad de poder realizar apertura de una contrachapa desde cualquier monitor interior, en cuesti\u00f3n de la noche, cuenta con una visi\u00f3n nocturna lo cual permite tener una mejor visi\u00f3n de la persona que se comunica desde este dispositivo.<\/p>\n<p><strong>* NO INCLUYE CUBIERTA DE INSTALACI\u00d3N<\/strong><\/p>\n<p><img decoding=\"async\" class=\"overview-center-img-web\" src=\"https:\/\/tvc.mx\/media\/405619\/frente-de-calle-IP-de-2-megapixeles-p2p-VTO2202FP-Dahua.png\" alt=\"\" \/><\/div>\n<\/div>\n<div class=\"row align-items-center padding-bottom-2x\">\n<div class=\"col-md-5\"><img decoding=\"async\" class=\"d-block m-auto img-thumbnail\" src=\"https:\/\/tvc.mx\/media\/405639\/DMSS-Dahua.png\" alt=\" \" \/><\/div>\n<div class=\"col-md-7 text-md-left text-center\">\n<h2>Aplicaci\u00f3n DMSS<\/h2>\n<p class=\"text-muted\">\n<p class=\"ql-align-justify\">En la aplicaci\u00f3n DMSS podemos visualizar y de esta manera tener acceso al dispositivo, interacci\u00f3n como apertura de chapa, hablar con la persona desde nuestra APP.<\/p>\n<p>&nbsp;<\/p>\n<\/div>\n<\/div>\n<hr class=\"padding-bottom-2x\" \/>\n<div class=\"row align-items-center padding-bottom-2x\">\n<div class=\"col-md-5 order-md-2\"><img decoding=\"async\" class=\"d-block m-auto img-thumbnail\" src=\"https:\/\/tvc.mx\/media\/405643\/llamada-grupal-dahua.png\" alt=\" \" \/><\/div>\n<div class=\"col-md-7 order-md-1 text-md-left text-center\">\n<h2>LLAMADA EN GRUPO<\/h2>\n<p class=\"text-muted\">\n<p>Con el\u00a0<strong>VTO2202FP<\/strong>\u00a0podemos agregar 1 Maestro y monitores \/ extensiones IP (VTH) los cuales pueden realizar llamadas entre si al mismo tiempo, con esto es posible conversar entre los monitores que se encuentran conectados a un mismo frente de calle, ejemplo: el monitor de la sala puede tener comunicaci\u00f3n con el monitor de una rec\u00e1mara o cocina, etc.<\/p>\n<p>&nbsp;<\/p>\n<\/div>\n<\/div>\n<hr class=\"padding-bottom-2x\" \/>\n<div class=\"row align-items-center padding-bottom-2x\">\n<div class=\"col-md-5\"><img decoding=\"async\" class=\"d-block m-auto img-thumbnail\" src=\"https:\/\/tvc.mx\/media\/405647\/frente-de-calle-IP-de-2-megapixeles-p2p-VTO2202FP-Dahua-caracteristicas.png\" alt=\" \" \/><\/div>\n<div class=\"col-md-7 text-md-left text-center\">\n<h2>Principales caracter\u00edsticas<\/h2>\n<p class=\"text-muted\">\n<ul>\n<li>Es compatible con tarjetas Micro SD hasta 64GB (posibilidad de grabaci\u00f3n local),<\/li>\n<li>Bot\u00f3n del timbre,<\/li>\n<li>Indicadores LED,<\/li>\n<li>Monitorizaci\u00f3n del estado de puertas individuales,<\/li>\n<li>D-WDR &#8211; Amplio rango din\u00e1mico de la iluminaci\u00f3n,<\/li>\n<li>Comunicaci\u00f3n bidireccional,<\/li>\n<li>Micr\u00f3fono integrado,<\/li>\n<li>Altavoces incorporados,<\/li>\n<\/ul>\n<p>&nbsp;<\/p>\n<\/div>\n<\/div>\n<hr class=\"padding-bottom-2x\" \/>\n<div class=\"row align-items-center padding-bottom-2x\">\n<div class=\"col-md-5 order-md-2\"><img decoding=\"async\" class=\"d-block m-auto img-thumbnail\" src=\"https:\/\/tvc.mx\/media\/405659\/frente-de-calle-IP-de-2-megapixeles-p2p-VTO2202FP-Dahua-especificaciones.png\" alt=\" \" \/><\/div>\n<div class=\"col-md-7 order-md-1 text-md-left text-center\">\n<h2>Especificaciones<\/h2>\n<p class=\"text-muted\">\n<ul>\n<li>2\u00a0Mpx\u00a0CMOS<\/li>\n<li>\u00c1ngulo de visi\u00f3n:160\u00a0\u00b0<\/li>\n<li>M\u00e9todo de compresi\u00f3n de im\u00e1genes:H.264<\/li>\n<li>Alimentaci\u00f3n: PoE (802.3af), 12\u00a0V\u00a0DC, Interfaz 2-Wire IP<\/li>\n<li>Carcasa: Aluminio<\/li>\n<li>IP65<\/li>\n<\/ul>\n<p>&nbsp;<\/p>\n<\/div>\n<\/div>\n<hr class=\"padding-bottom-2x\" \/>\n<div class=\"row align-items-center padding-bottom-2x\">\n<div class=\"col-md-5\"><img decoding=\"async\" class=\"d-block m-auto img-thumbnail\" src=\"https:\/\/tvc.mx\/media\/436815\/VTO2202FP_Frente_de_calle_IP_2_MP_400x300.png\" alt=\" \" \/><\/div>\n<div class=\"col-md-7 text-md-left text-center\">\n<h2>Incluye:<\/h2>\n<p class=\"text-muted\">\n<ul>\n<li>Equipo Videoportero<\/li>\n<li>Gu\u00eda de instalaci\u00f3n r\u00e1pida<\/li>\n<li>P\u00f3liza de garant\u00eda<\/li>\n<li>Gu\u00eda con informaci\u00f3n legal y reglamentaria<\/li>\n<li>Calcoman\u00eda con QR para descargar manuales desde Internet<\/li>\n<\/ul>\n<\/div>\n<\/div>\n","protected":false},"excerpt":{"rendered":"<p>Informaci\u00f3n General El modelo\u00a0VTO2202FP\u00a0es un frente de calle IP para apartamento el cual permite tener una perfecta visi\u00f3n hacia el exterior, ya que cuenta con una c\u00e1mara HD de\u00a02 megap\u00edxel\u00a0y es\u00a0Antivand\u00e1lica. Cuenta con la capacidad de poder realizar apertura de una contrachapa desde cualquier monitor&hellip;<\/p>\n","protected":false},"featured_media":6560,"comment_status":"open","ping_status":"closed","template":"","meta":{"om_disable_all_campaigns":false,"_monsterinsights_skip_tracking":false,"_monsterinsights_sitenote_active":false,"_monsterinsights_sitenote_note":"","_monsterinsights_sitenote_category":0},"product_brand":[],"product_cat":[556],"product_tag":[513,514,511,516,519,517,520,515,181,518,512],"class_list":{"0":"post-6561","1":"product","2":"type-product","3":"status-publish","4":"has-post-thumbnail","6":"product_cat-frentes-de-calle-videoporteros-ip","7":"product_tag-altavoces","8":"product_tag-amplificadores","9":"product_tag-audio-y-video","10":"product_tag-audioporteros","11":"product_tag-digital-signage","12":"product_tag-intercomunicadores","13":"product_tag-kits-videoporteros","14":"product_tag-mezcladoras","15":"product_tag-microfonos","16":"product_tag-sistemas-de-enfermeria","17":"product_tag-videoporteros","19":"first","20":"instock","21":"sale","22":"taxable","23":"shipping-taxable","24":"purchasable","25":"product-type-simple"},"aioseo_notices":[],"_links":{"self":[{"href":"https:\/\/tecsecmty.com\/index.php\/wp-json\/wp\/v2\/product\/6561","targetHints":{"allow":["GET"]}}],"collection":[{"href":"https:\/\/tecsecmty.com\/index.php\/wp-json\/wp\/v2\/product"}],"about":[{"href":"https:\/\/tecsecmty.com\/index.php\/wp-json\/wp\/v2\/types\/product"}],"replies":[{"embeddable":true,"href":"https:\/\/tecsecmty.com\/index.php\/wp-json\/wp\/v2\/comments?post=6561"}],"version-history":[{"count":0,"href":"https:\/\/tecsecmty.com\/index.php\/wp-json\/wp\/v2\/product\/6561\/revisions"}],"wp:featuredmedia":[{"embeddable":true,"href":"https:\/\/tecsecmty.com\/index.php\/wp-json\/wp\/v2\/media\/6560"}],"wp:attachment":[{"href":"https:\/\/tecsecmty.com\/index.php\/wp-json\/wp\/v2\/media?parent=6561"}],"wp:term":[{"taxonomy":"product_brand","embeddable":true,"href":"https:\/\/tecsecmty.com\/index.php\/wp-json\/wp\/v2\/product_brand?post=6561"},{"taxonomy":"product_cat","embeddable":true,"href":"https:\/\/tecsecmty.com\/index.php\/wp-json\/wp\/v2\/product_cat?post=6561"},{"taxonomy":"product_tag","embeddable":true,"href":"https:\/\/tecsecmty.com\/index.php\/wp-json\/wp\/v2\/product_tag?post=6561"}],"curies":[{"name":"wp","href":"https:\/\/api.w.org\/{rel}","templated":true}]}}