{"id":6563,"date":"2023-02-23T12:07:40","date_gmt":"2023-02-23T18:07:40","guid":{"rendered":"https:\/\/tecsecmty.com\/index.php\/producto\/dahua-vto4202fx-series-frente-de-calle-modular-para-departamentos-y-o-fraccionamientos-funcion-p2p-camara-de-2-megapixeles-apertura-con-tarjetas-mifare-hasta-100-monitores-notificacion-a-app-a\/"},"modified":"2023-03-22T23:23:11","modified_gmt":"2023-03-23T05:23:11","slug":"dahua-vto4202fx-series-frente-de-calle-modular-para-departamentos-y-o-fraccionamientos-funcion-p2p-camara-de-2-megapixeles-apertura-con-tarjetas-mifare-hasta-100-monitores-notificacion-a-app-a","status":"publish","type":"product","link":"https:\/\/tecsecmty.com\/index.php\/producto\/dahua-vto4202fx-series-frente-de-calle-modular-para-departamentos-y-o-fraccionamientos-funcion-p2p-camara-de-2-megapixeles-apertura-con-tarjetas-mifare-hasta-100-monitores-notificacion-a-app-a\/","title":{"rendered":"DAHUA VTO4202FX SERIES &#8211; Frente de Calle Modular para Departamentos y\/o Fraccionamientos\/ Funci\u00f3n P2P\/ C\u00e1mara de 2 Megap\u00edxeles\/ Apertura con Tarjetas Mifare\/ Hasta 100 Monitores\/ Notificaci\u00f3n a APP\/ Apertura Remota\/ #EdificioInteligente"},"content":{"rendered":"<div class=\"row aling-items-center padding-bottom-2x\">\n<div class=\"col-lg-12\">\n<h5 class=\"card-title text-center\">Informaci\u00f3n General<\/h5>\n<p>El\u00a0<strong>VTO4202FX SERIES<\/strong>\u00a0es un vto modular el cual consta de un m\u00f3dulo de c\u00e1mara, un m\u00f3dulo de teclado, un m\u00f3dulo de deslizamiento de tarjetas, este paquete tiene lo necesario para el acceso a un edificio o conjunto habitacional, por medio de tarjeta de proximidad. El m\u00f3dulo de c\u00e1mara es indispensable ya que es la parte central del sistema, es donde se configuran las notificaciones a los diferentes celulares. La combinaci\u00f3n de VTO modular, VTH, VTS y plataforma crea un sistema de comunicaci\u00f3n de voz \/ video.<\/p>\n<p><strong><em>Requiere de instalaci\u00f3n de monitores VTHs para el uso de las notificaciones a la APP DMSS.<\/em><\/strong><\/p>\n<p><img decoding=\"async\" class=\"overview-center-img-web\" src=\"https:\/\/tvc.mx\/media\/399423\/videoportero-modular-departamental-lectura-de-trajetas-mifare-VTO4202FX-dahua.png\" alt=\"\" \/><\/div>\n<\/div>\n<div class=\"row align-items-center padding-bottom-2x\">\n<div class=\"col-md-5 order-md-2\"><img decoding=\"async\" class=\"d-block m-auto img-thumbnail\" src=\"https:\/\/tvc.mx\/media\/399435\/solucion-departamental-dahua.png\" alt=\" \" \/><\/div>\n<div class=\"col-md-7 order-md-1 text-md-left text-center\">\n<h2>Soluci\u00f3n Departamental<\/h2>\n<p class=\"text-muted\">\n<p>Con la soluci\u00f3n departamental para 100 monitores VTH, es posible recibir la notificaci\u00f3n de llamada en VTH y en APP DMSS de manera simult\u00e1nea, se podr\u00e1 realizar la apertura remota o \u00fanicamente visualizar el frente de calle.<\/p>\n<p>&nbsp;<\/p>\n<\/div>\n<\/div>\n<hr class=\"padding-bottom-2x\" \/>\n<div class=\"row align-items-center padding-bottom-2x\">\n<div class=\"col-md-5\"><img decoding=\"async\" class=\"d-block m-auto img-thumbnail\" src=\"https:\/\/tvc.mx\/media\/399439\/DSS-dahua.png\" alt=\" \" \/><\/div>\n<div class=\"col-md-7 text-md-left text-center\">\n<h2>DSS EXPRESS<\/h2>\n<p class=\"text-muted\">\n<p>Con el\u00a0<strong>VTO4202FX\u00a0<\/strong>podr\u00e1 configurar la llamada hacia el software DSS Express, esta funci\u00f3n es ideal para cuando se tiene un vigilante, as\u00ed podr\u00e1 desviar las llamadas en caso no contestar f\u00edsicamente los monitores o desviar la llamada, la apertura de la puerta se podr\u00e1 realizar desde el DSS Express.<\/p>\n<p>&nbsp;<\/p>\n<\/div>\n<\/div>\n<hr class=\"padding-bottom-2x\" \/>\n<div class=\"row align-items-center padding-bottom-2x\">\n<div class=\"col-md-5 order-md-2\"><img decoding=\"async\" class=\"d-block m-auto img-thumbnail\" src=\"https:\/\/tvc.mx\/media\/399443\/DMSS-Dahua.png\" alt=\" \" \/><\/div>\n<div class=\"col-md-7 order-md-1 text-md-left text-center\">\n<h2>DMSS<\/h2>\n<p class=\"text-muted\">\n<p class=\"ql-align-justify\">En la aplicaci\u00f3n DMSS podemos visualizar y recibir notificaciones cuando alguien toca a un departamento determinado, a trav\u00e9s de esta notificaci\u00f3n podr\u00e1 contestar, tener comunicaci\u00f3n de v\u00eddeo y voz, tambi\u00e9n podr\u00e1 realizar la apertura de la puerta en caso de conocer al visitante.<\/p>\n<p>&nbsp;<\/p>\n<\/div>\n<\/div>\n<hr class=\"padding-bottom-2x\" \/>\n<div class=\"row align-items-center padding-bottom-2x\">\n<div class=\"col-md-5\"><img decoding=\"async\" class=\"d-block m-auto img-thumbnail\" src=\"https:\/\/tvc.mx\/media\/399447\/videoportero-modular-departamental-lectura-de-trajetas-mifare-VTO4202FX-dahua-pp-caracteristicas.png\" alt=\" \" \/><\/div>\n<div class=\"col-md-7 text-md-left text-center\">\n<h2>Principales Caracter\u00edsticas<\/h2>\n<p class=\"text-muted\">\n<ul>\n<li>Los m\u00f3dulos hacen que el dispositivo tenga una gran capacidad de expansi\u00f3n<\/li>\n<li>Panel frontal de aluminio anodizado; IK07<\/li>\n<li>Admite comunicaci\u00f3n de voz y video<\/li>\n<li>C\u00e1mara ojo de pez de alta definici\u00f3n de 2 MP con rango de visi\u00f3n de 160 \u00b0<\/li>\n<li>Funci\u00f3n de control de acceso; controla dos cerraduras<\/li>\n<li>Compatible con interfaz de 2 cables e interfaz RJ45<\/li>\n<li>Montaje en superficie y empotrado<\/li>\n<li>IP65 (Aplique gel de s\u00edlice en los espacios entre el dispositivo y la pared. Se recomienda el silicato de sodio l\u00edquido. Para obtener m\u00e1s informaci\u00f3n, consulte la gu\u00eda de inicio r\u00e1pido).<\/li>\n<\/ul>\n<p>&nbsp;<\/p>\n<\/div>\n<\/div>\n<hr class=\"padding-bottom-2x\" \/>\n<div class=\"row align-items-center padding-bottom-2x\">\n<div class=\"col-md-5 order-md-2\"><img decoding=\"async\" class=\"d-block m-auto img-thumbnail\" src=\"https:\/\/tvc.mx\/media\/399459\/videoportero-modular-departamental-lectura-de-trajetas-mifare-VTO4202FX-dahua-especificaciones.png\" alt=\" \" \/><\/div>\n<div class=\"col-md-7 order-md-1 text-md-left text-center\">\n<h2>Especificaciones<\/h2>\n<p class=\"text-muted\">\n<ul>\n<li>CMOS C\u00e1mara de ojo de pez colorida de 160 \u00b0 con baja iluminaci\u00f3n de 2MP HD<\/li>\n<li>Punto de vista Alto: 160 \u00b0, V: 82 \u00b0, Fondo: 180 \u00b0<\/li>\n<li>Longitud focal: 1,95 mil\u00edmetros<\/li>\n<li>WDR<\/li>\n<li>Supresi\u00f3n de ruido y cancelaci\u00f3n de eco<\/li>\n<li>Codificaci\u00f3n de video: H.264<\/li>\n<li>Micr\u00f3fono omnidireccional incorporado<\/li>\n<li>Altavoz incorporado<\/li>\n<li>Desbloqueo remoto<\/li>\n<li>Material de la carcasa Aluminio<\/li>\n<li>1 puerto RS-485 semid\u00faplex 1<\/li>\n<li>IP65<\/li>\n<li>12 VCC \/ Interfaz IP de 2 cables \/ PoE Montaje (<strong>fuente incluida<\/strong>)<\/li>\n<li>Carcasa: Aluminio<\/li>\n<\/ul>\n<\/div>\n<\/div>\n","protected":false},"excerpt":{"rendered":"<p>Informaci\u00f3n General El\u00a0VTO4202FX SERIES\u00a0es un vto modular el cual consta de un m\u00f3dulo de c\u00e1mara, un m\u00f3dulo de teclado, un m\u00f3dulo de deslizamiento de tarjetas, este paquete tiene lo necesario para el acceso a un edificio o conjunto habitacional, por medio de tarjeta de proximidad.&hellip;<\/p>\n","protected":false},"featured_media":6562,"comment_status":"open","ping_status":"closed","template":"","meta":{"om_disable_all_campaigns":false,"_monsterinsights_skip_tracking":false,"_monsterinsights_sitenote_active":false,"_monsterinsights_sitenote_note":"","_monsterinsights_sitenote_category":0},"product_brand":[],"product_cat":[556],"product_tag":[513,514,511,516,519,517,520,515,181,518,512],"class_list":{"0":"post-6563","1":"product","2":"type-product","3":"status-publish","4":"has-post-thumbnail","6":"product_cat-frentes-de-calle-videoporteros-ip","7":"product_tag-altavoces","8":"product_tag-amplificadores","9":"product_tag-audio-y-video","10":"product_tag-audioporteros","11":"product_tag-digital-signage","12":"product_tag-intercomunicadores","13":"product_tag-kits-videoporteros","14":"product_tag-mezcladoras","15":"product_tag-microfonos","16":"product_tag-sistemas-de-enfermeria","17":"product_tag-videoporteros","19":"first","20":"instock","21":"sale","22":"taxable","23":"shipping-taxable","24":"purchasable","25":"product-type-simple"},"aioseo_notices":[],"_links":{"self":[{"href":"https:\/\/tecsecmty.com\/index.php\/wp-json\/wp\/v2\/product\/6563","targetHints":{"allow":["GET"]}}],"collection":[{"href":"https:\/\/tecsecmty.com\/index.php\/wp-json\/wp\/v2\/product"}],"about":[{"href":"https:\/\/tecsecmty.com\/index.php\/wp-json\/wp\/v2\/types\/product"}],"replies":[{"embeddable":true,"href":"https:\/\/tecsecmty.com\/index.php\/wp-json\/wp\/v2\/comments?post=6563"}],"version-history":[{"count":0,"href":"https:\/\/tecsecmty.com\/index.php\/wp-json\/wp\/v2\/product\/6563\/revisions"}],"wp:featuredmedia":[{"embeddable":true,"href":"https:\/\/tecsecmty.com\/index.php\/wp-json\/wp\/v2\/media\/6562"}],"wp:attachment":[{"href":"https:\/\/tecsecmty.com\/index.php\/wp-json\/wp\/v2\/media?parent=6563"}],"wp:term":[{"taxonomy":"product_brand","embeddable":true,"href":"https:\/\/tecsecmty.com\/index.php\/wp-json\/wp\/v2\/product_brand?post=6563"},{"taxonomy":"product_cat","embeddable":true,"href":"https:\/\/tecsecmty.com\/index.php\/wp-json\/wp\/v2\/product_cat?post=6563"},{"taxonomy":"product_tag","embeddable":true,"href":"https:\/\/tecsecmty.com\/index.php\/wp-json\/wp\/v2\/product_tag?post=6563"}],"curies":[{"name":"wp","href":"https:\/\/api.w.org\/{rel}","templated":true}]}}