{"id":6567,"date":"2023-02-23T12:07:44","date_gmt":"2023-02-23T18:07:44","guid":{"rendered":"https:\/\/tecsecmty.com\/index.php\/producto\/dahua-vto9341d-frente-de-calle-departamental-ip-reconocimiento-de-rostros-y-huellas-pantalla-de-10-ip55-salida-relevador\/"},"modified":"2023-03-22T23:23:11","modified_gmt":"2023-03-23T05:23:11","slug":"dahua-vto9341d-frente-de-calle-departamental-ip-reconocimiento-de-rostros-y-huellas-pantalla-de-10-ip55-salida-relevador","status":"publish","type":"product","link":"https:\/\/tecsecmty.com\/index.php\/producto\/dahua-vto9341d-frente-de-calle-departamental-ip-reconocimiento-de-rostros-y-huellas-pantalla-de-10-ip55-salida-relevador\/","title":{"rendered":"DAHUA VTO9341D &#8211; Frente de calle DEPARTAMENTAL IP \/ Reconocimiento de rostros y huellas \/ Pantalla de 10&#8243; \/ IP55 \/ Salida relevador"},"content":{"rendered":"<div class=\"row aling-items-center padding-bottom-2x\">\n<div class=\"col-lg-12\">\n<h5 class=\"card-title text-center\">Informaci\u00f3n General<\/h5>\n<p>El\u00a0<strong>VTO9341D\u00a0<\/strong>es un frente de calle departamental que cuenta con un sistema operativo basado en LINUX, cuenta con una c\u00e1mara de 2MP CMOS, la cual permite la captura de rostros para posteriormente usarlos como m\u00e9todo de identificaci\u00f3n y poder liberar el acceso a una puerta y\/o dispositivo que soporte la recepci\u00f3n de un pulso el\u00e9ctrico para realizar la funci\u00f3n de apertura.<\/p>\n<p><img decoding=\"async\" class=\"overview-center-img-web\" src=\"https:\/\/tvc.mx\/media\/30932\/6.jpg\" alt=\"\" \/><\/div>\n<\/div>\n<div class=\"row aling-items-center padding-bottom-2x\">\n<div class=\"col-lg-12\">\n<h5 class=\"card-title text-center\">Reconocimiento Facial<\/h5>\n<p>El\u00a0<strong>VTO9431D\u00a0<\/strong>cuenta con reconocimiento facial para la apertura de una puerta previamente conectada a una chapa el\u00e9ctrica o un electro-im\u00e1n, la velocidad de reconocimiento de rostros es de 0.5s, la capacidad de almacenamiento de rostros es de 10,000 como m\u00e1ximo, la distancia recomendada para una captura de rostro es de 0.5mt de la c\u00e1mara del frente de calle.<\/p>\n<p><img decoding=\"async\" class=\"overview-center-img-web\" src=\"https:\/\/tvc.mx\/media\/31159\/facialfinal.jpg\" alt=\"\" \/><\/div>\n<\/div>\n<div class=\"row aling-items-center padding-bottom-2x\">\n<div class=\"col-lg-12\">\n<h5 class=\"card-title text-center\">Protocolo SIP<\/h5>\n<p>Los video porteros\u00a0SIP<strong>\u00a0<\/strong>Dahua adoptan el protocolo\u00a0SIP\u00a0est\u00e1ndar, compatible con productos de terceros. El uso de la tecnolog\u00eda IP y el protocolo\u00a0SIP\u00a0ofrece al intercomunicador varias opciones para conectarse a los sistemas telef\u00f3nicos. Realmente puede experimentar la vida perfecta de \u00abcomunidad inteligente\u00bb y \u00abhogar digital\u00bb.<\/p>\n<p><img decoding=\"async\" class=\"overview-center-img-web\" src=\"https:\/\/tvc.mx\/media\/30976\/SIP.png\" alt=\"\" \/><\/div>\n<\/div>\n<div class=\"row aling-items-center padding-bottom-2x\">\n<div class=\"col-lg-12\">\n<h5 class=\"card-title text-center\">Capacidad de Almacenamiento<\/h5>\n<p>El\u00a0<strong>VTO9341D\u00a0<\/strong>tiene la capacidad de almacenar en su memoria interna hasta 10,000 usuarios, o cuales pueden ser por rostro, huella, tarjeta mifare o contrase\u00f1a, cada uno con una limitante en el caso de huellas digitales el m\u00e1ximo de usuarios es de 3000 de los 10,000 disponibles. Si lo desea puede soportar los 10,000 rostros, sin utilizar ning\u00fan otro m\u00e9todo de verificaci\u00f3n.<\/p>\n<p><img decoding=\"async\" class=\"overview-center-img-web\" src=\"https:\/\/tvc.mx\/media\/30975\/7.jpg\" alt=\"\" \/><\/div>\n<\/div>\n<div class=\"row aling-items-center padding-bottom-2x\">\n<div class=\"col-lg-12\">\n<h5 class=\"card-title text-center\">DSS Express<\/h5>\n<p>El\u00a0<strong>VTO9431D\u00a0<\/strong>es un dispositivo compatible con el software de monitoreo\u00a0<strong>DSS Express,\u00a0<\/strong>con este software podr\u00e1 tener comunicaci\u00f3n local con el frente de calle, podr\u00e1 realizar la apertura de la puerta desde la interfaz del software, adem\u00e1s de tener comunicaci\u00f3n de voz bidireccional desde el mismo software y el frente de calle.<\/p>\n<p><img decoding=\"async\" class=\"overview-center-img-web\" src=\"https:\/\/tvc.mx\/media\/31167\/dss.jpg\" alt=\"\" \/><\/div>\n<\/div>\n<div class=\"row aling-items-center padding-bottom-2x\">\n<div class=\"col-lg-12\">\n<h5 class=\"card-title text-center\">Principales Caracter\u00edsticas.<\/h5>\n<ul>\n<li>Procesador principal Microprocesador Embebido<\/li>\n<li>Sistema operativo LINUX incorporado<\/li>\n<li>Compresi\u00f3n de v\u00eddeo H.264<\/li>\n<li>Sensor de imagen 1\/2.7\u201d 2MP CMOS<\/li>\n<li>Lente de 4mm<\/li>\n<li>Angulo de vista D:105\u00b0 H:82\u00b0<\/li>\n<li>Pantalla LCD 10&#8243; IPS 800&#215;1280<\/li>\n<li>Teclado touch screen<\/li>\n<li>Lector de tarjeta Mifare<\/li>\n<li>Lector de huella digital<\/li>\n<li>Reconocimiento facial 10,000 rostros faciales, reconocimiento local velocidad de reconocimiento: 0.5s<\/li>\n<li>Compresi\u00f3n de audio G.711<\/li>\n<li>Entrada de audio micr\u00f3fono omnidireccional<\/li>\n<li>Salida de audio altavoz incorporado<\/li>\n<li>Soporte de audio bidireccional<\/li>\n<li>Entrada \/ salida de alarma 2\/2<\/li>\n<li>1 rel\u00e9 de salida<\/li>\n<li>1 RS485<\/li>\n<li>1 Feedback<\/li>\n<li>1 bot\u00f3n de salida<\/li>\n<li>Entrada \/ Salida Wiegand 1\/1<\/li>\n<li>Protecci\u00f3n de ingreso IP55, IK07<\/li>\n<li>Material vidrio templado aluminio<\/li>\n<li>Energia DC 12V, 5A\u00a0<strong>(Incluida)<\/strong><\/li>\n<li>Consumo de energ\u00eda en espera \u22648W, trabajo \u226424W<\/li>\n<li>Dimensiones 475mm\u00d7174mm\u00d758mm<\/li>\n<li>Peso Neto 2Kg<\/li>\n<\/ul>\n<p><img decoding=\"async\" class=\"overview-center-img-web\" src=\"https:\/\/tvc.mx\/media\/30944\/Logo-dahua-1920x400.png\" alt=\"\" \/><\/div>\n<\/div>\n","protected":false},"excerpt":{"rendered":"<p>Informaci\u00f3n General El\u00a0VTO9341D\u00a0es un frente de calle departamental que cuenta con un sistema operativo basado en LINUX, cuenta con una c\u00e1mara de 2MP CMOS, la cual permite la captura de rostros para posteriormente usarlos como m\u00e9todo de identificaci\u00f3n y poder liberar el acceso a una&hellip;<\/p>\n","protected":false},"featured_media":6566,"comment_status":"open","ping_status":"closed","template":"","meta":{"om_disable_all_campaigns":false,"_monsterinsights_skip_tracking":false,"_monsterinsights_sitenote_active":false,"_monsterinsights_sitenote_note":"","_monsterinsights_sitenote_category":0},"product_brand":[],"product_cat":[556],"product_tag":[513,514,511,516,519,517,520,515,181,518,512],"class_list":{"0":"post-6567","1":"product","2":"type-product","3":"status-publish","4":"has-post-thumbnail","6":"product_cat-frentes-de-calle-videoporteros-ip","7":"product_tag-altavoces","8":"product_tag-amplificadores","9":"product_tag-audio-y-video","10":"product_tag-audioporteros","11":"product_tag-digital-signage","12":"product_tag-intercomunicadores","13":"product_tag-kits-videoporteros","14":"product_tag-mezcladoras","15":"product_tag-microfonos","16":"product_tag-sistemas-de-enfermeria","17":"product_tag-videoporteros","19":"first","20":"instock","21":"sale","22":"taxable","23":"shipping-taxable","24":"purchasable","25":"product-type-simple"},"aioseo_notices":[],"_links":{"self":[{"href":"https:\/\/tecsecmty.com\/index.php\/wp-json\/wp\/v2\/product\/6567","targetHints":{"allow":["GET"]}}],"collection":[{"href":"https:\/\/tecsecmty.com\/index.php\/wp-json\/wp\/v2\/product"}],"about":[{"href":"https:\/\/tecsecmty.com\/index.php\/wp-json\/wp\/v2\/types\/product"}],"replies":[{"embeddable":true,"href":"https:\/\/tecsecmty.com\/index.php\/wp-json\/wp\/v2\/comments?post=6567"}],"version-history":[{"count":0,"href":"https:\/\/tecsecmty.com\/index.php\/wp-json\/wp\/v2\/product\/6567\/revisions"}],"wp:featuredmedia":[{"embeddable":true,"href":"https:\/\/tecsecmty.com\/index.php\/wp-json\/wp\/v2\/media\/6566"}],"wp:attachment":[{"href":"https:\/\/tecsecmty.com\/index.php\/wp-json\/wp\/v2\/media?parent=6567"}],"wp:term":[{"taxonomy":"product_brand","embeddable":true,"href":"https:\/\/tecsecmty.com\/index.php\/wp-json\/wp\/v2\/product_brand?post=6567"},{"taxonomy":"product_cat","embeddable":true,"href":"https:\/\/tecsecmty.com\/index.php\/wp-json\/wp\/v2\/product_cat?post=6567"},{"taxonomy":"product_tag","embeddable":true,"href":"https:\/\/tecsecmty.com\/index.php\/wp-json\/wp\/v2\/product_tag?post=6567"}],"curies":[{"name":"wp","href":"https:\/\/api.w.org\/{rel}","templated":true}]}}