{"id":6569,"date":"2023-02-23T12:07:46","date_gmt":"2023-02-23T18:07:46","guid":{"rendered":"https:\/\/tecsecmty.com\/index.php\/producto\/dahua-vtob110-cubierta-metalica-para-instalacion-de-frente-de-calle-departamental-modelo-vto1210cx-toctoc\/"},"modified":"2023-03-22T23:23:12","modified_gmt":"2023-03-23T05:23:12","slug":"dahua-vtob110-cubierta-metalica-para-instalacion-de-frente-de-calle-departamental-modelo-vto1210cx-toctoc","status":"publish","type":"product","link":"https:\/\/tecsecmty.com\/index.php\/producto\/dahua-vtob110-cubierta-metalica-para-instalacion-de-frente-de-calle-departamental-modelo-vto1210cx-toctoc\/","title":{"rendered":"DAHUA VTOB110 &#8211; Cubierta metalica para instalacion de frente de calle DEPARTAMENTAL modelo VTO1210CX #TocToc"},"content":{"rendered":"<div class=\"row aling-items-center padding-bottom-2x\">\n<div class=\"col-lg-12\">\n<h5 class=\"card-title text-center\">Informaci\u00f3n general<\/h5>\n<p class=\"ql-align-justify\">La cubierta modelo\u00a0<strong>VTOB110<\/strong>\u00a0es una cubierta met\u00e1lica para instalaci\u00f3n y protecci\u00f3n del frente de calle departamental ip dahua. Esta cubierta es compatible con el modelo\u00a0<a href=\"https:\/\/www.tvc.mx\/shop\/catalog\/product_info.php?products_id=7733\" target=\"_blank\" rel=\"noopener\"><strong>VTO1210CX<\/strong><\/a>.<\/p>\n<p class=\"ql-align-justify\">\n<p><img decoding=\"async\" class=\"overview-center-img-web\" src=\"https:\/\/tvc.mx\/media\/71976\/Cubierta.png\" alt=\"\" \/><\/div>\n<\/div>\n<div class=\"row aling-items-center padding-bottom-2x\">\n<div class=\"col-lg-12\">\n<h5 class=\"card-title text-center\">Ejemplo<\/h5>\n<p>Material: metal<\/p>\n<p>Tama\u00f1o: 145 mm * 134 mm * 70 mm<\/p>\n<p>Peso: 1 Kg<\/p>\n<p>Caja montada en superficie<\/p>\n<p><img decoding=\"async\" class=\"overview-center-img-web\" src=\"https:\/\/tvc.mx\/media\/71979\/Cubierta-2.png\" alt=\"\" \/><\/div>\n<\/div>\n<div class=\"row aling-items-center padding-bottom-2x\">\n<div class=\"col-lg-12\">\n<h5 class=\"card-title text-center\">Instalaci\u00f3n<\/h5>\n<p>a) Consulte los agujeros de la caja de instalaci\u00f3n para cavar seis agujeros en<\/p>\n<p>la pared e inserte los pernos de expansi\u00f3n.<\/p>\n<p>b) Use 6 tornillos inoxidables ST4.2 \u00d7 25 para asegurar la instalaci\u00f3n<\/p>\n<p>Soportes en la pared.<\/p>\n<p>c) Conecte el cable y use 4 M4 \u00d7 40 para fijar el dispositivo<\/p>\n<p>la caja.<\/p>\n<p><img decoding=\"async\" class=\"overview-center-img-web\" src=\"https:\/\/tvc.mx\/media\/71982\/Instalacion.png\" alt=\"\" \/><\/div>\n<\/div>\n<div class=\"row aling-items-center padding-bottom-2x\">\n<div class=\"col-lg-12\">\n<h5 class=\"card-title text-center\">Caracteristicas principales<\/h5>\n<ul>\n<li class=\"ql-align-justify\">Material: Metal.<\/li>\n<li class=\"ql-align-justify\">Dimensiones: 145mm * 134mm * 88mm.<\/li>\n<li class=\"ql-align-justify\">Peso: 1 Kg.<\/li>\n<li class=\"ql-align-justify\">Caja montada en superficie.<\/li>\n<\/ul>\n<p><img decoding=\"async\" class=\"overview-center-img-web\" src=\"https:\/\/tvc.mx\/media\/71985\/dahua.jpg\" alt=\"\" \/><\/div>\n<\/div>\n","protected":false},"excerpt":{"rendered":"<p>Informaci\u00f3n general La cubierta modelo\u00a0VTOB110\u00a0es una cubierta met\u00e1lica para instalaci\u00f3n y protecci\u00f3n del frente de calle departamental ip dahua. Esta cubierta es compatible con el modelo\u00a0VTO1210CX. Ejemplo Material: metal Tama\u00f1o: 145 mm * 134 mm * 70 mm Peso: 1 Kg Caja montada en superficie&hellip;<\/p>\n","protected":false},"featured_media":6568,"comment_status":"open","ping_status":"closed","template":"","meta":{"om_disable_all_campaigns":false,"_monsterinsights_skip_tracking":false,"_monsterinsights_sitenote_active":false,"_monsterinsights_sitenote_note":"","_monsterinsights_sitenote_category":0},"product_brand":[],"product_cat":[556],"product_tag":[513,514,511,516,519,517,520,515,181,518,512],"class_list":{"0":"post-6569","1":"product","2":"type-product","3":"status-publish","4":"has-post-thumbnail","6":"product_cat-frentes-de-calle-videoporteros-ip","7":"product_tag-altavoces","8":"product_tag-amplificadores","9":"product_tag-audio-y-video","10":"product_tag-audioporteros","11":"product_tag-digital-signage","12":"product_tag-intercomunicadores","13":"product_tag-kits-videoporteros","14":"product_tag-mezcladoras","15":"product_tag-microfonos","16":"product_tag-sistemas-de-enfermeria","17":"product_tag-videoporteros","19":"first","20":"instock","21":"sale","22":"taxable","23":"shipping-taxable","24":"purchasable","25":"product-type-simple"},"aioseo_notices":[],"_links":{"self":[{"href":"https:\/\/tecsecmty.com\/index.php\/wp-json\/wp\/v2\/product\/6569","targetHints":{"allow":["GET"]}}],"collection":[{"href":"https:\/\/tecsecmty.com\/index.php\/wp-json\/wp\/v2\/product"}],"about":[{"href":"https:\/\/tecsecmty.com\/index.php\/wp-json\/wp\/v2\/types\/product"}],"replies":[{"embeddable":true,"href":"https:\/\/tecsecmty.com\/index.php\/wp-json\/wp\/v2\/comments?post=6569"}],"version-history":[{"count":0,"href":"https:\/\/tecsecmty.com\/index.php\/wp-json\/wp\/v2\/product\/6569\/revisions"}],"wp:featuredmedia":[{"embeddable":true,"href":"https:\/\/tecsecmty.com\/index.php\/wp-json\/wp\/v2\/media\/6568"}],"wp:attachment":[{"href":"https:\/\/tecsecmty.com\/index.php\/wp-json\/wp\/v2\/media?parent=6569"}],"wp:term":[{"taxonomy":"product_brand","embeddable":true,"href":"https:\/\/tecsecmty.com\/index.php\/wp-json\/wp\/v2\/product_brand?post=6569"},{"taxonomy":"product_cat","embeddable":true,"href":"https:\/\/tecsecmty.com\/index.php\/wp-json\/wp\/v2\/product_cat?post=6569"},{"taxonomy":"product_tag","embeddable":true,"href":"https:\/\/tecsecmty.com\/index.php\/wp-json\/wp\/v2\/product_tag?post=6569"}],"curies":[{"name":"wp","href":"https:\/\/api.w.org\/{rel}","templated":true}]}}