{"id":6571,"date":"2023-02-23T12:07:49","date_gmt":"2023-02-23T18:07:49","guid":{"rendered":"https:\/\/tecsecmty.com\/index.php\/producto\/commax-cmv70mxp-paquete-de-monitor-wifi-para-videoportero-con-notificacion-al-celular-a-traves-de-aplicacion-commax-hey-call-androidios-monitoreo-de-camara-desde-app-conexion-a-4-hilos-con-fren\/"},"modified":"2023-03-22T23:22:16","modified_gmt":"2023-03-23T05:22:16","slug":"commax-cmv70mxp-paquete-de-monitor-wifi-para-videoportero-con-notificacion-al-celular-a-traves-de-aplicacion-commax-hey-call-androidios-monitoreo-de-camara-desde-app-conexion-a-4-hilos-con-fren","status":"publish","type":"product","link":"https:\/\/tecsecmty.com\/index.php\/producto\/commax-cmv70mxp-paquete-de-monitor-wifi-para-videoportero-con-notificacion-al-celular-a-traves-de-aplicacion-commax-hey-call-androidios-monitoreo-de-camara-desde-app-conexion-a-4-hilos-con-fren\/","title":{"rendered":"COMMAX CMV70MXP &#8211; Paquete de monitor Wifi para videoportero con notificaci\u00f3n al celular a traves de aplicacion Commax Hey Call\/ Android&amp;iOS \/ Monitoreo de camara desde app\/ Conexi\u00f3n a 4 hilos con frente de calle\/ Soporta 2 sensores magneticos\/ 2 frentes"},"content":{"rendered":"<div class=\"row aling-items-center padding-bottom-2x\">\n<div class=\"col-lg-12\">\n<h5 class=\"card-title text-center\">INFORMACI\u00d3N GENERAL<\/h5>\n<p>Un videoportero es un aparato que nos permite tener control de qui\u00e9n accede y qui\u00e9n no a nuestras instalaciones u hogares, de modo que\u00a0junto con un frente de calle nos facilitan esta funci\u00f3n. Cuando el bot\u00f3n de llamada del frente de calle es accionado, nuestro videoportero suena de modo que el usuario en el interior tiene la oportunidad de ver qui\u00e9n se encuentra afuera por medio de la c\u00e1mara de nuestro frente de calle, una vez identificado el usuario desde el interior puede permitirle el paso presionando el bot\u00f3n t\u00e1ctil con forma de llave.<\/p>\n<p>El monitor CMV70MX cuenta con la funcionalidad de poner integrarlo a la APP COMMAX HEY CALL disponible para Android&amp;iOS, con la que podemos tener notificaciones al celular.<\/p>\n<p><img decoding=\"async\" class=\"overview-center-img-web\" src=\"https:\/\/tvc.mx\/media\/419939\/COMMAX-CMX2160007-PAQUETE-DE-MONITOR-WIFI-PARA-VIDEOPORTERO-CENTRAL.png\" alt=\"\" \/><\/div>\n<\/div>\n<div class=\"row align-items-center padding-bottom-2x\">\n<div class=\"col-md-5\"><img decoding=\"async\" class=\"d-block m-auto img-thumbnail\" src=\"https:\/\/tvc.mx\/media\/419943\/COMMAX-CMX2160006-CMV70MX-MONITOR-PARA-VIDEOPORTERO-DER.png\" alt=\" \" \/><\/div>\n<div class=\"col-md-7 text-md-left text-center\">\n<h2>Caracter\u00edsticas Principales CMV70MX<\/h2>\n<p class=\"text-muted\">\n<ul>\n<li>Dise\u00f1o elegante y moderno<\/li>\n<li>Color met\u00e1lico premium<\/li>\n<li>Pantalla de cristal transparente<\/li>\n<li>Responda v\u00eddeo llamadas y abra la puerta mediante la aplicaci\u00f3n m\u00f3vil<\/li>\n<li>Compatible con cualquier frente de calle\u00a0<a href=\"https:\/\/tvc.mx\/products?categoryId=217&amp;query=%7B%22categoryId%22%3A217%2C%22brandIds%22%3A%5B421%5D%2C%22view%22%3A%22grid%22%2C%22sortBy%22%3A%7B%22sortCriteria%22%3A%22list_price%22%2C%22sortDirection%22%3A%22asc%22%7D%2C%22perPage%22%3A40%2C%22priceRange%22%3A%7B%22max%22%3A%22439.0000%22%2C%22min%22%3A0%7D%7D\" target=\"_blank\" rel=\"noopener\">COMMAX<\/a><\/li>\n<li>Ranura para tarjeta Micro SD ( hasta 128GB)<\/li>\n<li>Soporta auricular\u00a0<a href=\"https:\/\/tvc.mx\/products\/2759\" target=\"_blank\" rel=\"noopener\">DP-4VHP<\/a><\/li>\n<li>Soporta 2 frentes de calle\u00a0<a href=\"https:\/\/tvc.mx\/products?categoryId=217&amp;query=%7B%22categoryId%22%3A217%2C%22brandIds%22%3A%5B421%5D%2C%22view%22%3A%22grid%22%2C%22sortBy%22%3A%7B%22sortCriteria%22%3A%22list_price%22%2C%22sortDirection%22%3A%22asc%22%7D%2C%22perPage%22%3A40%2C%22priceRange%22%3A%7B%22max%22%3A%22439.0000%22%2C%22min%22%3A0%7D%7D\" target=\"_blank\" rel=\"noopener\">COMMAX<\/a><\/li>\n<li>Soporta 2 c\u00e1maras de CCTV (2mp, AHD)<\/li>\n<li>Soporta sensor magn\u00e9tico cableado (cuenta con notificaci\u00f3n de alarma al tel\u00e9fono)<\/li>\n<li>Guarde la foto o v\u00eddeo de la persona que est\u00e1 en el exterior<\/li>\n<\/ul>\n<p>M\u00e1s informaci\u00f3n en el\u00a0<a href=\"https:\/\/tvc.mx\/products\/40963\" target=\"_blank\" rel=\"noopener\">LINK<\/a><\/p>\n<p>&nbsp;<\/p>\n<\/div>\n<\/div>\n<hr class=\"padding-bottom-2x\" \/>\n<div class=\"row align-items-center padding-bottom-2x\">\n<div class=\"col-md-5 order-md-2\"><img decoding=\"async\" class=\"d-block m-auto img-thumbnail\" src=\"https:\/\/tvc.mx\/media\/419963\/COMMAX-29100-DRC40K-FRENTE-DE-CALLE-DER.png\" alt=\" \" \/><\/div>\n<div class=\"col-md-7 order-md-1 text-md-left text-center\">\n<h2>Caracter\u00edsticas Principales DRC40K<\/h2>\n<p class=\"text-muted\">\n<ul>\n<li>Compatible con todos los monitores\u00a0<a href=\"https:\/\/tvc.mx\/products?categoryId=216&amp;query=%7B%22categoryId%22%3A216%2C%22brandIds%22%3A%5B421%5D%2C%22view%22%3A%22grid%22%2C%22sortBy%22%3A%7B%22sortCriteria%22%3A%22list_price%22%2C%22sortDirection%22%3A%22asc%22%7D%2C%22perPage%22%3A40%2C%22priceRange%22%3A%7B%22max%22%3A%22235.0000%22%2C%22min%22%3A0%7D%7D\" target=\"_blank\" rel=\"noopener\">COMMAX<\/a><\/li>\n<li>Tipo de montaje empotrado o sobre la superficie<\/li>\n<li>Comunicaci\u00f3n del frente de calle hacia el monitor sin necesidad de realizar la llamada<\/li>\n<li>Sensor de luz led blanco incorporado<\/li>\n<li>Equipo para exterior e interior<\/li>\n<li>Salida de relevador para una cerradura o chapa<\/li>\n<li>Conexi\u00f3n a 4 hilos hacia al monitor<\/li>\n<\/ul>\n<p class=\"ql-align-justify\">M\u00e1s informaci\u00f3n en el\u00a0<a href=\"https:\/\/tvc.mx\/products\/4106\" target=\"_blank\" rel=\"noopener\">LINK<\/a><\/p>\n<p>&nbsp;<\/p>\n<\/div>\n<\/div>\n<hr class=\"padding-bottom-2x\" \/>\n<div class=\"row align-items-center padding-bottom-2x\">\n<div class=\"col-md-5\"><img decoding=\"async\" class=\"d-block m-auto img-thumbnail\" src=\"https:\/\/tvc.mx\/media\/420083\/COMMAX-CMX2160007-PAQUETE-DE-MONITOR-WIFI-PARA-VIDEOPORTERO-DER.png\" alt=\" \" \/><\/div>\n<div class=\"col-md-7 text-md-left text-center\">\n<h2>Incluye<\/h2>\n<p class=\"text-muted\">\n<ul>\n<li>Monitor WIFI y Frente de calle<\/li>\n<li>Placa de montaje de ambos equipos<\/li>\n<li>Cables de conexiones y tornillos<\/li>\n<\/ul>\n<\/div>\n<\/div>\n","protected":false},"excerpt":{"rendered":"<p>INFORMACI\u00d3N GENERAL Un videoportero es un aparato que nos permite tener control de qui\u00e9n accede y qui\u00e9n no a nuestras instalaciones u hogares, de modo que\u00a0junto con un frente de calle nos facilitan esta funci\u00f3n. Cuando el bot\u00f3n de llamada del frente de calle es&hellip;<\/p>\n","protected":false},"featured_media":6570,"comment_status":"open","ping_status":"closed","template":"","meta":{"om_disable_all_campaigns":false,"_monsterinsights_skip_tracking":false,"_monsterinsights_sitenote_active":false,"_monsterinsights_sitenote_note":"","_monsterinsights_sitenote_category":0},"product_brand":[],"product_cat":[558],"product_tag":[513,514,511,516,519,517,520,515,181,518,512],"class_list":{"0":"post-6571","1":"product","2":"type-product","3":"status-publish","4":"has-post-thumbnail","6":"product_cat-kits-de-videoportero","7":"product_tag-altavoces","8":"product_tag-amplificadores","9":"product_tag-audio-y-video","10":"product_tag-audioporteros","11":"product_tag-digital-signage","12":"product_tag-intercomunicadores","13":"product_tag-kits-videoporteros","14":"product_tag-mezcladoras","15":"product_tag-microfonos","16":"product_tag-sistemas-de-enfermeria","17":"product_tag-videoporteros","19":"first","20":"instock","21":"sale","22":"taxable","23":"shipping-taxable","24":"purchasable","25":"product-type-simple"},"aioseo_notices":[],"_links":{"self":[{"href":"https:\/\/tecsecmty.com\/index.php\/wp-json\/wp\/v2\/product\/6571","targetHints":{"allow":["GET"]}}],"collection":[{"href":"https:\/\/tecsecmty.com\/index.php\/wp-json\/wp\/v2\/product"}],"about":[{"href":"https:\/\/tecsecmty.com\/index.php\/wp-json\/wp\/v2\/types\/product"}],"replies":[{"embeddable":true,"href":"https:\/\/tecsecmty.com\/index.php\/wp-json\/wp\/v2\/comments?post=6571"}],"version-history":[{"count":0,"href":"https:\/\/tecsecmty.com\/index.php\/wp-json\/wp\/v2\/product\/6571\/revisions"}],"wp:featuredmedia":[{"embeddable":true,"href":"https:\/\/tecsecmty.com\/index.php\/wp-json\/wp\/v2\/media\/6570"}],"wp:attachment":[{"href":"https:\/\/tecsecmty.com\/index.php\/wp-json\/wp\/v2\/media?parent=6571"}],"wp:term":[{"taxonomy":"product_brand","embeddable":true,"href":"https:\/\/tecsecmty.com\/index.php\/wp-json\/wp\/v2\/product_brand?post=6571"},{"taxonomy":"product_cat","embeddable":true,"href":"https:\/\/tecsecmty.com\/index.php\/wp-json\/wp\/v2\/product_cat?post=6571"},{"taxonomy":"product_tag","embeddable":true,"href":"https:\/\/tecsecmty.com\/index.php\/wp-json\/wp\/v2\/product_tag?post=6571"}],"curies":[{"name":"wp","href":"https:\/\/api.w.org\/{rel}","templated":true}]}}