{"id":6573,"date":"2023-02-23T12:07:51","date_gmt":"2023-02-23T18:07:51","guid":{"rendered":"https:\/\/tecsecmty.com\/index.php\/producto\/commax-cmv70mxp1-paquete-de-frente-de-calle-con-camara-pinhole-de-alta-resolucion-luz-led-para-ambientes-de-poca-luz-incluye-monitor-wifi-para-notificacion-a-celular-a-traves-de-aplicacion-commax-h\/"},"modified":"2023-03-22T23:22:16","modified_gmt":"2023-03-23T05:22:16","slug":"commax-cmv70mxp1-paquete-de-frente-de-calle-con-camara-pinhole-de-alta-resolucion-luz-led-para-ambientes-de-poca-luz-incluye-monitor-wifi-para-notificacion-a-celular-a-traves-de-aplicacion-commax-h","status":"publish","type":"product","link":"https:\/\/tecsecmty.com\/index.php\/producto\/commax-cmv70mxp1-paquete-de-frente-de-calle-con-camara-pinhole-de-alta-resolucion-luz-led-para-ambientes-de-poca-luz-incluye-monitor-wifi-para-notificacion-a-celular-a-traves-de-aplicacion-commax-h\/","title":{"rendered":"COMMAX CMV70MXP1 &#8211; Paquete de frente de calle con camara pinhole de alta resoluci\u00f3n, luz LED para ambientes de poca luz incluye monitor Wifi para notificacion a celular a traves de Aplicacion Commax Hey Call\/ Conexion a 4 hilos con frente"},"content":{"rendered":"<div class=\"row aling-items-center padding-bottom-2x\">\n<div class=\"col-lg-12\">\n<h5 class=\"card-title text-center\">INFORMACI\u00d3N GENERAL<\/h5>\n<p>El monitor commax\u00a0modelo\u00a0CDV70MX junto con el frente de calle DRC4CPHD, es un equipo de control de acceso que nos permite tener mayor seguridad tanto de nuestros hogares como de nuestras empresas o departamentos, este tipo de monitores funcionan de modo que podemos observar quien se encuentra detr\u00e1s de nuestra puerta gracias a una c\u00e1mara situada en nuestro frente de calle, el cual es instalado en el exterior en donde se desea que sea punto de acceso adem\u00e1s de incorporar una aplicaci\u00f3n al celular desde podemos responder la llamada y realizar las aperturas.<\/p>\n<p><img decoding=\"async\" class=\"overview-center-img-web\" src=\"https:\/\/tvc.mx\/media\/422843\/COMMAX-CMX2390017-DRC4CPHD-CMV70MX-PAQUETE-PARA-VIDEOPORTERO-CENTRAL.png\" alt=\"\" \/><\/div>\n<\/div>\n<div class=\"row align-items-center padding-bottom-2x\">\n<div class=\"col-md-5\"><img decoding=\"async\" class=\"d-block m-auto img-thumbnail\" src=\"https:\/\/tvc.mx\/media\/422859\/COMMAX-CMX104108--DRC4CPHD-FRENTE-DE-CALLE-DE-1MP-DER.png\" alt=\" \" \/><\/div>\n<div class=\"col-md-7 text-md-left text-center\">\n<h2>Caracter\u00edsticas Principales DRC4CPHD<\/h2>\n<p class=\"text-muted\">\n<ul>\n<li>C\u00e1mara 1Mp de alta resoluci\u00f3n, formato AHD<\/li>\n<li>Conexi\u00f3n a 4 hilos hacia el monitor<\/li>\n<li>Sensor de luz LED<\/li>\n<li>Equipo para exteriores<\/li>\n<li>Tipo de instalaci\u00f3n montado sobre la superficie<\/li>\n<li>Comunicaci\u00f3n entre monitor sin necesidad de realizar una llamada<\/li>\n<li>Salida de relevador para una cerradura o chapa<\/li>\n<\/ul>\n<p>M\u00e1s informaci\u00f3n en el\u00a0<a href=\"https:\/\/tvc.mx\/products\/21727\" target=\"_blank\" rel=\"noopener\">LINK<\/a><\/p>\n<p>&nbsp;<\/p>\n<\/div>\n<\/div>\n<hr class=\"padding-bottom-2x\" \/>\n<div class=\"row align-items-center padding-bottom-2x\">\n<div class=\"col-md-5 order-md-2\"><img decoding=\"async\" class=\"d-block m-auto img-thumbnail\" src=\"https:\/\/tvc.mx\/media\/422875\/COMMAX-CMX2160006-CMV70MX-MONITOR-PARA-VIDEOPORTERO-DER.png\" alt=\" \" \/><\/div>\n<div class=\"col-md-7 order-md-1 text-md-left text-center\">\n<h2>Caracter\u00edsticas Principales CMV70MX<\/h2>\n<p class=\"text-muted\">\n<ul>\n<li>Dise\u00f1o elegante y moderno<\/li>\n<li>Color met\u00e1lico premium<\/li>\n<li>Pantalla de cristal transparente<\/li>\n<li>Responda v\u00eddeo llamadas y abra la puerta mediante la aplicaci\u00f3n m\u00f3vil<\/li>\n<li>Compatible con cualquier frente de calle\u00a0<a href=\"https:\/\/tvc.mx\/products?categoryId=217&amp;query=%7B%22categoryId%22%3A217%2C%22brandIds%22%3A%5B421%5D%2C%22view%22%3A%22grid%22%2C%22sortBy%22%3A%7B%22sortCriteria%22%3A%22list_price%22%2C%22sortDirection%22%3A%22asc%22%7D%2C%22perPage%22%3A40%2C%22priceRange%22%3A%7B%22max%22%3A%22439.0000%22%2C%22min%22%3A0%7D%7D\" target=\"_blank\" rel=\"noopener\">COMMAX<\/a><\/li>\n<li>Ranura para tarjeta Micro SD ( hasta 128GB)<\/li>\n<li>Soporta auricular\u00a0<a href=\"https:\/\/tvc.mx\/products\/2759\" target=\"_blank\" rel=\"noopener\">DP-4VHP<\/a><\/li>\n<li>Soporta 2 frentes de calle\u00a0<a href=\"https:\/\/tvc.mx\/products?categoryId=217&amp;query=%7B%22categoryId%22%3A217%2C%22brandIds%22%3A%5B421%5D%2C%22view%22%3A%22grid%22%2C%22sortBy%22%3A%7B%22sortCriteria%22%3A%22list_price%22%2C%22sortDirection%22%3A%22asc%22%7D%2C%22perPage%22%3A40%2C%22priceRange%22%3A%7B%22max%22%3A%22439.0000%22%2C%22min%22%3A0%7D%7D\" target=\"_blank\" rel=\"noopener\">COMMAX<\/a><\/li>\n<li>Soporta 2 c\u00e1maras de CCTV (2mp, AHD)<\/li>\n<li>Soporta sensor magn\u00e9tico cableado (cuenta con notificaci\u00f3n de alarma al tel\u00e9fono)<\/li>\n<li>Guarde la foto o v\u00eddeo de la persona que est\u00e1 en el exterior<\/li>\n<\/ul>\n<p>M\u00e1s informaci\u00f3n en el\u00a0<a href=\"https:\/\/tvc.mx\/products\/40963\" target=\"_blank\" rel=\"noopener\">LINK<\/a><\/p>\n<p>&nbsp;<\/p>\n<\/div>\n<\/div>\n<hr class=\"padding-bottom-2x\" \/>\n<div class=\"row align-items-center padding-bottom-2x\">\n<div class=\"col-md-5\"><img decoding=\"async\" class=\"d-block m-auto img-thumbnail\" src=\"https:\/\/tvc.mx\/media\/422879\/COMMAX-CMX2390017-DRC4CPHD-CMV70MX-PAQUETE-PARA-VIDEOPORTERO-INCLUYE.png\" alt=\" \" \/><\/div>\n<div class=\"col-md-7 text-md-left text-center\">\n<h2>Incluye<\/h2>\n<p class=\"text-muted\">\n<ul>\n<li>Monitor WIFI<\/li>\n<li>Frente de calle<\/li>\n<li>Manual de usuarios<\/li>\n<li>Cables de conexi\u00f3n<\/li>\n<li>Base de instalaci\u00f3n y tornillos<\/li>\n<\/ul>\n<\/div>\n<\/div>\n","protected":false},"excerpt":{"rendered":"<p>INFORMACI\u00d3N GENERAL El monitor commax\u00a0modelo\u00a0CDV70MX junto con el frente de calle DRC4CPHD, es un equipo de control de acceso que nos permite tener mayor seguridad tanto de nuestros hogares como de nuestras empresas o departamentos, este tipo de monitores funcionan de modo que podemos observar&hellip;<\/p>\n","protected":false},"featured_media":6572,"comment_status":"open","ping_status":"closed","template":"","meta":{"om_disable_all_campaigns":false,"_monsterinsights_skip_tracking":false,"_monsterinsights_sitenote_active":false,"_monsterinsights_sitenote_note":"","_monsterinsights_sitenote_category":0},"product_brand":[],"product_cat":[558],"product_tag":[513,514,511,516,519,517,520,515,181,518,512],"class_list":{"0":"post-6573","1":"product","2":"type-product","3":"status-publish","4":"has-post-thumbnail","6":"product_cat-kits-de-videoportero","7":"product_tag-altavoces","8":"product_tag-amplificadores","9":"product_tag-audio-y-video","10":"product_tag-audioporteros","11":"product_tag-digital-signage","12":"product_tag-intercomunicadores","13":"product_tag-kits-videoporteros","14":"product_tag-mezcladoras","15":"product_tag-microfonos","16":"product_tag-sistemas-de-enfermeria","17":"product_tag-videoporteros","19":"first","20":"instock","21":"sale","22":"taxable","23":"shipping-taxable","24":"purchasable","25":"product-type-simple"},"aioseo_notices":[],"_links":{"self":[{"href":"https:\/\/tecsecmty.com\/index.php\/wp-json\/wp\/v2\/product\/6573","targetHints":{"allow":["GET"]}}],"collection":[{"href":"https:\/\/tecsecmty.com\/index.php\/wp-json\/wp\/v2\/product"}],"about":[{"href":"https:\/\/tecsecmty.com\/index.php\/wp-json\/wp\/v2\/types\/product"}],"replies":[{"embeddable":true,"href":"https:\/\/tecsecmty.com\/index.php\/wp-json\/wp\/v2\/comments?post=6573"}],"version-history":[{"count":0,"href":"https:\/\/tecsecmty.com\/index.php\/wp-json\/wp\/v2\/product\/6573\/revisions"}],"wp:featuredmedia":[{"embeddable":true,"href":"https:\/\/tecsecmty.com\/index.php\/wp-json\/wp\/v2\/media\/6572"}],"wp:attachment":[{"href":"https:\/\/tecsecmty.com\/index.php\/wp-json\/wp\/v2\/media?parent=6573"}],"wp:term":[{"taxonomy":"product_brand","embeddable":true,"href":"https:\/\/tecsecmty.com\/index.php\/wp-json\/wp\/v2\/product_brand?post=6573"},{"taxonomy":"product_cat","embeddable":true,"href":"https:\/\/tecsecmty.com\/index.php\/wp-json\/wp\/v2\/product_cat?post=6573"},{"taxonomy":"product_tag","embeddable":true,"href":"https:\/\/tecsecmty.com\/index.php\/wp-json\/wp\/v2\/product_tag?post=6573"}],"curies":[{"name":"wp","href":"https:\/\/api.w.org\/{rel}","templated":true}]}}