{"id":6575,"date":"2023-02-23T12:07:54","date_gmt":"2023-02-23T18:07:54","guid":{"rendered":"https:\/\/tecsecmty.com\/index.php\/producto\/dahua-kitktp01s-kit-de-videoportero-ip-con-frente-de-calle-metalico-monitor-y-switch-poe-pantalla-lcd-touch-de-7-camara-2mp-antivandalico-ranura-sd-4gb-ip65-soporta-8-sensores-de-alarma-toc\/"},"modified":"2023-03-22T23:22:56","modified_gmt":"2023-03-23T05:22:56","slug":"dahua-kitktp01s-kit-de-videoportero-ip-con-frente-de-calle-metalico-monitor-y-switch-poe-pantalla-lcd-touch-de-7-camara-2mp-antivandalico-ranura-sd-4gb-ip65-soporta-8-sensores-de-alarma-toc","status":"publish","type":"product","link":"https:\/\/tecsecmty.com\/index.php\/producto\/dahua-kitktp01s-kit-de-videoportero-ip-con-frente-de-calle-metalico-monitor-y-switch-poe-pantalla-lcd-touch-de-7-camara-2mp-antivandalico-ranura-sd-4gb-ip65-soporta-8-sensores-de-alarma-toc\/","title":{"rendered":"DAHUA KITKTP01S &#8211; Kit de Videoportero IP con Frente de Calle met\u00e1lico, Monitor y Switch POE\/ Pantalla LCD Touch de 7&#8243;\/ Camara 2MP Antivandalico\/ Ranura SD 4GB\/ IP65\/ Soporta 8 Sensores de Alarma. #TocToc"},"content":{"rendered":"<div class=\"row aling-items-center padding-bottom-2x\">\n<div class=\"col-lg-12\">\n<h5 class=\"card-title text-center\">Informaci\u00f3n General<\/h5>\n<p>KIT video portero IP de exterior, C\u00e1mara de 2MP, \u00e1ngulo de visi\u00f3n 160\u00b0 montaje en superficie, IP55, IK07, visi\u00f3n nocturna. Un bot\u00f3n para llamar al usuario directamente, audio bidireccional, comunicador con aplicaci\u00f3n m\u00f3vil.<\/p>\n<p><img decoding=\"async\" class=\"overview-center-img-web\" src=\"https:\/\/tvc.mx\/media\/462732\/kit-videoportero-ip-con-frente-de-calle-monitor-switch-Poe-KITKTP01S-Dahua.png\" alt=\"\" \/><\/div>\n<\/div>\n<div class=\"row align-items-center padding-bottom-2x\">\n<div class=\"col-md-5\"><img decoding=\"async\" class=\"d-block m-auto img-thumbnail\" src=\"https:\/\/tvc.mx\/media\/95517\/VTO2202FP.png\" alt=\" \" \/><\/div>\n<div class=\"col-md-7 text-md-left text-center\">\n<h2>VTO2202FP<\/h2>\n<p class=\"text-muted\">\n<p>El modelo\u00a0<strong>VTO2202FP<\/strong>\u00a0es un frente de calle IP para apartamento el cual permite tener una perfecta visi\u00f3n hacia el exterior, ya que cuenta con una c\u00e1mara HD de\u00a0<strong>2 megap\u00edxel<\/strong>\u00a0y es<strong>\u00a0Antivand\u00e1lica<\/strong>. Cuenta con la capacidad de poder realizar apertura de una contrachapa desde cualquier monitor interior, en cuesti\u00f3n de la noche, cuenta con una visi\u00f3n nocturna lo cual permite tener una mejor visi\u00f3n de la persona que se comunica desde este dispositivo.<\/p>\n<p>&nbsp;<\/p>\n<\/div>\n<\/div>\n<hr class=\"padding-bottom-2x\" \/>\n<div class=\"row align-items-center padding-bottom-2x\">\n<div class=\"col-md-5 order-md-2\"><img decoding=\"async\" class=\"d-block m-auto img-thumbnail\" src=\"https:\/\/tvc.mx\/media\/95525\/VTH2421FWP.png\" alt=\" \" \/><\/div>\n<div class=\"col-md-7 order-md-1 text-md-left text-center\">\n<h2>VTH2421FWP<\/h2>\n<p class=\"text-muted\">\n<p>El equipo Dahua modelo\u00a0<strong>VTH2421FWP\u00a0<\/strong>es un monitor de video portero con pantalla de 7 pulgadas que nos brinda una excelente calidad de video, esta dise\u00f1ado para crear un sistema simple y eficaz de comunicaci\u00f3n local, el cual le permite ver a los visitantes de la vivienda desde el frente de calle hasta nuestro monitor. Cuenta con\u00a06 entradas de alarma\u00a0para conectar sensores pueden ser de movimiento, magn\u00e9tico y una salida de alarma para conectar un estrobo o sirena.<\/p>\n<p>Puede realizar\u00a0llamadas en grupo\u00a0y, adem\u00e1s, puede agregar c\u00e1maras IP (de hasta 2 MP).<\/p>\n<p>&nbsp;<\/p>\n<\/div>\n<\/div>\n<hr class=\"padding-bottom-2x\" \/>\n<div class=\"row align-items-center padding-bottom-2x\">\n<div class=\"col-md-5\"><img decoding=\"async\" class=\"d-block m-auto img-thumbnail\" src=\"https:\/\/tvc.mx\/media\/95533\/PFS3005-4ET-60.png\" alt=\" \" \/><\/div>\n<div class=\"col-md-7 text-md-left text-center\">\n<h2>PFS3005-4ET-60<\/h2>\n<p class=\"text-muted\">\n<p>El DHPFS3005-4ET-60 es un switch no administrable de la marca dahua el cual consta de 5 puertos de red, los cuales soportan velocidades de hasta 100 Mbps en cada uno de sus 5 puertos.<\/p>\n<p>&nbsp;<\/p>\n<\/div>\n<\/div>\n<hr class=\"padding-bottom-2x\" \/>\n<div class=\"row align-items-center padding-bottom-2x\">\n<div class=\"col-md-5 order-md-2\"><img decoding=\"async\" class=\"d-block m-auto img-thumbnail\" src=\"https:\/\/tvc.mx\/media\/462734\/kit-videoportero-ip-con-frente-de-calle-monitor-switch-Poe-KITKTP01S-Dahua-caracteristicas.png\" alt=\" \" \/><\/div>\n<div class=\"col-md-7 order-md-1 text-md-left text-center\">\n<h2>Principales Caracter\u00edsticas<\/h2>\n<p class=\"text-muted\">\n<p><strong>Frente de calle VTO2202FP<\/strong><\/p>\n<ul>\n<li>Sistema operativo embebido<\/li>\n<li>Sensor de imagen 1 \/ 2.8 \u00ab2mp CMOS<\/li>\n<li>Longitud focal 1.95 mm<\/li>\n<li>Angulo de Visi\u00f3n h: 160 \u00b0<\/li>\n<li>Compresi\u00f3n de video h.264<\/li>\n<li>Modo WDR<\/li>\n<li>Supresi\u00f3n de ruido y cancelaci\u00f3n de eco<\/li>\n<li>Compresi\u00f3n de audio g.711U<\/li>\n<li>Micr\u00f3fono omnidireccional Embebido<\/li>\n<li>Altavoz incorporado<\/li>\n<li>Charla bidireccional<\/li>\n<li>1 bot\u00f3n mec\u00e1nico<\/li>\n<li>Protecci\u00f3n de ingreso IP65, IK07<\/li>\n<li>Instalaci\u00f3n superficie<\/li>\n<li>Material aluminio<\/li>\n<li>Alimentaci\u00f3n 12 VDC, PoE<\/li>\n<li>Temperatura de trabajo -30 \u00b0 c ~ + 60 \u00b0 c<\/li>\n<li>Dimensiones 130 mm \u00d7 96 mm \u00d7 28 mm<\/li>\n<li>Peso 0.35 kg<\/li>\n<\/ul>\n<p><strong>Monitor VTH2421FWP<\/strong><\/p>\n<ul>\n<li>Sistema Operativo Linux.<\/li>\n<li>Compresi\u00f3n de Video H.264.<\/li>\n<li>Audio Bidireccional.<\/li>\n<li>Pantalla Touch Capacitiva 7&#8243; 1024&#215;600.<\/li>\n<li>6 Entradas Cableadas de Sensor.<\/li>\n<li>1 Salida de Alarma.<\/li>\n<li>1 Puerto RJ45.<\/li>\n<li>Ranura Micro SD soporte m\u00e1ximo 32GB.<\/li>\n<li>12V 1 Amp CD.<\/li>\n<li>POE 802.3af.<\/li>\n<li>Consumo Energ\u00e9tico &lt;6W.<\/li>\n<li>Condiciones de Uso -10\u00b0C ~ 55\u00b0C.<\/li>\n<li>Humedad 10% ~95%.<\/li>\n<li>Dimensiones 119.6mm x 221.5mm x 21.5mm.<\/li>\n<li>Peso 0.35Kg.<\/li>\n<\/ul>\n<p><strong>Switch PFS3005-4ET-60<\/strong><\/p>\n<ul>\n<li>Switch de acceso no administrable de capa 2<\/li>\n<li>PoE IEEE802.3 af \/ at, puerto 1 soporta Hi-PoE 60W<\/li>\n<li>Candado anti robo<\/li>\n<li>Puertos Fast Ethernet<\/li>\n<li>Transmisi\u00f3n de hasta 250 metros PoE<\/li>\n<li>Alimentaci\u00f3n 48V ~ 57V DC<\/li>\n<li>Peso 290 g<\/li>\n<li>Dimensiones 130 mm x 85 mm x 26 mm<\/li>\n<\/ul>\n<p>&nbsp;<\/p>\n<\/div>\n<\/div>\n<hr class=\"padding-bottom-2x\" \/>\n<div class=\"row align-items-center padding-bottom-2x\">\n<div class=\"col-md-5\"><img decoding=\"async\" class=\"d-block m-auto img-thumbnail\" src=\"https:\/\/tvc.mx\/media\/461812\/Videoportero_KIT_KITKTP01S_Contenido_Dahua_.png\" alt=\" \" \/><\/div>\n<div class=\"col-md-7 text-md-left text-center\">\n<h2>Incluye:<\/h2>\n<p class=\"text-muted\">\n<ul>\n<li>VTO<\/li>\n<li>Base tipo caja de conexiones para VTO<\/li>\n<li>Llave L Torx para instalaci\u00f3n<\/li>\n<li>6 Tornillos y 6 taquetes para montaje de bases a pared<\/li>\n<li>VTH<\/li>\n<li>Base para VTH<\/li>\n<li>Arn\u00e9s de conexiones sensores de entrada y salida de alarma<\/li>\n<li>Conector de alimentaci\u00f3n<\/li>\n<li>Switch de 4 Puertos PoE 60 watts Totales; Puerto 1 Soporta HiPoE, 1 puerto Uplink 10\/100M<\/li>\n<li>Fuente de alimentaci\u00f3n para Switch 53.0V 1.22A<\/li>\n<li>Manuales e Instructivos de instalaci\u00f3n<\/li>\n<li>P\u00f3liza de garant\u00eda<\/li>\n<\/ul>\n<\/div>\n<\/div>\n","protected":false},"excerpt":{"rendered":"<p>Informaci\u00f3n General KIT video portero IP de exterior, C\u00e1mara de 2MP, \u00e1ngulo de visi\u00f3n 160\u00b0 montaje en superficie, IP55, IK07, visi\u00f3n nocturna. Un bot\u00f3n para llamar al usuario directamente, audio bidireccional, comunicador con aplicaci\u00f3n m\u00f3vil. VTO2202FP El modelo\u00a0VTO2202FP\u00a0es un frente de calle IP para apartamento&hellip;<\/p>\n","protected":false},"featured_media":6574,"comment_status":"open","ping_status":"closed","template":"","meta":{"om_disable_all_campaigns":false,"_monsterinsights_skip_tracking":false,"_monsterinsights_sitenote_active":false,"_monsterinsights_sitenote_note":"","_monsterinsights_sitenote_category":0},"product_brand":[],"product_cat":[559],"product_tag":[513,514,511,516,519,517,520,515,181,518,512],"class_list":{"0":"post-6575","1":"product","2":"type-product","3":"status-publish","4":"has-post-thumbnail","6":"product_cat-kits-de-videoportero-videoporteros-ip","7":"product_tag-altavoces","8":"product_tag-amplificadores","9":"product_tag-audio-y-video","10":"product_tag-audioporteros","11":"product_tag-digital-signage","12":"product_tag-intercomunicadores","13":"product_tag-kits-videoporteros","14":"product_tag-mezcladoras","15":"product_tag-microfonos","16":"product_tag-sistemas-de-enfermeria","17":"product_tag-videoporteros","19":"first","20":"instock","21":"sale","22":"taxable","23":"shipping-taxable","24":"purchasable","25":"product-type-simple"},"aioseo_notices":[],"_links":{"self":[{"href":"https:\/\/tecsecmty.com\/index.php\/wp-json\/wp\/v2\/product\/6575","targetHints":{"allow":["GET"]}}],"collection":[{"href":"https:\/\/tecsecmty.com\/index.php\/wp-json\/wp\/v2\/product"}],"about":[{"href":"https:\/\/tecsecmty.com\/index.php\/wp-json\/wp\/v2\/types\/product"}],"replies":[{"embeddable":true,"href":"https:\/\/tecsecmty.com\/index.php\/wp-json\/wp\/v2\/comments?post=6575"}],"version-history":[{"count":0,"href":"https:\/\/tecsecmty.com\/index.php\/wp-json\/wp\/v2\/product\/6575\/revisions"}],"wp:featuredmedia":[{"embeddable":true,"href":"https:\/\/tecsecmty.com\/index.php\/wp-json\/wp\/v2\/media\/6574"}],"wp:attachment":[{"href":"https:\/\/tecsecmty.com\/index.php\/wp-json\/wp\/v2\/media?parent=6575"}],"wp:term":[{"taxonomy":"product_brand","embeddable":true,"href":"https:\/\/tecsecmty.com\/index.php\/wp-json\/wp\/v2\/product_brand?post=6575"},{"taxonomy":"product_cat","embeddable":true,"href":"https:\/\/tecsecmty.com\/index.php\/wp-json\/wp\/v2\/product_cat?post=6575"},{"taxonomy":"product_tag","embeddable":true,"href":"https:\/\/tecsecmty.com\/index.php\/wp-json\/wp\/v2\/product_tag?post=6575"}],"curies":[{"name":"wp","href":"https:\/\/api.w.org\/{rel}","templated":true}]}}