{"id":6577,"date":"2023-02-23T12:07:55","date_gmt":"2023-02-23T18:07:55","guid":{"rendered":"https:\/\/tecsecmty.com\/index.php\/producto\/dahua-kitktp02-kit-de-videoportero-ip-frente-de-calle-monitor-y-switch-poe-pantalla-lcd-touch-de-7-camara-1mp-ranura-sd-ip65-vdpdahua\/"},"modified":"2023-03-22T23:22:56","modified_gmt":"2023-03-23T05:22:56","slug":"dahua-kitktp02-kit-de-videoportero-ip-frente-de-calle-monitor-y-switch-poe-pantalla-lcd-touch-de-7-camara-1mp-ranura-sd-ip65-vdpdahua","status":"publish","type":"product","link":"https:\/\/tecsecmty.com\/index.php\/producto\/dahua-kitktp02-kit-de-videoportero-ip-frente-de-calle-monitor-y-switch-poe-pantalla-lcd-touch-de-7-camara-1mp-ranura-sd-ip65-vdpdahua\/","title":{"rendered":"DAHUA KITKTP02 &#8211; Kit de Videoportero IP Frente de Calle, Monitor y Switch POE\/ Pantalla LCD Touch de 7&#8243;\/ Camara 1MP \/ Ranura SD \/ IP65 #VDPDahua"},"content":{"rendered":"<div class=\"row aling-items-center padding-bottom-2x\">\n<div class=\"col-lg-12\">\n<h5 class=\"card-title text-center\">Informaci\u00f3n General<\/h5>\n<p>El\u00a0<strong>KITKTP02\u00a0<\/strong>es un kit de videoportero que incluye un frente de calle IP\u00a0<strong>VTO2111D-P-S2<\/strong>\u00a0el cual permite el acceso mediante tarjeta de proximidad, a trav\u00e9s de la app DMSS y desde el VTH, el cual viene incluido en este paquete y es el modelo\u00a0<strong>VTH2421FBP<\/strong>, tambi\u00e9n incluye un switch PoE modelo\u00a0<strong>PFS3005-4ET-36<\/strong>\u00a0con el cual puede realizar la conexi\u00f3n de los dispositivos mediante el est\u00e1ndar PoE con esto se disminuye el cableado al enviar energ\u00eda y red por un mismo cable.<\/p>\n<p>.<\/p>\n<p><img decoding=\"async\" class=\"overview-center-img-web\" src=\"https:\/\/tvc.mx\/media\/462092\/kit-videoportero-IP-frente-de-calle-monitor-switch-poe-KITKTP02-Dahua.png\" alt=\"\" \/><\/div>\n<\/div>\n<div class=\"row align-items-center padding-bottom-2x\">\n<div class=\"col-md-5\"><img decoding=\"async\" class=\"d-block m-auto img-thumbnail\" src=\"https:\/\/tvc.mx\/media\/462094\/P2P-dahua.png\" alt=\" \" \/><\/div>\n<div class=\"col-md-7 text-md-left text-center\">\n<h2>Conexi\u00f3n P2P<\/h2>\n<p class=\"text-muted\">\n<p>Esta funci\u00f3n permite escanear el c\u00f3digo QR del frente de calle el cual es \u00fanico de esta manera podemos tener acceso al dispositivo sin necesidad de apertura de puertos, crear dominio, etc.\u00a0Esta funci\u00f3n permite tener hasta en 5 celulares un mismo usuario con la cuenta de administrador. La comunicaci\u00f3n del dispositivo con los celulares es a nivel mundial, mientras se cuente con internet en ambos sitios (VTO y Celular).<\/p>\n<p>&nbsp;<\/p>\n<\/div>\n<\/div>\n<hr class=\"padding-bottom-2x\" \/>\n<div class=\"row align-items-center padding-bottom-2x\">\n<div class=\"col-md-5 order-md-2\"><img decoding=\"async\" class=\"d-block m-auto img-thumbnail\" src=\"https:\/\/tvc.mx\/media\/462096\/DMSS-Dahua.png\" alt=\" \" \/><\/div>\n<div class=\"col-md-7 order-md-1 text-md-left text-center\">\n<h2>DMSS<\/h2>\n<p class=\"text-muted\">\n<p>La nueva aplicaci\u00f3n para dispositivos m\u00f3viles DMSS esta disponible para IOS y Android, es compatible con todos los dispositivos Dahua como son: XVR, NVR, C\u00e1maras IP, Frentes de Calle, Control de Acceso, en cuanto a los frentes de calle permite recibir una notificaci\u00f3n de llamada la cual podr\u00e1 ser contestada desde la aplicaci\u00f3n con lo cual tendr\u00e1 una comunicaci\u00f3n bidireccional con el visitante, adem\u00e1s permite realizar la apertura de la puerta v\u00eda remota.<\/p>\n<p>&nbsp;<\/p>\n<\/div>\n<\/div>\n<hr class=\"padding-bottom-2x\" \/>\n<div class=\"row align-items-center padding-bottom-2x\">\n<div class=\"col-md-5\"><img decoding=\"async\" class=\"d-block m-auto img-thumbnail\" src=\"https:\/\/tvc.mx\/media\/160234\/KITKTP02-vdp-ip-dahua-tvc-vto211dwp.png\" alt=\" \" \/><\/div>\n<div class=\"col-md-7 text-md-left text-center\">\n<h2>Principales caracter\u00edsticas DHI-VTO2111D-P-S2<\/h2>\n<p class=\"text-muted\">\n<ul>\n<li class=\"ql-align-justify\">1\/4&#8243; CMOS 1 Megapixel.<\/li>\n<li class=\"ql-align-justify\">Compresi\u00f3n de Video H.264.<\/li>\n<li class=\"ql-align-justify\">\u00c1ngulo de Visi\u00f3n: 102\u00ba.<\/li>\n<li class=\"ql-align-justify\">Puerto Ethernet\u00a010M\/100Mbps auto-adaptativo.<\/li>\n<li class=\"ql-align-justify\"><strong>No soporta Wifi<\/strong><\/li>\n<li class=\"ql-align-justify\">Lector Tarjeta Mifare.<\/li>\n<li class=\"ql-align-justify\">Ranura Micro SD<\/li>\n<li class=\"ql-align-justify\">Fuente de Alimentaci\u00f3n DC 12V<\/li>\n<li class=\"ql-align-justify\">PoE(802.3af)<\/li>\n<li class=\"ql-align-justify\">Consumo de Corriente \u22641W en espera,\u00a0\u00a0\u22645W en funcionamiento.<\/li>\n<li class=\"ql-align-justify\">Condiciones de Operaci\u00f3n -30\u00baC a 60\u00baC.<\/li>\n<li class=\"ql-align-justify\">Humedad Relativa 10% a 90%.<\/li>\n<li class=\"ql-align-justify\">Indice de Protecci\u00f3n IP65.<\/li>\n<li class=\"ql-align-justify\">Peso 0.4Kg.<\/li>\n<\/ul>\n<p>&nbsp;<\/p>\n<\/div>\n<\/div>\n<hr class=\"padding-bottom-2x\" \/>\n<div class=\"row align-items-center padding-bottom-2x\">\n<div class=\"col-md-5 order-md-2\"><img decoding=\"async\" class=\"d-block m-auto img-thumbnail\" src=\"https:\/\/tvc.mx\/media\/121958\/KITKTP02-vdp-ip-dahua-tvc-vth2421fwp.png\" alt=\" \" \/><\/div>\n<div class=\"col-md-7 order-md-1 text-md-left text-center\">\n<h2>Principales caracter\u00edsticas VTH2421FBP<\/h2>\n<p class=\"text-muted\">\n<ul>\n<li>Sistema Operativo Linux.<\/li>\n<li>Compresi\u00f3n de Video H.264.<\/li>\n<li>Audio Bidireccional.<\/li>\n<li>Pantalla Touch Capacitiva 7&#8243; 1024&#215;600.<\/li>\n<li>6 Entradas Cableadas de Sensor.<\/li>\n<li>1 Salida de Alarma.<\/li>\n<li>1 Puerto RJ45.<\/li>\n<li>Ranura Micro SD soporte m\u00e1ximo 32GB.<\/li>\n<li>12V 1 Amp CD.<\/li>\n<li>POE 802.3af.<\/li>\n<li>Consumo energ\u00e9tico &lt;6W.<\/li>\n<li>Condiciones de Uso -10\u00b0C ~ 55\u00b0C.<\/li>\n<li>Humedad 10% ~95%.<\/li>\n<li>Dimensiones 119.6mm x 221.5mm x 21.5mm.<\/li>\n<li>Peso 0.35Kg.<\/li>\n<\/ul>\n<p>&nbsp;<\/p>\n<\/div>\n<\/div>\n<hr class=\"padding-bottom-2x\" \/>\n<div class=\"row align-items-center padding-bottom-2x\">\n<div class=\"col-md-5\"><img decoding=\"async\" class=\"d-block m-auto img-thumbnail\" src=\"https:\/\/tvc.mx\/media\/121970\/KITKTP02-vdp-ip-dahua-tvc-swicht-pfs3005-4et-35-1.png\" alt=\" \" \/><\/div>\n<div class=\"col-md-7 text-md-left text-center\">\n<h2>Principales caracter\u00edsticas DH-PFS3005-4ET-36<\/h2>\n<p class=\"text-muted\">\n<ul>\n<li>Modelo: DH-PFS3005-4ET-36<\/li>\n<li>Procesador principal: Procesador integrado de alto rendimiento<\/li>\n<li>Puerto Ethernet: 1 \u00d7 10\/100 Base-T: 4 \u00d7 10\/100 Base-T (fuente de alimentaci\u00f3n PoE)<\/li>\n<li>Consumo de energ\u00eda PoE: Cada potencia \u226430W, Total\u226436W<\/li>\n<li>Protocolo PoE: IEEE802.3af, IEEE802.3at<\/li>\n<li>Peso: 0,5 kg<\/li>\n<li>Dimensi\u00f3n (W \u00d7 D \u00d7 H): 170 mm \u00d7 100 mm \u00d7 35 mm<\/li>\n<\/ul>\n<p>&nbsp;<\/p>\n<\/div>\n<\/div>\n<hr class=\"padding-bottom-2x\" \/>\n<div class=\"row align-items-center padding-bottom-2x\">\n<div class=\"col-md-5 order-md-2\"><img decoding=\"async\" class=\"d-block m-auto img-thumbnail\" src=\"https:\/\/tvc.mx\/media\/461460\/Videoportero_KIT_KITKTP02_Contenido_Dahua_.png\" alt=\" \" \/><\/div>\n<div class=\"col-md-7 order-md-1 text-md-left text-center\">\n<h2>Incluye:<\/h2>\n<p class=\"text-muted\">\n<ul>\n<li>VTO<\/li>\n<li>Arn\u00e9s de conexiones en rel\u00e9<\/li>\n<li>Arn\u00e9s de conexi\u00f3n RJ45<\/li>\n<li>Base para VTO<\/li>\n<li>6 Tornillos y 6 taquetes para montaje de bases a pared<\/li>\n<li>VTH<\/li>\n<li>Base para VTH<\/li>\n<li>Switch de 4 Puertos PoE 36 watts Totales y 1 puerto Uplink 10\/100 base T<\/li>\n<li>Cable alimentaci\u00f3n para Switch 100-240V<\/li>\n<li>Manuales e Instructivos de instalaci\u00f3n<\/li>\n<li>P\u00f3liza de garant\u00eda<\/li>\n<\/ul>\n<\/div>\n<\/div>\n","protected":false},"excerpt":{"rendered":"<p>Informaci\u00f3n General El\u00a0KITKTP02\u00a0es un kit de videoportero que incluye un frente de calle IP\u00a0VTO2111D-P-S2\u00a0el cual permite el acceso mediante tarjeta de proximidad, a trav\u00e9s de la app DMSS y desde el VTH, el cual viene incluido en este paquete y es el modelo\u00a0VTH2421FBP, tambi\u00e9n incluye&hellip;<\/p>\n","protected":false},"featured_media":6576,"comment_status":"open","ping_status":"closed","template":"","meta":{"om_disable_all_campaigns":false,"_monsterinsights_skip_tracking":false,"_monsterinsights_sitenote_active":false,"_monsterinsights_sitenote_note":"","_monsterinsights_sitenote_category":0},"product_brand":[],"product_cat":[559],"product_tag":[513,514,511,516,519,517,520,515,181,518,512],"class_list":{"0":"post-6577","1":"product","2":"type-product","3":"status-publish","4":"has-post-thumbnail","6":"product_cat-kits-de-videoportero-videoporteros-ip","7":"product_tag-altavoces","8":"product_tag-amplificadores","9":"product_tag-audio-y-video","10":"product_tag-audioporteros","11":"product_tag-digital-signage","12":"product_tag-intercomunicadores","13":"product_tag-kits-videoporteros","14":"product_tag-mezcladoras","15":"product_tag-microfonos","16":"product_tag-sistemas-de-enfermeria","17":"product_tag-videoporteros","19":"first","20":"instock","21":"sale","22":"taxable","23":"shipping-taxable","24":"purchasable","25":"product-type-simple"},"aioseo_notices":[],"_links":{"self":[{"href":"https:\/\/tecsecmty.com\/index.php\/wp-json\/wp\/v2\/product\/6577","targetHints":{"allow":["GET"]}}],"collection":[{"href":"https:\/\/tecsecmty.com\/index.php\/wp-json\/wp\/v2\/product"}],"about":[{"href":"https:\/\/tecsecmty.com\/index.php\/wp-json\/wp\/v2\/types\/product"}],"replies":[{"embeddable":true,"href":"https:\/\/tecsecmty.com\/index.php\/wp-json\/wp\/v2\/comments?post=6577"}],"version-history":[{"count":0,"href":"https:\/\/tecsecmty.com\/index.php\/wp-json\/wp\/v2\/product\/6577\/revisions"}],"wp:featuredmedia":[{"embeddable":true,"href":"https:\/\/tecsecmty.com\/index.php\/wp-json\/wp\/v2\/media\/6576"}],"wp:attachment":[{"href":"https:\/\/tecsecmty.com\/index.php\/wp-json\/wp\/v2\/media?parent=6577"}],"wp:term":[{"taxonomy":"product_brand","embeddable":true,"href":"https:\/\/tecsecmty.com\/index.php\/wp-json\/wp\/v2\/product_brand?post=6577"},{"taxonomy":"product_cat","embeddable":true,"href":"https:\/\/tecsecmty.com\/index.php\/wp-json\/wp\/v2\/product_cat?post=6577"},{"taxonomy":"product_tag","embeddable":true,"href":"https:\/\/tecsecmty.com\/index.php\/wp-json\/wp\/v2\/product_tag?post=6577"}],"curies":[{"name":"wp","href":"https:\/\/api.w.org\/{rel}","templated":true}]}}