{"id":6583,"date":"2023-02-23T12:08:05","date_gmt":"2023-02-23T18:08:05","guid":{"rendered":"https:\/\/tecsecmty.com\/index.php\/producto\/dahua-vth2421fb-p-monitor-ip-touch-de-7-pulgadas-serie-pro-memoria-de-8gb-embebida-poe-estandar-soporta-llamada-en-grupo-ranura-microsd-61-es-de-alarmas-hasta-9-monitores-adicionales-soport\/"},"modified":"2023-03-22T23:23:10","modified_gmt":"2023-03-23T05:23:10","slug":"dahua-vth2421fb-p-monitor-ip-touch-de-7-pulgadas-serie-pro-memoria-de-8gb-embebida-poe-estandar-soporta-llamada-en-grupo-ranura-microsd-61-es-de-alarmas-hasta-9-monitores-adicionales-soport","status":"publish","type":"product","link":"https:\/\/tecsecmty.com\/index.php\/producto\/dahua-vth2421fb-p-monitor-ip-touch-de-7-pulgadas-serie-pro-memoria-de-8gb-embebida-poe-estandar-soporta-llamada-en-grupo-ranura-microsd-61-es-de-alarmas-hasta-9-monitores-adicionales-soport\/","title":{"rendered":"DAHUA VTH2421FB-P &#8211; Monitor IP Touch de 7 pulgadas\/ Serie Pro\/ Memoria de 8GB Embebida\/ PoE Estandar\/ Soporta Llamada en Grupo\/ Ranura MicroSD\/ 6&amp;1 E&amp;S de Alarmas\/ Hasta 9 Monitores Adicionales\/Soporta Dejar Videos y Mensajes de Texto\/#EdificioInteligente"},"content":{"rendered":"<div class=\"row aling-items-center padding-bottom-2x\">\n<div class=\"col-lg-12\">\n<h5 class=\"card-title text-center\">Informaci\u00f3n General.<\/h5>\n<p>El equipo Dahua modelo\u00a0<strong>VTH2421FB-P<\/strong>\u00a0es un monitor de videoportero con pantalla de 7 pulgadasque nos brinda una excelente calidad de video, est\u00e1 dise\u00f1ado para crear un sistema simple y eficaz de comunicaci\u00f3n local, el cual le permite ver a los visitantes de la vivienda desde el frente de calle hasta nuestro monitor. Cuenta con 6 entradas de alarma para conectar sensores pueden ser de movimiento, magn\u00e9tico y una salida de alarma para conectar un estrobo o sirena.<\/p>\n<p>Puede realizar llamadas en grupo y, adem\u00e1s, puede agregar c\u00e1maras IP (de hasta 2MP).<\/p>\n<p><img decoding=\"async\" class=\"overview-center-img-web\" src=\"https:\/\/tvc.mx\/media\/465916\/monitor-ip-touch-de-7-pulgadas-poe-standar-VTH2421FBP-dahua.png\" alt=\"\" \/><\/div>\n<\/div>\n<div class=\"row align-items-center padding-bottom-2x\">\n<div class=\"col-md-5 order-md-2\"><img decoding=\"async\" class=\"d-block m-auto img-thumbnail\" src=\"https:\/\/tvc.mx\/media\/465918\/solucion-departamental-dahua.png\" alt=\" \" \/><\/div>\n<div class=\"col-md-7 order-md-1 text-md-left text-center\">\n<h2>Soluci\u00f3n Residencial<\/h2>\n<p class=\"text-muted\">\n<p>Con la soluci\u00f3n departamental para 100 monitores VTHs, es posible recibir la notificaci\u00f3n de llamada en VTH y en APP DMSS simult\u00e1neamente, se podr\u00e1 realizar la apertura remota o \u00fanicamente visualizar el frente de calle.<\/p>\n<p>&nbsp;<\/p>\n<\/div>\n<\/div>\n<hr class=\"padding-bottom-2x\" \/>\n<div class=\"row align-items-center padding-bottom-2x\">\n<div class=\"col-md-5\"><img decoding=\"async\" class=\"d-block m-auto img-thumbnail\" src=\"https:\/\/tvc.mx\/media\/465920\/solucion-residencial-dahua.png\" alt=\" \" \/><\/div>\n<div class=\"col-md-7 text-md-left text-center\">\n<h2>Soluci\u00f3n Residencial<\/h2>\n<p class=\"text-muted\">\n<p>Soluci\u00f3n residencial para 1 casa o departamento, recibe notificaci\u00f3n de llamada en la APP DMSS, donde se podr\u00e1 realizar\u00a0la apertura o \u00fanicamente visualizar el frente de calle.<\/p>\n<p>&nbsp;<\/p>\n<\/div>\n<\/div>\n<hr class=\"padding-bottom-2x\" \/>\n<div class=\"row align-items-center padding-bottom-2x\">\n<div class=\"col-md-5 order-md-2\"><img decoding=\"async\" class=\"d-block m-auto img-thumbnail\" src=\"https:\/\/tvc.mx\/media\/465922\/PoE-Inteligente-Dahua.png\" alt=\" \" \/><\/div>\n<div class=\"col-md-7 order-md-1 text-md-left text-center\">\n<h2>Alimentaci\u00f3n PoE.<\/h2>\n<p class=\"text-muted\">\n<p>La alimentaci\u00f3n\u00a0<strong>PoE est\u00e1ndar 802.3af<\/strong>\u00a0(Power over Ethernet) como la que tiene el\u00a0<strong>VTH2421FWP<\/strong>, permite a los dispositivos de red a tener la alimentaci\u00f3n mediante el mismo cable lo que se traduce a reducir costos de instalaci\u00f3n, as\u00ed como el trabajo para la misma.<\/p>\n<p>&nbsp;<\/p>\n<\/div>\n<\/div>\n<hr class=\"padding-bottom-2x\" \/>\n<div class=\"row align-items-center padding-bottom-2x\">\n<div class=\"col-md-5\"><img decoding=\"async\" class=\"d-block m-auto img-thumbnail\" src=\"https:\/\/tvc.mx\/media\/465924\/Facil-de-integrar-dahua%7D.png\" alt=\" \" \/><\/div>\n<div class=\"col-md-7 text-md-left text-center\">\n<h2>F\u00e1cil Integraci\u00f3n.<\/h2>\n<p class=\"text-muted\">\n<p>El monitor\u00a0<strong>VTH2421FB-P<\/strong>\u00a0cuenta con una gran versatilidad para diferentes soluciones dentro de la familia Dahua pues, puede ser emparejado en soluciones que solo requieran un equipo o m\u00e1s en una soluci\u00f3n departamental.<\/p>\n<p>&nbsp;<\/p>\n<\/div>\n<\/div>\n<hr class=\"padding-bottom-2x\" \/>\n<div class=\"row align-items-center padding-bottom-2x\">\n<div class=\"col-md-5 order-md-2\"><img decoding=\"async\" class=\"d-block m-auto img-thumbnail\" src=\"https:\/\/tvc.mx\/media\/465926\/monitor-ip-touch-de-7-pulgadas-poe-standar-VTH2421FBP-dahua-caracteristicas.png\" alt=\" \" \/><\/div>\n<div class=\"col-md-7 order-md-1 text-md-left text-center\">\n<h2>Principales Caracter\u00edsticas.<\/h2>\n<p class=\"text-muted\">\n<ul>\n<li>Es compatible con tarjetas Micro SD hasta 32GB (posibilidad de grabaci\u00f3n local), incluido : 8\u00a0GB,<\/li>\n<li>Micr\u00f3fono integrado,<\/li>\n<li>Altavoces incorporados,<\/li>\n<li>Comunicaci\u00f3n bidireccional,<\/li>\n<li>Ajuste continuo de los par\u00e1metros del monitor: brillo, volumen del timbre y volumen de la conversaci\u00f3n,<\/li>\n<li>Capacidad de captura autom\u00e1tica y almacenamiento de im\u00e1genes en ausencia de respuesta al timbre,<\/li>\n<li>Capacidad de grabaci\u00f3n autom\u00e1tica de un corto mensaje de v\u00eddeo en ausencia de respuesta al bot\u00f3n del timbre,<\/li>\n<li>Soporte para c\u00e1maras IP Dahua,<\/li>\n<li>Recepci\u00f3n de videollamadas desde estaciones de puerta,<\/li>\n<li>Capacidad de comunicaci\u00f3n directa entre dos o m\u00e1s paneles,<\/li>\n<li>Lista de inquilinos incorporada y lista de llamadas,<\/li>\n<li>Reducci\u00f3n de ruido y eco,<\/li>\n<li>Interfaz gr\u00e1fica clara,<\/li>\n<li>Manos libres<\/li>\n<\/ul>\n<p>&nbsp;<\/p>\n<\/div>\n<\/div>\n<hr class=\"padding-bottom-2x\" \/>\n<div class=\"row align-items-center padding-bottom-2x\">\n<div class=\"col-md-5\"><img decoding=\"async\" class=\"d-block m-auto img-thumbnail\" src=\"https:\/\/tvc.mx\/media\/465928\/monitor-ip-touch-de-7-pulgadas-poe-standar-VTH2421FBP-dahua-especificaciones.png\" alt=\" \" \/><\/div>\n<div class=\"col-md-7 text-md-left text-center\">\n<h2>Especificaciones<\/h2>\n<p class=\"text-muted\">\n<ul>\n<li>7\u00a0\u00bb Matriz de color TFT-LCD<\/li>\n<li>Resoluci\u00f3n:1024 x 600<\/li>\n<li>Memoria interna embebida de 8\u00a0GB<\/li>\n<li>Control: pantalla t\u00e1ctil capacitiva<\/li>\n<li>Entradas de alarma:6<\/li>\n<li>Salidas de alarma:1<\/li>\n<li>Alimentaci\u00f3n:12\u00a0V\u00a0DC\u00a0\/ 500\u00a0mA, 48\u00a0V\u00a0PoE (802.3af)<\/li>\n<\/ul>\n<\/div>\n<\/div>\n","protected":false},"excerpt":{"rendered":"<p>Informaci\u00f3n General. El equipo Dahua modelo\u00a0VTH2421FB-P\u00a0es un monitor de videoportero con pantalla de 7 pulgadasque nos brinda una excelente calidad de video, est\u00e1 dise\u00f1ado para crear un sistema simple y eficaz de comunicaci\u00f3n local, el cual le permite ver a los visitantes de la vivienda&hellip;<\/p>\n","protected":false},"featured_media":6582,"comment_status":"open","ping_status":"closed","template":"","meta":{"om_disable_all_campaigns":false,"_monsterinsights_skip_tracking":false,"_monsterinsights_sitenote_active":false,"_monsterinsights_sitenote_note":"","_monsterinsights_sitenote_category":0},"product_brand":[],"product_cat":[560],"product_tag":[513,514,511,516,519,517,520,515,181,518,512],"class_list":{"0":"post-6583","1":"product","2":"type-product","3":"status-publish","4":"has-post-thumbnail","6":"product_cat-monitores-videoporteros-ip","7":"product_tag-altavoces","8":"product_tag-amplificadores","9":"product_tag-audio-y-video","10":"product_tag-audioporteros","11":"product_tag-digital-signage","12":"product_tag-intercomunicadores","13":"product_tag-kits-videoporteros","14":"product_tag-mezcladoras","15":"product_tag-microfonos","16":"product_tag-sistemas-de-enfermeria","17":"product_tag-videoporteros","19":"first","20":"instock","21":"sale","22":"taxable","23":"shipping-taxable","24":"purchasable","25":"product-type-simple"},"aioseo_notices":[],"_links":{"self":[{"href":"https:\/\/tecsecmty.com\/index.php\/wp-json\/wp\/v2\/product\/6583","targetHints":{"allow":["GET"]}}],"collection":[{"href":"https:\/\/tecsecmty.com\/index.php\/wp-json\/wp\/v2\/product"}],"about":[{"href":"https:\/\/tecsecmty.com\/index.php\/wp-json\/wp\/v2\/types\/product"}],"replies":[{"embeddable":true,"href":"https:\/\/tecsecmty.com\/index.php\/wp-json\/wp\/v2\/comments?post=6583"}],"version-history":[{"count":0,"href":"https:\/\/tecsecmty.com\/index.php\/wp-json\/wp\/v2\/product\/6583\/revisions"}],"wp:featuredmedia":[{"embeddable":true,"href":"https:\/\/tecsecmty.com\/index.php\/wp-json\/wp\/v2\/media\/6582"}],"wp:attachment":[{"href":"https:\/\/tecsecmty.com\/index.php\/wp-json\/wp\/v2\/media?parent=6583"}],"wp:term":[{"taxonomy":"product_brand","embeddable":true,"href":"https:\/\/tecsecmty.com\/index.php\/wp-json\/wp\/v2\/product_brand?post=6583"},{"taxonomy":"product_cat","embeddable":true,"href":"https:\/\/tecsecmty.com\/index.php\/wp-json\/wp\/v2\/product_cat?post=6583"},{"taxonomy":"product_tag","embeddable":true,"href":"https:\/\/tecsecmty.com\/index.php\/wp-json\/wp\/v2\/product_tag?post=6583"}],"curies":[{"name":"wp","href":"https:\/\/api.w.org\/{rel}","templated":true}]}}