{"id":6589,"date":"2023-02-23T12:08:13","date_gmt":"2023-02-23T18:08:13","guid":{"rendered":"https:\/\/tecsecmty.com\/index.php\/producto\/dahua-vth2621gw-p-monitor-ip-touch-de-7-pulgadas-serie-lite-blanco-poe-estandar-61-es-de-alarmas-uso-interior-modo-no-molestar-h-265-soporta-hasta-4-frentes-de-calle-y-4-monitores-adiciona\/"},"modified":"2023-03-22T23:23:10","modified_gmt":"2023-03-23T05:23:10","slug":"dahua-vth2621gw-p-monitor-ip-touch-de-7-pulgadas-serie-lite-blanco-poe-estandar-61-es-de-alarmas-uso-interior-modo-no-molestar-h-265-soporta-hasta-4-frentes-de-calle-y-4-monitores-adiciona","status":"publish","type":"product","link":"https:\/\/tecsecmty.com\/index.php\/producto\/dahua-vth2621gw-p-monitor-ip-touch-de-7-pulgadas-serie-lite-blanco-poe-estandar-61-es-de-alarmas-uso-interior-modo-no-molestar-h-265-soporta-hasta-4-frentes-de-calle-y-4-monitores-adiciona\/","title":{"rendered":"DAHUA VTH2621GW-P &#8211; Monitor IP Touch de 7 Pulgadas\/ Serie Lite\/ Blanco\/ Poe Estandar\/ 6&amp;1 E&amp;S de Alarmas\/ Uso Interior\/ Modo No Molestar\/ H.265\/ Soporta Hasta 4 Frentes de Calle y 4 Monitores Adicionales\/"},"content":{"rendered":"<div class=\"row aling-items-center padding-bottom-2x\">\n<div class=\"col-lg-12\">\n<h5 class=\"card-title text-center\">Informaci\u00f3n General<\/h5>\n<p>El equipo Dahua modelo\u00a0<strong>\u00a0VTH2621GW-P<\/strong>\u00a0es un monitor de video portero con pantalla de 7 pulgadas que nos brinda una excelente calidad de video, el cual le permite ver a los visitantes de la vivienda desde el frente de calle hasta nuestro monitor. Cuenta con 6 entradas de alarma para conectar sensores pueden ser de movimiento, magn\u00e9tico y una salida de alarma para conectar un estrobo o sirena.<\/p>\n<p><img decoding=\"async\" class=\"overview-center-img-web\" src=\"https:\/\/tvc.mx\/media\/447707\/monitor-ip-touch-de-7-pulgadas-blanco-poe-estandar-VTH2621GW-P-Dahua.png\" alt=\"\" \/><\/div>\n<\/div>\n<div class=\"row align-items-center padding-bottom-2x\">\n<div class=\"col-md-5\"><img decoding=\"async\" class=\"d-block m-auto img-thumbnail\" src=\"https:\/\/tvc.mx\/media\/447711\/alarma-dahua.png\" alt=\" \" \/><\/div>\n<div class=\"col-md-7 text-md-left text-center\">\n<h2>Entradas de alarmas<\/h2>\n<p class=\"text-muted\">\n<p>El\u00a0<strong>VTH2621GW-P<\/strong>\u00a0cuenta con 6 entradas de alarma cableadas las cuales permiten la conexi\u00f3n de contactos secos configurables como NO o NC, dentro de la configuraci\u00f3n se pueden manejar como sensor IR, gas, humo, bot\u00f3n de emergencia, puerta, alarma antirrobo, perimetral o timbre.<\/p>\n<p>&nbsp;<\/p>\n<\/div>\n<\/div>\n<hr class=\"padding-bottom-2x\" \/>\n<div class=\"row align-items-center padding-bottom-2x\">\n<div class=\"col-md-5 order-md-2\"><img decoding=\"async\" class=\"d-block m-auto img-thumbnail\" src=\"https:\/\/tvc.mx\/media\/447715\/solucion-residencial-dahua.png\" alt=\" \" \/><\/div>\n<div class=\"col-md-7 order-md-1 text-md-left text-center\">\n<h2>Soluci\u00f3n Residencial<\/h2>\n<p class=\"text-muted\">\n<p>Soluci\u00f3n residencial para 1 casa o departamento, recibe notificaci\u00f3n de llamada en la APP DMSS, donde se podr\u00e1 realizar\u00a0la apertura o \u00fanicamente visualizar el frente de calle.<\/p>\n<p>&nbsp;<\/p>\n<\/div>\n<\/div>\n<hr class=\"padding-bottom-2x\" \/>\n<div class=\"row align-items-center padding-bottom-2x\">\n<div class=\"col-md-5\"><img decoding=\"async\" class=\"d-block m-auto img-thumbnail\" src=\"https:\/\/tvc.mx\/media\/447719\/Facil-de-integrar-dahua%7D.png\" alt=\" \" \/><\/div>\n<div class=\"col-md-7 text-md-left text-center\">\n<h2>F\u00e1cil de Integrar.<\/h2>\n<p class=\"text-muted\">\n<p>La alimentaci\u00f3n PoE est\u00e1ndar 802.3af (Power over Ethernet) como la que tiene el\u00a0<strong>VTH2621GW-P<\/strong>, permite a los dispositivos de red a tener la alimentaci\u00f3n mediante el mismo cable lo que se traduce a reducir costos de instalaci\u00f3n, as\u00ed como el trabajo para la misma.<\/p>\n<p>&nbsp;<\/p>\n<\/div>\n<\/div>\n<hr class=\"padding-bottom-2x\" \/>\n<div class=\"row align-items-center padding-bottom-2x\">\n<div class=\"col-md-5 order-md-2\"><img decoding=\"async\" class=\"d-block m-auto img-thumbnail\" src=\"https:\/\/tvc.mx\/media\/447723\/monitor-ip-touch-de-7-pulgadas-blanco-poe-estandar-VTH2621GW-P-Dahua-caracteristicas.png\" alt=\" \" \/><\/div>\n<div class=\"col-md-7 order-md-1 text-md-left text-center\">\n<h2>Principales Caracter\u00edsticas<\/h2>\n<p class=\"text-muted\">\n<ul>\n<li>Supresi\u00f3n y reducci\u00f3n de eco \/ reducci\u00f3n digital de ruido,<\/li>\n<li>Soporte para c\u00e1maras IP Dahua,<\/li>\n<li>Soporte para SOS,<\/li>\n<li>Micr\u00f3fono integrado,<\/li>\n<li>Altavoces incorporados,<\/li>\n<li>Comunicaci\u00f3n bidireccional,<\/li>\n<li>Ajuste de volumen,<\/li>\n<li>Recepci\u00f3n y visualizaci\u00f3n de informaciones publicadas por el centro de gesti\u00f3n,<\/li>\n<li>Modo DND,<\/li>\n<li>Capacidad de comunicaci\u00f3n directa entre dos o m\u00e1s paneles<\/li>\n<\/ul>\n<p>&nbsp;<\/p>\n<\/div>\n<\/div>\n<hr class=\"padding-bottom-2x\" \/>\n<div class=\"row align-items-center padding-bottom-2x\">\n<div class=\"col-md-5\"><img decoding=\"async\" class=\"d-block m-auto img-thumbnail\" src=\"https:\/\/tvc.mx\/media\/447727\/monitor-ip-touch-de-7-pulgadas-blanco-poe-estandar-VTH2621GW-P-Dahua-especificaciones.png\" alt=\" \" \/><\/div>\n<div class=\"col-md-7 text-md-left text-center\">\n<h2>Especificaciones<\/h2>\n<p class=\"text-muted\">\n<ul>\n<li>7\u00a0\u00bb pantalla t\u00e1ctil<\/li>\n<li>Resoluci\u00f3n:1024 x 600<\/li>\n<li>Entradas de alarma:6<\/li>\n<li>Salidas de alarma:1<\/li>\n<li>PoE : 36\u00a0V &#8211; 57\u00a0V\u00a0DC\u00a0\/ 350\u00a0mA,<\/li>\n<li>12\u00a0V\u00a0DC\u00a0\/ 1\u00a0A<\/li>\n<li>Color: Blanco<\/li>\n<\/ul>\n<\/div>\n<\/div>\n","protected":false},"excerpt":{"rendered":"<p>Informaci\u00f3n General El equipo Dahua modelo\u00a0\u00a0VTH2621GW-P\u00a0es un monitor de video portero con pantalla de 7 pulgadas que nos brinda una excelente calidad de video, el cual le permite ver a los visitantes de la vivienda desde el frente de calle hasta nuestro monitor. Cuenta con&hellip;<\/p>\n","protected":false},"featured_media":6588,"comment_status":"open","ping_status":"closed","template":"","meta":{"om_disable_all_campaigns":false,"_monsterinsights_skip_tracking":false,"_monsterinsights_sitenote_active":false,"_monsterinsights_sitenote_note":"","_monsterinsights_sitenote_category":0},"product_brand":[],"product_cat":[560],"product_tag":[513,514,511,516,519,517,520,515,181,518,512],"class_list":{"0":"post-6589","1":"product","2":"type-product","3":"status-publish","4":"has-post-thumbnail","6":"product_cat-monitores-videoporteros-ip","7":"product_tag-altavoces","8":"product_tag-amplificadores","9":"product_tag-audio-y-video","10":"product_tag-audioporteros","11":"product_tag-digital-signage","12":"product_tag-intercomunicadores","13":"product_tag-kits-videoporteros","14":"product_tag-mezcladoras","15":"product_tag-microfonos","16":"product_tag-sistemas-de-enfermeria","17":"product_tag-videoporteros","19":"first","20":"instock","21":"sale","22":"taxable","23":"shipping-taxable","24":"purchasable","25":"product-type-simple"},"aioseo_notices":[],"_links":{"self":[{"href":"https:\/\/tecsecmty.com\/index.php\/wp-json\/wp\/v2\/product\/6589","targetHints":{"allow":["GET"]}}],"collection":[{"href":"https:\/\/tecsecmty.com\/index.php\/wp-json\/wp\/v2\/product"}],"about":[{"href":"https:\/\/tecsecmty.com\/index.php\/wp-json\/wp\/v2\/types\/product"}],"replies":[{"embeddable":true,"href":"https:\/\/tecsecmty.com\/index.php\/wp-json\/wp\/v2\/comments?post=6589"}],"version-history":[{"count":0,"href":"https:\/\/tecsecmty.com\/index.php\/wp-json\/wp\/v2\/product\/6589\/revisions"}],"wp:featuredmedia":[{"embeddable":true,"href":"https:\/\/tecsecmty.com\/index.php\/wp-json\/wp\/v2\/media\/6588"}],"wp:attachment":[{"href":"https:\/\/tecsecmty.com\/index.php\/wp-json\/wp\/v2\/media?parent=6589"}],"wp:term":[{"taxonomy":"product_brand","embeddable":true,"href":"https:\/\/tecsecmty.com\/index.php\/wp-json\/wp\/v2\/product_brand?post=6589"},{"taxonomy":"product_cat","embeddable":true,"href":"https:\/\/tecsecmty.com\/index.php\/wp-json\/wp\/v2\/product_cat?post=6589"},{"taxonomy":"product_tag","embeddable":true,"href":"https:\/\/tecsecmty.com\/index.php\/wp-json\/wp\/v2\/product_tag?post=6589"}],"curies":[{"name":"wp","href":"https:\/\/api.w.org\/{rel}","templated":true}]}}