{"id":6591,"date":"2023-02-23T12:08:16","date_gmt":"2023-02-23T18:08:16","guid":{"rendered":"https:\/\/tecsecmty.com\/index.php\/producto\/dahua-vth5221ds2-monitor-ip-touch-de-7-pulgadas-conexion-wifi-y-ethernet-poe-802-3af-soporta-microsd-hasta-32gb-32-camaras-ip-hasta-20-frentes-de-calle-vdpdahua\/"},"modified":"2023-03-22T23:23:10","modified_gmt":"2023-03-23T05:23:10","slug":"dahua-vth5221ds2-monitor-ip-touch-de-7-pulgadas-conexion-wifi-y-ethernet-poe-802-3af-soporta-microsd-hasta-32gb-32-camaras-ip-hasta-20-frentes-de-calle-vdpdahua","status":"publish","type":"product","link":"https:\/\/tecsecmty.com\/index.php\/producto\/dahua-vth5221ds2-monitor-ip-touch-de-7-pulgadas-conexion-wifi-y-ethernet-poe-802-3af-soporta-microsd-hasta-32gb-32-camaras-ip-hasta-20-frentes-de-calle-vdpdahua\/","title":{"rendered":"DAHUA VTH5221DS2 &#8211; Monitor IP touch de 7 pulgadas \/ Conexion WiFi y ethernet \/ PoE 802.3af \/ Soporta microSD Hasta 32GB \/ 32 Camaras IP \/ Hasta 20 frentes de calle #VDPDahua\/"},"content":{"rendered":"<div class=\"row aling-items-center padding-bottom-2x\">\n<div class=\"col-lg-12\">\n<h5 class=\"card-title text-center\">Informaci\u00f3n General.<\/h5>\n<p>El equipo Dahua modelo\u00a0<strong>VTH5221D-S2<\/strong>\u00a0es un monitor de video portero con pantalla de 7 pulgadas que nos brinda una excelente calidad de video, el cual le permite ver a los visitantes de la vivienda desde el frente de calle hasta nuestro monitor. Cuenta con 6 entradas de alarma para conectar sensores pueden ser de movimiento, magn\u00e9tico y una salida de alarma para conectar un estrobo o sirena.<\/p>\n<p>Puede realizar llamadas en grupo y, adem\u00e1s, puede agregar c\u00e1maras IP (de hasta 2 MP).<\/p>\n<p><img decoding=\"async\" class=\"overview-center-img-web\" src=\"https:\/\/tvc.mx\/media\/399891\/monitor-ip-touch-de-7-pulgadas-conexion-wifi-y-ethernet--VTH5221DS2-dahua.png\" alt=\"\" \/><\/div>\n<\/div>\n<div class=\"row align-items-center padding-bottom-2x\">\n<div class=\"col-md-5\"><img decoding=\"async\" class=\"d-block m-auto img-thumbnail\" src=\"https:\/\/tvc.mx\/media\/399895\/video-intercom-dahua.png\" alt=\" \" \/><\/div>\n<div class=\"col-md-7 text-md-left text-center\">\n<h2>SIP<\/h2>\n<p class=\"text-muted\">\n<p>Los videoporteros SIP Dahua adoptan el protocolo SIP est\u00e1ndar, compatible con productos de terceros.<\/p>\n<p>El uso de la tecnolog\u00eda IP y el protocolo SIP ofrece al intercomunicador varias opciones para conectarse a los sistemas telef\u00f3nicos. Realmente puede experimentar la vida perfecta de \u00abcomunidad inteligente\u00bb y \u00abhogar digital\u00bb.<\/p>\n<p>&nbsp;<\/p>\n<\/div>\n<\/div>\n<hr class=\"padding-bottom-2x\" \/>\n<div class=\"row align-items-center padding-bottom-2x\">\n<div class=\"col-md-5 order-md-2\"><img decoding=\"async\" class=\"d-block m-auto img-thumbnail\" src=\"https:\/\/tvc.mx\/media\/399899\/solucion-departamental-dahua.png\" alt=\" \" \/><\/div>\n<div class=\"col-md-7 order-md-1 text-md-left text-center\">\n<h2>Soluci\u00f3n Departamental<\/h2>\n<p class=\"text-muted\">\n<p>Con la soluci\u00f3n departamental para 100 monitores VTHs, es posible recibir la notificaci\u00f3n de llamada en VTH y en APP DMSS simult\u00e1neamente, se podr\u00e1 realizar la apertura remota o \u00fanicamente visualizar el frente de calle.<\/p>\n<p>&nbsp;<\/p>\n<\/div>\n<\/div>\n<hr class=\"padding-bottom-2x\" \/>\n<div class=\"row align-items-center padding-bottom-2x\">\n<div class=\"col-md-5\"><img decoding=\"async\" class=\"d-block m-auto img-thumbnail\" src=\"https:\/\/tvc.mx\/media\/399903\/alarma-dahua.png\" alt=\" \" \/><\/div>\n<div class=\"col-md-7 text-md-left text-center\">\n<h2>Entradas de Alarma.<\/h2>\n<p class=\"text-muted\">\n<p>El\u00a0<strong>VTH5221D-S2\u00a0<\/strong>cuenta con 6 entradas de alarma cableadas las cuales permiten la conexi\u00f3n de contactos secos configurables como NO o NC, dentro de la configuraci\u00f3n se pueden manejar como sensor IR, gas, humo, bot\u00f3n de emergencia, puerta, alarma antirrobo, perimetral o timbre.<\/p>\n<p>&nbsp;<\/p>\n<\/div>\n<\/div>\n<hr class=\"padding-bottom-2x\" \/>\n<div class=\"row align-items-center padding-bottom-2x\">\n<div class=\"col-md-5 order-md-2\"><img decoding=\"async\" class=\"d-block m-auto img-thumbnail\" src=\"https:\/\/tvc.mx\/media\/399907\/solucion-residencial-dahua.png\" alt=\" \" \/><\/div>\n<div class=\"col-md-7 order-md-1 text-md-left text-center\">\n<h2>Soluci\u00f3n Residencial<\/h2>\n<p class=\"text-muted\">\n<p>Soluci\u00f3n residencial para 1 casa o departamento, recibe notificaci\u00f3n de llamada en la APP DMSS, donde se podr\u00e1 realizar\u00a0la apertura o \u00fanicamente visualizar el frente de calle.<\/p>\n<p>&nbsp;<\/p>\n<\/div>\n<\/div>\n<hr class=\"padding-bottom-2x\" \/>\n<div class=\"row align-items-center padding-bottom-2x\">\n<div class=\"col-md-5\"><img decoding=\"async\" class=\"d-block m-auto img-thumbnail\" src=\"https:\/\/tvc.mx\/media\/399911\/Facil-de-integrar-dahua%7D.png\" alt=\" \" \/><\/div>\n<div class=\"col-md-7 text-md-left text-center\">\n<h2>F\u00e1cil de Integrar.<\/h2>\n<p class=\"text-muted\">\n<p>La alimentaci\u00f3n PoE est\u00e1ndar 802.3af (<strong>Power over Ethernet<\/strong>) como la que tiene el<strong>\u00a0VTH5221D-S2<\/strong>, permite a los dispositivos de red a tener la alimentaci\u00f3n mediante el mismo cable lo que se traduce a reducir costos de instalaci\u00f3n, as\u00ed como el trabajo para la misma.<\/p>\n<p>&nbsp;<\/p>\n<\/div>\n<\/div>\n<hr class=\"padding-bottom-2x\" \/>\n<div class=\"row align-items-center padding-bottom-2x\">\n<div class=\"col-md-5 order-md-2\"><img decoding=\"async\" class=\"d-block m-auto img-thumbnail\" src=\"https:\/\/tvc.mx\/media\/399919\/monitor-ip-touch-de-7-pulgadas-conexion-wifi-y-ethernet--VTH5221DS2-dahua-pp-caracteristicas.png\" alt=\" \" \/><\/div>\n<div class=\"col-md-7 order-md-1 text-md-left text-center\">\n<h2>Principales Caracter\u00edsticas<\/h2>\n<p class=\"text-muted\">\n<ul>\n<li>M\u00d3DULO Wi-Fi,<\/li>\n<li>Micr\u00f3fono integrado,<\/li>\n<li>Altavoces incorporados,<\/li>\n<li>Comunicaci\u00f3n bidireccional,<\/li>\n<li>Ajuste continuo de los par\u00e1metros del monitor: brillo, volumen del timbre y volumen de la conversaci\u00f3n,<\/li>\n<li>Capacidad de captura autom\u00e1tica y almacenamiento de im\u00e1genes en ausencia de respuesta al timbre,<\/li>\n<li>Capacidad de grabaci\u00f3n autom\u00e1tica de un corto mensaje de v\u00eddeo en ausencia de respuesta al bot\u00f3n del timbre,<\/li>\n<li>Soporte para c\u00e1maras IP Dahua,<\/li>\n<li>Interfaz RS-485<\/li>\n<li>Capacidad de comunicaci\u00f3n directa entre dos o m\u00e1s paneles<\/li>\n<\/ul>\n<p>&nbsp;<\/p>\n<\/div>\n<\/div>\n<hr class=\"padding-bottom-2x\" \/>\n<div class=\"row align-items-center padding-bottom-2x\">\n<div class=\"col-md-5\"><img decoding=\"async\" class=\"d-block m-auto img-thumbnail\" src=\"https:\/\/tvc.mx\/media\/399935\/monitor-ip-touch-de-7-pulgadas-conexion-wifi-y-ethernet--VTH5221DS2-dahua-especificaciones.png\" alt=\" \" \/><\/div>\n<div class=\"col-md-7 text-md-left text-center\">\n<h2>Especificaciones<\/h2>\n<p class=\"text-muted\">\n<ul>\n<li>Compatibilidad: Instalaci\u00f3n de intercomunicaci\u00f3n &#8211; DAHUA IP<\/li>\n<li>Pantalla: 7\u00a0\u00bb pantalla t\u00e1ctil capacitiva<\/li>\n<li>Resoluci\u00f3n:1024 x 600<\/li>\n<li>Ranura para tarjeta de memoria: Es compatible con tarjetas Micro SD hasta 32GB<\/li>\n<li>Control: Botones de acceso r\u00e1pido a funciones + pantalla t\u00e1ctil capacitiva<\/li>\n<li>Entradas de alarma:6<\/li>\n<li>Salidas de alarma:1<\/li>\n<li>Alimentaci\u00f3n:12\u00a0V\u00a0DC\u00a0\/ 580\u00a0mA,\u00a0PoE (802.3af)<\/li>\n<\/ul>\n<\/div>\n<\/div>\n","protected":false},"excerpt":{"rendered":"<p>Informaci\u00f3n General. El equipo Dahua modelo\u00a0VTH5221D-S2\u00a0es un monitor de video portero con pantalla de 7 pulgadas que nos brinda una excelente calidad de video, el cual le permite ver a los visitantes de la vivienda desde el frente de calle hasta nuestro monitor. Cuenta con&hellip;<\/p>\n","protected":false},"featured_media":6590,"comment_status":"open","ping_status":"closed","template":"","meta":{"om_disable_all_campaigns":false,"_monsterinsights_skip_tracking":false,"_monsterinsights_sitenote_active":false,"_monsterinsights_sitenote_note":"","_monsterinsights_sitenote_category":0},"product_brand":[],"product_cat":[560],"product_tag":[513,514,511,516,519,517,520,515,181,518,512],"class_list":{"0":"post-6591","1":"product","2":"type-product","3":"status-publish","4":"has-post-thumbnail","6":"product_cat-monitores-videoporteros-ip","7":"product_tag-altavoces","8":"product_tag-amplificadores","9":"product_tag-audio-y-video","10":"product_tag-audioporteros","11":"product_tag-digital-signage","12":"product_tag-intercomunicadores","13":"product_tag-kits-videoporteros","14":"product_tag-mezcladoras","15":"product_tag-microfonos","16":"product_tag-sistemas-de-enfermeria","17":"product_tag-videoporteros","19":"first","20":"instock","21":"sale","22":"taxable","23":"shipping-taxable","24":"purchasable","25":"product-type-simple"},"aioseo_notices":[],"_links":{"self":[{"href":"https:\/\/tecsecmty.com\/index.php\/wp-json\/wp\/v2\/product\/6591","targetHints":{"allow":["GET"]}}],"collection":[{"href":"https:\/\/tecsecmty.com\/index.php\/wp-json\/wp\/v2\/product"}],"about":[{"href":"https:\/\/tecsecmty.com\/index.php\/wp-json\/wp\/v2\/types\/product"}],"replies":[{"embeddable":true,"href":"https:\/\/tecsecmty.com\/index.php\/wp-json\/wp\/v2\/comments?post=6591"}],"version-history":[{"count":0,"href":"https:\/\/tecsecmty.com\/index.php\/wp-json\/wp\/v2\/product\/6591\/revisions"}],"wp:featuredmedia":[{"embeddable":true,"href":"https:\/\/tecsecmty.com\/index.php\/wp-json\/wp\/v2\/media\/6590"}],"wp:attachment":[{"href":"https:\/\/tecsecmty.com\/index.php\/wp-json\/wp\/v2\/media?parent=6591"}],"wp:term":[{"taxonomy":"product_brand","embeddable":true,"href":"https:\/\/tecsecmty.com\/index.php\/wp-json\/wp\/v2\/product_brand?post=6591"},{"taxonomy":"product_cat","embeddable":true,"href":"https:\/\/tecsecmty.com\/index.php\/wp-json\/wp\/v2\/product_cat?post=6591"},{"taxonomy":"product_tag","embeddable":true,"href":"https:\/\/tecsecmty.com\/index.php\/wp-json\/wp\/v2\/product_tag?post=6591"}],"curies":[{"name":"wp","href":"https:\/\/api.w.org\/{rel}","templated":true}]}}