{"id":6593,"date":"2023-02-23T12:08:18","date_gmt":"2023-02-23T18:08:18","guid":{"rendered":"https:\/\/tecsecmty.com\/index.php\/producto\/dahua-vth5341g-w-monitor-para-videoportero-o-medicion-de-temperatura-10-pulgadas-android-wifi-y-rj45-pantalla-touch-ranura-para-microsd-poe-estandar-toctoc-covid19\/"},"modified":"2023-03-22T23:23:10","modified_gmt":"2023-03-23T05:23:10","slug":"dahua-vth5341g-w-monitor-para-videoportero-o-medicion-de-temperatura-10-pulgadas-android-wifi-y-rj45-pantalla-touch-ranura-para-microsd-poe-estandar-toctoc-covid19","status":"publish","type":"product","link":"https:\/\/tecsecmty.com\/index.php\/producto\/dahua-vth5341g-w-monitor-para-videoportero-o-medicion-de-temperatura-10-pulgadas-android-wifi-y-rj45-pantalla-touch-ranura-para-microsd-poe-estandar-toctoc-covid19\/","title":{"rendered":"DAHUA VTH5341G-W &#8211; Monitor para Videoportero o Medici\u00f3n de temperatura\/ 10 Pulgadas\/ Android\/ Wifi y Rj45\/ Pantalla Touch\/ Ranura para MicroSD\/ PoE est\u00e1ndar #TocToc #COVID19"},"content":{"rendered":"<div class=\"row aling-items-center padding-bottom-2x\">\n<div class=\"col-lg-12\">\n<h5 class=\"card-title text-center\">Informaci\u00f3n general<\/h5>\n<p>El equipo Dahua modelo\u00a0<strong>VTH5341G-W<\/strong>\u00a0es un monitor de video portero con pantalla de 10 pulgadas que nos brinda una excelente calidad de video, el cual le permite ver a los visitantes de la vivienda desde el frente de calle hasta nuestro monitor.<\/p>\n<p>Cuenta con\u00a0<strong>8 entradas de alarma<\/strong>\u00a0para conectar sensores pueden ser de movimiento, magn\u00e9tico y una salida de alarma para conectar un estrobo o sirena.<\/p>\n<p><img decoding=\"async\" class=\"overview-center-img-web\" src=\"https:\/\/tvc.mx\/media\/399851\/monitor-par-videoportero-o-medicion-de-temperatura-VTH5341G-W-Dahua.png\" alt=\"\" \/><\/div>\n<\/div>\n<div class=\"row align-items-center padding-bottom-2x\">\n<div class=\"col-md-5 order-md-2\"><img decoding=\"async\" class=\"d-block m-auto img-thumbnail\" src=\"https:\/\/tvc.mx\/media\/399855\/alarma-dahua.png\" alt=\" \" \/><\/div>\n<div class=\"col-md-7 order-md-1 text-md-left text-center\">\n<h2>Entradas de Alarma.<\/h2>\n<p class=\"text-muted\">\n<p>Cuenta con\u00a0<strong>8 entradas de alarma cableadas<\/strong>\u00a0las cuales permiten la conexi\u00f3n de contactos secos configurables como\u00a0<strong>NO o NC<\/strong>, dentro de la configuraci\u00f3n se pueden manejar como Sensor IR, Gas, Humo, Bot\u00f3n de Emergencia, Puerta, Alarma Anti-Robo, Perimetral o Timbre.<\/p>\n<p>&nbsp;<\/p>\n<\/div>\n<\/div>\n<hr class=\"padding-bottom-2x\" \/>\n<div class=\"row align-items-center padding-bottom-2x\">\n<div class=\"col-md-5\"><img decoding=\"async\" class=\"d-block m-auto img-thumbnail\" src=\"https:\/\/tvc.mx\/media\/399859\/video-intercom-dahua.png\" alt=\" \" \/><\/div>\n<div class=\"col-md-7 text-md-left text-center\">\n<h2>SIP<\/h2>\n<p class=\"text-muted\">\n<p>Los video porteros\u00a0<strong>SIP<\/strong>\u00a0Dahua adoptan el protocolo SIP est\u00e1ndar,\u00a0<strong>compatible con productos de terceros<\/strong>.<\/p>\n<p>El uso de la tecnolog\u00eda IP y el protocolo SIP ofrece al intercomunicador varias opciones para conectarse a los sistemas telef\u00f3nicos. Realmente puede experimentar la vida perfecta de \u00abcomunidad inteligente\u00bb y \u00abhogar digital\u00bb.<\/p>\n<p>&nbsp;<\/p>\n<\/div>\n<\/div>\n<hr class=\"padding-bottom-2x\" \/>\n<div class=\"row align-items-center padding-bottom-2x\">\n<div class=\"col-md-5 order-md-2\"><img decoding=\"async\" class=\"d-block m-auto img-thumbnail\" src=\"https:\/\/tvc.mx\/media\/399863\/Compatibilidad-dahua.png\" alt=\" \" \/><\/div>\n<div class=\"col-md-7 order-md-1 text-md-left text-center\">\n<h2>Compatible con ASI7213XT1<\/h2>\n<p class=\"text-muted\">\n<p>El\u00a0<strong>VTH5341G-W<\/strong>\u00a0es compatible con el control de acceso facial y temperatura\u00a0<strong>ASI7213XT1<\/strong>, para la captura de temperatura, detecci\u00f3n de cubrebocas, toma de fotos y notificaci\u00f3n de alerta por temperatura elevada.<\/p>\n<p><strong>Para realizar la funci\u00f3n de monitoreo de temperatura, es necesario realizar la carga de firmware a los modelos VTH5341G-W y ASI7213X-T1. (Disponible solo en ingl\u00e9s)<\/strong><\/p>\n<p><strong>Firmware para modelo VTH5341G-W (Disponible solo en ingl\u00e9s)<\/strong><\/p>\n<p>http:\/\/soporte.tvc.mx\/Ingenieria\/DAHUA\/FIRMWARE\/ACS\/update.bin<\/p>\n<p><strong>Firmware para modelo ASI7213X-T1 (Disponible solo en ingl\u00e9s)<\/strong><\/p>\n<p>http:\/\/soporte.tvc.mx\/Ingenieria\/DAHUA\/FIRMWARE\/ACS\/DH_ASI72XXX_Eng_NP_V1.000.0000002.5.R.200831.zip<\/p>\n<p>&nbsp;<\/p>\n<\/div>\n<\/div>\n<hr class=\"padding-bottom-2x\" \/>\n<div class=\"row align-items-center padding-bottom-2x\">\n<div class=\"col-md-5\"><img decoding=\"async\" class=\"d-block m-auto img-thumbnail\" src=\"https:\/\/tvc.mx\/media\/399867\/solucion-departamental-dahua.png\" alt=\" \" \/><\/div>\n<div class=\"col-md-7 text-md-left text-center\">\n<h2>F\u00e1cil de Integrar.<\/h2>\n<p class=\"text-muted\">\n<p>La alimentaci\u00f3n PoE est\u00e1ndar 802.3af (<strong>Power over Ethernet<\/strong>) permite a los dispositivos de red a tener la alimentaci\u00f3n mediante el mismo cable lo que se traduce a reducir costos de instalaci\u00f3n, as\u00ed como el trabajo para la misma.<\/p>\n<p>El\u00a0<strong>VTH5341G-W\u00a0<\/strong>cuenta con una gran versatilidad para diferentes soluciones dentro de la familia Dahua pues, puede ser emparejado en soluciones que solo requieran un equipo o m\u00e1s en una soluci\u00f3n departamental.<\/p>\n<p>&nbsp;<\/p>\n<\/div>\n<\/div>\n<hr class=\"padding-bottom-2x\" \/>\n<div class=\"row align-items-center padding-bottom-2x\">\n<div class=\"col-md-5 order-md-2\"><img decoding=\"async\" class=\"d-block m-auto img-thumbnail\" src=\"https:\/\/tvc.mx\/media\/399871\/monitor-par-videoportero-o-medicion-de-temperatura-VTH5341G-W-Dahua-pp.caracteristicas.png\" alt=\" \" \/><\/div>\n<div class=\"col-md-7 order-md-1 text-md-left text-center\">\n<h2>Principales caracter\u00edsticas.<\/h2>\n<p class=\"text-muted\">\n<ul>\n<li>M\u00d3DULO Wi-Fi &#8211; 2.4\u00a0GHz IEEE 802.11 b\/g\/n,<\/li>\n<li>Protecciones : WEP 64\/128-bit, WPA\/WPA2, WPA-PSK\/WPA2-PSK, WPS,<\/li>\n<li>Micr\u00f3fono integrado,<\/li>\n<li>Altavoz incorporado,<\/li>\n<li>Supresi\u00f3n y reducci\u00f3n de eco \/ reducci\u00f3n digital de ruido,<\/li>\n<li>Comunicaci\u00f3n bidireccional,<\/li>\n<li>Ajuste continuo de los par\u00e1metros del monitor: brillo, volumen del timbre y volumen de la conversaci\u00f3n,<\/li>\n<li>Capacidad de captura autom\u00e1tica y almacenamiento de im\u00e1genes en ausencia de respuesta al timbre,<\/li>\n<li>Capacidad de grabaci\u00f3n autom\u00e1tica de un corto mensaje de v\u00eddeo en ausencia de respuesta al bot\u00f3n del timbre,<\/li>\n<li>Capacidad de comunicaci\u00f3n directa entre dos o m\u00e1s paneles,<\/li>\n<li>Soporte para c\u00e1maras IP Dahua,<\/li>\n<li>Interfaz RS-485,<\/li>\n<li>Salida de alimentaci\u00f3n : 12\u00a0V\u00a0DC\u00a0\/ 100\u00a0mA,<\/li>\n<li>Modo DND,<\/li>\n<li>Soporte para SOS<\/li>\n<li>Sistema Android 8.1<\/li>\n<\/ul>\n<p>&nbsp;<\/p>\n<\/div>\n<\/div>\n<hr class=\"padding-bottom-2x\" \/>\n<div class=\"row align-items-center padding-bottom-2x\">\n<div class=\"col-md-5\"><img decoding=\"async\" class=\"d-block m-auto img-thumbnail\" src=\"https:\/\/tvc.mx\/media\/399875\/monitor-par-videoportero-o-medicion-de-temperatura-VTH5341G-W-Dahua-especificaciones.png\" alt=\" \" \/><\/div>\n<div class=\"col-md-7 text-md-left text-center\">\n<h2>Especificaciones<\/h2>\n<p class=\"text-muted\">\n<ul>\n<li>Instalaci\u00f3n de intercomunicaci\u00f3n &#8211; DAHUA IP<\/li>\n<li>Pantalla:10\u00a0\u00bb pantalla t\u00e1ctil capacitiva<\/li>\n<li>Resoluci\u00f3n:1024 x 600<\/li>\n<li>Ranura para tarjeta de memoria: Es compatible con tarjetas Micro SD hasta 256GB<\/li>\n<li>Control: pantalla t\u00e1ctil capacitiva<\/li>\n<li>Entradas de alarma:8<\/li>\n<li>Alimentaci\u00f3n: 12\u00a0V\u00a0DC\u00a0\/ 1\u00a0A, PoE (802.3af)<\/li>\n<\/ul>\n<p>&nbsp;<\/p>\n<\/div>\n<\/div>\n<hr class=\"padding-bottom-2x\" \/>\n<div class=\"row align-items-center padding-bottom-2x\">\n<div class=\"col-md-5\"><img decoding=\"async\" class=\"d-block m-auto img-thumbnail\" src=\"https:\/\/tvc.mx\/media\/500334\/VTH5341G_W_Monitor_para_Videoportero_o_Medicion_de_temperatura.png\" alt=\" \" \/><\/div>\n<div class=\"col-md-7 text-md-left text-center\">\n<h2>Incluye:<\/h2>\n<p class=\"text-muted\">\n<ul>\n<li>Monitor 10 pulgadas<\/li>\n<li>Soporte para montar en pared<\/li>\n<li>Tornillos \/ Taquetes<\/li>\n<li>Cables de conexi\u00f3n contacto seco<\/li>\n<li>Gu\u00eda de instalaci\u00f3n r\u00e1pida<\/li>\n<li>C\u00f3digo QR para descargar manuales<\/li>\n<li>P\u00f3liza de garant\u00eda<\/li>\n<li>Gu\u00eda con informaci\u00f3n legal y reglamentaria<\/li>\n<\/ul>\n<\/div>\n<\/div>\n","protected":false},"excerpt":{"rendered":"<p>Informaci\u00f3n general El equipo Dahua modelo\u00a0VTH5341G-W\u00a0es un monitor de video portero con pantalla de 10 pulgadas que nos brinda una excelente calidad de video, el cual le permite ver a los visitantes de la vivienda desde el frente de calle hasta nuestro monitor. Cuenta con\u00a08&hellip;<\/p>\n","protected":false},"featured_media":6592,"comment_status":"open","ping_status":"closed","template":"","meta":{"om_disable_all_campaigns":false,"_monsterinsights_skip_tracking":false,"_monsterinsights_sitenote_active":false,"_monsterinsights_sitenote_note":"","_monsterinsights_sitenote_category":0},"product_brand":[],"product_cat":[560],"product_tag":[513,514,511,516,519,517,520,515,181,518,512],"class_list":{"0":"post-6593","1":"product","2":"type-product","3":"status-publish","4":"has-post-thumbnail","6":"product_cat-monitores-videoporteros-ip","7":"product_tag-altavoces","8":"product_tag-amplificadores","9":"product_tag-audio-y-video","10":"product_tag-audioporteros","11":"product_tag-digital-signage","12":"product_tag-intercomunicadores","13":"product_tag-kits-videoporteros","14":"product_tag-mezcladoras","15":"product_tag-microfonos","16":"product_tag-sistemas-de-enfermeria","17":"product_tag-videoporteros","19":"first","20":"instock","21":"sale","22":"taxable","23":"shipping-taxable","24":"purchasable","25":"product-type-simple"},"aioseo_notices":[],"_links":{"self":[{"href":"https:\/\/tecsecmty.com\/index.php\/wp-json\/wp\/v2\/product\/6593","targetHints":{"allow":["GET"]}}],"collection":[{"href":"https:\/\/tecsecmty.com\/index.php\/wp-json\/wp\/v2\/product"}],"about":[{"href":"https:\/\/tecsecmty.com\/index.php\/wp-json\/wp\/v2\/types\/product"}],"replies":[{"embeddable":true,"href":"https:\/\/tecsecmty.com\/index.php\/wp-json\/wp\/v2\/comments?post=6593"}],"version-history":[{"count":0,"href":"https:\/\/tecsecmty.com\/index.php\/wp-json\/wp\/v2\/product\/6593\/revisions"}],"wp:featuredmedia":[{"embeddable":true,"href":"https:\/\/tecsecmty.com\/index.php\/wp-json\/wp\/v2\/media\/6592"}],"wp:attachment":[{"href":"https:\/\/tecsecmty.com\/index.php\/wp-json\/wp\/v2\/media?parent=6593"}],"wp:term":[{"taxonomy":"product_brand","embeddable":true,"href":"https:\/\/tecsecmty.com\/index.php\/wp-json\/wp\/v2\/product_brand?post=6593"},{"taxonomy":"product_cat","embeddable":true,"href":"https:\/\/tecsecmty.com\/index.php\/wp-json\/wp\/v2\/product_cat?post=6593"},{"taxonomy":"product_tag","embeddable":true,"href":"https:\/\/tecsecmty.com\/index.php\/wp-json\/wp\/v2\/product_tag?post=6593"}],"curies":[{"name":"wp","href":"https:\/\/api.w.org\/{rel}","templated":true}]}}