{"id":6595,"date":"2023-02-23T12:08:19","date_gmt":"2023-02-23T18:08:19","guid":{"rendered":"https:\/\/tecsecmty.com\/index.php\/producto\/dahua-vtm123-soporte-para-escritorio-de-vth5221d-s2-vth2421fw-vth1550ch-vth2421fw-p-toctoc\/"},"modified":"2023-03-22T23:23:10","modified_gmt":"2023-03-23T05:23:10","slug":"dahua-vtm123-soporte-para-escritorio-de-vth5221d-s2-vth2421fw-vth1550ch-vth2421fw-p-toctoc","status":"publish","type":"product","link":"https:\/\/tecsecmty.com\/index.php\/producto\/dahua-vtm123-soporte-para-escritorio-de-vth5221d-s2-vth2421fw-vth1550ch-vth2421fw-p-toctoc\/","title":{"rendered":"DAHUA VTM123 &#8211; Soporte para Escritorio de VTH5221D-S2, VTH2421FW, VTH1550CH, VTH2421FW-P #TocToc"},"content":{"rendered":"<div class=\"row aling-items-center padding-bottom-2x\">\n<div class=\"col-lg-12\">\n<h5 class=\"card-title text-center\">Informaci\u00f3n general<\/h5>\n<p>Soporte de escritorio compatible con VTH5221D para colocarlo de forma pr\u00e1ctica, dise\u00f1o elegante en color negro, facilita la instalaci\u00f3n con sus 45\u00b0 de inclinaci\u00f3n lo que ofrece un mejor monitoreo y comodidad al operador<\/p>\n<p><img decoding=\"async\" class=\"overview-center-img-web\" src=\"https:\/\/tvc.mx\/media\/478216\/soporte-de-escritorio-para-VTH-VTM123-dahua.png\" alt=\"\" \/><\/div>\n<\/div>\n<div class=\"row align-items-center padding-bottom-2x\">\n<div class=\"col-md-5 order-md-2\"><img decoding=\"async\" class=\"d-block m-auto img-thumbnail\" src=\"https:\/\/tvc.mx\/media\/478218\/instalacion.png\" alt=\" \" \/><\/div>\n<div class=\"col-md-7 order-md-1 text-md-left text-center\">\n<h2>Instalaci\u00f3n<\/h2>\n<p class=\"text-muted\">\n<p>Tome VTH5221E-H por ejemplo.<\/p>\n<p>a) Con dos tornillos de cabeza avellanada empotrada en cruz M3 \u00d7 6,<\/p>\n<p>apriete el soporte de metal en las dos tuercas superiores del escritorio<\/p>\n<p>soporte.<\/p>\n<p>b) Conecte el cable haciendo referencia a las instrucciones.<\/p>\n<p>c) Despu\u00e9s del cableado, gu\u00ede el cable a trav\u00e9s de la salida de cable en la parte posterior<\/p>\n<p>o en la parte inferior del soporte de escritorio.<\/p>\n<p>d) Coloque el auricular VTH a lo largo de la ranura en la parte superior del soporte de metal,<\/p>\n<p>e inst\u00e1lelo en el soporte.<\/p>\n<p>&nbsp;<\/p>\n<\/div>\n<\/div>\n<hr class=\"padding-bottom-2x\" \/>\n<div class=\"row align-items-center padding-bottom-2x\">\n<div class=\"col-md-5\"><img decoding=\"async\" class=\"d-block m-auto img-thumbnail\" src=\"https:\/\/tvc.mx\/media\/478220\/soporte-de-escritorio-para-VTH-VTM123-dahua-caracteristicas.png\" alt=\" \" \/><\/div>\n<div class=\"col-md-7 text-md-left text-center\">\n<h2>Principales caracter\u00edsticas<\/h2>\n<p class=\"text-muted\">\n<ul>\n<li>Tama\u00f1o: 190 mm * 100 mm * 54 mm<\/li>\n<li>\u00c1ngulo de inmersi\u00f3n: 45 \u00b0<\/li>\n<li>Soporte montado en superficie<\/li>\n<\/ul>\n<p>&nbsp;<\/p>\n<\/div>\n<\/div>\n<hr class=\"padding-bottom-2x\" \/>\n<div class=\"row align-items-center padding-bottom-2x\">\n<div class=\"col-md-5\"><img decoding=\"async\" class=\"d-block m-auto img-thumbnail\" src=\"https:\/\/tvc.mx\/media\/500336\/DAHUA_VTM123_Soporte_para_Escritorio_de_VTH5221D_S2.png\" alt=\" \" \/><\/div>\n<div class=\"col-md-7 text-md-left text-center\">\n<h2>Incluye:<\/h2>\n<p class=\"text-muted\">\n<ul>\n<li>Soporte para Escritorio de VTH5221D-S2, VTH2421FW, VTH1550CH, VTH2421FW-P<\/li>\n<li>Tornillos<\/li>\n<\/ul>\n<\/div>\n<\/div>\n","protected":false},"excerpt":{"rendered":"<p>Informaci\u00f3n general Soporte de escritorio compatible con VTH5221D para colocarlo de forma pr\u00e1ctica, dise\u00f1o elegante en color negro, facilita la instalaci\u00f3n con sus 45\u00b0 de inclinaci\u00f3n lo que ofrece un mejor monitoreo y comodidad al operador Instalaci\u00f3n Tome VTH5221E-H por ejemplo. a) Con dos tornillos&hellip;<\/p>\n","protected":false},"featured_media":6594,"comment_status":"open","ping_status":"closed","template":"","meta":{"om_disable_all_campaigns":false,"_monsterinsights_skip_tracking":false,"_monsterinsights_sitenote_active":false,"_monsterinsights_sitenote_note":"","_monsterinsights_sitenote_category":0},"product_brand":[],"product_cat":[560],"product_tag":[513,514,511,516,519,517,520,515,181,518,512],"class_list":{"0":"post-6595","1":"product","2":"type-product","3":"status-publish","4":"has-post-thumbnail","6":"product_cat-monitores-videoporteros-ip","7":"product_tag-altavoces","8":"product_tag-amplificadores","9":"product_tag-audio-y-video","10":"product_tag-audioporteros","11":"product_tag-digital-signage","12":"product_tag-intercomunicadores","13":"product_tag-kits-videoporteros","14":"product_tag-mezcladoras","15":"product_tag-microfonos","16":"product_tag-sistemas-de-enfermeria","17":"product_tag-videoporteros","19":"first","20":"instock","21":"sale","22":"taxable","23":"shipping-taxable","24":"purchasable","25":"product-type-simple"},"aioseo_notices":[],"_links":{"self":[{"href":"https:\/\/tecsecmty.com\/index.php\/wp-json\/wp\/v2\/product\/6595","targetHints":{"allow":["GET"]}}],"collection":[{"href":"https:\/\/tecsecmty.com\/index.php\/wp-json\/wp\/v2\/product"}],"about":[{"href":"https:\/\/tecsecmty.com\/index.php\/wp-json\/wp\/v2\/types\/product"}],"replies":[{"embeddable":true,"href":"https:\/\/tecsecmty.com\/index.php\/wp-json\/wp\/v2\/comments?post=6595"}],"version-history":[{"count":0,"href":"https:\/\/tecsecmty.com\/index.php\/wp-json\/wp\/v2\/product\/6595\/revisions"}],"wp:featuredmedia":[{"embeddable":true,"href":"https:\/\/tecsecmty.com\/index.php\/wp-json\/wp\/v2\/media\/6594"}],"wp:attachment":[{"href":"https:\/\/tecsecmty.com\/index.php\/wp-json\/wp\/v2\/media?parent=6595"}],"wp:term":[{"taxonomy":"product_brand","embeddable":true,"href":"https:\/\/tecsecmty.com\/index.php\/wp-json\/wp\/v2\/product_brand?post=6595"},{"taxonomy":"product_cat","embeddable":true,"href":"https:\/\/tecsecmty.com\/index.php\/wp-json\/wp\/v2\/product_cat?post=6595"},{"taxonomy":"product_tag","embeddable":true,"href":"https:\/\/tecsecmty.com\/index.php\/wp-json\/wp\/v2\/product_tag?post=6595"}],"curies":[{"name":"wp","href":"https:\/\/api.w.org\/{rel}","templated":true}]}}