{"id":6597,"date":"2023-02-23T12:08:22","date_gmt":"2023-02-23T18:08:22","guid":{"rendered":"https:\/\/tecsecmty.com\/index.php\/producto\/dahua-vts5240b-estacion-maestra-para-videoporteros-ip-pantalla-de-10-pulgadas-ranura-para-micro-sd-41-es-de-alarmas-hdmi-1-entrada-de-audio\/"},"modified":"2023-03-22T23:23:12","modified_gmt":"2023-03-23T05:23:12","slug":"dahua-vts5240b-estacion-maestra-para-videoporteros-ip-pantalla-de-10-pulgadas-ranura-para-micro-sd-41-es-de-alarmas-hdmi-1-entrada-de-audio","status":"publish","type":"product","link":"https:\/\/tecsecmty.com\/index.php\/producto\/dahua-vts5240b-estacion-maestra-para-videoporteros-ip-pantalla-de-10-pulgadas-ranura-para-micro-sd-41-es-de-alarmas-hdmi-1-entrada-de-audio\/","title":{"rendered":"DAHUA VTS5240B &#8211; Estaci\u00f3n Maestra para Videoporteros IP\/ Pantalla de 10 Pulgadas\/ Ranura para Micro SD\/ 4&amp;1 E&amp;S de Alarmas\/ HDMI\/ 1 Entrada de Audio"},"content":{"rendered":"<div class=\"row aling-items-center padding-bottom-2x\">\n<div class=\"col-lg-12\">\n<h5 class=\"card-title text-center\">Informaci\u00f3n General<\/h5>\n<p class=\"ql-align-justify\">La estaci\u00f3n principal DHI-VTS5240B es un dispositivo que permite la gesti\u00f3n coherente de una instalaci\u00f3n de videoporteros de gran tama\u00f1o, complementado por un auricular para una respuesta r\u00e1pida a llamadas externas. Tiene una pantalla t\u00e1ctil capacitiva a color de 10 pulgadas y una resoluci\u00f3n m\u00e1xima de 1024&#215;600 p\u00edxeles que nos permite mostrar hasta 4 canales 720P , cuenta con 2 botones mec\u00e1nicos, micr\u00f3fono y altavoz integrados, se ha dise\u00f1ado para los centros de control de acceso locales en complejos residenciales u otros edificios con un n\u00famero parecido de usuarios.<\/p>\n<p><img decoding=\"async\" class=\"overview-center-img-web\" src=\"https:\/\/tvc.mx\/media\/34047\/PPALBANER.png\" alt=\"\" \/><\/div>\n<\/div>\n<div class=\"row aling-items-center padding-bottom-2x\">\n<div class=\"col-lg-12\">\n<h5 class=\"card-title text-center\">Caracter\u00edsticas VTS5240B<\/h5>\n<p>La estaci\u00f3n de trabajo\u00a0<strong>VTS5240B<\/strong>\u00a0realiza una funci\u00f3n de procesamiento de alarma y puede llamar autom\u00e1ticamente a los servicios de emergencia necesarios, las llamadas de los residentes se pueden responder a trav\u00e9s de un altavoz incorporado, lo que aumenta la conveniencia de usar en apartamentos donde viven ni\u00f1os peque\u00f1os.<\/p>\n<p>Adem\u00e1s, la estaci\u00f3n registra las llamadas y toma una foto de la persona que est\u00e1 al lado de la puerta; esto le permitir\u00e1 controlar siempre la entrada al apartamento o la casa, as\u00ed como tener evidencia adicional en situaciones de emergencia.El dispositivo es adecuado para uso interno, est\u00e1 equipado con una carcasa de pl\u00e1stico y puede soportar la operaci\u00f3n en el rango de temperatura de -5 a 50 grados.<\/p>\n<p><img decoding=\"async\" class=\"overview-center-img-web\" src=\"https:\/\/tvc.mx\/media\/34313\/cartt.png\" alt=\"\" \/><\/div>\n<\/div>\n<div class=\"row aling-items-center padding-bottom-2x\">\n<div class=\"col-lg-12\">\n<h5 class=\"card-title text-center\">Comunicaci\u00f3n Bidireccional<\/h5>\n<p>Como este dispositivo est\u00e1 dise\u00f1ado para su uso como parte de un sistema de intercomunicaci\u00f3n de apartamentos podremos tener la comunicaci\u00f3n 2 v\u00edas ( bidireccional ) .<\/p>\n<p><img decoding=\"async\" class=\"overview-center-img-web\" src=\"https:\/\/tvc.mx\/media\/34263\/2audio-ban.png\" alt=\"\" \/><\/div>\n<\/div>\n<div class=\"row aling-items-center padding-bottom-2x\">\n<div class=\"col-lg-12\">\n<h5 class=\"card-title text-center\">Soporte para C\u00e1mara IP<\/h5>\n<p>Para un uso m\u00e1s eficiente la estaci\u00f3n master VTS5240B permite conectar hasta 32 c\u00e1maras IP , lo que demostrar\u00e1 constantemente lo que est\u00e1 sucediendo\u00a0cerca de su casa o apartamento,\u00a0lo que le permite confiar en la seguridad del hogar.<\/p>\n<p><img decoding=\"async\" class=\"overview-center-img-web\" src=\"https:\/\/tvc.mx\/media\/34261\/internetreomot.png\" alt=\"\" \/><\/div>\n<\/div>\n<div class=\"row aling-items-center padding-bottom-2x\">\n<div class=\"col-lg-12\">\n<h5 class=\"card-title text-center\">Almacenamiento en Micro SD Card<\/h5>\n<p>Para almacenar las grabaciones y las im\u00e1genes es necesario contar con una memoria MicroSD de hasta 32 Gb.<\/p>\n<p><img decoding=\"async\" class=\"overview-center-img-web\" src=\"https:\/\/tvc.mx\/media\/34287\/microsdban.png\" alt=\"\" \/><\/div>\n<\/div>\n<div class=\"row aling-items-center padding-bottom-2x\">\n<div class=\"col-lg-12\">\n<h5 class=\"card-title text-center\">Principales Caracter\u00edsticas<\/h5>\n<ul>\n<li class=\"ql-align-justify\">Sistema operativo Linux embebido<\/li>\n<li class=\"ql-align-justify\">Pantalla LCD color de 10\u201d (1024&#215;600)<\/li>\n<li class=\"ql-align-justify\">Pantalla t\u00e1ctil capacitiva<\/li>\n<li class=\"ql-align-justify\">2 botones mec\u00e1nicos<\/li>\n<li>Compresi\u00f3n de v\u00eddeo H.264<\/li>\n<li>Compresi\u00f3n de audio G.711<\/li>\n<li>Audio bidireccional (incorpora micr\u00f3fono omnidireccional y altavoz)<\/li>\n<li>Videovigilancia IP<\/li>\n<li>Integraci\u00f3n de alarmas<\/li>\n<li>Capturas de imagen y grabaci\u00f3n (requiere tarjeta MicroSD)<\/li>\n<li>Ranura para tarjetas MicroSD de hasta 32GB (tarjeta no incluida)<\/li>\n<li>Interfaz de red Ethernet 10\/100Mbps, auto-adaptativo<\/li>\n<li>Protocolo de red TCP\/IP<\/li>\n<li>1 entrada de audio<\/li>\n<li>4 entradas \/ 1 salida de alarma<\/li>\n<li>1 puerto HDMI \/ 2 puertos USB<\/li>\n<li>Alimentaci\u00f3n: 12V CC \/ Consumo m\u00e1ximo: 12W<\/li>\n<li>Temperatura de trabajo: -10\u00b0C ~ +55\u00b0C<\/li>\n<li>Humedad relativa: 10% ~ 90%<\/li>\n<li>No apto para exteriores<\/li>\n<li>Carcasa de pl\u00e1stico<\/li>\n<li>Dimensiones: 345 x 224,6 x 28 mm<\/li>\n<li>Peso: 1,5 kg<\/li>\n<li class=\"ql-align-justify\">Montaje en superf\u00edcie<\/li>\n<\/ul>\n<p><img decoding=\"async\" class=\"overview-center-img-web\" src=\"https:\/\/tvc.mx\/media\/34315\/principalcaracimg-pal.png\" alt=\"\" \/><\/div>\n<\/div>\n","protected":false},"excerpt":{"rendered":"<p>Informaci\u00f3n General La estaci\u00f3n principal DHI-VTS5240B es un dispositivo que permite la gesti\u00f3n coherente de una instalaci\u00f3n de videoporteros de gran tama\u00f1o, complementado por un auricular para una respuesta r\u00e1pida a llamadas externas. Tiene una pantalla t\u00e1ctil capacitiva a color de 10 pulgadas y una&hellip;<\/p>\n","protected":false},"featured_media":6596,"comment_status":"open","ping_status":"closed","template":"","meta":{"om_disable_all_campaigns":false,"_monsterinsights_skip_tracking":false,"_monsterinsights_sitenote_active":false,"_monsterinsights_sitenote_note":"","_monsterinsights_sitenote_category":0},"product_brand":[],"product_cat":[560],"product_tag":[513,514,511,516,519,517,520,515,181,518,512],"class_list":{"0":"post-6597","1":"product","2":"type-product","3":"status-publish","4":"has-post-thumbnail","6":"product_cat-monitores-videoporteros-ip","7":"product_tag-altavoces","8":"product_tag-amplificadores","9":"product_tag-audio-y-video","10":"product_tag-audioporteros","11":"product_tag-digital-signage","12":"product_tag-intercomunicadores","13":"product_tag-kits-videoporteros","14":"product_tag-mezcladoras","15":"product_tag-microfonos","16":"product_tag-sistemas-de-enfermeria","17":"product_tag-videoporteros","19":"first","20":"instock","21":"sale","22":"taxable","23":"shipping-taxable","24":"purchasable","25":"product-type-simple"},"aioseo_notices":[],"_links":{"self":[{"href":"https:\/\/tecsecmty.com\/index.php\/wp-json\/wp\/v2\/product\/6597","targetHints":{"allow":["GET"]}}],"collection":[{"href":"https:\/\/tecsecmty.com\/index.php\/wp-json\/wp\/v2\/product"}],"about":[{"href":"https:\/\/tecsecmty.com\/index.php\/wp-json\/wp\/v2\/types\/product"}],"replies":[{"embeddable":true,"href":"https:\/\/tecsecmty.com\/index.php\/wp-json\/wp\/v2\/comments?post=6597"}],"version-history":[{"count":0,"href":"https:\/\/tecsecmty.com\/index.php\/wp-json\/wp\/v2\/product\/6597\/revisions"}],"wp:featuredmedia":[{"embeddable":true,"href":"https:\/\/tecsecmty.com\/index.php\/wp-json\/wp\/v2\/media\/6596"}],"wp:attachment":[{"href":"https:\/\/tecsecmty.com\/index.php\/wp-json\/wp\/v2\/media?parent=6597"}],"wp:term":[{"taxonomy":"product_brand","embeddable":true,"href":"https:\/\/tecsecmty.com\/index.php\/wp-json\/wp\/v2\/product_brand?post=6597"},{"taxonomy":"product_cat","embeddable":true,"href":"https:\/\/tecsecmty.com\/index.php\/wp-json\/wp\/v2\/product_cat?post=6597"},{"taxonomy":"product_tag","embeddable":true,"href":"https:\/\/tecsecmty.com\/index.php\/wp-json\/wp\/v2\/product_tag?post=6597"}],"curies":[{"name":"wp","href":"https:\/\/api.w.org\/{rel}","templated":true}]}}