{"id":6599,"date":"2023-02-23T12:08:25","date_gmt":"2023-02-23T18:08:25","guid":{"rendered":"https:\/\/tecsecmty.com\/index.php\/producto\/dahua-vts5340b-estacion-maestra-para-video-porteros-ip-pantalla-de-10-pulgadas-ranura-para-micro-sd-41-es-de-alarmas-hdmi-1-entrada-de-audio-toctoc\/"},"modified":"2023-03-22T23:23:12","modified_gmt":"2023-03-23T05:23:12","slug":"dahua-vts5340b-estacion-maestra-para-video-porteros-ip-pantalla-de-10-pulgadas-ranura-para-micro-sd-41-es-de-alarmas-hdmi-1-entrada-de-audio-toctoc","status":"publish","type":"product","link":"https:\/\/tecsecmty.com\/index.php\/producto\/dahua-vts5340b-estacion-maestra-para-video-porteros-ip-pantalla-de-10-pulgadas-ranura-para-micro-sd-41-es-de-alarmas-hdmi-1-entrada-de-audio-toctoc\/","title":{"rendered":"DAHUA VTS5340B &#8211; Estaci\u00f3n Maestra para Video porteros IP\/ Pantalla de 10 Pulgadas\/Ranura para Micro SD\/ 4&amp;1 E&amp;S de Alarmas\/ HDMI\/ 1 Entrada de Audio #TocToc"},"content":{"rendered":"<div class=\"row aling-items-center padding-bottom-2x\">\n<div class=\"col-lg-12\">\n<h5 class=\"card-title text-center\">Informaci\u00f3n General<\/h5>\n<p class=\"ql-align-justify\">La estaci\u00f3n principal DHI-VTS5340B es un dispositivo que permite la gesti\u00f3n coherente de una instalaci\u00f3n de video porteros de gran tama\u00f1o, complementado por un auricular para una respuesta r\u00e1pida a llamadas externas. Tiene una pantalla t\u00e1ctil capacitiva a color de 10 pulgadas y una resoluci\u00f3n m\u00e1xima de 1024&#215;600 p\u00edxeles que nos permite mostrar hasta 4 canales 720P , micr\u00f3fono y altavoz integrados, se ha dise\u00f1ado para los centros de control de acceso locales en complejos residenciales u otros edificios con un n\u00famero parecido de usuarios.<\/p>\n<p><img decoding=\"async\" class=\"overview-center-img-web\" src=\"https:\/\/tvc.mx\/media\/462044\/estacion-maestra-para-videoporteros-ip-10-pulgadas-VTS5340B-Dahua.png\" alt=\"\" \/><\/div>\n<\/div>\n<div class=\"row align-items-center padding-bottom-2x\">\n<div class=\"col-md-5 order-md-2\"><img decoding=\"async\" class=\"d-block m-auto img-thumbnail\" src=\"https:\/\/tvc.mx\/media\/462046\/comunicacion-bidireccional-dahua.png\" alt=\" \" \/><\/div>\n<div class=\"col-md-7 order-md-1 text-md-left text-center\">\n<h2>Comunicaci\u00f3n Bidireccional<\/h2>\n<p class=\"text-muted\">\n<p>Como este dispositivo est\u00e1 dise\u00f1ado para su uso como parte de un sistema de intercomunicaci\u00f3n de apartamentos podremos tener la comunicaci\u00f3n 2 v\u00edas ( bidireccional ) .<\/p>\n<p>&nbsp;<\/p>\n<\/div>\n<\/div>\n<hr class=\"padding-bottom-2x\" \/>\n<div class=\"row align-items-center padding-bottom-2x\">\n<div class=\"col-md-5\"><img decoding=\"async\" class=\"d-block m-auto img-thumbnail\" src=\"https:\/\/tvc.mx\/media\/462048\/soporta-camaras-IP-dahua.png\" alt=\" \" \/><\/div>\n<div class=\"col-md-7 text-md-left text-center\">\n<h2>Soporte para C\u00e1mara IP<\/h2>\n<p class=\"text-muted\">\n<p>Para un uso m\u00e1s eficiente la estaci\u00f3n master VTS5240B permite visualizar hasta 4 c\u00e1maras IP en el display , lo que demostrar\u00e1 constantemente lo que est\u00e1 sucediendo\u00a0cerca de su casa o apartamento,\u00a0lo que le permite confiar en la seguridad del hogar.<\/p>\n<p>&nbsp;<\/p>\n<\/div>\n<\/div>\n<hr class=\"padding-bottom-2x\" \/>\n<div class=\"row align-items-center padding-bottom-2x\">\n<div class=\"col-md-5 order-md-2\"><img decoding=\"async\" class=\"d-block m-auto img-thumbnail\" src=\"https:\/\/tvc.mx\/media\/462050\/almacenamiento-microSD-Dahua.png\" alt=\" \" \/><\/div>\n<div class=\"col-md-7 order-md-1 text-md-left text-center\">\n<h2>Almacenamiento en Micro SD Card<\/h2>\n<p class=\"text-muted\">\n<p>Para almacenar las grabaciones y las im\u00e1genes es necesario contar con una memoria MicroSD de hasta 64 Gb.<\/p>\n<p>&nbsp;<\/p>\n<\/div>\n<\/div>\n<hr class=\"padding-bottom-2x\" \/>\n<div class=\"row align-items-center padding-bottom-2x\">\n<div class=\"col-md-5\"><img decoding=\"async\" class=\"d-block m-auto img-thumbnail\" src=\"https:\/\/tvc.mx\/media\/462052\/estacion-maestra-para-videoporteros-ip-10-pulgadas-VTS5340B-Dahua-caracteristicas.png\" alt=\" \" \/><\/div>\n<div class=\"col-md-7 text-md-left text-center\">\n<h2>Principales Caracter\u00edsticas<\/h2>\n<p class=\"text-muted\">\n<ul>\n<li>Micr\u00f3fono integrado,<\/li>\n<li>Altavoces incorporados,<\/li>\n<li>Auricular con micr\u00f3fono, que puede usarse como alternativa al modo de manos libres,<\/li>\n<li>Conector Hirose 4-pin para conectar un micr\u00f3fono externo,<\/li>\n<li>1 x\u00a0USB 2.0\u00a0+ 1 x\u00a0USB 3.0,<\/li>\n<li>1 x\u00a0HDMI\u00a0&#8211; Salida de v\u00eddeo, max. 1024 x 600\u00a0px,<\/li>\n<li>Comunicaci\u00f3n bidireccional &#8211; Audio,<\/li>\n<li>Ajuste continuo de los par\u00e1metros del monitor: brillo, volumen del timbre y volumen de la conversaci\u00f3n,<\/li>\n<li>Soporte para c\u00e1maras IP Dahua,<\/li>\n<li>Reducci\u00f3n de ruido y eco,<\/li>\n<li>Capacidad de comunicaci\u00f3n directa entre dos o m\u00e1s paneles,<\/li>\n<li>Es compatible con tarjetas Micro SD hasta 32GB (posibilidad de grabaci\u00f3n local),<\/li>\n<li>Puerto RS-485,<\/li>\n<li>Interfaz de red: LAN &#8211; 10\/100 Base-T,<\/li>\n<li class=\"ql-align-justify\">Compatibilidad con el servidor SIP<\/li>\n<\/ul>\n<p>&nbsp;<\/p>\n<\/div>\n<\/div>\n<hr class=\"padding-bottom-2x\" \/>\n<div class=\"row align-items-center padding-bottom-2x\">\n<div class=\"col-md-5 order-md-2\"><img decoding=\"async\" class=\"d-block m-auto img-thumbnail\" src=\"https:\/\/tvc.mx\/media\/462054\/estacion-maestra-para-videoporteros-ip-10-pulgadas-VTS5340B-Dahua-especificaciones.png\" alt=\" \" \/><\/div>\n<div class=\"col-md-7 order-md-1 text-md-left text-center\">\n<h2>Especificaciones<\/h2>\n<p class=\"text-muted\">\n<ul>\n<li>10\u00a0\u00bb Matriz de color TFT-LCD<\/li>\n<li>Resoluci\u00f3n:1024 x 600<\/li>\n<li>Botones de acceso r\u00e1pido a funciones + pantalla t\u00e1ctil capacitiva<\/li>\n<li>Alimentaci\u00f3n:12\u00a0V\u00a0DC\u00a0\/ 4\u00a0A<\/li>\n<\/ul>\n<\/div>\n<\/div>\n","protected":false},"excerpt":{"rendered":"<p>Informaci\u00f3n General La estaci\u00f3n principal DHI-VTS5340B es un dispositivo que permite la gesti\u00f3n coherente de una instalaci\u00f3n de video porteros de gran tama\u00f1o, complementado por un auricular para una respuesta r\u00e1pida a llamadas externas. Tiene una pantalla t\u00e1ctil capacitiva a color de 10 pulgadas y&hellip;<\/p>\n","protected":false},"featured_media":6598,"comment_status":"open","ping_status":"closed","template":"","meta":{"om_disable_all_campaigns":false,"_monsterinsights_skip_tracking":false,"_monsterinsights_sitenote_active":false,"_monsterinsights_sitenote_note":"","_monsterinsights_sitenote_category":0},"product_brand":[],"product_cat":[560],"product_tag":[513,514,511,516,519,517,520,515,181,518,512],"class_list":{"0":"post-6599","1":"product","2":"type-product","3":"status-publish","4":"has-post-thumbnail","6":"product_cat-monitores-videoporteros-ip","7":"product_tag-altavoces","8":"product_tag-amplificadores","9":"product_tag-audio-y-video","10":"product_tag-audioporteros","11":"product_tag-digital-signage","12":"product_tag-intercomunicadores","13":"product_tag-kits-videoporteros","14":"product_tag-mezcladoras","15":"product_tag-microfonos","16":"product_tag-sistemas-de-enfermeria","17":"product_tag-videoporteros","19":"first","20":"instock","21":"sale","22":"taxable","23":"shipping-taxable","24":"purchasable","25":"product-type-simple"},"aioseo_notices":[],"_links":{"self":[{"href":"https:\/\/tecsecmty.com\/index.php\/wp-json\/wp\/v2\/product\/6599","targetHints":{"allow":["GET"]}}],"collection":[{"href":"https:\/\/tecsecmty.com\/index.php\/wp-json\/wp\/v2\/product"}],"about":[{"href":"https:\/\/tecsecmty.com\/index.php\/wp-json\/wp\/v2\/types\/product"}],"replies":[{"embeddable":true,"href":"https:\/\/tecsecmty.com\/index.php\/wp-json\/wp\/v2\/comments?post=6599"}],"version-history":[{"count":0,"href":"https:\/\/tecsecmty.com\/index.php\/wp-json\/wp\/v2\/product\/6599\/revisions"}],"wp:featuredmedia":[{"embeddable":true,"href":"https:\/\/tecsecmty.com\/index.php\/wp-json\/wp\/v2\/media\/6598"}],"wp:attachment":[{"href":"https:\/\/tecsecmty.com\/index.php\/wp-json\/wp\/v2\/media?parent=6599"}],"wp:term":[{"taxonomy":"product_brand","embeddable":true,"href":"https:\/\/tecsecmty.com\/index.php\/wp-json\/wp\/v2\/product_brand?post=6599"},{"taxonomy":"product_cat","embeddable":true,"href":"https:\/\/tecsecmty.com\/index.php\/wp-json\/wp\/v2\/product_cat?post=6599"},{"taxonomy":"product_tag","embeddable":true,"href":"https:\/\/tecsecmty.com\/index.php\/wp-json\/wp\/v2\/product_tag?post=6599"}],"curies":[{"name":"wp","href":"https:\/\/api.w.org\/{rel}","templated":true}]}}