{"id":6615,"date":"2023-02-23T12:19:06","date_gmt":"2023-02-23T18:19:06","guid":{"rendered":"https:\/\/tecsecmty.com\/index.php\/producto\/sbetech-sbe-tc010spv-barra-horizontal-de-10-contactos-polarizados-con-supresor-de-picos-montaje-19%e2%80%b3-1ur\/"},"modified":"2023-03-22T23:24:22","modified_gmt":"2023-03-23T05:24:22","slug":"sbetech-sbe-tc010spv-barra-horizontal-de-10-contactos-polarizados-con-supresor-de-picos-montaje-19-1ur","status":"publish","type":"product","link":"https:\/\/tecsecmty.com\/index.php\/producto\/sbetech-sbe-tc010spv-barra-horizontal-de-10-contactos-polarizados-con-supresor-de-picos-montaje-19-1ur\/","title":{"rendered":"SBETECH SBE-TC010SPV &#8211; Barra Horizontal De 10 Contactos Polarizados Con Supresor De Picos, Montaje 19\u2033 1UR."},"content":{"rendered":"<h5 class=\"card-title text-center\">Informaci\u00f3n General<\/h5>\n<ul>\n<li>Barra de 10 contactos individuales polarizados 5-5R, montaje horizontal 19&#8243; 1UR.<\/li>\n<li>Voltaje de alimentaci\u00f3n de 120VAC, capacidad de carga 15A.<\/li>\n<li>Supresor de picos con varistor 80 Joules.<\/li>\n<li>Cable de conexi\u00f3n, calibre 24 longitud de 2 m.<\/li>\n<\/ul>\n<p>&nbsp;<\/p>\n","protected":false},"excerpt":{"rendered":"<p>Informaci\u00f3n General Barra de 10 contactos individuales polarizados 5-5R, montaje horizontal 19&#8243; 1UR. Voltaje de alimentaci\u00f3n de 120VAC, capacidad de carga 15A. Supresor de picos con varistor 80 Joules. Cable de conexi\u00f3n, calibre 24 longitud de 2 m. &nbsp;<\/p>\n","protected":false},"featured_media":6614,"comment_status":"open","ping_status":"closed","template":"","meta":{"om_disable_all_campaigns":false,"_monsterinsights_skip_tracking":false,"_monsterinsights_sitenote_active":false,"_monsterinsights_sitenote_note":"","_monsterinsights_sitenote_category":0},"product_brand":[],"product_cat":[574],"product_tag":[565,350,568,566,567,564,569,570,571,572],"class_list":{"0":"post-6615","1":"product","2":"type-product","3":"status-publish","4":"has-post-thumbnail","6":"product_cat-barras-multiconectores-sbe-tech-fuentes-de-energia-2","7":"product_tag-baterias","8":"product_tag-conectores","9":"product_tag-divisores-de-energia","10":"product_tag-extensores-poe","11":"product_tag-fuentes-con-distribuidor","12":"product_tag-fuentes-de-energia","13":"product_tag-fuentes-de-poder-y-adaptadores","14":"product_tag-inyectores-poe","15":"product_tag-reguladores","16":"product_tag-ups","18":"first","19":"instock","20":"sale","21":"taxable","22":"shipping-taxable","23":"purchasable","24":"product-type-simple"},"aioseo_notices":[],"_links":{"self":[{"href":"https:\/\/tecsecmty.com\/index.php\/wp-json\/wp\/v2\/product\/6615","targetHints":{"allow":["GET"]}}],"collection":[{"href":"https:\/\/tecsecmty.com\/index.php\/wp-json\/wp\/v2\/product"}],"about":[{"href":"https:\/\/tecsecmty.com\/index.php\/wp-json\/wp\/v2\/types\/product"}],"replies":[{"embeddable":true,"href":"https:\/\/tecsecmty.com\/index.php\/wp-json\/wp\/v2\/comments?post=6615"}],"version-history":[{"count":0,"href":"https:\/\/tecsecmty.com\/index.php\/wp-json\/wp\/v2\/product\/6615\/revisions"}],"wp:featuredmedia":[{"embeddable":true,"href":"https:\/\/tecsecmty.com\/index.php\/wp-json\/wp\/v2\/media\/6614"}],"wp:attachment":[{"href":"https:\/\/tecsecmty.com\/index.php\/wp-json\/wp\/v2\/media?parent=6615"}],"wp:term":[{"taxonomy":"product_brand","embeddable":true,"href":"https:\/\/tecsecmty.com\/index.php\/wp-json\/wp\/v2\/product_brand?post=6615"},{"taxonomy":"product_cat","embeddable":true,"href":"https:\/\/tecsecmty.com\/index.php\/wp-json\/wp\/v2\/product_cat?post=6615"},{"taxonomy":"product_tag","embeddable":true,"href":"https:\/\/tecsecmty.com\/index.php\/wp-json\/wp\/v2\/product_tag?post=6615"}],"curies":[{"name":"wp","href":"https:\/\/api.w.org\/{rel}","templated":true}]}}