{"id":6619,"date":"2023-02-23T12:19:11","date_gmt":"2023-02-23T18:19:11","guid":{"rendered":"https:\/\/tecsecmty.com\/index.php\/producto\/bosch-v_psuiir35-fuente-de-alimentacion-100-240vca-24vcc-125a\/"},"modified":"2023-03-22T23:22:06","modified_gmt":"2023-03-23T05:22:06","slug":"bosch-v_psuiir35-fuente-de-alimentacion-100-240vca-24vcc-125a","status":"publish","type":"product","link":"https:\/\/tecsecmty.com\/index.php\/producto\/bosch-v_psuiir35-fuente-de-alimentacion-100-240vca-24vcc-125a\/","title":{"rendered":"BOSCH V_PSUIIR35- Fuente de Alimentaci\u00f3n 100-240VCA\/24VCC 1,25A"},"content":{"rendered":"<h5 class=\"card-title text-center\">Fuente de Alimentaci\u00f3n 100-240VCA\/24VCC 1,25A<\/h5>\n<p>Dise\u00f1o de voltaje constante para iluminaci\u00f3n LED externa<\/p>\n<p>Aplicaciones<\/p>\n<p>Correcci\u00f3n del factor de potencia activa (PFC) incorporada, normalmente&gt; 0,93<\/p>\n<p>Encienda el tiempo &lt;1 segundo con arranque suave<\/p>\n<p>Protecci\u00f3n: sobrecarga, sobrecorriente, circuito abierto,<\/p>\n<p>Cortocircuito, exceso de temperatura<\/p>\n<p><img decoding=\"async\" class=\"overview-center-img-web\" src=\"https:\/\/tvc.mx\/media\/204143\/BANNER_CCTV.png\" alt=\"\" \/><\/p>\n","protected":false},"excerpt":{"rendered":"<p>Fuente de Alimentaci\u00f3n 100-240VCA\/24VCC 1,25A Dise\u00f1o de voltaje constante para iluminaci\u00f3n LED externa Aplicaciones Correcci\u00f3n del factor de potencia activa (PFC) incorporada, normalmente&gt; 0,93 Encienda el tiempo &lt;1 segundo con arranque suave Protecci\u00f3n: sobrecarga, sobrecorriente, circuito abierto, Cortocircuito, exceso de temperatura<\/p>\n","protected":false},"featured_media":6618,"comment_status":"open","ping_status":"closed","template":"","meta":{"om_disable_all_campaigns":false,"_monsterinsights_skip_tracking":false,"_monsterinsights_sitenote_active":false,"_monsterinsights_sitenote_note":"","_monsterinsights_sitenote_category":0},"product_brand":[],"product_cat":[576],"product_tag":[565,350,568,566,567,564,569,570,571,572],"class_list":{"0":"post-6619","1":"product","2":"type-product","3":"status-publish","4":"has-post-thumbnail","6":"product_cat-baterias-y-accesorios","7":"product_tag-baterias","8":"product_tag-conectores","9":"product_tag-divisores-de-energia","10":"product_tag-extensores-poe","11":"product_tag-fuentes-con-distribuidor","12":"product_tag-fuentes-de-energia","13":"product_tag-fuentes-de-poder-y-adaptadores","14":"product_tag-inyectores-poe","15":"product_tag-reguladores","16":"product_tag-ups","18":"first","19":"instock","20":"sale","21":"taxable","22":"shipping-taxable","23":"purchasable","24":"product-type-simple"},"aioseo_notices":[],"_links":{"self":[{"href":"https:\/\/tecsecmty.com\/index.php\/wp-json\/wp\/v2\/product\/6619","targetHints":{"allow":["GET"]}}],"collection":[{"href":"https:\/\/tecsecmty.com\/index.php\/wp-json\/wp\/v2\/product"}],"about":[{"href":"https:\/\/tecsecmty.com\/index.php\/wp-json\/wp\/v2\/types\/product"}],"replies":[{"embeddable":true,"href":"https:\/\/tecsecmty.com\/index.php\/wp-json\/wp\/v2\/comments?post=6619"}],"version-history":[{"count":0,"href":"https:\/\/tecsecmty.com\/index.php\/wp-json\/wp\/v2\/product\/6619\/revisions"}],"wp:featuredmedia":[{"embeddable":true,"href":"https:\/\/tecsecmty.com\/index.php\/wp-json\/wp\/v2\/media\/6618"}],"wp:attachment":[{"href":"https:\/\/tecsecmty.com\/index.php\/wp-json\/wp\/v2\/media?parent=6619"}],"wp:term":[{"taxonomy":"product_brand","embeddable":true,"href":"https:\/\/tecsecmty.com\/index.php\/wp-json\/wp\/v2\/product_brand?post=6619"},{"taxonomy":"product_cat","embeddable":true,"href":"https:\/\/tecsecmty.com\/index.php\/wp-json\/wp\/v2\/product_cat?post=6619"},{"taxonomy":"product_tag","embeddable":true,"href":"https:\/\/tecsecmty.com\/index.php\/wp-json\/wp\/v2\/product_tag?post=6619"}],"curies":[{"name":"wp","href":"https:\/\/api.w.org\/{rel}","templated":true}]}}