{"id":6645,"date":"2023-02-23T12:20:07","date_gmt":"2023-02-23T18:20:07","guid":{"rendered":"https:\/\/tecsecmty.com\/index.php\/producto\/saxxon-psubr13h-bolsa-de-10-conectores-hembra-para-fuente-de-poder-resistente-a-la-oxidacion-bloque-para-atornillar-positivo-y-negativo\/"},"modified":"2023-03-22T23:24:05","modified_gmt":"2023-03-23T05:24:05","slug":"saxxon-psubr13h-bolsa-de-10-conectores-hembra-para-fuente-de-poder-resistente-a-la-oxidacion-bloque-para-atornillar-positivo-y-negativo","status":"publish","type":"product","link":"https:\/\/tecsecmty.com\/index.php\/producto\/saxxon-psubr13h-bolsa-de-10-conectores-hembra-para-fuente-de-poder-resistente-a-la-oxidacion-bloque-para-atornillar-positivo-y-negativo\/","title":{"rendered":"SAXXON PSUBR13H &#8211; Bolsa de 10 conectores hembra para fuente de poder \/ Resistente a la oxidacion \/ Bloque para atornillar positivo y negativo"},"content":{"rendered":"<div class=\"row aling-items-center padding-bottom-2x\">\n<div class=\"col-lg-12\">\n<h5 class=\"card-title text-center\">Informaci\u00f3n general.<\/h5>\n<p>El\u00a0<strong><em>SAXXON PSUBR13H\u00a0<\/em><\/strong>\u00a0es un conector de energ\u00eda con plug hembra, es ideal para conectar fuentes mutiladas o alg\u00fan equipo electr\u00f3nico que necesitemos.<\/p>\n<p>Sin necesidad de fabricar conectores laboriosos o soldados.<\/p>\n<p>Gran presentaci\u00f3n est\u00e9tica para CCTV.<\/p>\n<p><img decoding=\"async\" class=\"overview-center-img-web\" src=\"https:\/\/tvc.mx\/media\/97817\/Adaptadores-de-Corriente-Hembra-banner.png\" alt=\"\" \/><\/div>\n<\/div>\n<div class=\"row align-items-center padding-bottom-2x\">\n<div class=\"col-md-5\"><img decoding=\"async\" class=\"d-block m-auto img-thumbnail\" src=\"https:\/\/tvc.mx\/media\/97833\/Adaptadores-de-Corriente-Hembra-OVL1.png\" alt=\" \" \/><\/div>\n<div class=\"col-md-7 text-md-left text-center\">\n<h2>Especificaciones.<\/h2>\n<\/div>\n<\/div>\n","protected":false},"excerpt":{"rendered":"<p>Informaci\u00f3n general. El\u00a0SAXXON PSUBR13H\u00a0\u00a0es un conector de energ\u00eda con plug hembra, es ideal para conectar fuentes mutiladas o alg\u00fan equipo electr\u00f3nico que necesitemos. Sin necesidad de fabricar conectores laboriosos o soldados. Gran presentaci\u00f3n est\u00e9tica para CCTV. Especificaciones.<\/p>\n","protected":false},"featured_media":6644,"comment_status":"open","ping_status":"closed","template":"","meta":{"om_disable_all_campaigns":false,"_monsterinsights_skip_tracking":false,"_monsterinsights_sitenote_active":false,"_monsterinsights_sitenote_note":"","_monsterinsights_sitenote_category":0},"product_brand":[],"product_cat":[583],"product_tag":[565,350,568,566,567,564,569,570,571,572],"class_list":{"0":"post-6645","1":"product","2":"type-product","3":"status-publish","4":"has-post-thumbnail","6":"product_cat-conectores-de-energia","7":"product_tag-baterias","8":"product_tag-conectores","9":"product_tag-divisores-de-energia","10":"product_tag-extensores-poe","11":"product_tag-fuentes-con-distribuidor","12":"product_tag-fuentes-de-energia","13":"product_tag-fuentes-de-poder-y-adaptadores","14":"product_tag-inyectores-poe","15":"product_tag-reguladores","16":"product_tag-ups","18":"first","19":"instock","20":"sale","21":"taxable","22":"shipping-taxable","23":"purchasable","24":"product-type-simple"},"aioseo_notices":[],"_links":{"self":[{"href":"https:\/\/tecsecmty.com\/index.php\/wp-json\/wp\/v2\/product\/6645","targetHints":{"allow":["GET"]}}],"collection":[{"href":"https:\/\/tecsecmty.com\/index.php\/wp-json\/wp\/v2\/product"}],"about":[{"href":"https:\/\/tecsecmty.com\/index.php\/wp-json\/wp\/v2\/types\/product"}],"replies":[{"embeddable":true,"href":"https:\/\/tecsecmty.com\/index.php\/wp-json\/wp\/v2\/comments?post=6645"}],"version-history":[{"count":0,"href":"https:\/\/tecsecmty.com\/index.php\/wp-json\/wp\/v2\/product\/6645\/revisions"}],"wp:featuredmedia":[{"embeddable":true,"href":"https:\/\/tecsecmty.com\/index.php\/wp-json\/wp\/v2\/media\/6644"}],"wp:attachment":[{"href":"https:\/\/tecsecmty.com\/index.php\/wp-json\/wp\/v2\/media?parent=6645"}],"wp:term":[{"taxonomy":"product_brand","embeddable":true,"href":"https:\/\/tecsecmty.com\/index.php\/wp-json\/wp\/v2\/product_brand?post=6645"},{"taxonomy":"product_cat","embeddable":true,"href":"https:\/\/tecsecmty.com\/index.php\/wp-json\/wp\/v2\/product_cat?post=6645"},{"taxonomy":"product_tag","embeddable":true,"href":"https:\/\/tecsecmty.com\/index.php\/wp-json\/wp\/v2\/product_tag?post=6645"}],"curies":[{"name":"wp","href":"https:\/\/api.w.org\/{rel}","templated":true}]}}