{"id":6666,"date":"2023-02-23T12:21:12","date_gmt":"2023-02-23T18:21:12","guid":{"rendered":"https:\/\/tecsecmty.com\/index.php\/producto\/tvc-ut8dcac-terminal-para-distribuir-corriente-a-8-conectores-dc-ac\/"},"modified":"2023-03-15T09:50:14","modified_gmt":"2023-03-15T15:50:14","slug":"tvc-ut8dcac-terminal-para-distribuir-corriente-a-8-conectores-dc-ac","status":"publish","type":"product","link":"https:\/\/tecsecmty.com\/index.php\/producto\/tvc-ut8dcac-terminal-para-distribuir-corriente-a-8-conectores-dc-ac\/","title":{"rendered":"TVC uT8DCAC &#8211; Terminal para distribuir corriente a 8 conectores DC \/ AC"},"content":{"rendered":"<h5 class=\"card-title text-center\">Informaci\u00f3n general.<\/h5>\n<p class=\"ql-align-justify\">Terminal para distribuir corriente de 8 conectores DC &amp; AC, el\u00a0distribuidor de corriente\u00a0puede soportar energ\u00eda de 12v \u00f3 24v.<\/p>\n<p class=\"ql-align-justify\">Ideal para conectar hasta 8 equipos electr\u00f3nicos alimentados por s\u00f3lo una fuente de\u00a0alimentaci\u00f3n.\u00a0Puertos sin restricci\u00f3n de env\u00edo de amperaje por lo cual puede enviar todo\u00a0el amperaje a un solo puerto si as\u00ed es requerido.<\/p>\n<p><img decoding=\"async\" class=\"overview-center-img-web\" src=\"https:\/\/tvc.mx\/media\/110669\/Distribuidor-de-corriente--Banner.png\" alt=\"\" \/><\/p>\n","protected":false},"excerpt":{"rendered":"<p>Informaci\u00f3n general. Terminal para distribuir corriente de 8 conectores DC &amp; AC, el\u00a0distribuidor de corriente\u00a0puede soportar energ\u00eda de 12v \u00f3 24v. Ideal para conectar hasta 8 equipos electr\u00f3nicos alimentados por s\u00f3lo una fuente de\u00a0alimentaci\u00f3n.\u00a0Puertos sin restricci\u00f3n de env\u00edo de amperaje por lo cual puede enviar&hellip;<\/p>\n","protected":false},"featured_media":6665,"comment_status":"open","ping_status":"closed","template":"","meta":{"om_disable_all_campaigns":false,"_monsterinsights_skip_tracking":false,"_monsterinsights_sitenote_active":false,"_monsterinsights_sitenote_note":"","_monsterinsights_sitenote_category":0},"product_brand":[],"product_cat":[584],"product_tag":[565,350,568,566,567,564,569,570,571,572],"class_list":{"0":"post-6666","1":"product","2":"type-product","3":"status-publish","4":"has-post-thumbnail","6":"product_cat-divisores-de-energia","7":"product_tag-baterias","8":"product_tag-conectores","9":"product_tag-divisores-de-energia","10":"product_tag-extensores-poe","11":"product_tag-fuentes-con-distribuidor","12":"product_tag-fuentes-de-energia","13":"product_tag-fuentes-de-poder-y-adaptadores","14":"product_tag-inyectores-poe","15":"product_tag-reguladores","16":"product_tag-ups","18":"first","19":"instock","20":"sale","21":"taxable","22":"shipping-taxable","23":"purchasable","24":"product-type-simple"},"aioseo_notices":[],"_links":{"self":[{"href":"https:\/\/tecsecmty.com\/index.php\/wp-json\/wp\/v2\/product\/6666","targetHints":{"allow":["GET"]}}],"collection":[{"href":"https:\/\/tecsecmty.com\/index.php\/wp-json\/wp\/v2\/product"}],"about":[{"href":"https:\/\/tecsecmty.com\/index.php\/wp-json\/wp\/v2\/types\/product"}],"replies":[{"embeddable":true,"href":"https:\/\/tecsecmty.com\/index.php\/wp-json\/wp\/v2\/comments?post=6666"}],"version-history":[{"count":0,"href":"https:\/\/tecsecmty.com\/index.php\/wp-json\/wp\/v2\/product\/6666\/revisions"}],"wp:featuredmedia":[{"embeddable":true,"href":"https:\/\/tecsecmty.com\/index.php\/wp-json\/wp\/v2\/media\/6665"}],"wp:attachment":[{"href":"https:\/\/tecsecmty.com\/index.php\/wp-json\/wp\/v2\/media?parent=6666"}],"wp:term":[{"taxonomy":"product_brand","embeddable":true,"href":"https:\/\/tecsecmty.com\/index.php\/wp-json\/wp\/v2\/product_brand?post=6666"},{"taxonomy":"product_cat","embeddable":true,"href":"https:\/\/tecsecmty.com\/index.php\/wp-json\/wp\/v2\/product_cat?post=6666"},{"taxonomy":"product_tag","embeddable":true,"href":"https:\/\/tecsecmty.com\/index.php\/wp-json\/wp\/v2\/product_tag?post=6666"}],"curies":[{"name":"wp","href":"https:\/\/api.w.org\/{rel}","templated":true}]}}