{"id":6674,"date":"2023-02-23T12:21:24","date_gmt":"2023-02-23T18:21:24","guid":{"rendered":"https:\/\/tecsecmty.com\/index.php\/producto\/vivotek-ap-fxc-0210-extensor-poe-2-puertos-fast-ethernet-para-interior-70w-hasta-300m-en-cascada\/"},"modified":"2023-03-22T23:24:43","modified_gmt":"2023-03-23T05:24:43","slug":"vivotek-ap-fxc-0210-extensor-poe-2-puertos-fast-ethernet-para-interior-70w-hasta-300m-en-cascada","status":"publish","type":"product","link":"https:\/\/tecsecmty.com\/index.php\/producto\/vivotek-ap-fxc-0210-extensor-poe-2-puertos-fast-ethernet-para-interior-70w-hasta-300m-en-cascada\/","title":{"rendered":"VIVOTEK AP-FXC-0210 &#8211; Extensor PoE 2 puertos fast ethernet \/ Para interior \/ 70W \/ Hasta 300M en cascada"},"content":{"rendered":"<div class=\"row aling-items-center padding-bottom-2x\">\n<div class=\"col-lg-12\">\n<h5 class=\"card-title text-center\">Informaci\u00f3n general<\/h5>\n<p>El extensor de red APFXC0210 es un extensor de PoE capaz de alimentar\u00a070w\u00a0de potencia a los dispositivos accionados por una distancia de hasta 300 metros en total en cascada. M\u00faltiples extensores pueden conectarse en cascada para aumentar la distancia de cableado y el n\u00famero de dispositivos alimentados.<\/p>\n<p><img decoding=\"async\" class=\"overview-center-img-web\" src=\"https:\/\/tvc.mx\/media\/64437\/banner.jpg\" alt=\"\" \/><\/div>\n<\/div>\n<div class=\"row aling-items-center padding-bottom-2x\">\n<div class=\"col-lg-12\">\n<h5 class=\"card-title text-center\">Caracter\u00edsticas principales<\/h5>\n<ul>\n<li class=\"ql-align-justify\">1 Puerto de entrada<\/li>\n<li class=\"ql-align-justify\">2 Puertos salida POE para interior hasta 300 metros.<\/li>\n<li class=\"ql-align-justify\">Transmisi\u00f3n 10\/100<\/li>\n<li class=\"ql-align-justify\">Temperaturas operaci\u00f3n 0\u00b0C ~ 50\u00b0C<\/li>\n<li class=\"ql-align-justify\">No requiere fuente de alimentaci\u00f3n.<\/li>\n<li class=\"ql-align-justify\">Instalaci\u00f3n Sencilla.<\/li>\n<\/ul>\n<p><strong>Nota 1:<\/strong>\u00a0Este modelo APFXC0210\u00a0de inyector PoE es compatible con cualquier c\u00e1mara que soporte los estandar 802.3 AF, 802.3 AT, uPoE.<\/p>\n<p><strong>Nota 2:\u00a0<\/strong>C\u00e1maras con estandar uPoE solo permiten ser alimentadas a 200 metros mediante un extensor APFXC0210\u00a0.<\/p>\n<p class=\"ql-align-justify\"><strong>Nota 3:<\/strong>\u00a0La salida de potencia m\u00e1xima de 70 watts tendr\u00e1 que ser siempre repartido entre el numero total de puertos de extensores que se utilicen.<\/p>\n<p class=\"ql-align-justify\"><strong>Nota 4:\u00a0<\/strong>La distancia m\u00e1xima solo son 300 metros, la cantidad de inyectores solo son dos en cascada.<\/p>\n<p><img decoding=\"async\" class=\"overview-center-img-web\" src=\"https:\/\/tvc.mx\/media\/64914\/AP-FXC-0210.jpg\" alt=\"\" \/><\/div>\n<\/div>\n<div class=\"row aling-items-center padding-bottom-2x\">\n<div class=\"col-lg-12\">\n<h5 class=\"card-title text-center\">Como conectar dos c\u00e1maras a 300 metros<\/h5>\n<p>El extensor PoE APFXC0210 permite ser alimentado hasta una distancia de 100 metros en su entrada PoE, mediante un inyector PoE de hasta 90 watts, enviar la energia por medio de su salida PoE hasta una distancia de 100 metros mas, donde puede alimentar a un extensor PoE de 1 o 2 salidas PoE de 15.4 watts. Asi al final permite alimentar hasta 2 c\u00e1maras con consumos de energ\u00eda menores a 15.4 watts.<\/p>\n<h5><\/h5>\n<p><img decoding=\"async\" class=\"overview-center-img-web\" src=\"https:\/\/tvc.mx\/media\/64443\/aplicaciones.jpg\" alt=\"\" \/><\/div>\n<\/div>\n<div class=\"row aling-items-center padding-bottom-2x\">\n<div class=\"col-lg-12\">\n<h5 class=\"card-title text-center\">Como conectar tres c\u00e1maras a 300 metros<\/h5>\n<p>El extensor PoE APFXC0210\u00a0permite ser alimentado hasta una distancia de 100 metros en su entrada PoE, mediante un inyector PoE de hasta 95 watts, enviar la energ\u00eda por medio de su salida PoE hasta una distancia de 100 metros mas, donde puede alimentar a un extensor PoE de 2 salidas PoE de 30 watts. As\u00ed al final permite alimentar hasta 2 c\u00e1maras con consumos de energ\u00eda menores a 30 watts.<\/p>\n<h5><\/h5>\n<p><img decoding=\"async\" class=\"overview-center-img-web\" src=\"https:\/\/tvc.mx\/media\/64542\/300mpoe.jpg\" alt=\"\" \/><\/div>\n<\/div>\n","protected":false},"excerpt":{"rendered":"<p>Informaci\u00f3n general El extensor de red APFXC0210 es un extensor de PoE capaz de alimentar\u00a070w\u00a0de potencia a los dispositivos accionados por una distancia de hasta 300 metros en total en cascada. M\u00faltiples extensores pueden conectarse en cascada para aumentar la distancia de cableado y el&hellip;<\/p>\n","protected":false},"featured_media":6673,"comment_status":"open","ping_status":"closed","template":"","meta":{"om_disable_all_campaigns":false,"_monsterinsights_skip_tracking":false,"_monsterinsights_sitenote_active":false,"_monsterinsights_sitenote_note":"","_monsterinsights_sitenote_category":0},"product_brand":[],"product_cat":[590],"product_tag":[565,350,568,566,567,564,569,570,571,572],"class_list":{"0":"post-6674","1":"product","2":"type-product","3":"status-publish","4":"has-post-thumbnail","6":"product_cat-extensores-poe-vivotek-fuentes-de-energia-2","7":"product_tag-baterias","8":"product_tag-conectores","9":"product_tag-divisores-de-energia","10":"product_tag-extensores-poe","11":"product_tag-fuentes-con-distribuidor","12":"product_tag-fuentes-de-energia","13":"product_tag-fuentes-de-poder-y-adaptadores","14":"product_tag-inyectores-poe","15":"product_tag-reguladores","16":"product_tag-ups","18":"first","19":"instock","20":"sale","21":"taxable","22":"shipping-taxable","23":"purchasable","24":"product-type-simple"},"aioseo_notices":[],"_links":{"self":[{"href":"https:\/\/tecsecmty.com\/index.php\/wp-json\/wp\/v2\/product\/6674","targetHints":{"allow":["GET"]}}],"collection":[{"href":"https:\/\/tecsecmty.com\/index.php\/wp-json\/wp\/v2\/product"}],"about":[{"href":"https:\/\/tecsecmty.com\/index.php\/wp-json\/wp\/v2\/types\/product"}],"replies":[{"embeddable":true,"href":"https:\/\/tecsecmty.com\/index.php\/wp-json\/wp\/v2\/comments?post=6674"}],"version-history":[{"count":0,"href":"https:\/\/tecsecmty.com\/index.php\/wp-json\/wp\/v2\/product\/6674\/revisions"}],"wp:featuredmedia":[{"embeddable":true,"href":"https:\/\/tecsecmty.com\/index.php\/wp-json\/wp\/v2\/media\/6673"}],"wp:attachment":[{"href":"https:\/\/tecsecmty.com\/index.php\/wp-json\/wp\/v2\/media?parent=6674"}],"wp:term":[{"taxonomy":"product_brand","embeddable":true,"href":"https:\/\/tecsecmty.com\/index.php\/wp-json\/wp\/v2\/product_brand?post=6674"},{"taxonomy":"product_cat","embeddable":true,"href":"https:\/\/tecsecmty.com\/index.php\/wp-json\/wp\/v2\/product_cat?post=6674"},{"taxonomy":"product_tag","embeddable":true,"href":"https:\/\/tecsecmty.com\/index.php\/wp-json\/wp\/v2\/product_tag?post=6674"}],"curies":[{"name":"wp","href":"https:\/\/api.w.org\/{rel}","templated":true}]}}