{"id":6696,"date":"2023-02-23T12:21:52","date_gmt":"2023-02-23T18:21:52","guid":{"rendered":"https:\/\/tecsecmty.com\/index.php\/producto\/saxxon-psu1220d16h-fuente-de-poder-profesional-de-11-a-15-vcd-20-amperes-para-16-camaras-hasta-4k-1-25-amperes-por-canal-proteccion-contra-sobrecargas-filtro-de-ruido-por-canal-uso-rudo\/"},"modified":"2023-03-22T23:24:04","modified_gmt":"2023-03-23T05:24:04","slug":"saxxon-psu1220d16h-fuente-de-poder-profesional-de-11-a-15-vcd-20-amperes-para-16-camaras-hasta-4k-1-25-amperes-por-canal-proteccion-contra-sobrecargas-filtro-de-ruido-por-canal-uso-rudo","status":"publish","type":"product","link":"https:\/\/tecsecmty.com\/index.php\/producto\/saxxon-psu1220d16h-fuente-de-poder-profesional-de-11-a-15-vcd-20-amperes-para-16-camaras-hasta-4k-1-25-amperes-por-canal-proteccion-contra-sobrecargas-filtro-de-ruido-por-canal-uso-rudo\/","title":{"rendered":"SAXXON PSU1220D16H- Fuente de Poder Profesional de 11 a 15 vcd\/ 20 Amperes\/ Para 16 Camaras Hasta 4k\/ 1.25 Amperes por Canal\/ Protecci\u00f3n contra Sobrecargas\/ Filtro de Ruido por Canal\/ Uso rudo\/"},"content":{"rendered":"<div class=\"row aling-items-center padding-bottom-2x\">\n<div class=\"col-lg-12\">\n<h5 class=\"card-title text-center\">Informaci\u00f3n general.<\/h5>\n<p class=\"ql-align-justify\">\u00c9sta fuente de alimentaci\u00f3n de 110 VAC, le entregar\u00e1 12 VCD, 20 Amp. de salida para la alimentaci\u00f3n de sus c\u00e1maras. Cuenta con distribuidor de voltaje para 16 c\u00e1maras con protecci\u00f3n de resistencias en cada canal, led indicador de funcionamiento y un sistema de reducci\u00f3n de ruido.<\/p>\n<p class=\"ql-align-justify\">Con esta fuente reduces los problemas de imagen duplicada por interferencia en la corriente y tambi\u00e9n la perdida de v\u00eddeo por\u00a0desconexi\u00f3n\u00a0al tener perdida de voltaje.<\/p>\n<p><img decoding=\"async\" class=\"overview-center-img-web\" src=\"https:\/\/tvc.mx\/media\/33517\/banner.png\" alt=\"\" \/><\/div>\n<\/div>\n<div class=\"row align-items-center padding-bottom-2x\">\n<div class=\"col-md-5\"><img decoding=\"async\" class=\"d-block m-auto img-thumbnail\" src=\"https:\/\/tvc.mx\/media\/33523\/ovl2.jpg\" alt=\" \" \/><\/div>\n<div class=\"col-md-7 text-md-left text-center\">\n<h2>Aplicaciones y Caracter\u00edsticas.<\/h2>\n<p class=\"text-muted\">\n<p class=\"ql-align-justify\">Aplicaciones:<\/p>\n<ul>\n<li class=\"ql-align-justify\">Ideal para c\u00e1maras 4K,4 MP.<\/li>\n<li class=\"ql-align-justify\">Uso en lugares donde el flujo de energ\u00eda es muy cambiante.<\/li>\n<\/ul>\n<p class=\"ql-align-justify\">Caracter\u00edsticas:<\/p>\n<ul>\n<li class=\"ql-align-justify\">Compatible con c\u00e1maras de 720P y\u00a0hasta 8MP.<\/li>\n<li class=\"ql-align-justify\">Modulo de Fuente por canal.<\/li>\n<li class=\"ql-align-justify\">Regulador de voltaje de 11V a 14.5V por canal<\/li>\n<li class=\"ql-align-justify\">Sistema para reducir de ruido.<\/li>\n<li class=\"ql-align-justify\">Protecci\u00f3n para variaci\u00f3n de voltaje de hasta 6 KVA.<\/li>\n<\/ul>\n<\/div>\n<\/div>\n","protected":false},"excerpt":{"rendered":"<p>Informaci\u00f3n general. \u00c9sta fuente de alimentaci\u00f3n de 110 VAC, le entregar\u00e1 12 VCD, 20 Amp. de salida para la alimentaci\u00f3n de sus c\u00e1maras. Cuenta con distribuidor de voltaje para 16 c\u00e1maras con protecci\u00f3n de resistencias en cada canal, led indicador de funcionamiento y un sistema&hellip;<\/p>\n","protected":false},"featured_media":6695,"comment_status":"open","ping_status":"closed","template":"","meta":{"om_disable_all_campaigns":false,"_monsterinsights_skip_tracking":false,"_monsterinsights_sitenote_active":false,"_monsterinsights_sitenote_note":"","_monsterinsights_sitenote_category":0},"product_brand":[],"product_cat":[592],"product_tag":[565,350,568,566,567,564,569,570,571,572],"class_list":{"0":"post-6696","1":"product","2":"type-product","3":"status-publish","4":"has-post-thumbnail","6":"product_cat-fuentes-con-distribuidor-saxxon-fuentes-de-energia-2","7":"product_tag-baterias","8":"product_tag-conectores","9":"product_tag-divisores-de-energia","10":"product_tag-extensores-poe","11":"product_tag-fuentes-con-distribuidor","12":"product_tag-fuentes-de-energia","13":"product_tag-fuentes-de-poder-y-adaptadores","14":"product_tag-inyectores-poe","15":"product_tag-reguladores","16":"product_tag-ups","18":"first","19":"instock","20":"sale","21":"taxable","22":"shipping-taxable","23":"purchasable","24":"product-type-simple"},"aioseo_notices":[],"_links":{"self":[{"href":"https:\/\/tecsecmty.com\/index.php\/wp-json\/wp\/v2\/product\/6696","targetHints":{"allow":["GET"]}}],"collection":[{"href":"https:\/\/tecsecmty.com\/index.php\/wp-json\/wp\/v2\/product"}],"about":[{"href":"https:\/\/tecsecmty.com\/index.php\/wp-json\/wp\/v2\/types\/product"}],"replies":[{"embeddable":true,"href":"https:\/\/tecsecmty.com\/index.php\/wp-json\/wp\/v2\/comments?post=6696"}],"version-history":[{"count":0,"href":"https:\/\/tecsecmty.com\/index.php\/wp-json\/wp\/v2\/product\/6696\/revisions"}],"wp:featuredmedia":[{"embeddable":true,"href":"https:\/\/tecsecmty.com\/index.php\/wp-json\/wp\/v2\/media\/6695"}],"wp:attachment":[{"href":"https:\/\/tecsecmty.com\/index.php\/wp-json\/wp\/v2\/media?parent=6696"}],"wp:term":[{"taxonomy":"product_brand","embeddable":true,"href":"https:\/\/tecsecmty.com\/index.php\/wp-json\/wp\/v2\/product_brand?post=6696"},{"taxonomy":"product_cat","embeddable":true,"href":"https:\/\/tecsecmty.com\/index.php\/wp-json\/wp\/v2\/product_cat?post=6696"},{"taxonomy":"product_tag","embeddable":true,"href":"https:\/\/tecsecmty.com\/index.php\/wp-json\/wp\/v2\/product_tag?post=6696"}],"curies":[{"name":"wp","href":"https:\/\/api.w.org\/{rel}","templated":true}]}}