{"id":6700,"date":"2023-02-23T12:21:55","date_gmt":"2023-02-23T18:21:55","guid":{"rendered":"https:\/\/tecsecmty.com\/index.php\/producto\/saxxon-psu1220d18us-fuente-de-poder-profesional-regulada-de-18-canales-montaje-en-rack-salida-ajustable-de-12-vdc-a-13-8-vdc-20-ampers-certificacion-ul-proteccion-contra-descargas\/"},"modified":"2023-03-22T23:24:04","modified_gmt":"2023-03-23T05:24:04","slug":"saxxon-psu1220d18us-fuente-de-poder-profesional-regulada-de-18-canales-montaje-en-rack-salida-ajustable-de-12-vdc-a-13-8-vdc-20-ampers-certificacion-ul-proteccion-contra-descargas","status":"publish","type":"product","link":"https:\/\/tecsecmty.com\/index.php\/producto\/saxxon-psu1220d18us-fuente-de-poder-profesional-regulada-de-18-canales-montaje-en-rack-salida-ajustable-de-12-vdc-a-13-8-vdc-20-ampers-certificacion-ul-proteccion-contra-descargas\/","title":{"rendered":"SAXXON PSU1220D18US &#8211; Fuente de Poder Profesional Regulada de 18 Canales\/ Montaje en Rack\/ Salida ajustable de 12 VDC a 13.8 VDC\/ 20 Ampers\/ Certificaci\u00f3n UL\/ Protecci\u00f3n contra Descargas\/"},"content":{"rendered":"<div class=\"row aling-items-center padding-bottom-2x\">\n<div class=\"col-lg-12\">\n<h5 class=\"card-title text-center\">Informaci\u00f3n general.<\/h5>\n<p>La fuente modelo\u00a0<strong>PSU1220D18US<\/strong>\u00a0mas que una fuente es un distribuidor de energ\u00eda centralizado con carcasa de metal robusta y\u00a0<strong>rackeable<\/strong>\u00a0con ranuras para su ventilaci\u00f3n sin dejar a un lado la est\u00e9tica, la caja tiene protecci\u00f3n anti est\u00e1tica y anti-interferencia, alimenta 9 c\u00e1maras de cctv con indicador de salida LED individual proporcionando la tensi\u00f3n de salida de 12V AC, cada salida est\u00e1 protegida de forma independiente por un fusible de cer\u00e1mica o PTC que protege nuestras c\u00e1maras.<\/p>\n<p><img decoding=\"async\" class=\"overview-center-img-web\" src=\"https:\/\/tvc.mx\/media\/93869\/Fuente-Rackeable-12V-20A-18CH-Banner.png\" alt=\"\" \/><\/div>\n<\/div>\n<div class=\"row align-items-center padding-bottom-2x\">\n<div class=\"col-md-5\"><img decoding=\"async\" class=\"d-block m-auto img-thumbnail\" src=\"https:\/\/tvc.mx\/media\/93881\/Fuente-Rackeable-12V-20A-18CH-OVL1.png\" alt=\" \" \/><\/div>\n<div class=\"col-md-7 text-md-left text-center\">\n<h2>Especificaciones.<\/h2>\n<p class=\"text-muted\">\n<ul>\n<li>Modelo No PSU1220-D18US<\/li>\n<li>Voltaje de entrada 120VAC<\/li>\n<li>Voltaje de salida 12V DC<\/li>\n<li>Corriente de salida total 20A 1.11A * 18CH<\/li>\n<li>Eficiencia&gt; 80%<\/li>\n<li>Temperatura de trabajo -0 \u00b0 C ~ 40 \u00b0 C<\/li>\n<li>Temperatura de almacenamiento -25 \u00b0 C ~ 75 \u00b0 C<\/li>\n<li>Humedad 95RH<\/li>\n<li>Voltaje de entrada nominal<\/li>\n<li>Rango de voltaje de entrada<\/li>\n<li>Corriente de entrada 4A<\/li>\n<li>Rango de frecuencia de entrada 50 \/ 60Hz<\/li>\n<li>Voltaje requerido 12V DC \u00b1 5%<\/li>\n<li>Voltaje con carga completa 12V DC \u00b1 5%<\/li>\n<li>Tama\u00f1o de productos 440 \u00d7 200 \u00d7 44 mm<\/li>\n<li>Fusible tipo 1.6A PTC FUSE<\/li>\n<\/ul>\n<\/div>\n<\/div>\n","protected":false},"excerpt":{"rendered":"<p>Informaci\u00f3n general. La fuente modelo\u00a0PSU1220D18US\u00a0mas que una fuente es un distribuidor de energ\u00eda centralizado con carcasa de metal robusta y\u00a0rackeable\u00a0con ranuras para su ventilaci\u00f3n sin dejar a un lado la est\u00e9tica, la caja tiene protecci\u00f3n anti est\u00e1tica y anti-interferencia, alimenta 9 c\u00e1maras de cctv con&hellip;<\/p>\n","protected":false},"featured_media":6699,"comment_status":"open","ping_status":"closed","template":"","meta":{"om_disable_all_campaigns":false,"_monsterinsights_skip_tracking":false,"_monsterinsights_sitenote_active":false,"_monsterinsights_sitenote_note":"","_monsterinsights_sitenote_category":0},"product_brand":[],"product_cat":[592],"product_tag":[565,350,568,566,567,564,569,570,571,572],"class_list":{"0":"post-6700","1":"product","2":"type-product","3":"status-publish","4":"has-post-thumbnail","6":"product_cat-fuentes-con-distribuidor-saxxon-fuentes-de-energia-2","7":"product_tag-baterias","8":"product_tag-conectores","9":"product_tag-divisores-de-energia","10":"product_tag-extensores-poe","11":"product_tag-fuentes-con-distribuidor","12":"product_tag-fuentes-de-energia","13":"product_tag-fuentes-de-poder-y-adaptadores","14":"product_tag-inyectores-poe","15":"product_tag-reguladores","16":"product_tag-ups","18":"first","19":"instock","20":"sale","21":"taxable","22":"shipping-taxable","23":"purchasable","24":"product-type-simple"},"aioseo_notices":[],"_links":{"self":[{"href":"https:\/\/tecsecmty.com\/index.php\/wp-json\/wp\/v2\/product\/6700","targetHints":{"allow":["GET"]}}],"collection":[{"href":"https:\/\/tecsecmty.com\/index.php\/wp-json\/wp\/v2\/product"}],"about":[{"href":"https:\/\/tecsecmty.com\/index.php\/wp-json\/wp\/v2\/types\/product"}],"replies":[{"embeddable":true,"href":"https:\/\/tecsecmty.com\/index.php\/wp-json\/wp\/v2\/comments?post=6700"}],"version-history":[{"count":0,"href":"https:\/\/tecsecmty.com\/index.php\/wp-json\/wp\/v2\/product\/6700\/revisions"}],"wp:featuredmedia":[{"embeddable":true,"href":"https:\/\/tecsecmty.com\/index.php\/wp-json\/wp\/v2\/media\/6699"}],"wp:attachment":[{"href":"https:\/\/tecsecmty.com\/index.php\/wp-json\/wp\/v2\/media?parent=6700"}],"wp:term":[{"taxonomy":"product_brand","embeddable":true,"href":"https:\/\/tecsecmty.com\/index.php\/wp-json\/wp\/v2\/product_brand?post=6700"},{"taxonomy":"product_cat","embeddable":true,"href":"https:\/\/tecsecmty.com\/index.php\/wp-json\/wp\/v2\/product_cat?post=6700"},{"taxonomy":"product_tag","embeddable":true,"href":"https:\/\/tecsecmty.com\/index.php\/wp-json\/wp\/v2\/product_tag?post=6700"}],"curies":[{"name":"wp","href":"https:\/\/api.w.org\/{rel}","templated":true}]}}