{"id":6710,"date":"2023-02-23T12:22:08","date_gmt":"2023-02-23T18:22:08","guid":{"rendered":"https:\/\/tecsecmty.com\/index.php\/producto\/bosch-v_-upa122060-transformador-de-corriente-12v-dc-1-a-mp\/"},"modified":"2023-03-22T23:21:36","modified_gmt":"2023-03-23T05:21:36","slug":"bosch-v_-upa122060-transformador-de-corriente-12v-dc-1-a-mp","status":"publish","type":"product","link":"https:\/\/tecsecmty.com\/index.php\/producto\/bosch-v_-upa122060-transformador-de-corriente-12v-dc-1-a-mp\/","title":{"rendered":"BOSCH V_ UPA122060 &#8211; Transformador de corriente \/ 12V DC \/ 1 A MP"},"content":{"rendered":"<h5 class=\"card-title text-center\">Fuente de alimentaci\u00f3n UPA-1509-60<\/h5>\n<p class=\"ql-align-justify\"><strong>La serie de fuentes de alimentaci\u00f3n UPA de Bosch est\u00e1 dise\u00f1ada espec\u00edficamente para las demandas de uso continuo de los productos de vigilancia profesional.<\/strong>\u00a0Si bien los modelos UPA se usan principalmente con c\u00e1maras de seguridad, su tama\u00f1o peque\u00f1o y su alto \u00edndice de eficiencia de energ\u00eda tambi\u00e9n los hacen ideales para alimentar una amplia gama de otros productos de seguridad de bajo consumo, incluidos muchos accesorios y dispositivos de control del sistema Allegiant\u00ae.\u00a0<strong>Los modelos UPA de 60 Hz est\u00e1n dise\u00f1ados espec\u00edficamente para cumplir Se est\u00e1n a<\/strong>doptando las normas y leyes de eficiencia en los Estados Unidos. Estas fuentes de alimentaci\u00f3n eficientes cumplen o superar el nivel de eficiencia energ\u00e9tica internacional.<\/p>\n<p class=\"ql-align-justify\"><strong>Nota: Fuente de alimentaci\u00f3n UPA-1509-60<\/strong><\/p>\n<p class=\"ql-align-justify\"><strong>Es una fuentes de alimentaci\u00f3n UPA de Bosch con:\u00a0<\/strong><strong>120VAC, 60Hz, 15VDC, 9VA Out\u00a0<\/strong><strong>est\u00e1 dise\u00f1ada espec\u00edficamente para las demandas de uso continuo de los productos de vigilancia profesional.<\/strong><\/p>\n<p class=\"ql-align-justify\"><strong>Numero de pedido:\u00a0<\/strong><strong>UPA-1509-60.<\/strong><\/p>\n<p class=\"ql-align-justify\"><strong>Principales Caracter\u00edsticas<\/strong><\/p>\n<ul>\n<li class=\"ql-align-justify\">Proporciona energ\u00eda eficiente y constante para CCD y C\u00e1maras megaPixel, teclados y otros de baja potencia. productos de uso.<\/li>\n<li class=\"ql-align-justify\">Los modelos son excepcionalmente energ\u00e9ticamente eficientes.<\/li>\n<li class=\"ql-align-justify\">Cumplir o superar el nivel internacional de eficiencia energ\u00e9tica.<\/li>\n<li class=\"ql-align-justify\">Modelos de salida secundaria de 24 VCA y 12 VCC.<\/li>\n<li class=\"ql-align-justify\">Terminales de tornillo para facilitar la instalaci\u00f3n en algunos modelos.<\/li>\n<li class=\"ql-align-justify\">Modelos de fuente de alimentaci\u00f3n de 120 VCA y 230 VCA.<\/li>\n<li class=\"ql-align-justify\">Agencia de seguridad certificada.<\/li>\n<\/ul>\n<p class=\"ql-align-justify\"><strong>Especificaciones<\/strong><\/p>\n<ul>\n<li class=\"ql-align-justify\">Entrada el\u00e9ctrica de 100-240 VCA, 50\/60 Hz<\/li>\n<li class=\"ql-align-justify\">Salida nominal de 12 VCC, 1.0<\/li>\n<li class=\"ql-align-justify\">Conectores de entrada A Mechanical 2 puntas, est\u00e1ndar europeo europeo (4 mm \/ 19 mm).<\/li>\n<li class=\"ql-align-justify\">Conectores de salida 2.1 x 5.5 x 10.0 mm enchufe (0.8 x 0.22 x 0.4 pulg.).<\/li>\n<li class=\"ql-align-justify\">Construcci\u00f3n \/ Acabado Caja de pl\u00e1stico negro.<\/li>\n<li class=\"ql-align-justify\">Dimensiones (ancho x ancho x alto) 74.0 x 29.0 x 41.0 mm (2.91 x 1.14 x 1.61 pulg.).<\/li>\n<li class=\"ql-align-justify\">Peso 0.12 kg (0.26 lb).<\/li>\n<li class=\"ql-align-justify\">Nota: Uso recomendado C\u00e1maras megap\u00edxel de Bosch<\/li>\n<li class=\"ql-align-justify\">Medio ambiente Temperatura de funcionamiento: 10 \u00b0 C a 40 \u00b0 C ( 14 \u00b0 F a 104 \u00b0 F).<\/li>\n<li class=\"ql-align-justify\">Temperatura de almacenamiento: 30 \u00b0 C a 80 \u00b0 C (\u201322 \u00b0 F a 176 \u00b0 F).<\/li>\n<li class=\"ql-align-justify\">Humedad 30% a 85% relativa.<\/li>\n<\/ul>\n","protected":false},"excerpt":{"rendered":"<p>Fuente de alimentaci\u00f3n UPA-1509-60 La serie de fuentes de alimentaci\u00f3n UPA de Bosch est\u00e1 dise\u00f1ada espec\u00edficamente para las demandas de uso continuo de los productos de vigilancia profesional.\u00a0Si bien los modelos UPA se usan principalmente con c\u00e1maras de seguridad, su tama\u00f1o peque\u00f1o y su alto&hellip;<\/p>\n","protected":false},"featured_media":6709,"comment_status":"open","ping_status":"closed","template":"","meta":{"om_disable_all_campaigns":false,"_monsterinsights_skip_tracking":false,"_monsterinsights_sitenote_active":false,"_monsterinsights_sitenote_note":"","_monsterinsights_sitenote_category":0},"product_brand":[],"product_cat":[593],"product_tag":[565,350,568,566,567,564,569,570,571,572],"class_list":{"0":"post-6710","1":"product","2":"type-product","3":"status-publish","4":"has-post-thumbnail","6":"product_cat-fuentes-de-poder-y-adaptadores","7":"product_tag-baterias","8":"product_tag-conectores","9":"product_tag-divisores-de-energia","10":"product_tag-extensores-poe","11":"product_tag-fuentes-con-distribuidor","12":"product_tag-fuentes-de-energia","13":"product_tag-fuentes-de-poder-y-adaptadores","14":"product_tag-inyectores-poe","15":"product_tag-reguladores","16":"product_tag-ups","18":"first","19":"instock","20":"sale","21":"taxable","22":"shipping-taxable","23":"purchasable","24":"product-type-simple"},"aioseo_notices":[],"_links":{"self":[{"href":"https:\/\/tecsecmty.com\/index.php\/wp-json\/wp\/v2\/product\/6710","targetHints":{"allow":["GET"]}}],"collection":[{"href":"https:\/\/tecsecmty.com\/index.php\/wp-json\/wp\/v2\/product"}],"about":[{"href":"https:\/\/tecsecmty.com\/index.php\/wp-json\/wp\/v2\/types\/product"}],"replies":[{"embeddable":true,"href":"https:\/\/tecsecmty.com\/index.php\/wp-json\/wp\/v2\/comments?post=6710"}],"version-history":[{"count":0,"href":"https:\/\/tecsecmty.com\/index.php\/wp-json\/wp\/v2\/product\/6710\/revisions"}],"wp:featuredmedia":[{"embeddable":true,"href":"https:\/\/tecsecmty.com\/index.php\/wp-json\/wp\/v2\/media\/6709"}],"wp:attachment":[{"href":"https:\/\/tecsecmty.com\/index.php\/wp-json\/wp\/v2\/media?parent=6710"}],"wp:term":[{"taxonomy":"product_brand","embeddable":true,"href":"https:\/\/tecsecmty.com\/index.php\/wp-json\/wp\/v2\/product_brand?post=6710"},{"taxonomy":"product_cat","embeddable":true,"href":"https:\/\/tecsecmty.com\/index.php\/wp-json\/wp\/v2\/product_cat?post=6710"},{"taxonomy":"product_tag","embeddable":true,"href":"https:\/\/tecsecmty.com\/index.php\/wp-json\/wp\/v2\/product_tag?post=6710"}],"curies":[{"name":"wp","href":"https:\/\/api.w.org\/{rel}","templated":true}]}}