{"id":6712,"date":"2023-02-23T12:22:11","date_gmt":"2023-02-23T18:22:11","guid":{"rendered":"https:\/\/tecsecmty.com\/index.php\/producto\/bosch-v_kbd120ps-fuente-de-alimentacion-de-120-vca-para-teclado-kbd\/"},"modified":"2023-03-22T23:21:47","modified_gmt":"2023-03-23T05:21:47","slug":"bosch-v_kbd120ps-fuente-de-alimentacion-de-120-vca-para-teclado-kbd","status":"publish","type":"product","link":"https:\/\/tecsecmty.com\/index.php\/producto\/bosch-v_kbd120ps-fuente-de-alimentacion-de-120-vca-para-teclado-kbd\/","title":{"rendered":"BOSCH V_KBD120PS &#8211; Fuente de alimentacion de 120 VCA para teclado KbD"},"content":{"rendered":"<h5 class=\"card-title text-center\">Unidad de alimentaci\u00f3n KBD\u2011120PS<\/h5>\n<p class=\"ql-align-justify\"><strong>Los teclados de la serie IntuiKey son teclados multiuso de funciones completas que se utilizan para controlar y programar el sistema. Adem\u00e1s, cuentan con un joystick incorporado con funciones de giro, inclinaci\u00f3n y zoom (PTZ) de velocidad variable y un dise\u00f1o resistente a salpicaduras.<\/strong><\/p>\n<p class=\"ql-align-justify\"><strong>Accesorios de hardware Unidad de alimentaci\u00f3n\u00a0KBD120PS.<\/strong><\/p>\n<p class=\"ql-align-justify\">La fuente que es necesaria para el funcionamiento correcto del Teclado de la serie IntuiKey\u00a0 y su cable de alimentaci\u00f3n de\u00a0<strong>120 VCA\/12 VCC, 600 mA y 50\/60 Hz<\/strong>. Para suministrar energ\u00eda a los teclados de la serie\u00a0<strong>IntuiKey,\u00a0<\/strong>distancia de instalci\u00f3n del tranformador al panel de 3,5 a 30 mts., estos son teclados multiuso de funciones completas que se utilizan para controlar y programar el sistema.<\/p>\n<p class=\"ql-align-justify\"><strong>Nota: Unidad de alimentaci\u00f3n KBD\u2011120PS<\/strong><\/p>\n<p class=\"ql-align-justify\"><strong>Fuente y cable de alimentaci\u00f3n de 120 VCA\/12 VCC, 600 mA y 50\/60 Hz.<\/strong><\/p>\n<p class=\"ql-align-justify\"><strong>N\u00famero de pedido: KBD-120PS.<\/strong><\/p>\n<p class=\"ql-align-justify\"><strong>Principales Caracter\u00edsticas<\/strong><\/p>\n<ul>\n<li class=\"ql-align-justify\">120 VCA\/ 12 VCC.<\/li>\n<li class=\"ql-align-justify\">Trabaja a 50 y 60 Hz.<\/li>\n<li class=\"ql-align-justify\">Cpacidad: 600 mA.<\/li>\n<li class=\"ql-align-justify\">Facil Instalaci\u00f3n.<\/li>\n<li class=\"ql-align-justify\">Estructura robusta.<\/li>\n<\/ul>\n<p class=\"ql-align-justify\">\n<p><img decoding=\"async\" class=\"overview-center-img- aligncenter\" src=\"https:\/\/tvc.mx\/media\/14714\/Logoopaginas-oficial.png\" alt=\"\" \/><\/p>\n","protected":false},"excerpt":{"rendered":"<p>Unidad de alimentaci\u00f3n KBD\u2011120PS Los teclados de la serie IntuiKey son teclados multiuso de funciones completas que se utilizan para controlar y programar el sistema. Adem\u00e1s, cuentan con un joystick incorporado con funciones de giro, inclinaci\u00f3n y zoom (PTZ) de velocidad variable y un dise\u00f1o&hellip;<\/p>\n","protected":false},"featured_media":6711,"comment_status":"open","ping_status":"closed","template":"","meta":{"om_disable_all_campaigns":false,"_monsterinsights_skip_tracking":false,"_monsterinsights_sitenote_active":false,"_monsterinsights_sitenote_note":"","_monsterinsights_sitenote_category":0},"product_brand":[],"product_cat":[593],"product_tag":[565,350,568,566,567,564,569,570,571,572],"class_list":{"0":"post-6712","1":"product","2":"type-product","3":"status-publish","4":"has-post-thumbnail","6":"product_cat-fuentes-de-poder-y-adaptadores","7":"product_tag-baterias","8":"product_tag-conectores","9":"product_tag-divisores-de-energia","10":"product_tag-extensores-poe","11":"product_tag-fuentes-con-distribuidor","12":"product_tag-fuentes-de-energia","13":"product_tag-fuentes-de-poder-y-adaptadores","14":"product_tag-inyectores-poe","15":"product_tag-reguladores","16":"product_tag-ups","18":"first","19":"instock","20":"sale","21":"taxable","22":"shipping-taxable","23":"purchasable","24":"product-type-simple"},"aioseo_notices":[],"_links":{"self":[{"href":"https:\/\/tecsecmty.com\/index.php\/wp-json\/wp\/v2\/product\/6712","targetHints":{"allow":["GET"]}}],"collection":[{"href":"https:\/\/tecsecmty.com\/index.php\/wp-json\/wp\/v2\/product"}],"about":[{"href":"https:\/\/tecsecmty.com\/index.php\/wp-json\/wp\/v2\/types\/product"}],"replies":[{"embeddable":true,"href":"https:\/\/tecsecmty.com\/index.php\/wp-json\/wp\/v2\/comments?post=6712"}],"version-history":[{"count":0,"href":"https:\/\/tecsecmty.com\/index.php\/wp-json\/wp\/v2\/product\/6712\/revisions"}],"wp:featuredmedia":[{"embeddable":true,"href":"https:\/\/tecsecmty.com\/index.php\/wp-json\/wp\/v2\/media\/6711"}],"wp:attachment":[{"href":"https:\/\/tecsecmty.com\/index.php\/wp-json\/wp\/v2\/media?parent=6712"}],"wp:term":[{"taxonomy":"product_brand","embeddable":true,"href":"https:\/\/tecsecmty.com\/index.php\/wp-json\/wp\/v2\/product_brand?post=6712"},{"taxonomy":"product_cat","embeddable":true,"href":"https:\/\/tecsecmty.com\/index.php\/wp-json\/wp\/v2\/product_cat?post=6712"},{"taxonomy":"product_tag","embeddable":true,"href":"https:\/\/tecsecmty.com\/index.php\/wp-json\/wp\/v2\/product_tag?post=6712"}],"curies":[{"name":"wp","href":"https:\/\/api.w.org\/{rel}","templated":true}]}}