{"id":6714,"date":"2023-02-23T12:22:14","date_gmt":"2023-02-23T18:22:14","guid":{"rendered":"https:\/\/tecsecmty.com\/index.php\/producto\/bosch-v_upa245060-transformador-voltaje-de-entrada-120vca-60-hz-salida-de-voltaje-24vca-2-083a\/"},"modified":"2023-03-22T23:22:08","modified_gmt":"2023-03-23T05:22:08","slug":"bosch-v_upa245060-transformador-voltaje-de-entrada-120vca-60-hz-salida-de-voltaje-24vca-2-083a","status":"publish","type":"product","link":"https:\/\/tecsecmty.com\/index.php\/producto\/bosch-v_upa245060-transformador-voltaje-de-entrada-120vca-60-hz-salida-de-voltaje-24vca-2-083a\/","title":{"rendered":"BOSCH V_UPA245060 &#8211; Transformador voltaje de entrada 120VCA 60 HZ \/ Salida de voltaje 24VCA \/ 2.083A"},"content":{"rendered":"<h5 class=\"card-title text-center\">Fuente de alimentaci\u00f3n UPA-2450-60, 120 V, 60 Hz<\/h5>\n<p class=\"ql-align-justify\"><strong>La serie de fuentes de alimentaci\u00f3n Bosch UPA est\u00e1 dise\u00f1ada espec\u00edficamente para las demandas de uso continuo de productos de vigilancia profesional.<\/strong>\u00a0Mientras modelos UPA se utilizan principalmente con c\u00e1maras de seguridad, peque\u00f1os del tama\u00f1o y la alta calificaci\u00f3n de eficiencia energ\u00e9tica tambi\u00e9n los hacen ideal para alimentar una amplia gama de otros de bajo consumo.<\/p>\n<p class=\"ql-align-justify\">Productos de seguridad, incluyendo muchos sistemas Allegiant\u00ae, Accesorios y dispositivos de control.<\/p>\n<p class=\"ql-align-justify\">L<strong>os modelos UPA 60 Hz est\u00e1n dise\u00f1ados espec\u00edficamente para cumplir con los estrictos est\u00e1ndares de eficiencia y las leyes vigentes adoptadas en los Estados Unidos.\u00a0<\/strong>Estas potentes potencias de suministros energatico cumplen o superan la Energ\u00eda Internacional.<\/p>\n<p class=\"ql-align-justify\"><strong>Certificaciones y homologaciones.<\/strong><\/p>\n<p class=\"ql-align-justify\"><strong>Electromagn\u00e9tico<\/strong><\/p>\n<ul>\n<li class=\"ql-align-justify\">Compatibilidad (EMC): Cumple con la Parte 15 de la FCC, ICES-003 y CE regulaciones.<\/li>\n<li class=\"ql-align-justify\">Seguridad del producto Cumple con la normativa CE, UL, CSA, EN, y normas IEC<\/li>\n<li class=\"ql-align-justify\">Eficiencia energ\u00e9tica cumple con el nivel de eficiencia energ\u00e9tica IV.<\/li>\n<\/ul>\n<p class=\"ql-align-justify\"><strong>Nota:\u00a0<\/strong><strong>Fuente de alimentaci\u00f3n UPA-2450-60, 120 V, 60 Hz<\/strong><\/p>\n<p class=\"ql-align-justify\"><strong>Interior, 120 VCA, 60 Hz In; 24 VAC, 50 VA Salida<\/strong><\/p>\n<p class=\"ql-align-justify\"><strong>N\u00famero de pedido: UPA-2450-60.<\/strong><\/p>\n<p class=\"ql-align-justify\"><strong>Principales caracter\u00edsticas<\/strong><\/p>\n<ul>\n<li class=\"ql-align-justify\">Proporciona una potencia eficiente y constante para CCD y c\u00e1maras megaPixel, teclados y otros de baja potencia.<\/li>\n<li class=\"ql-align-justify\">Los modelos son excepcionalmente eficientes energ\u00e9ticamente.<\/li>\n<li class=\"ql-align-justify\">Cumplir o superar el nivel internacional de eficiencia energ\u00e9tica IV requisitos.<\/li>\n<li class=\"ql-align-justify\">24 VAC y 12 VDC modelos de salida secundaria.<\/li>\n<li class=\"ql-align-justify\">Terminales de tornillo para facilitar la instalaci\u00f3n en algunos modelos.<\/li>\n<\/ul>\n<p class=\"ql-align-justify\"><strong>Especificaciones<\/strong><\/p>\n<p class=\"ql-align-justify\"><strong>El\u00e9ctricas<\/strong><\/p>\n<ul>\n<li class=\"ql-align-justify\">Entrada clasificada 120 VCA, 60 Hz.<\/li>\n<li class=\"ql-align-justify\">Salida nominal 24 VCA, 1.25 A, 30 VA.<\/li>\n<\/ul>\n<p class=\"ql-align-justify\"><strong>Mec\u00e1nico<\/strong><\/p>\n<ul>\n<li class=\"ql-align-justify\">Conectores de entrada de 2 clavijas, est\u00e1ndar norteamericano (no polarizado).<\/li>\n<li class=\"ql-align-justify\">Conectores de salida Dos (2) terminales de tornillo.<\/li>\n<li class=\"ql-align-justify\">Construcci\u00f3n \/ Acabado Caja de pl\u00e1stico negro.<\/li>\n<li class=\"ql-align-justify\">Dimensiones (W x D x H) 66.5 x 56.5 x 91.5 mm (2.62 x 2.22 x 3.60 pulg.)<\/li>\n<li class=\"ql-align-justify\">Peso 0.58 kg (1.28 lb).<\/li>\n<li class=\"ql-align-justify\">Uso recomendado C\u00e1maras de caja de potencia media.<\/li>\n<\/ul>\n<p class=\"ql-align-justify\"><strong>Ambiental<\/strong><\/p>\n<ul>\n<li class=\"ql-align-justify\">Temperatura de funcionamiento: De \u201310 \u00b0 C a 40 \u00b0 C (14 \u00b0 F a 104 \u00b0 F)<\/li>\n<li class=\"ql-align-justify\">Temperatura de almacenamiento: De \u201330 \u00b0 C a 80 \u00b0 C (\u201322 \u00b0 F a 176 \u00b0 F).<\/li>\n<li class=\"ql-align-justify\">Humedad 30% a 85% relativa.<\/li>\n<\/ul>\n<p>&nbsp;<\/p>\n<p><img decoding=\"async\" class=\"overview-center-img-\" src=\"https:\/\/tvc.mx\/media\/15390\/Logoopaginas-oficial.png\" alt=\"\" \/><\/p>\n","protected":false},"excerpt":{"rendered":"<p>Fuente de alimentaci\u00f3n UPA-2450-60, 120 V, 60 Hz La serie de fuentes de alimentaci\u00f3n Bosch UPA est\u00e1 dise\u00f1ada espec\u00edficamente para las demandas de uso continuo de productos de vigilancia profesional.\u00a0Mientras modelos UPA se utilizan principalmente con c\u00e1maras de seguridad, peque\u00f1os del tama\u00f1o y la alta&hellip;<\/p>\n","protected":false},"featured_media":6713,"comment_status":"open","ping_status":"closed","template":"","meta":{"om_disable_all_campaigns":false,"_monsterinsights_skip_tracking":false,"_monsterinsights_sitenote_active":false,"_monsterinsights_sitenote_note":"","_monsterinsights_sitenote_category":0},"product_brand":[],"product_cat":[593],"product_tag":[565,350,568,566,567,564,569,570,571,572],"class_list":{"0":"post-6714","1":"product","2":"type-product","3":"status-publish","4":"has-post-thumbnail","6":"product_cat-fuentes-de-poder-y-adaptadores","7":"product_tag-baterias","8":"product_tag-conectores","9":"product_tag-divisores-de-energia","10":"product_tag-extensores-poe","11":"product_tag-fuentes-con-distribuidor","12":"product_tag-fuentes-de-energia","13":"product_tag-fuentes-de-poder-y-adaptadores","14":"product_tag-inyectores-poe","15":"product_tag-reguladores","16":"product_tag-ups","18":"first","19":"instock","20":"sale","21":"taxable","22":"shipping-taxable","23":"purchasable","24":"product-type-simple"},"aioseo_notices":[],"_links":{"self":[{"href":"https:\/\/tecsecmty.com\/index.php\/wp-json\/wp\/v2\/product\/6714","targetHints":{"allow":["GET"]}}],"collection":[{"href":"https:\/\/tecsecmty.com\/index.php\/wp-json\/wp\/v2\/product"}],"about":[{"href":"https:\/\/tecsecmty.com\/index.php\/wp-json\/wp\/v2\/types\/product"}],"replies":[{"embeddable":true,"href":"https:\/\/tecsecmty.com\/index.php\/wp-json\/wp\/v2\/comments?post=6714"}],"version-history":[{"count":0,"href":"https:\/\/tecsecmty.com\/index.php\/wp-json\/wp\/v2\/product\/6714\/revisions"}],"wp:featuredmedia":[{"embeddable":true,"href":"https:\/\/tecsecmty.com\/index.php\/wp-json\/wp\/v2\/media\/6713"}],"wp:attachment":[{"href":"https:\/\/tecsecmty.com\/index.php\/wp-json\/wp\/v2\/media?parent=6714"}],"wp:term":[{"taxonomy":"product_brand","embeddable":true,"href":"https:\/\/tecsecmty.com\/index.php\/wp-json\/wp\/v2\/product_brand?post=6714"},{"taxonomy":"product_cat","embeddable":true,"href":"https:\/\/tecsecmty.com\/index.php\/wp-json\/wp\/v2\/product_cat?post=6714"},{"taxonomy":"product_tag","embeddable":true,"href":"https:\/\/tecsecmty.com\/index.php\/wp-json\/wp\/v2\/product_tag?post=6714"}],"curies":[{"name":"wp","href":"https:\/\/api.w.org\/{rel}","templated":true}]}}