{"id":6718,"date":"2023-02-23T12:22:19","date_gmt":"2023-02-23T18:22:19","guid":{"rendered":"https:\/\/tecsecmty.com\/index.php\/producto\/dahua-drl-48v120w1aad-fuente-de-alimentacion-de-48-vdc-2-5-ampers-instalacion-sobre-riel-din-para-switch-pfs4210-8gt-dp\/"},"modified":"2023-03-22T23:22:37","modified_gmt":"2023-03-23T05:22:37","slug":"dahua-drl-48v120w1aad-fuente-de-alimentacion-de-48-vdc-2-5-ampers-instalacion-sobre-riel-din-para-switch-pfs4210-8gt-dp","status":"publish","type":"product","link":"https:\/\/tecsecmty.com\/index.php\/producto\/dahua-drl-48v120w1aad-fuente-de-alimentacion-de-48-vdc-2-5-ampers-instalacion-sobre-riel-din-para-switch-pfs4210-8gt-dp\/","title":{"rendered":"DAHUA DRL-48V120W1AAD &#8211; Fuente de Alimentaci\u00f3n de 48 VDC\/2.5 Ampers\/ Instalaci\u00f3n Sobre Riel Din\/ para Switch PFS4210-8GT-DP"},"content":{"rendered":"<div class=\"row aling-items-center padding-bottom-2x\">\n<div class=\"col-lg-12\">\n<h5 class=\"card-title text-center\">Informaci\u00f3n General<\/h5>\n<p>La fuente de alimentaci\u00f3n\u00a0<strong>DRL-48V120W1AAD\u00a0<\/strong>esta dise\u00f1ada con las caracter\u00edsticas esenciales necesarias donde se requiera carga inductiva y capacitiva. Cuenta con una protecci\u00f3n contra sobre corriente para funcionar en modo de corriente constante. Se recomienda para alimentar el\u00a0<strong>Switch PFS4210-8GT-DP<\/strong>. Esta certificada seg\u00fan las normas IEc \/ EN \/ UL 60950-1 para equipos de tecnolog\u00eda de la informaci\u00f3n (ITE) y UL 508 para equipos de control industrial (ICE).Las emisiones electromagn\u00e9ticas radiadas y conducidas cumplen con EN 55022, Clase B; y, el producto es totalmente compatible con requisitos de protecci\u00f3n ambiental seg\u00fan la Directiva RoHS 2011\/65 \/ UE.<\/p>\n<p><img decoding=\"async\" class=\"overview-center-img-web\" src=\"https:\/\/tvc.mx\/media\/96237\/DRL-48V120W1AAD-baner.png\" alt=\"\" \/><\/div>\n<\/div>\n<div class=\"row aling-items-center padding-bottom-2x\">\n<div class=\"col-lg-12\">\n<h5 class=\"card-title text-center\">F\u00e1cil Instalaci\u00f3n sobre Riel<\/h5>\n<p>La fuente de alimentaci\u00f3n DRL-48V120W1AAD es de instalaci\u00f3n sencilla y se recomienda instalarla sobre Riel Din<\/p>\n<p><img decoding=\"async\" class=\"overview-center-img-web\" src=\"https:\/\/tvc.mx\/media\/96337\/rielbaner.png\" alt=\"\" \/><\/div>\n<\/div>\n<div class=\"row aling-items-center padding-bottom-2x\">\n<div class=\"col-lg-12\">\n<h5 class=\"card-title text-center\">Principales Caracter\u00edsticas<\/h5>\n<ul>\n<li>Fuente de poder para Switch PFS4210-8GT-DP.<\/li>\n<li>Requiere Entrada de Alimentaci\u00f3n de 48VCD con 2.5 Amp de Salida ( 120W m\u00e1ximo ).<\/li>\n<li>Eficiencia del 89%.<\/li>\n<li>Montaje sobre Riel Din.<\/li>\n<li>Rango de temperatura de trabajo -20 a 70\u00b0C.<\/li>\n<li>Dimensiones\u00a0123.6 x 40 x 117.6 mm.<\/li>\n<li>Peso 0.54Kg.<\/li>\n<\/ul>\n<p><img decoding=\"async\" class=\"overview-center-img-web\" src=\"https:\/\/tvc.mx\/media\/96397\/principalcaracimg-pal.png\" alt=\"\" \/><\/div>\n<\/div>\n","protected":false},"excerpt":{"rendered":"<p>Informaci\u00f3n General La fuente de alimentaci\u00f3n\u00a0DRL-48V120W1AAD\u00a0esta dise\u00f1ada con las caracter\u00edsticas esenciales necesarias donde se requiera carga inductiva y capacitiva. Cuenta con una protecci\u00f3n contra sobre corriente para funcionar en modo de corriente constante. Se recomienda para alimentar el\u00a0Switch PFS4210-8GT-DP. Esta certificada seg\u00fan las normas IEc&hellip;<\/p>\n","protected":false},"featured_media":6717,"comment_status":"open","ping_status":"closed","template":"","meta":{"om_disable_all_campaigns":false,"_monsterinsights_skip_tracking":false,"_monsterinsights_sitenote_active":false,"_monsterinsights_sitenote_note":"","_monsterinsights_sitenote_category":0},"product_brand":[],"product_cat":[594],"product_tag":[565,350,568,566,567,564,569,570,571,572],"class_list":{"0":"post-6718","1":"product","2":"type-product","3":"status-publish","4":"has-post-thumbnail","6":"product_cat-fuentes-de-poder-y-adaptadores-dahua-fuentes-de-energia-2","7":"product_tag-baterias","8":"product_tag-conectores","9":"product_tag-divisores-de-energia","10":"product_tag-extensores-poe","11":"product_tag-fuentes-con-distribuidor","12":"product_tag-fuentes-de-energia","13":"product_tag-fuentes-de-poder-y-adaptadores","14":"product_tag-inyectores-poe","15":"product_tag-reguladores","16":"product_tag-ups","18":"first","19":"instock","20":"sale","21":"taxable","22":"shipping-taxable","23":"purchasable","24":"product-type-simple"},"aioseo_notices":[],"_links":{"self":[{"href":"https:\/\/tecsecmty.com\/index.php\/wp-json\/wp\/v2\/product\/6718","targetHints":{"allow":["GET"]}}],"collection":[{"href":"https:\/\/tecsecmty.com\/index.php\/wp-json\/wp\/v2\/product"}],"about":[{"href":"https:\/\/tecsecmty.com\/index.php\/wp-json\/wp\/v2\/types\/product"}],"replies":[{"embeddable":true,"href":"https:\/\/tecsecmty.com\/index.php\/wp-json\/wp\/v2\/comments?post=6718"}],"version-history":[{"count":0,"href":"https:\/\/tecsecmty.com\/index.php\/wp-json\/wp\/v2\/product\/6718\/revisions"}],"wp:featuredmedia":[{"embeddable":true,"href":"https:\/\/tecsecmty.com\/index.php\/wp-json\/wp\/v2\/media\/6717"}],"wp:attachment":[{"href":"https:\/\/tecsecmty.com\/index.php\/wp-json\/wp\/v2\/media?parent=6718"}],"wp:term":[{"taxonomy":"product_brand","embeddable":true,"href":"https:\/\/tecsecmty.com\/index.php\/wp-json\/wp\/v2\/product_brand?post=6718"},{"taxonomy":"product_cat","embeddable":true,"href":"https:\/\/tecsecmty.com\/index.php\/wp-json\/wp\/v2\/product_cat?post=6718"},{"taxonomy":"product_tag","embeddable":true,"href":"https:\/\/tecsecmty.com\/index.php\/wp-json\/wp\/v2\/product_tag?post=6718"}],"curies":[{"name":"wp","href":"https:\/\/api.w.org\/{rel}","templated":true}]}}