{"id":6722,"date":"2023-02-23T12:22:22","date_gmt":"2023-02-23T18:22:22","guid":{"rendered":"https:\/\/tecsecmty.com\/index.php\/producto\/dahua-pfm321-fuente-de-poder-regulada-de-12vdc-1-amper-led-indicador-de-funcionamiento-proteccion-de-temperatura-especial-para-camaras-de-cctv\/"},"modified":"2023-03-22T23:23:04","modified_gmt":"2023-03-23T05:23:04","slug":"dahua-pfm321-fuente-de-poder-regulada-de-12vdc-1-amper-led-indicador-de-funcionamiento-proteccion-de-temperatura-especial-para-camaras-de-cctv","status":"publish","type":"product","link":"https:\/\/tecsecmty.com\/index.php\/producto\/dahua-pfm321-fuente-de-poder-regulada-de-12vdc-1-amper-led-indicador-de-funcionamiento-proteccion-de-temperatura-especial-para-camaras-de-cctv\/","title":{"rendered":"DAHUA PFM321 &#8211; Fuente de Poder Regulada de 12vdc 1 Amper\/ Led Indicador de Funcionamiento\/ Protecci\u00f3n de Temperatura\/ Especial para Camaras de CCTV\/"},"content":{"rendered":"<div class=\"row aling-items-center padding-bottom-2x\">\n<div class=\"col-lg-12\">\n<h5 class=\"card-title text-center\">Transformador de voltaje regulado \/ 12 VDC \/ 1 A MP<\/h5>\n<p>&nbsp;<\/p>\n<p><img decoding=\"async\" class=\"overview-center-img-web\" src=\"https:\/\/tvc.mx\/media\/52908\/DH-PFM321Dconfigbaner.png\" alt=\"\" \/><\/div>\n<\/div>\n<div class=\"row align-items-center padding-bottom-2x\">\n<div class=\"col-md-5\"><img decoding=\"async\" class=\"d-block m-auto img-thumbnail\" src=\"https:\/\/tvc.mx\/media\/50934\/IR2.png\" alt=\" \" \/><\/div>\n<div class=\"col-md-7 text-md-left text-center\">\n<h2>Informaci\u00f3n General<\/h2>\n<p class=\"text-muted\">\n<p class=\"ql-align-justify\">Un transformador es un dispositivo que transfiere energ\u00eda el\u00e9ctrica de un circuito a otro, normalmente con un cambio de voltaje. Los transformadores funcionan solamente con una corriente de electricidad variable, as\u00ed como una corriente alternativa (AC).<\/p>\n<p class=\"ql-align-justify\">\n<p class=\"ql-align-justify\">Se denomina\u00a0transformador\u00a0a un dispositivo electromagn\u00e9tico (el\u00e9ctrico y magn\u00e9tico) que\u00a0permite aumentar o disminuir el voltaje y la intensidad de una corriente alterna\u00a0de forma tal que su producto permanezca constante (ya que la potencia que se entrega a la entrada de un transformador ideal, esto es, sin p\u00e9rdidas, tiene que ser igual a la que se obtiene a la salida).<\/p>\n<p>&nbsp;<\/p>\n<\/div>\n<\/div>\n<hr class=\"padding-bottom-2x\" \/>\n<div class=\"row align-items-center padding-bottom-2x\">\n<div class=\"col-md-5\"><img decoding=\"async\" class=\"d-block m-auto img-thumbnail\" src=\"https:\/\/tvc.mx\/media\/50946\/DH-PFM321Dconfi4.png\" alt=\" \" \/><\/div>\n<div class=\"col-md-7 text-md-left text-center\">\n<h2>Aplicaciones<\/h2>\n<p class=\"text-muted\">\n<p class=\"ql-align-justify\">El transformador es un dispositivo que convierte la energ\u00eda el\u00e9ctrica alterna de un cierto nivel de tensi\u00f3n, en energ\u00eda alterna de otro nivel de tensi\u00f3n, bas\u00e1ndose en el fen\u00f3meno de la inducci\u00f3n electromagn\u00e9tica. Alimentado los equipos con el voltaje necesario.<\/p>\n<p>&nbsp;<\/p>\n<\/div>\n<\/div>\n<hr class=\"padding-bottom-2x\" \/>\n<div class=\"row align-items-center padding-bottom-2x\">\n<div class=\"col-md-5 order-md-2\"><img decoding=\"async\" class=\"d-block m-auto img-thumbnail\" src=\"https:\/\/tvc.mx\/media\/50949\/IR3.png\" alt=\" \" \/><\/div>\n<div class=\"col-md-7 order-md-1 text-md-left text-center\">\n<h2>Principales Caracter\u00edsticas:<\/h2>\n<p class=\"text-muted\">\n<ul>\n<li class=\"ql-align-justify\">F\u00e1cil instalaci\u00f3n.<\/li>\n<li class=\"ql-align-justify\">Con la luz indicadora funcionando.<\/li>\n<li class=\"ql-align-justify\">Soporta la operaci\u00f3n de temperatura de rango amplio de -30 \u2103 ~ + 70 y la eficiencia de<\/li>\n<li class=\"ql-align-justify\">carga total de la fuente de alimentaci\u00f3n puede ser de hasta el 100% a estas temperaturas.<\/li>\n<li class=\"ql-align-justify\">Sobrecorriente precisa, protecci\u00f3n contra sobretensi\u00f3n.<\/li>\n<\/ul>\n<\/div>\n<\/div>\n","protected":false},"excerpt":{"rendered":"<p>Transformador de voltaje regulado \/ 12 VDC \/ 1 A MP &nbsp; Informaci\u00f3n General Un transformador es un dispositivo que transfiere energ\u00eda el\u00e9ctrica de un circuito a otro, normalmente con un cambio de voltaje. Los transformadores funcionan solamente con una corriente de electricidad variable, as\u00ed&hellip;<\/p>\n","protected":false},"featured_media":6721,"comment_status":"open","ping_status":"closed","template":"","meta":{"om_disable_all_campaigns":false,"_monsterinsights_skip_tracking":false,"_monsterinsights_sitenote_active":false,"_monsterinsights_sitenote_note":"","_monsterinsights_sitenote_category":0},"product_brand":[],"product_cat":[594],"product_tag":[565,350,568,566,567,564,569,570,571,572],"class_list":{"0":"post-6722","1":"product","2":"type-product","3":"status-publish","4":"has-post-thumbnail","6":"product_cat-fuentes-de-poder-y-adaptadores-dahua-fuentes-de-energia-2","7":"product_tag-baterias","8":"product_tag-conectores","9":"product_tag-divisores-de-energia","10":"product_tag-extensores-poe","11":"product_tag-fuentes-con-distribuidor","12":"product_tag-fuentes-de-energia","13":"product_tag-fuentes-de-poder-y-adaptadores","14":"product_tag-inyectores-poe","15":"product_tag-reguladores","16":"product_tag-ups","18":"first","19":"instock","20":"sale","21":"taxable","22":"shipping-taxable","23":"purchasable","24":"product-type-simple"},"aioseo_notices":[],"_links":{"self":[{"href":"https:\/\/tecsecmty.com\/index.php\/wp-json\/wp\/v2\/product\/6722","targetHints":{"allow":["GET"]}}],"collection":[{"href":"https:\/\/tecsecmty.com\/index.php\/wp-json\/wp\/v2\/product"}],"about":[{"href":"https:\/\/tecsecmty.com\/index.php\/wp-json\/wp\/v2\/types\/product"}],"replies":[{"embeddable":true,"href":"https:\/\/tecsecmty.com\/index.php\/wp-json\/wp\/v2\/comments?post=6722"}],"version-history":[{"count":0,"href":"https:\/\/tecsecmty.com\/index.php\/wp-json\/wp\/v2\/product\/6722\/revisions"}],"wp:featuredmedia":[{"embeddable":true,"href":"https:\/\/tecsecmty.com\/index.php\/wp-json\/wp\/v2\/media\/6721"}],"wp:attachment":[{"href":"https:\/\/tecsecmty.com\/index.php\/wp-json\/wp\/v2\/media?parent=6722"}],"wp:term":[{"taxonomy":"product_brand","embeddable":true,"href":"https:\/\/tecsecmty.com\/index.php\/wp-json\/wp\/v2\/product_brand?post=6722"},{"taxonomy":"product_cat","embeddable":true,"href":"https:\/\/tecsecmty.com\/index.php\/wp-json\/wp\/v2\/product_cat?post=6722"},{"taxonomy":"product_tag","embeddable":true,"href":"https:\/\/tecsecmty.com\/index.php\/wp-json\/wp\/v2\/product_tag?post=6722"}],"curies":[{"name":"wp","href":"https:\/\/api.w.org\/{rel}","templated":true}]}}