{"id":6726,"date":"2023-02-23T12:22:28","date_gmt":"2023-02-23T18:22:28","guid":{"rendered":"https:\/\/tecsecmty.com\/index.php\/producto\/dahua-s042-1a120300hu-fuente-de-poder-de-12-vcd-3-amper-voltaje-de-entrada-de-90-a-264-vac-con-proteccion-contra-descargas-certificacion-ul\/"},"modified":"2023-03-22T23:23:07","modified_gmt":"2023-03-23T05:23:07","slug":"dahua-s042-1a120300hu-fuente-de-poder-de-12-vcd-3-amper-voltaje-de-entrada-de-90-a-264-vac-con-proteccion-contra-descargas-certificacion-ul","status":"publish","type":"product","link":"https:\/\/tecsecmty.com\/index.php\/producto\/dahua-s042-1a120300hu-fuente-de-poder-de-12-vcd-3-amper-voltaje-de-entrada-de-90-a-264-vac-con-proteccion-contra-descargas-certificacion-ul\/","title":{"rendered":"DAHUA S042-1A120300HU &#8211; Fuente de Poder de 12 VCD 3 Amper\/ Voltaje de Entrada de 90 a 264 Vac\/ Con Protecci\u00f3n Contra Descargas\/ Certificaci\u00f3n UL\/"},"content":{"rendered":"<div class=\"row aling-items-center padding-bottom-2x\">\n<div class=\"col-lg-12\">\n<h5 class=\"card-title text-center\">Informaci\u00f3n General<\/h5>\n<p>Fuente de poder de 12VCD a 3A con un amplio rango de voltaje de entrada de 90 ~ 264 Vac, cumple con los requisitos en diferentes partes para la fluctuaci\u00f3n de la red el\u00e9ctrica<\/p>\n<p><img decoding=\"async\" class=\"overview-center-img-web\" src=\"https:\/\/tvc.mx\/media\/495970\/fuente-de-poder-12vcd-3A-S042-1A120300HU-Dahua.png\" alt=\"\" \/><\/div>\n<\/div>\n<div class=\"row align-items-center padding-bottom-2x\">\n<div class=\"col-md-5\"><img decoding=\"async\" class=\"d-block m-auto img-thumbnail\" src=\"https:\/\/tvc.mx\/media\/495988\/fuente-de-poder-12vcd-3A-S042-1A120300HU-Dahua-caracteristicas.png\" alt=\" \" \/><\/div>\n<div class=\"col-md-7 text-md-left text-center\">\n<h2>Principales Caracter\u00edsticas<\/h2>\n<p class=\"text-muted\">\n<ul>\n<li>\u00a0Alta calidad y confiabilidad: pase la prueba de envejecimiento a alta temperatura de 3 meses<\/li>\n<li>Grado de protecci\u00f3n contra rayos para exteriores de 4KV.<\/li>\n<li>F\u00e1cil instalaci\u00f3n<\/li>\n<li>Rango de voltaje de entrada 90~264Vac<\/li>\n<\/ul>\n<\/div>\n<\/div>\n","protected":false},"excerpt":{"rendered":"<p>Informaci\u00f3n General Fuente de poder de 12VCD a 3A con un amplio rango de voltaje de entrada de 90 ~ 264 Vac, cumple con los requisitos en diferentes partes para la fluctuaci\u00f3n de la red el\u00e9ctrica Principales Caracter\u00edsticas \u00a0Alta calidad y confiabilidad: pase la prueba&hellip;<\/p>\n","protected":false},"featured_media":6725,"comment_status":"open","ping_status":"closed","template":"","meta":{"om_disable_all_campaigns":false,"_monsterinsights_skip_tracking":false,"_monsterinsights_sitenote_active":false,"_monsterinsights_sitenote_note":"","_monsterinsights_sitenote_category":0},"product_brand":[],"product_cat":[594],"product_tag":[565,350,568,566,567,564,569,570,571,572],"class_list":{"0":"post-6726","1":"product","2":"type-product","3":"status-publish","4":"has-post-thumbnail","6":"product_cat-fuentes-de-poder-y-adaptadores-dahua-fuentes-de-energia-2","7":"product_tag-baterias","8":"product_tag-conectores","9":"product_tag-divisores-de-energia","10":"product_tag-extensores-poe","11":"product_tag-fuentes-con-distribuidor","12":"product_tag-fuentes-de-energia","13":"product_tag-fuentes-de-poder-y-adaptadores","14":"product_tag-inyectores-poe","15":"product_tag-reguladores","16":"product_tag-ups","18":"first","19":"instock","20":"sale","21":"taxable","22":"shipping-taxable","23":"purchasable","24":"product-type-simple"},"aioseo_notices":[],"_links":{"self":[{"href":"https:\/\/tecsecmty.com\/index.php\/wp-json\/wp\/v2\/product\/6726","targetHints":{"allow":["GET"]}}],"collection":[{"href":"https:\/\/tecsecmty.com\/index.php\/wp-json\/wp\/v2\/product"}],"about":[{"href":"https:\/\/tecsecmty.com\/index.php\/wp-json\/wp\/v2\/types\/product"}],"replies":[{"embeddable":true,"href":"https:\/\/tecsecmty.com\/index.php\/wp-json\/wp\/v2\/comments?post=6726"}],"version-history":[{"count":0,"href":"https:\/\/tecsecmty.com\/index.php\/wp-json\/wp\/v2\/product\/6726\/revisions"}],"wp:featuredmedia":[{"embeddable":true,"href":"https:\/\/tecsecmty.com\/index.php\/wp-json\/wp\/v2\/media\/6725"}],"wp:attachment":[{"href":"https:\/\/tecsecmty.com\/index.php\/wp-json\/wp\/v2\/media?parent=6726"}],"wp:term":[{"taxonomy":"product_brand","embeddable":true,"href":"https:\/\/tecsecmty.com\/index.php\/wp-json\/wp\/v2\/product_brand?post=6726"},{"taxonomy":"product_cat","embeddable":true,"href":"https:\/\/tecsecmty.com\/index.php\/wp-json\/wp\/v2\/product_cat?post=6726"},{"taxonomy":"product_tag","embeddable":true,"href":"https:\/\/tecsecmty.com\/index.php\/wp-json\/wp\/v2\/product_tag?post=6726"}],"curies":[{"name":"wp","href":"https:\/\/api.w.org\/{rel}","templated":true}]}}