{"id":6740,"date":"2023-02-23T12:22:42","date_gmt":"2023-02-23T18:22:42","guid":{"rendered":"https:\/\/tecsecmty.com\/index.php\/producto\/saxxon-psu1204d-fuente-de-poder-regulada-de-12-vcd-4-1-amperes-certificacion-ul-cable-de-1-2-mts\/"},"modified":"2023-03-22T23:24:04","modified_gmt":"2023-03-23T05:24:04","slug":"saxxon-psu1204d-fuente-de-poder-regulada-de-12-vcd-4-1-amperes-certificacion-ul-cable-de-1-2-mts","status":"publish","type":"product","link":"https:\/\/tecsecmty.com\/index.php\/producto\/saxxon-psu1204d-fuente-de-poder-regulada-de-12-vcd-4-1-amperes-certificacion-ul-cable-de-1-2-mts\/","title":{"rendered":"SAXXON PSU1204D- Fuente de poder regulada de 12 VCD\/ 4.1 Amperes\/ Certificacion UL\/ Cable de 1.2 mts"},"content":{"rendered":"<div class=\"row aling-items-center padding-bottom-2x\">\n<div class=\"col-lg-12\">\n<h5 class=\"card-title text-center\">Descripci\u00f3n general<\/h5>\n<p>El transformador es un dispositivo que convierte la energ\u00eda el\u00e9ctrica alterna de un cierto nivel de tensi\u00f3n, en energ\u00eda alterna de otro nivel de tensi\u00f3n, bas\u00e1ndose en el fen\u00f3meno de la inducci\u00f3n electromagn\u00e9tica. Est\u00e1 constituido por dos o m\u00e1s bobinas de material conductor, devanadas sobre un n\u00facleo cerrado de material\u00a0ferromagn\u00e9tico, pero aisladas entre s\u00ed el\u00e9ctricamente. La \u00fanica conexi\u00f3n entre las bobinas la constituye el flujo magn\u00e9tico com\u00fan que se establece en el n\u00facleo. El n\u00facleo, generalmente, es fabricado bien sea de hierro o de l\u00e1minas apiladas de acero el\u00e9ctrico, aleaci\u00f3n apropiada para optimizar el flujo magn\u00e9tico. Las bobinas o devanados se denominan primario y secundario seg\u00fan correspondan a la entrada o salida del sistema en cuesti\u00f3n, respectivamente. Tambi\u00e9n existen transformadores con m\u00e1s devanados; en este caso, puede existir un devanado \u00abterciario\u00bb, de menor tensi\u00f3n que el secundario.<\/p>\n<p>Este transformador de corriente nos ofrece una amplia gama de soluciones gracias a sus 12 V a 4.1 Amp. Y sus protecciones contra cortocircuitos, sobretensiones, sobrecargas tanto de entrada como en una salida y su funci\u00f3n de bajo reinicio autom\u00e1tico.<\/p>\n<p>**Incluye su cable de corriente a 110-240 VCA<\/p>\n<p><img decoding=\"async\" class=\"overview-center-img-web\" src=\"https:\/\/tvc.mx\/media\/37797\/TVN0830052.jpg\" alt=\"\" \/><\/div>\n<\/div>\n<div class=\"row align-items-center padding-bottom-2x\">\n<div class=\"col-md-5\"><img decoding=\"async\" class=\"d-block m-auto img-thumbnail\" src=\"https:\/\/tvc.mx\/media\/29952\/OVL-1.png\" alt=\" \" \/><\/div>\n<div class=\"col-md-7 text-md-left text-center\">\n<h2>Especificaciones.<\/h2>\n<p class=\"text-muted\">\n<ul>\n<li>Rango de voltaje de entrada\u00a0&#8212;&#8212;&#8211;\u00a0100-240 VCA<\/li>\n<li>Voltaje de salida\u00a0&#8212;&#8212;&#8211;\u00a012VDC<\/li>\n<li>Corriente de salida\u00a0&#8212;&#8212;&#8211;\u00a04.1Amp<\/li>\n<li>Potencia de salida\u00a0&#8212;&#8212;&#8211;\u00a049.2W<\/li>\n<li>Eficiencia\u00a0&#8212;&#8212;&#8211;\u00a0&gt; 80%<\/li>\n<li>Temperatura de trabajo\u00a0&#8212;&#8212;&#8211;\u00a0-0\u00b0C ~ 40\u00b0C Temperatura de almacenamiento -25\u00b0C ~ 75 \u00b0C<\/li>\n<li>Humedad\u00a0&#8212;&#8212;&#8211;\u00a0\u00a085%<\/li>\n<li>Voltaje de entrada nominal\u00a0&#8212;&#8212;&#8211;\u00a0100-240VAC<\/li>\n<li>Rango de voltaje de entrada 100-240VAC<\/li>\n<li>Corriente de entrada\u00a0&#8212;&#8212;&#8211;\u00a0&lt;1.6A<\/li>\n<li>Rango de frecuencia de entrada &#8212;-\u00a050-60Hz Voltaje sin carga<\/li>\n<\/ul>\n<p class=\"ql-indent-2\">12-12.6VDC Voltaje con carga completa<\/p>\n<p class=\"ql-indent-2\">11.6-12.6VDC Rango de corriente 0.1-4.1A<\/p>\n<ul>\n<li>Ondulaci\u00f3n y ruido\u00a0&#8212;&#8212;&#8211;\u00a0&lt;100mV<\/li>\n<li>Pico\u00a0&#8212;&#8212;&#8211;\u00a0&lt;150mV<\/li>\n<li>Hora de inicio\u00a0&#8212;&#8212;&#8211;\u00a0&lt;3s<\/li>\n<li>Tiempo de espera\u00a0&#8212;&#8212;&#8211;\u00a0&lt;20 s<\/li>\n<li>Protecci\u00f3n contra sobrecorriente &#8212;\u00a0Corriente nominal 150%<\/li>\n<li>Protecci\u00f3n contra cortocircuitos &#8212;&#8211;\u00a0S\u00cd<\/li>\n<\/ul>\n<\/div>\n<\/div>\n","protected":false},"excerpt":{"rendered":"<p>Descripci\u00f3n general El transformador es un dispositivo que convierte la energ\u00eda el\u00e9ctrica alterna de un cierto nivel de tensi\u00f3n, en energ\u00eda alterna de otro nivel de tensi\u00f3n, bas\u00e1ndose en el fen\u00f3meno de la inducci\u00f3n electromagn\u00e9tica. Est\u00e1 constituido por dos o m\u00e1s bobinas de material conductor,&hellip;<\/p>\n","protected":false},"featured_media":6739,"comment_status":"open","ping_status":"closed","template":"","meta":{"om_disable_all_campaigns":false,"_monsterinsights_skip_tracking":false,"_monsterinsights_sitenote_active":false,"_monsterinsights_sitenote_note":"","_monsterinsights_sitenote_category":0},"product_brand":[],"product_cat":[595],"product_tag":[565,350,568,566,567,564,569,570,571,572],"class_list":{"0":"post-6740","1":"product","2":"type-product","3":"status-publish","4":"has-post-thumbnail","6":"product_cat-fuentes-de-poder-y-adaptadores-saxxon-fuentes-de-energia-2","7":"product_tag-baterias","8":"product_tag-conectores","9":"product_tag-divisores-de-energia","10":"product_tag-extensores-poe","11":"product_tag-fuentes-con-distribuidor","12":"product_tag-fuentes-de-energia","13":"product_tag-fuentes-de-poder-y-adaptadores","14":"product_tag-inyectores-poe","15":"product_tag-reguladores","16":"product_tag-ups","18":"first","19":"instock","20":"sale","21":"taxable","22":"shipping-taxable","23":"purchasable","24":"product-type-simple"},"aioseo_notices":[],"_links":{"self":[{"href":"https:\/\/tecsecmty.com\/index.php\/wp-json\/wp\/v2\/product\/6740","targetHints":{"allow":["GET"]}}],"collection":[{"href":"https:\/\/tecsecmty.com\/index.php\/wp-json\/wp\/v2\/product"}],"about":[{"href":"https:\/\/tecsecmty.com\/index.php\/wp-json\/wp\/v2\/types\/product"}],"replies":[{"embeddable":true,"href":"https:\/\/tecsecmty.com\/index.php\/wp-json\/wp\/v2\/comments?post=6740"}],"version-history":[{"count":0,"href":"https:\/\/tecsecmty.com\/index.php\/wp-json\/wp\/v2\/product\/6740\/revisions"}],"wp:featuredmedia":[{"embeddable":true,"href":"https:\/\/tecsecmty.com\/index.php\/wp-json\/wp\/v2\/media\/6739"}],"wp:attachment":[{"href":"https:\/\/tecsecmty.com\/index.php\/wp-json\/wp\/v2\/media?parent=6740"}],"wp:term":[{"taxonomy":"product_brand","embeddable":true,"href":"https:\/\/tecsecmty.com\/index.php\/wp-json\/wp\/v2\/product_brand?post=6740"},{"taxonomy":"product_cat","embeddable":true,"href":"https:\/\/tecsecmty.com\/index.php\/wp-json\/wp\/v2\/product_cat?post=6740"},{"taxonomy":"product_tag","embeddable":true,"href":"https:\/\/tecsecmty.com\/index.php\/wp-json\/wp\/v2\/product_tag?post=6740"}],"curies":[{"name":"wp","href":"https:\/\/api.w.org\/{rel}","templated":true}]}}