{"id":6746,"date":"2023-02-23T12:22:51","date_gmt":"2023-02-23T18:22:51","guid":{"rendered":"https:\/\/tecsecmty.com\/index.php\/producto\/saxxon-psu1205dpaqd-paquete-de-fuente-de-poder-y-divisor-de-energia-12-v-dc-5-a-mp\/"},"modified":"2023-03-22T23:24:04","modified_gmt":"2023-03-23T05:24:04","slug":"saxxon-psu1205dpaqd-paquete-de-fuente-de-poder-y-divisor-de-energia-12-v-dc-5-a-mp","status":"publish","type":"product","link":"https:\/\/tecsecmty.com\/index.php\/producto\/saxxon-psu1205dpaqd-paquete-de-fuente-de-poder-y-divisor-de-energia-12-v-dc-5-a-mp\/","title":{"rendered":"SAXXON PSU1205DPAQD &#8211; Paquete de fuente de poder y divisor de energia \/ 12 V DC \/ 5 A MP"},"content":{"rendered":"<div class=\"row aling-items-center padding-bottom-2x\">\n<div class=\"col-lg-12\">\n<h5 class=\"card-title text-center\">Informaci\u00f3n general<\/h5>\n<p class=\"ql-align-justify\">Se denomina transformador a un dispositivo el\u00e9ctrico que permite aumentar o disminuir la\u00a0tensi\u00f3n\u00a0en un circuito el\u00e9ctrico de corriente alterna, manteniendo la potencia. La potencia que ingresa al equipo, en el caso de un transformador ideal (esto es, sin p\u00e9rdidas), es igual a la que se obtiene a la salida. Las m\u00e1quinas reales presentan un peque\u00f1o porcentaje de p\u00e9rdidas, dependiendo de su dise\u00f1o y tama\u00f1o, entre otros factores.<\/p>\n<p class=\"ql-align-justify\">El transformador es un dispositivo que convierte la energ\u00eda el\u00e9ctrica alterna de un cierto nivel de tensi\u00f3n, en energ\u00eda alterna de otro nivel de tensi\u00f3n, bas\u00e1ndose en el fen\u00f3meno de la inducci\u00f3n electromagn\u00e9tica. Est\u00e1 constituido por dos o m\u00e1s bobinas de material conductor, devanadas sobre un n\u00facleo cerrado de material\u00a0ferromagn\u00e9tico, pero aisladas entre s\u00ed el\u00e9ctricamente. La \u00fanica conexi\u00f3n entre las bobinas la constituye el flujo magn\u00e9tico com\u00fan que se establece en el n\u00facleo. El n\u00facleo, generalmente, es fabricado bien sea de hierro o de l\u00e1minas apiladas de acero el\u00e9ctrico, aleaci\u00f3n apropiada para optimizar el flujo magn\u00e9tico. Las bobinas o devanados se denominan primario y secundario seg\u00fan correspondan a la entrada o salida del sistema en cuesti\u00f3n, respectivamente. Tambi\u00e9n existen transformadores con m\u00e1s devanados; en este caso, puede existir un devanado \u00abterciario\u00bb, de menor tensi\u00f3n que el secundario<\/p>\n<p><img decoding=\"async\" class=\"overview-center-img-web\" src=\"https:\/\/tvc.mx\/media\/151038\/SAXXON-PSU1205DPAQD-Paquete-de-fuente-de-poder-y-divisor-de-energia-img4.jpg\" alt=\"\" \/><\/div>\n<\/div>\n<div class=\"row align-items-center padding-bottom-2x\">\n<div class=\"col-md-5 order-md-2\"><img decoding=\"async\" class=\"d-block m-auto img-thumbnail\" src=\"https:\/\/tvc.mx\/media\/151042\/SAXXON-PSU1205DPAQD-Paquete-de-fuente-de-poder-y-divisor-de-energia-img2.jpg\" alt=\" \" \/><\/div>\n<div class=\"col-md-7 order-md-1 text-md-left text-center\">\n<h2>SAXXON PSU1205D<\/h2>\n<p class=\"text-muted\">\n<h3>Fuente de poder regulada 12V CD \/ 5 Amperes \/ Certificado UL \/ Ideal para equipos de CCTV de alto consumo de corriente<\/h3>\n<h2>Especificaciones.<\/h2>\n<ul>\n<li>Rango de voltaje de entrada 100-240 VCA<\/li>\n<li>Voltaje de salida 12VDC<\/li>\n<li>Corriente de salida 4.1Amp<\/li>\n<li>Potencia de salida 49.2W<\/li>\n<li>Eficiencia&gt; 80%<\/li>\n<li>Temperatura de trabajo -0 \u00b0 C ~ 40 \u00b0 C<\/li>\n<li>Temperatura de almacenamiento -25 \u00b0 C ~ 75 \u00b0 C<\/li>\n<li>Humedad 85%<\/li>\n<li>Voltaje de entrada nominal 100-240 VCA<\/li>\n<li>Rango de voltaje de entrada 100-240 VCA<\/li>\n<li>Corriente de entrada &lt;1.6A<\/li>\n<li>Rango de frecuencia de entrada 50-60Hz<\/li>\n<li>Voltaje sin carga 12-12.6VDC<\/li>\n<li>Voltaje con carga completa 11.6-12.6VDC<\/li>\n<li>Rango de corriente 0.1-4.1A<\/li>\n<li>Ondulaci\u00f3n y ruido &lt;100mV<\/li>\n<li>Pico &lt;150mV<\/li>\n<li>Hora de inicio &lt;3s<\/li>\n<li>Tiempo de espera &lt;20 s<\/li>\n<li>Protecci\u00f3n contra sobre corriente nominal 150%<\/li>\n<li>Protecci\u00f3n contra cortocircuitos S\u00cd<\/li>\n<\/ul>\n<p>&nbsp;<\/p>\n<\/div>\n<\/div>\n<hr class=\"padding-bottom-2x\" \/>\n<div class=\"row align-items-center padding-bottom-2x\">\n<div class=\"col-md-5\"><img decoding=\"async\" class=\"d-block m-auto img-thumbnail\" src=\"https:\/\/tvc.mx\/media\/151058\/SAXXON-PSU1205DPAQD-Paquete-de-fuente-de-poder-y-divisor-de-energia-img6.jpg\" alt=\" \" \/><\/div>\n<div class=\"col-md-7 text-md-left text-center\">\n<h2>SAXXON PSUWB07<\/h2>\n<p class=\"text-muted\">\n<h3>Divisor de energ\u00eda \/ Tipo pulpo \/ 4 Conectores macho \/ 2.1 mm \/ 1 Conector hembra<\/h3>\n<p>Cable tipo pulpo para suministro y distribuci\u00f3n de corriente el\u00e9ctrica para 4 c\u00e1maras\u00a0de CCTV , desde una sola fuente de energ\u00eda. Tiene 4 conectores machos de 2.1mm para\u00a0las c\u00e1maras y un conector hembra para la fuente.<\/p>\n<p>&nbsp;<\/p>\n<p>Principales Caracter\u00edsticas:<\/p>\n<ul>\n<li class=\"ql-align-justify\">Pulpo de 4 Machos<\/li>\n<li class=\"ql-align-justify\">1 Conector Hembra<\/li>\n<\/ul>\n<p class=\"ql-align-justify\"><strong>Especificaciones<\/strong><\/p>\n<p class=\"ql-align-justify\"><img decoding=\"async\" src=\"https:\/\/tvc.mx\/media\/97861\/Divisor-de-corriente-1-a-4-OVL2.png\" alt=\"Especificaciones.\" \/><\/p>\n<\/div>\n<\/div>\n","protected":false},"excerpt":{"rendered":"<p>Informaci\u00f3n general Se denomina transformador a un dispositivo el\u00e9ctrico que permite aumentar o disminuir la\u00a0tensi\u00f3n\u00a0en un circuito el\u00e9ctrico de corriente alterna, manteniendo la potencia. La potencia que ingresa al equipo, en el caso de un transformador ideal (esto es, sin p\u00e9rdidas), es igual a la&hellip;<\/p>\n","protected":false},"featured_media":6745,"comment_status":"open","ping_status":"closed","template":"","meta":{"om_disable_all_campaigns":false,"_monsterinsights_skip_tracking":false,"_monsterinsights_sitenote_active":false,"_monsterinsights_sitenote_note":"","_monsterinsights_sitenote_category":0},"product_brand":[],"product_cat":[595],"product_tag":[565,350,568,566,567,564,569,570,571,572],"class_list":{"0":"post-6746","1":"product","2":"type-product","3":"status-publish","4":"has-post-thumbnail","6":"product_cat-fuentes-de-poder-y-adaptadores-saxxon-fuentes-de-energia-2","7":"product_tag-baterias","8":"product_tag-conectores","9":"product_tag-divisores-de-energia","10":"product_tag-extensores-poe","11":"product_tag-fuentes-con-distribuidor","12":"product_tag-fuentes-de-energia","13":"product_tag-fuentes-de-poder-y-adaptadores","14":"product_tag-inyectores-poe","15":"product_tag-reguladores","16":"product_tag-ups","18":"first","19":"instock","20":"sale","21":"taxable","22":"shipping-taxable","23":"purchasable","24":"product-type-simple"},"aioseo_notices":[],"_links":{"self":[{"href":"https:\/\/tecsecmty.com\/index.php\/wp-json\/wp\/v2\/product\/6746","targetHints":{"allow":["GET"]}}],"collection":[{"href":"https:\/\/tecsecmty.com\/index.php\/wp-json\/wp\/v2\/product"}],"about":[{"href":"https:\/\/tecsecmty.com\/index.php\/wp-json\/wp\/v2\/types\/product"}],"replies":[{"embeddable":true,"href":"https:\/\/tecsecmty.com\/index.php\/wp-json\/wp\/v2\/comments?post=6746"}],"version-history":[{"count":0,"href":"https:\/\/tecsecmty.com\/index.php\/wp-json\/wp\/v2\/product\/6746\/revisions"}],"wp:featuredmedia":[{"embeddable":true,"href":"https:\/\/tecsecmty.com\/index.php\/wp-json\/wp\/v2\/media\/6745"}],"wp:attachment":[{"href":"https:\/\/tecsecmty.com\/index.php\/wp-json\/wp\/v2\/media?parent=6746"}],"wp:term":[{"taxonomy":"product_brand","embeddable":true,"href":"https:\/\/tecsecmty.com\/index.php\/wp-json\/wp\/v2\/product_brand?post=6746"},{"taxonomy":"product_cat","embeddable":true,"href":"https:\/\/tecsecmty.com\/index.php\/wp-json\/wp\/v2\/product_cat?post=6746"},{"taxonomy":"product_tag","embeddable":true,"href":"https:\/\/tecsecmty.com\/index.php\/wp-json\/wp\/v2\/product_tag?post=6746"}],"curies":[{"name":"wp","href":"https:\/\/api.w.org\/{rel}","templated":true}]}}