{"id":6748,"date":"2023-02-23T12:22:54","date_gmt":"2023-02-23T18:22:54","guid":{"rendered":"https:\/\/tecsecmty.com\/index.php\/producto\/saxxon-psu1250d4d-fuente-de-poder-regulada-12v-cd-5-amperes-4-canales-1-25-a-mp-por-canal-color-negro\/"},"modified":"2023-03-22T23:24:04","modified_gmt":"2023-03-23T05:24:04","slug":"saxxon-psu1250d4d-fuente-de-poder-regulada-12v-cd-5-amperes-4-canales-1-25-a-mp-por-canal-color-negro","status":"publish","type":"product","link":"https:\/\/tecsecmty.com\/index.php\/producto\/saxxon-psu1250d4d-fuente-de-poder-regulada-12v-cd-5-amperes-4-canales-1-25-a-mp-por-canal-color-negro\/","title":{"rendered":"SAXXON PSU1250D4D &#8211; Fuente de poder regulada 12V CD \/ 5 Amperes \/ 4 Canales \/ 1.25 A MP Por canal \/ Color negro"},"content":{"rendered":"<div class=\"row aling-items-center padding-bottom-2x\">\n<div class=\"col-lg-12\">\n<h5 class=\"card-title text-center\">Informaci\u00f3n general.<\/h5>\n<p>El transformador de corriente modelo\u00a0<strong>PSU1250D4D\u00a0<\/strong>nos ofrece una amplia gama de soluciones como en CCTV, controles de acceso y equipos electronicos, esto gracias a sus 12V a 5 Amp. con distribuidor de corriente para 4 canales y sus protecciones contra cortocircuitos, sobretensiones, sobrecargas tanto de entrada como en un salida y su funci\u00f3n de bajo reinicio autom\u00e1tico.<\/p>\n<p><img decoding=\"async\" class=\"overview-center-img-web\" src=\"https:\/\/tvc.mx\/media\/89768\/Fuente-12V-5A-4CH-Saxxon-Banner.png\" alt=\"\" \/><\/div>\n<\/div>\n<div class=\"row align-items-center padding-bottom-2x\">\n<div class=\"col-md-5\"><img decoding=\"async\" class=\"d-block m-auto img-thumbnail\" src=\"https:\/\/tvc.mx\/media\/89776\/Fuente-12V-5A-4CH-Saxxon-OVL1.png\" alt=\" \" \/><\/div>\n<div class=\"col-md-7 text-md-left text-center\">\n<h2>Especificaciones.<\/h2>\n<p class=\"text-muted\">\n<ul>\n<li>Modelo No PSU1250-D4-D<\/li>\n<li>Voltaje de entrada 100-240 VCA<\/li>\n<li>Voltaje de salida DC 12V ~ 13.8V<\/li>\n<li>Salida 12V 5A \/ 13.8V 4.34A<\/li>\n<li>Potencia de salida 60W<\/li>\n<li>Eficiencia&gt; 80%<\/li>\n<li>Temperatura de trabajo -30 \u00b0 C ~ 45 \u00b0 C<\/li>\n<li>Ambiente de trabajo 20% ~ 90% HR<\/li>\n<li>Humedad 95RH<\/li>\n<li>Voltaje de entrada nominal 220VAC<\/li>\n<li>Rango de voltaje de entrada 100-240 VCA<\/li>\n<li>Corriente de entrada 1.6A<\/li>\n<li>Rango de frecuencia de entrada 50 \/ 60Hz<\/li>\n<li>Voltaje requerido 12V ~ 13.8V DC<\/li>\n<li>Voltaje con carga completa 11.6V ~ 13.2V DC<\/li>\n<li>Tama\u00f1o de productos 151 \u00d7 55 \u00d7 35 mm<\/li>\n<\/ul>\n<\/div>\n<\/div>\n","protected":false},"excerpt":{"rendered":"<p>Informaci\u00f3n general. El transformador de corriente modelo\u00a0PSU1250D4D\u00a0nos ofrece una amplia gama de soluciones como en CCTV, controles de acceso y equipos electronicos, esto gracias a sus 12V a 5 Amp. con distribuidor de corriente para 4 canales y sus protecciones contra cortocircuitos, sobretensiones, sobrecargas tanto&hellip;<\/p>\n","protected":false},"featured_media":6747,"comment_status":"open","ping_status":"closed","template":"","meta":{"om_disable_all_campaigns":false,"_monsterinsights_skip_tracking":false,"_monsterinsights_sitenote_active":false,"_monsterinsights_sitenote_note":"","_monsterinsights_sitenote_category":0},"product_brand":[],"product_cat":[595],"product_tag":[565,350,568,566,567,564,569,570,571,572],"class_list":{"0":"post-6748","1":"product","2":"type-product","3":"status-publish","4":"has-post-thumbnail","6":"product_cat-fuentes-de-poder-y-adaptadores-saxxon-fuentes-de-energia-2","7":"product_tag-baterias","8":"product_tag-conectores","9":"product_tag-divisores-de-energia","10":"product_tag-extensores-poe","11":"product_tag-fuentes-con-distribuidor","12":"product_tag-fuentes-de-energia","13":"product_tag-fuentes-de-poder-y-adaptadores","14":"product_tag-inyectores-poe","15":"product_tag-reguladores","16":"product_tag-ups","18":"first","19":"instock","20":"sale","21":"taxable","22":"shipping-taxable","23":"purchasable","24":"product-type-simple"},"aioseo_notices":[],"_links":{"self":[{"href":"https:\/\/tecsecmty.com\/index.php\/wp-json\/wp\/v2\/product\/6748","targetHints":{"allow":["GET"]}}],"collection":[{"href":"https:\/\/tecsecmty.com\/index.php\/wp-json\/wp\/v2\/product"}],"about":[{"href":"https:\/\/tecsecmty.com\/index.php\/wp-json\/wp\/v2\/types\/product"}],"replies":[{"embeddable":true,"href":"https:\/\/tecsecmty.com\/index.php\/wp-json\/wp\/v2\/comments?post=6748"}],"version-history":[{"count":0,"href":"https:\/\/tecsecmty.com\/index.php\/wp-json\/wp\/v2\/product\/6748\/revisions"}],"wp:featuredmedia":[{"embeddable":true,"href":"https:\/\/tecsecmty.com\/index.php\/wp-json\/wp\/v2\/media\/6747"}],"wp:attachment":[{"href":"https:\/\/tecsecmty.com\/index.php\/wp-json\/wp\/v2\/media?parent=6748"}],"wp:term":[{"taxonomy":"product_brand","embeddable":true,"href":"https:\/\/tecsecmty.com\/index.php\/wp-json\/wp\/v2\/product_brand?post=6748"},{"taxonomy":"product_cat","embeddable":true,"href":"https:\/\/tecsecmty.com\/index.php\/wp-json\/wp\/v2\/product_cat?post=6748"},{"taxonomy":"product_tag","embeddable":true,"href":"https:\/\/tecsecmty.com\/index.php\/wp-json\/wp\/v2\/product_tag?post=6748"}],"curies":[{"name":"wp","href":"https:\/\/api.w.org\/{rel}","templated":true}]}}