{"id":6754,"date":"2023-02-23T12:22:59","date_gmt":"2023-02-23T18:22:59","guid":{"rendered":"https:\/\/tecsecmty.com\/index.php\/producto\/saxxon-ufp12vdc41apaq-fuente-de-poder-regulada-gratis-divisor-de-energia-de-5-conectores-macho-12v-dc-4-1-a-mp-color-negro\/"},"modified":"2023-03-22T23:24:10","modified_gmt":"2023-03-23T05:24:10","slug":"saxxon-ufp12vdc41apaq-fuente-de-poder-regulada-gratis-divisor-de-energia-de-5-conectores-macho-12v-dc-4-1-a-mp-color-negro","status":"publish","type":"product","link":"https:\/\/tecsecmty.com\/index.php\/producto\/saxxon-ufp12vdc41apaq-fuente-de-poder-regulada-gratis-divisor-de-energia-de-5-conectores-macho-12v-dc-4-1-a-mp-color-negro\/","title":{"rendered":"SAXXON uFP12VDC41APAQ &#8211; Fuente de poder regulada + gratis divisor de energ\u00eda de 5 conectores macho \/ 12V DC \/ 4.1 A MP \/ Color negro"},"content":{"rendered":"<div class=\"row aling-items-center padding-bottom-2x\">\n<div class=\"col-lg-12\">\n<h5 class=\"card-title text-center\">Informaci\u00f3n general<\/h5>\n<p class=\"ql-align-justify\">Se denomina transformador a un dispositivo el\u00e9ctrico que permite aumentar o disminuir la\u00a0tensi\u00f3n\u00a0en un circuito el\u00e9ctrico de corriente alterna, manteniendo la potencia. La potencia que ingresa al equipo, en el caso de un transformador ideal (esto es, sin p\u00e9rdidas), es igual a la que se obtiene a la salida. Las m\u00e1quinas reales presentan un peque\u00f1o porcentaje de p\u00e9rdidas, dependiendo de su dise\u00f1o y tama\u00f1o, entre otros factores.<\/p>\n<p><img decoding=\"async\" class=\"overview-center-img-web\" src=\"https:\/\/tvc.mx\/media\/149674\/SAXXON-uFP12VDC41APAQ-Fuente-de-poder-regulada-divisor-de-energia.jpg\" alt=\"\" \/><\/div>\n<\/div>\n<div class=\"row align-items-center padding-bottom-2x\">\n<div class=\"col-md-5 order-md-2\"><img decoding=\"async\" class=\"d-block m-auto img-thumbnail\" src=\"https:\/\/tvc.mx\/media\/149678\/SAXXON-uFP12VDC41APAQ-Fuente-de-poder-regulada-divisor-de-energia-img2.jpg\" alt=\" \" \/><\/div>\n<div class=\"col-md-7 order-md-1 text-md-left text-center\">\n<h2>SAXXON uFP12VDC41A<\/h2>\n<p class=\"text-muted\">\n<h3><\/h3>\n<p class=\"ql-align-justify\">El transformador es un dispositivo que convierte la energ\u00eda el\u00e9ctrica alterna de un cierto nivel de tensi\u00f3n, en energ\u00eda alterna de otro nivel de tensi\u00f3n, bas\u00e1ndose en el fen\u00f3meno de la inducci\u00f3n electromagn\u00e9tica. Est\u00e1 constituido por dos o m\u00e1s bobinas de material conductor, devanadas sobre un n\u00facleo cerrado de material\u00a0ferromagn\u00e9tico, pero aisladas entre s\u00ed el\u00e9ctricamente. La \u00fanica conexi\u00f3n entre las bobinas la constituye el flujo magn\u00e9tico com\u00fan que se establece en el n\u00facleo. El n\u00facleo, generalmente, es fabricado bien sea de hierro o de l\u00e1minas apiladas de acero el\u00e9ctrico, aleaci\u00f3n apropiada para optimizar el flujo magn\u00e9tico. Las bobinas o devanados se denominan primario y secundario seg\u00fan correspondan a la entrada o salida del sistema en cuesti\u00f3n, respectivamente. Tambi\u00e9n existen transformadores con m\u00e1s devanados; en este caso, puede existir un devanado \u00abterciario\u00bb, de menor tensi\u00f3n que el secundario<\/p>\n<p class=\"ql-align-justify\">Voltaje: 12V DC<\/p>\n<p class=\"ql-align-justify\">Amperaje: 4.1 Amp<\/p>\n<p>&nbsp;<\/p>\n<\/div>\n<\/div>\n<hr class=\"padding-bottom-2x\" \/>\n<div class=\"row align-items-center padding-bottom-2x\">\n<div class=\"col-md-5 order-md-2\"><img decoding=\"async\" class=\"d-block m-auto img-thumbnail\" src=\"https:\/\/tvc.mx\/media\/149682\/SAXXON-uFP12VDC41APAQ-Fuente-de-poder-regulada-divisor-de-energia-img3.jpg\" alt=\" \" \/><\/div>\n<div class=\"col-md-7 order-md-1 text-md-left text-center\">\n<h2>SAXXON PSUWB08<\/h2>\n<p class=\"text-muted\">\n<p class=\"ql-align-justify\">Cable tipo pulpo para suministro y distribuci\u00f3n de corriente el\u00e9ctrica para 5 c\u00e1maras\u00a0de CCTV , desde una sola fuente de energ\u00eda. Tiene 5 conectores machos de 2.1mm para\u00a0las c\u00e1maras y un conector hembra para la fuente.<\/p>\n<p class=\"ql-align-justify\">\n<p class=\"ql-align-justify\">Principales Caracter\u00edsticas:<\/p>\n<ul>\n<li class=\"ql-align-justify\">Pulpo de 5 Machos<\/li>\n<li class=\"ql-align-justify\">1 Conector Hembra<\/li>\n<li class=\"ql-align-justify\">Longitud 40cm<\/li>\n<\/ul>\n<\/div>\n<\/div>\n","protected":false},"excerpt":{"rendered":"<p>Informaci\u00f3n general Se denomina transformador a un dispositivo el\u00e9ctrico que permite aumentar o disminuir la\u00a0tensi\u00f3n\u00a0en un circuito el\u00e9ctrico de corriente alterna, manteniendo la potencia. La potencia que ingresa al equipo, en el caso de un transformador ideal (esto es, sin p\u00e9rdidas), es igual a la&hellip;<\/p>\n","protected":false},"featured_media":6753,"comment_status":"open","ping_status":"closed","template":"","meta":{"om_disable_all_campaigns":false,"_monsterinsights_skip_tracking":false,"_monsterinsights_sitenote_active":false,"_monsterinsights_sitenote_note":"","_monsterinsights_sitenote_category":0},"product_brand":[],"product_cat":[595],"product_tag":[565,350,568,566,567,564,569,570,571,572],"class_list":{"0":"post-6754","1":"product","2":"type-product","3":"status-publish","4":"has-post-thumbnail","6":"product_cat-fuentes-de-poder-y-adaptadores-saxxon-fuentes-de-energia-2","7":"product_tag-baterias","8":"product_tag-conectores","9":"product_tag-divisores-de-energia","10":"product_tag-extensores-poe","11":"product_tag-fuentes-con-distribuidor","12":"product_tag-fuentes-de-energia","13":"product_tag-fuentes-de-poder-y-adaptadores","14":"product_tag-inyectores-poe","15":"product_tag-reguladores","16":"product_tag-ups","18":"first","19":"instock","20":"sale","21":"taxable","22":"shipping-taxable","23":"purchasable","24":"product-type-simple"},"aioseo_notices":[],"_links":{"self":[{"href":"https:\/\/tecsecmty.com\/index.php\/wp-json\/wp\/v2\/product\/6754","targetHints":{"allow":["GET"]}}],"collection":[{"href":"https:\/\/tecsecmty.com\/index.php\/wp-json\/wp\/v2\/product"}],"about":[{"href":"https:\/\/tecsecmty.com\/index.php\/wp-json\/wp\/v2\/types\/product"}],"replies":[{"embeddable":true,"href":"https:\/\/tecsecmty.com\/index.php\/wp-json\/wp\/v2\/comments?post=6754"}],"version-history":[{"count":0,"href":"https:\/\/tecsecmty.com\/index.php\/wp-json\/wp\/v2\/product\/6754\/revisions"}],"wp:featuredmedia":[{"embeddable":true,"href":"https:\/\/tecsecmty.com\/index.php\/wp-json\/wp\/v2\/media\/6753"}],"wp:attachment":[{"href":"https:\/\/tecsecmty.com\/index.php\/wp-json\/wp\/v2\/media?parent=6754"}],"wp:term":[{"taxonomy":"product_brand","embeddable":true,"href":"https:\/\/tecsecmty.com\/index.php\/wp-json\/wp\/v2\/product_brand?post=6754"},{"taxonomy":"product_cat","embeddable":true,"href":"https:\/\/tecsecmty.com\/index.php\/wp-json\/wp\/v2\/product_cat?post=6754"},{"taxonomy":"product_tag","embeddable":true,"href":"https:\/\/tecsecmty.com\/index.php\/wp-json\/wp\/v2\/product_tag?post=6754"}],"curies":[{"name":"wp","href":"https:\/\/api.w.org\/{rel}","templated":true}]}}