{"id":6757,"date":"2023-02-23T12:23:01","date_gmt":"2023-02-23T18:23:01","guid":{"rendered":"https:\/\/tecsecmty.com\/index.php\/producto\/vivotek-hlg60h24-fuente-de-energia-60w-para-iluminador-ir-cm48\/"},"modified":"2023-03-22T23:24:45","modified_gmt":"2023-03-23T05:24:45","slug":"vivotek-hlg60h24-fuente-de-energia-60w-para-iluminador-ir-cm48","status":"publish","type":"product","link":"https:\/\/tecsecmty.com\/index.php\/producto\/vivotek-hlg60h24-fuente-de-energia-60w-para-iluminador-ir-cm48\/","title":{"rendered":"VIVOTEK HLG60H24 &#8211; FUENTE DE ENERGIA\/ 60W\/ PARA ILUMINADOR IR CM48"},"content":{"rendered":"<div class=\"row aling-items-center padding-bottom-2x\">\n<div class=\"col-lg-12\">\n<h5 class=\"card-title text-center\">Informaci\u00f3n general<\/h5>\n<p class=\"ql-align-justify\">La serie HLG60H24 es un controlador LED de CA \/ CC de 60W con voltaje constante de modo dual y salida de corriente constante. HLG-60H opera desde 90 305VAC y ofrece modelos con diferentes rangos de voltaje nominal ~ entre 15V y 54V. Gracias a la alta eficiencia de hasta el 90.5%, con el dise\u00f1o sin ventilador, toda la serie es capaz de funcionar a una temperatura de -40 ~ + 80 \u00b0 C \u00b0 Ccase en convecci\u00f3n de aire libre. El dise\u00f1o de la carcasa met\u00e1lica y el nivel de protecci\u00f3n de ingreso IP67 \/ IP65 permiten que esta serie se adapte tanto a aplicaciones interiores como exteriores. El HLG-60H est\u00e1 equipado con varias opciones de funciones, como metodolog\u00edas de regulaci\u00f3n, para proporcionar la flexibilidad de dise\u00f1o \u00f3ptima para el sistema de iluminaci\u00f3n LED<\/p>\n<p><img decoding=\"async\" class=\"overview-center-img-web\" src=\"https:\/\/tvc.mx\/media\/71493\/banner.jpg\" alt=\"\" \/><\/p>\n<\/div>\n<\/div>\n<div class=\"row aling-items-center padding-bottom-2x\">\n<div class=\"col-lg-12\">\n<h5 class=\"card-title text-center\">Caracter\u00edsticas principales<\/h5>\n<ul>\n<li>Voltaje y corriente continua<\/li>\n<li>Carcasa de metal<\/li>\n<li>Funci\u00f3n PFC activa incorporada<\/li>\n<li>Potencia en vatios Clase 2<\/li>\n<li>Calificaci\u00f3n IP67 \/ IP65 para las instalaciones al exterior<\/li>\n<li>Opciones de funci\u00f3n: salida ajustable mediante potenci\u00f3metro; Atenuaci\u00f3n 3 en 1<\/li>\n<li>Vida \u00fatil t\u00edpica&gt; 62000 horas<\/li>\n<li>7 a\u00f1os de garant\u00eda<\/li>\n<\/ul>\n<p><img decoding=\"async\" class=\"overview-center-img-web\" src=\"https:\/\/tvc.mx\/media\/71592\/hlg-60h-24---copia.jpg\" alt=\"\" \/><\/p>\n<\/div>\n<\/div>\n","protected":false},"excerpt":{"rendered":"<p>Informaci\u00f3n general La serie HLG60H24 es un controlador LED de CA \/ CC de 60W con voltaje constante de modo dual y salida de corriente constante. HLG-60H opera desde 90 305VAC y ofrece modelos con diferentes rangos de voltaje nominal ~ entre 15V y 54V.&hellip;<\/p>\n","protected":false},"featured_media":6756,"comment_status":"open","ping_status":"closed","template":"","meta":{"om_disable_all_campaigns":false,"_monsterinsights_skip_tracking":false,"_monsterinsights_sitenote_active":false,"_monsterinsights_sitenote_note":"","_monsterinsights_sitenote_category":0},"product_brand":[],"product_cat":[596],"product_tag":[565,350,568,566,567,564,569,570,571,572],"class_list":{"0":"post-6757","1":"product","2":"type-product","3":"status-publish","4":"has-post-thumbnail","6":"product_cat-fuentes-de-poder-y-adaptadores-vivotek-fuentes-de-energia-2","7":"product_tag-baterias","8":"product_tag-conectores","9":"product_tag-divisores-de-energia","10":"product_tag-extensores-poe","11":"product_tag-fuentes-con-distribuidor","12":"product_tag-fuentes-de-energia","13":"product_tag-fuentes-de-poder-y-adaptadores","14":"product_tag-inyectores-poe","15":"product_tag-reguladores","16":"product_tag-ups","18":"first","19":"instock","20":"sale","21":"taxable","22":"shipping-taxable","23":"purchasable","24":"product-type-simple"},"aioseo_notices":[],"_links":{"self":[{"href":"https:\/\/tecsecmty.com\/index.php\/wp-json\/wp\/v2\/product\/6757","targetHints":{"allow":["GET"]}}],"collection":[{"href":"https:\/\/tecsecmty.com\/index.php\/wp-json\/wp\/v2\/product"}],"about":[{"href":"https:\/\/tecsecmty.com\/index.php\/wp-json\/wp\/v2\/types\/product"}],"replies":[{"embeddable":true,"href":"https:\/\/tecsecmty.com\/index.php\/wp-json\/wp\/v2\/comments?post=6757"}],"version-history":[{"count":0,"href":"https:\/\/tecsecmty.com\/index.php\/wp-json\/wp\/v2\/product\/6757\/revisions"}],"wp:featuredmedia":[{"embeddable":true,"href":"https:\/\/tecsecmty.com\/index.php\/wp-json\/wp\/v2\/media\/6756"}],"wp:attachment":[{"href":"https:\/\/tecsecmty.com\/index.php\/wp-json\/wp\/v2\/media?parent=6757"}],"wp:term":[{"taxonomy":"product_brand","embeddable":true,"href":"https:\/\/tecsecmty.com\/index.php\/wp-json\/wp\/v2\/product_brand?post=6757"},{"taxonomy":"product_cat","embeddable":true,"href":"https:\/\/tecsecmty.com\/index.php\/wp-json\/wp\/v2\/product_cat?post=6757"},{"taxonomy":"product_tag","embeddable":true,"href":"https:\/\/tecsecmty.com\/index.php\/wp-json\/wp\/v2\/product_tag?post=6757"}],"curies":[{"name":"wp","href":"https:\/\/api.w.org\/{rel}","templated":true}]}}