{"id":6763,"date":"2023-02-23T12:23:09","date_gmt":"2023-02-23T18:23:09","guid":{"rendered":"https:\/\/tecsecmty.com\/index.php\/producto\/bosch-v_npd5001poe-inyector-poe-1-puerto-15-4-watts\/"},"modified":"2023-03-22T23:22:05","modified_gmt":"2023-03-23T05:22:05","slug":"bosch-v_npd5001poe-inyector-poe-1-puerto-15-4-watts","status":"publish","type":"product","link":"https:\/\/tecsecmty.com\/index.php\/producto\/bosch-v_npd5001poe-inyector-poe-1-puerto-15-4-watts\/","title":{"rendered":"BOSCH V_NPD5001POE &#8211; Inyector PoE \/ 1 Puerto \/ 15.4 Watts"},"content":{"rendered":"<h5 class=\"card-title text-center\">Inyector NPD-5001-POE Midspan PoE<\/h5>\n<p class=\"ql-align-justify\"><strong>Este inyector de potencia permite una Ethernet existente.<\/strong><\/p>\n<p class=\"ql-align-justify\"><strong>Infraestructura que se mejorar\u00e1 para su uso de camaras con PoE.<\/strong><\/p>\n<p class=\"ql-align-justify\"><strong>Resumen del sistema<\/strong><\/p>\n<p class=\"ql-align-justify\"><strong>El NPD-5001-POE es un inyector de potencia de un solo puerto que suministra una c\u00e1mara PoE con potencia.<\/strong><\/p>\n<p class=\"ql-align-justify\"><strong>Funciones<\/strong><\/p>\n<p class=\"ql-align-justify\">El inyector convierte la\u00a0<strong>potencia de entrada de CA a +48 VDC<\/strong>\u00a0fuente de alimentaci\u00f3n que luego se suministra a las c\u00e1maras a trav\u00e9s del cable<strong>\u00a0Ethernet<\/strong>. Ellos apoyan hasta\u00a0<strong>10\/100\/1000 Mbps<\/strong>\u00a0de velocidad de transferencia de datos.<\/p>\n<p class=\"ql-align-justify\"><strong>Cada inyector proporciona hasta 15.4 W por puerto.<\/strong><\/p>\n<p class=\"ql-align-justify\">La unidad de inyector Poidspids se puede montar f\u00e1cilmente en un estante, en pared o techo.<\/p>\n<p class=\"ql-align-justify\"><strong>Certificaciones y homologaciones.<\/strong><\/p>\n<p class=\"ql-align-justify\"><strong>Normas<\/strong><\/p>\n<ul>\n<li class=\"ql-align-justify\">FCC parte 15, clase B.<\/li>\n<li class=\"ql-align-justify\">EN 60950.<\/li>\n<li class=\"ql-align-justify\">EN 55022 clase B.<\/li>\n<li class=\"ql-align-justify\">EN 55024.<\/li>\n<li class=\"ql-align-justify\">IEEE 802.3af.<\/li>\n<li class=\"ql-align-justify\">Homologaciones UL, cUL, FCC, VCCI, marca GS.<\/li>\n<li class=\"ql-align-justify\">Regulador conformidad CE, RoHS, WEEE.<\/li>\n<\/ul>\n<p class=\"ql-align-justify\"><strong>Partes incluidas<\/strong><\/p>\n<ul>\n<li class=\"ql-align-justify\">Unidad de inyector PoE.<\/li>\n<li class=\"ql-align-justify\">Cable de alimentaci\u00f3n.<\/li>\n<\/ul>\n<p class=\"ql-align-justify\"><strong>Nota: Inyector NPD-5001-POE Midspan PoE<\/strong><\/p>\n<p class=\"ql-align-justify\"><strong>Inyector de midspan de alimentaci\u00f3n a trav\u00e9s de Ethernet para uso con PoE c\u00e1maras habilitadas; 15.4 W, 1 puerto<\/strong><\/p>\n<p class=\"ql-align-justify\"><strong>N\u00famero de pedido: NPD-5001-POE.<\/strong><\/p>\n<p class=\"ql-align-justify\"><strong>Principales Caracter\u00edsticas<\/strong><\/p>\n<ul>\n<li class=\"ql-align-justify\">Hace que las c\u00e1maras PoE sean f\u00e1ciles de instalar.<\/li>\n<li class=\"ql-align-justify\">Permite la conexi\u00f3n de un solo cable.<\/li>\n<li class=\"ql-align-justify\">Reduce los requerimientos de alimentaci\u00f3n.<\/li>\n<li class=\"ql-align-justify\">Soluci\u00f3n compacta y rentable.<\/li>\n<li class=\"ql-align-justify\">Suministros hasta 15.4 W por puerto.<\/li>\n<\/ul>\n<p class=\"ql-align-justify\"><strong>Especificaciones\u00a0<\/strong><\/p>\n<p class=\"ql-align-justify\"><strong>Poder<\/strong><\/p>\n<ul>\n<li class=\"ql-align-justify\">Tensi\u00f3n de alimentaci\u00f3n de entrada 100 a 240 VAC; 50\/60 Hz.<\/li>\n<li class=\"ql-align-justify\">Corriente m\u00e1xima de entrada 1 A @ 110 VAC y 0.4 A @ 240 VAC.<\/li>\n<li class=\"ql-align-justify\">Tensi\u00f3n de alimentaci\u00f3n de salida + 48 VDC nominal.<\/li>\n<li class=\"ql-align-justify\">Potencia del puerto de salida 15.4 W max.<\/li>\n<\/ul>\n<p class=\"ql-align-justify\"><strong>Mec\u00e1nico<\/strong><\/p>\n<ul>\n<li class=\"ql-align-justify\">Dimensiones (W x H x L) 53 x 33 x 140 mm (2.09 x 1.28 x 5.5 in).<\/li>\n<li class=\"ql-align-justify\">Peso 200 g (0.44 lb).<\/li>\n<\/ul>\n<p class=\"ql-align-justify\"><strong>Ambiental<\/strong><\/p>\n<ul>\n<li class=\"ql-align-justify\">Temperatura 0 \u00b0 C a + 40 \u00b0 C (32 \u00b0 F a 104 \u00b0 F).<\/li>\n<li class=\"ql-align-justify\">Temperatura de almacenamiento de -20 \u00b0 C a + 70 \u00b0 C (-4 \u00b0 F a 158 \u00b0 F).<\/li>\n<li class=\"ql-align-justify\">Humedad de funcionamiento 90% HR m\u00e1x. sin condensaci\u00f3n.<\/li>\n<li class=\"ql-align-justify\">Humedad de almacenamiento 95% HR m\u00e1x. sin condensaci\u00f3n.<\/li>\n<li class=\"ql-align-justify\">Clasificaci\u00f3n t\u00e9rmica 13 BTU \/ hora.<\/li>\n<\/ul>\n<p><img decoding=\"async\" class=\"overview-center-img-\" src=\"https:\/\/tvc.mx\/media\/14722\/Logoopaginas-oficial.png\" alt=\"\" \/><\/p>\n","protected":false},"excerpt":{"rendered":"<p>Inyector NPD-5001-POE Midspan PoE Este inyector de potencia permite una Ethernet existente. Infraestructura que se mejorar\u00e1 para su uso de camaras con PoE. Resumen del sistema El NPD-5001-POE es un inyector de potencia de un solo puerto que suministra una c\u00e1mara PoE con potencia. Funciones&hellip;<\/p>\n","protected":false},"featured_media":6762,"comment_status":"open","ping_status":"closed","template":"","meta":{"om_disable_all_campaigns":false,"_monsterinsights_skip_tracking":false,"_monsterinsights_sitenote_active":false,"_monsterinsights_sitenote_note":"","_monsterinsights_sitenote_category":0},"product_brand":[],"product_cat":[599],"product_tag":[565,350,568,566,567,564,569,570,571,572],"class_list":{"0":"post-6763","1":"product","2":"type-product","3":"status-publish","4":"has-post-thumbnail","6":"product_cat-inyectores-poe","7":"product_tag-baterias","8":"product_tag-conectores","9":"product_tag-divisores-de-energia","10":"product_tag-extensores-poe","11":"product_tag-fuentes-con-distribuidor","12":"product_tag-fuentes-de-energia","13":"product_tag-fuentes-de-poder-y-adaptadores","14":"product_tag-inyectores-poe","15":"product_tag-reguladores","16":"product_tag-ups","18":"first","19":"instock","20":"sale","21":"taxable","22":"shipping-taxable","23":"purchasable","24":"product-type-simple"},"aioseo_notices":[],"_links":{"self":[{"href":"https:\/\/tecsecmty.com\/index.php\/wp-json\/wp\/v2\/product\/6763","targetHints":{"allow":["GET"]}}],"collection":[{"href":"https:\/\/tecsecmty.com\/index.php\/wp-json\/wp\/v2\/product"}],"about":[{"href":"https:\/\/tecsecmty.com\/index.php\/wp-json\/wp\/v2\/types\/product"}],"replies":[{"embeddable":true,"href":"https:\/\/tecsecmty.com\/index.php\/wp-json\/wp\/v2\/comments?post=6763"}],"version-history":[{"count":0,"href":"https:\/\/tecsecmty.com\/index.php\/wp-json\/wp\/v2\/product\/6763\/revisions"}],"wp:featuredmedia":[{"embeddable":true,"href":"https:\/\/tecsecmty.com\/index.php\/wp-json\/wp\/v2\/media\/6762"}],"wp:attachment":[{"href":"https:\/\/tecsecmty.com\/index.php\/wp-json\/wp\/v2\/media?parent=6763"}],"wp:term":[{"taxonomy":"product_brand","embeddable":true,"href":"https:\/\/tecsecmty.com\/index.php\/wp-json\/wp\/v2\/product_brand?post=6763"},{"taxonomy":"product_cat","embeddable":true,"href":"https:\/\/tecsecmty.com\/index.php\/wp-json\/wp\/v2\/product_cat?post=6763"},{"taxonomy":"product_tag","embeddable":true,"href":"https:\/\/tecsecmty.com\/index.php\/wp-json\/wp\/v2\/product_tag?post=6763"}],"curies":[{"name":"wp","href":"https:\/\/api.w.org\/{rel}","templated":true}]}}